{"id":18322,"date":"2019-01-14T14:39:27","date_gmt":"2019-01-14T14:39:27","guid":{"rendered":"https:\/\/ponsa.com\/sports-and-adventure\/"},"modified":"2021-03-09T16:31:02","modified_gmt":"2021-03-09T16:31:02","slug":"sports-and-adventure","status":"publish","type":"page","link":"https:\/\/ponsa.com\/sv\/sports-and-adventure\/","title":{"rendered":"SPORT OCH \u00c4VENTYR"},"content":{"rendered":"<div class=\"fusion-fullwidth fullwidth-box fusion-builder-row-1 fusion-flex-container nonhundred-percent-fullwidth non-hundred-percent-height-scrolling\" style=\"--awb-border-radius-top-left:0px;--awb-border-radius-top-right:0px;--awb-border-radius-bottom-right:0px;--awb-border-radius-bottom-left:0px;--awb-padding-top:50px;--awb-padding-bottom:20px;--awb-flex-wrap:wrap;\" ><div class=\"fusion-builder-row fusion-row fusion-flex-align-items-flex-start fusion-flex-content-wrap\" style=\"max-width:1248px;margin-left: calc(-4% \/ 2 );margin-right: calc(-4% \/ 2 );\"><div class=\"fusion-layout-column fusion_builder_column fusion-builder-column-0 fusion_builder_column_1_1 1_1 fusion-flex-column\" style=\"--awb-bg-size:cover;--awb-width-large:100%;--awb-margin-top-large:0px;--awb-spacing-right-large:1.92%;--awb-margin-bottom-large:20px;--awb-spacing-left-large:1.92%;--awb-width-medium:100%;--awb-spacing-right-medium:1.92%;--awb-spacing-left-medium:1.92%;--awb-width-small:100%;--awb-spacing-right-small:1.92%;--awb-spacing-left-small:1.92%;\"><div class=\"fusion-column-wrapper fusion-flex-justify-content-flex-start fusion-content-layout-column\"><div class=\"fusion-title title fusion-title-1 fusion-title-text fusion-title-size-one\" style=\"--awb-margin-top-small:10px;--awb-margin-right-small:0px;--awb-margin-bottom-small:10px;--awb-margin-left-small:0px;--awb-sep-color:#fffcfc;\"><div class=\"title-sep-container title-sep-container-left fusion-no-large-visibility fusion-no-medium-visibility fusion-no-small-visibility\"><div class=\"title-sep sep-double sep-solid\" style=\"border-color:#fffcfc;\"><\/div><\/div><span class=\"awb-title-spacer fusion-no-large-visibility fusion-no-medium-visibility fusion-no-small-visibility\"><\/span><h1 class=\"fusion-title-heading title-heading-left\" style=\"margin:0;\"><h1><strong>SPORT OCH \u00c4VENTYR<\/strong><\/h1><\/h1><span class=\"awb-title-spacer\"><\/span><div class=\"title-sep-container title-sep-container-right\"><div class=\"title-sep sep-double sep-solid\" style=\"border-color:#fffcfc;\"><\/div><\/div><\/div><div class=\"fusion-slider-sc\"><div class=\"fusion-flexslider-loading flexslider flexslider-hover-type-none\" data-slideshow_autoplay=\"1\" data-slideshow_smooth_height=\"0\" data-slideshow_speed=\"7000\" style=\"max-width:100%;height:100%;\"><ul class=\"slides\"><li class=\"image\"><span class=\"fusion-image-hover-element hover-type-none\"><img decoding=\"async\" src=\"https:\/\/ponsa.com\/wp-content\/uploads\/2017\/06\/dakar1.jpg\" width=\"1480\" height=\"1047\" \/><\/span><\/li><li class=\"image\"><span class=\"fusion-image-hover-element hover-type-none\"><img decoding=\"async\" src=\"https:\/\/ponsa.com\/wp-content\/uploads\/2017\/06\/sponsor2-e1496835696602.jpg\" width=\"1307\" height=\"925\" \/><\/span><\/li><li class=\"image\"><span class=\"fusion-image-hover-element hover-type-none\"><img decoding=\"async\" src=\"https:\/\/ponsa.com\/wp-content\/uploads\/2017\/06\/sponsor1-e1496835678454.jpg\" width=\"1307\" height=\"925\" \/><\/span><\/li><\/ul><\/div><\/div><div class=\"fusion-text fusion-text-1\"><p>Produkter testas under de mest ogynnsamma f\u00f6rh\u00e5llandena. Dakar, F1, kl\u00e4ttring av Mount Everest och andra elitt\u00e4vlingar \u00e4r en del av det. Det \u00e4r d\u00e4rf\u00f6r vi \u00e4r n\u00e4rvarande som sponsorer i motorsport och \u00e4ventyrsevenemang. Att g\u00f6ra historia.<\/p>\n<\/div><\/div><\/div><\/div><\/div>\n","protected":false},"excerpt":{"rendered":"","protected":false},"author":4,"featured_media":0,"parent":0,"menu_order":0,"comment_status":"closed","ping_status":"closed","template":"100-width.php","meta":{"ngg_post_thumbnail":0,"footnotes":""},"class_list":["post-18322","page","type-page","status-publish","hentry"],"yoast_head":"<!-- This site is optimized with the Yoast SEO plugin v27.5 - https:\/\/yoast.com\/product\/yoast-seo-wordpress\/ -->\n<title>SPORT OCH \u00c4VENTYR - Industrias Ponsa<\/title>\n<meta name=\"description\" content=\"Somos fabricantes acreditados para la norma ISO 9001:2015. Garantizamos el la calidad de nuestras cintas debido a que tenemos el control total del proceso productivo.\" \/>\n<meta name=\"robots\" content=\"index, follow, max-snippet:-1, max-image-preview:large, max-video-preview:-1\" \/>\n<link rel=\"canonical\" href=\"https:\/\/ponsa.com\/sv\/sports-and-adventure\/\" \/>\n<meta property=\"og:locale\" content=\"sv_SE\" \/>\n<meta property=\"og:type\" content=\"article\" \/>\n<meta property=\"og:title\" content=\"SPORT OCH \u00c4VENTYR - Industrias Ponsa\" \/>\n<meta property=\"og:description\" content=\"Somos fabricantes acreditados para la norma ISO 9001:2015. Garantizamos el la calidad de nuestras cintas debido a que tenemos el control total del proceso productivo.\" \/>\n<meta property=\"og:url\" content=\"https:\/\/ponsa.com\/sv\/sports-and-adventure\/\" \/>\n<meta property=\"og:site_name\" content=\"Industrias Ponsa\" \/>\n<meta property=\"article:publisher\" content=\"https:\/\/www.facebook.com\/IndustriasPONSA\" \/>\n<meta property=\"article:modified_time\" content=\"2021-03-09T16:31:02+00:00\" \/>\n<meta name=\"twitter:card\" content=\"summary_large_image\" \/>\n<meta name=\"twitter:label1\" content=\"Est. reading time\" \/>\n\t<meta name=\"twitter:data1\" content=\"2 minutes\" \/>\n<script type=\"application\/ld+json\" class=\"yoast-schema-graph\">{\"@context\":\"https:\\\/\\\/schema.org\",\"@graph\":[{\"@type\":\"WebPage\",\"@id\":\"https:\\\/\\\/ponsa.com\\\/sv\\\/sports-and-adventure\\\/\",\"url\":\"https:\\\/\\\/ponsa.com\\\/sv\\\/sports-and-adventure\\\/\",\"name\":\"SPORT OCH \u00c4VENTYR - Industrias Ponsa\",\"isPartOf\":{\"@id\":\"https:\\\/\\\/ponsa.com\\\/#website\"},\"datePublished\":\"2019-01-14T14:39:27+00:00\",\"dateModified\":\"2021-03-09T16:31:02+00:00\",\"description\":\"Somos fabricantes acreditados para la norma ISO 9001:2015. Garantizamos el la calidad de nuestras cintas debido a que tenemos el control total del proceso productivo.\",\"breadcrumb\":{\"@id\":\"https:\\\/\\\/ponsa.com\\\/sv\\\/sports-and-adventure\\\/#breadcrumb\"},\"inLanguage\":\"sv-SE\",\"potentialAction\":[{\"@type\":\"ReadAction\",\"target\":[\"https:\\\/\\\/ponsa.com\\\/sv\\\/sports-and-adventure\\\/\"]}]},{\"@type\":\"BreadcrumbList\",\"@id\":\"https:\\\/\\\/ponsa.com\\\/sv\\\/sports-and-adventure\\\/#breadcrumb\",\"itemListElement\":[{\"@type\":\"ListItem\",\"position\":1,\"name\":\"Portada\",\"item\":\"https:\\\/\\\/ponsa.com\\\/sv\\\/\"},{\"@type\":\"ListItem\",\"position\":2,\"name\":\"SPORT OCH \u00c4VENTYR\"}]},{\"@type\":\"WebSite\",\"@id\":\"https:\\\/\\\/ponsa.com\\\/#website\",\"url\":\"https:\\\/\\\/ponsa.com\\\/\",\"name\":\"Industrias Ponsa\",\"description\":\"Fabricante de Cintas Textiles\",\"publisher\":{\"@id\":\"https:\\\/\\\/ponsa.com\\\/#organization\"},\"potentialAction\":[{\"@type\":\"SearchAction\",\"target\":{\"@type\":\"EntryPoint\",\"urlTemplate\":\"https:\\\/\\\/ponsa.com\\\/?s={search_term_string}\"},\"query-input\":{\"@type\":\"PropertyValueSpecification\",\"valueRequired\":true,\"valueName\":\"search_term_string\"}}],\"inLanguage\":\"sv-SE\"},{\"@type\":\"Organization\",\"@id\":\"https:\\\/\\\/ponsa.com\\\/#organization\",\"name\":\"INDUSTRIAS PONSA S.A.\",\"url\":\"https:\\\/\\\/ponsa.com\\\/\",\"logo\":{\"@type\":\"ImageObject\",\"inLanguage\":\"sv-SE\",\"@id\":\"https:\\\/\\\/ponsa.com\\\/#\\\/schema\\\/logo\\\/image\\\/\",\"url\":\"https:\\\/\\\/ponsa.com\\\/wp-content\\\/uploads\\\/2021\\\/08\\\/logoPonsapng.png\",\"contentUrl\":\"https:\\\/\\\/ponsa.com\\\/wp-content\\\/uploads\\\/2021\\\/08\\\/logoPonsapng.png\",\"width\":2289,\"height\":808,\"caption\":\"INDUSTRIAS PONSA S.A.\"},\"image\":{\"@id\":\"https:\\\/\\\/ponsa.com\\\/#\\\/schema\\\/logo\\\/image\\\/\"},\"sameAs\":[\"https:\\\/\\\/www.facebook.com\\\/IndustriasPONSA\",\"https:\\\/\\\/www.instagram.com\\\/ind.ponsa\\\/\",\"https:\\\/\\\/es.linkedin.com\\\/company\\\/industrias-ponsa-sa\",\"https:\\\/\\\/www.youtube.com\\\/channel\\\/UCxvfSBJQlBhV1aOQo-wXIoQ\"]}]}<\/script>\n<!-- \/ Yoast SEO plugin. -->","yoast_head_json":{"title":"SPORT OCH \u00c4VENTYR - Industrias Ponsa","description":"Somos fabricantes acreditados para la norma ISO 9001:2015. Garantizamos el la calidad de nuestras cintas debido a que tenemos el control total del proceso productivo.","robots":{"index":"index","follow":"follow","max-snippet":"max-snippet:-1","max-image-preview":"max-image-preview:large","max-video-preview":"max-video-preview:-1"},"canonical":"https:\/\/ponsa.com\/sv\/sports-and-adventure\/","og_locale":"sv_SE","og_type":"article","og_title":"SPORT OCH \u00c4VENTYR - Industrias Ponsa","og_description":"Somos fabricantes acreditados para la norma ISO 9001:2015. Garantizamos el la calidad de nuestras cintas debido a que tenemos el control total del proceso productivo.","og_url":"https:\/\/ponsa.com\/sv\/sports-and-adventure\/","og_site_name":"Industrias Ponsa","article_publisher":"https:\/\/www.facebook.com\/IndustriasPONSA","article_modified_time":"2021-03-09T16:31:02+00:00","twitter_card":"summary_large_image","twitter_misc":{"Est. reading time":"2 minutes"},"schema":{"@context":"https:\/\/schema.org","@graph":[{"@type":"WebPage","@id":"https:\/\/ponsa.com\/sv\/sports-and-adventure\/","url":"https:\/\/ponsa.com\/sv\/sports-and-adventure\/","name":"SPORT OCH \u00c4VENTYR - Industrias Ponsa","isPartOf":{"@id":"https:\/\/ponsa.com\/#website"},"datePublished":"2019-01-14T14:39:27+00:00","dateModified":"2021-03-09T16:31:02+00:00","description":"Somos fabricantes acreditados para la norma ISO 9001:2015. Garantizamos el la calidad de nuestras cintas debido a que tenemos el control total del proceso productivo.","breadcrumb":{"@id":"https:\/\/ponsa.com\/sv\/sports-and-adventure\/#breadcrumb"},"inLanguage":"sv-SE","potentialAction":[{"@type":"ReadAction","target":["https:\/\/ponsa.com\/sv\/sports-and-adventure\/"]}]},{"@type":"BreadcrumbList","@id":"https:\/\/ponsa.com\/sv\/sports-and-adventure\/#breadcrumb","itemListElement":[{"@type":"ListItem","position":1,"name":"Portada","item":"https:\/\/ponsa.com\/sv\/"},{"@type":"ListItem","position":2,"name":"SPORT OCH \u00c4VENTYR"}]},{"@type":"WebSite","@id":"https:\/\/ponsa.com\/#website","url":"https:\/\/ponsa.com\/","name":"Industrias Ponsa","description":"Fabricante de Cintas Textiles","publisher":{"@id":"https:\/\/ponsa.com\/#organization"},"potentialAction":[{"@type":"SearchAction","target":{"@type":"EntryPoint","urlTemplate":"https:\/\/ponsa.com\/?s={search_term_string}"},"query-input":{"@type":"PropertyValueSpecification","valueRequired":true,"valueName":"search_term_string"}}],"inLanguage":"sv-SE"},{"@type":"Organization","@id":"https:\/\/ponsa.com\/#organization","name":"INDUSTRIAS PONSA S.A.","url":"https:\/\/ponsa.com\/","logo":{"@type":"ImageObject","inLanguage":"sv-SE","@id":"https:\/\/ponsa.com\/#\/schema\/logo\/image\/","url":"https:\/\/ponsa.com\/wp-content\/uploads\/2021\/08\/logoPonsapng.png","contentUrl":"https:\/\/ponsa.com\/wp-content\/uploads\/2021\/08\/logoPonsapng.png","width":2289,"height":808,"caption":"INDUSTRIAS PONSA S.A."},"image":{"@id":"https:\/\/ponsa.com\/#\/schema\/logo\/image\/"},"sameAs":["https:\/\/www.facebook.com\/IndustriasPONSA","https:\/\/www.instagram.com\/ind.ponsa\/","https:\/\/es.linkedin.com\/company\/industrias-ponsa-sa","https:\/\/www.youtube.com\/channel\/UCxvfSBJQlBhV1aOQo-wXIoQ"]}]}},"_links":{"self":[{"href":"https:\/\/ponsa.com\/sv\/wp-json\/wp\/v2\/pages\/18322","targetHints":{"allow":["GET"]}}],"collection":[{"href":"https:\/\/ponsa.com\/sv\/wp-json\/wp\/v2\/pages"}],"about":[{"href":"https:\/\/ponsa.com\/sv\/wp-json\/wp\/v2\/types\/page"}],"author":[{"embeddable":true,"href":"https:\/\/ponsa.com\/sv\/wp-json\/wp\/v2\/users\/4"}],"replies":[{"embeddable":true,"href":"https:\/\/ponsa.com\/sv\/wp-json\/wp\/v2\/comments?post=18322"}],"version-history":[{"count":2,"href":"https:\/\/ponsa.com\/sv\/wp-json\/wp\/v2\/pages\/18322\/revisions"}],"predecessor-version":[{"id":18329,"href":"https:\/\/ponsa.com\/sv\/wp-json\/wp\/v2\/pages\/18322\/revisions\/18329"}],"wp:attachment":[{"href":"https:\/\/ponsa.com\/sv\/wp-json\/wp\/v2\/media?parent=18322"}],"curies":[{"name":"wp","href":"https:\/\/api.w.org\/{rel}","templated":true}]}}