{"id":18062,"date":"2019-06-26T15:42:09","date_gmt":"2019-06-26T15:42:09","guid":{"rendered":"https:\/\/ponsa.com\/nets\/"},"modified":"2023-11-13T09:06:47","modified_gmt":"2023-11-13T09:06:47","slug":"nets","status":"publish","type":"page","link":"https:\/\/ponsa.com\/sv\/nets\/","title":{"rendered":"NETS"},"content":{"rendered":"<p><div class=\"fusion-fullwidth fullwidth-box fusion-builder-row-1 fusion-flex-container nonhundred-percent-fullwidth non-hundred-percent-height-scrolling\" style=\"--awb-border-radius-top-left:0px;--awb-border-radius-top-right:0px;--awb-border-radius-bottom-right:0px;--awb-border-radius-bottom-left:0px;--awb-padding-top:0px;--awb-padding-bottom:5px;--awb-flex-wrap:wrap;\" ><div class=\"fusion-builder-row fusion-row fusion-flex-align-items-flex-start fusion-flex-content-wrap\" style=\"max-width:1248px;margin-left: calc(-4% \/ 2 );margin-right: calc(-4% \/ 2 );\"><div class=\"fusion-layout-column fusion_builder_column fusion-builder-column-0 fusion_builder_column_1_1 1_1 fusion-flex-column\" style=\"--awb-padding-bottom:0px;--awb-bg-size:cover;--awb-width-large:100%;--awb-margin-top-large:0px;--awb-spacing-right-large:1.92%;--awb-margin-bottom-large:0px;--awb-spacing-left-large:1.92%;--awb-width-medium:100%;--awb-spacing-right-medium:1.92%;--awb-spacing-left-medium:1.92%;--awb-width-small:100%;--awb-spacing-right-small:1.92%;--awb-spacing-left-small:1.92%;\"><div class=\"fusion-column-wrapper fusion-flex-justify-content-flex-start fusion-content-layout-column\"><div class=\"fusion-text fusion-text-1\"><h1 style=\"text-align: center;\"><strong>N\u00c4T<\/strong><\/h1>\n<p style=\"text-align: center;\">Det finns ett brett utbud av n\u00e4t som kan anv\u00e4ndas i en arbetsmilj\u00f6, av byggnader och transporter.<\/p>\n<\/div><\/div><\/div><\/div><\/div><div class=\"fusion-fullwidth fullwidth-box fusion-builder-row-2 fusion-flex-container nonhundred-percent-fullwidth non-hundred-percent-height-scrolling\" style=\"--awb-border-radius-top-left:0px;--awb-border-radius-top-right:0px;--awb-border-radius-bottom-right:0px;--awb-border-radius-bottom-left:0px;--awb-padding-top:20px;--awb-padding-bottom:20px;--awb-flex-wrap:wrap;\" ><div class=\"fusion-builder-row fusion-row fusion-flex-align-items-flex-start fusion-flex-content-wrap\" style=\"max-width:calc( 1200px + 0px );margin-left: calc(-0px \/ 2 );margin-right: calc(-0px \/ 2 );\"><div class=\"fusion-layout-column fusion_builder_column fusion-builder-column-1 fusion_builder_column_1_4 1_4 fusion-flex-column fusion-column-inner-bg-wrapper\" style=\"--awb-inner-bg-size:cover;--awb-border-color:#ffffff;--awb-border-right:5px;--awb-border-style:solid;--awb-width-large:25%;--awb-margin-top-large:0px;--awb-spacing-right-large:0px;--awb-margin-bottom-large:20px;--awb-spacing-left-large:0px;--awb-width-medium:25%;--awb-order-medium:0;--awb-spacing-right-medium:0px;--awb-spacing-left-medium:0px;--awb-width-small:100%;--awb-order-small:0;--awb-spacing-right-small:0px;--awb-spacing-left-small:0px;\"><span class=\"fusion-column-inner-bg hover-type-none\"><a class=\"fusion-column-anchor\" href=\"https:\/\/ponsa.com\/sv\/nets\/kantskyddsnet\/\"><span class=\"fusion-column-inner-bg-image\"><\/span><\/a><\/span><div class=\"fusion-column-wrapper fusion-column-has-shadow fusion-flex-justify-content-flex-start fusion-content-layout-column\"><div class=\"fusion-image-element \" style=\"text-align:center;--awb-caption-title-font-family:var(--h2_typography-font-family);--awb-caption-title-font-weight:var(--h2_typography-font-weight);--awb-caption-title-font-style:var(--h2_typography-font-style);--awb-caption-title-size:var(--h2_typography-font-size);--awb-caption-title-transform:var(--h2_typography-text-transform);--awb-caption-title-line-height:var(--h2_typography-line-height);--awb-caption-title-letter-spacing:var(--h2_typography-letter-spacing);\"><span class=\" fusion-imageframe imageframe-none imageframe-1 hover-type-none\"><img decoding=\"async\" width=\"1000\" height=\"1000\" alt=\"Desde el a\u00f1o 2000 Industrias Ponsa fabrica redes de protecci\u00f3n antica\u00eddas con hilo propio, fabricado en nuestras instalaciones de Espa\u00f1a.\u00a0\" title=\"RED FACHADA PARA REALIZAR TRABAJOS EN ALTURA EN LA CONSTRUCCI\u00d3N\" src=\"https:\/\/ponsa.com\/wp-content\/uploads\/2017\/05\/fachadas4.jpg\" class=\"img-responsive wp-image-1847\" srcset=\"https:\/\/ponsa.com\/wp-content\/uploads\/2017\/05\/fachadas4-200x200.jpg 200w, https:\/\/ponsa.com\/wp-content\/uploads\/2017\/05\/fachadas4-400x400.jpg 400w, https:\/\/ponsa.com\/wp-content\/uploads\/2017\/05\/fachadas4-600x600.jpg 600w, https:\/\/ponsa.com\/wp-content\/uploads\/2017\/05\/fachadas4-800x800.jpg 800w, https:\/\/ponsa.com\/wp-content\/uploads\/2017\/05\/fachadas4.jpg 1000w\" sizes=\"(max-width: 640px) 100vw, 400px\" \/><\/span><\/div><div class=\"fusion-text fusion-text-2\"><p style=\"text-align: center;\">KOLLEKTIVT SKYDDSN\u00c4T EN1263-1<\/p>\n<\/div><\/div><\/div><div class=\"fusion-layout-column fusion_builder_column fusion-builder-column-2 fusion_builder_column_1_4 1_4 fusion-flex-column fusion-column-inner-bg-wrapper\" style=\"--awb-inner-bg-size:cover;--awb-border-color:#ffffff;--awb-border-right:5px;--awb-border-style:solid;--awb-width-large:25%;--awb-margin-top-large:0px;--awb-spacing-right-large:0px;--awb-margin-bottom-large:20px;--awb-spacing-left-large:0px;--awb-width-medium:25%;--awb-spacing-right-medium:0px;--awb-spacing-left-medium:0px;--awb-width-small:100%;--awb-spacing-right-small:0px;--awb-spacing-left-small:0px;\"><span class=\"fusion-column-inner-bg hover-type-none\"><a class=\"fusion-column-anchor\" href=\"https:\/\/ponsa.com\/en\/nets\/edge-protection-net\/\"><span class=\"fusion-column-inner-bg-image\"><\/span><\/a><\/span><div class=\"fusion-column-wrapper fusion-flex-justify-content-flex-start fusion-content-layout-column\"><div class=\"fusion-image-element \" style=\"text-align:center;--awb-caption-title-font-family:var(--h2_typography-font-family);--awb-caption-title-font-weight:var(--h2_typography-font-weight);--awb-caption-title-font-style:var(--h2_typography-font-style);--awb-caption-title-size:var(--h2_typography-font-size);--awb-caption-title-transform:var(--h2_typography-text-transform);--awb-caption-title-line-height:var(--h2_typography-line-height);--awb-caption-title-letter-spacing:var(--h2_typography-letter-spacing);\"><span class=\" fusion-imageframe imageframe-none imageframe-2 hover-type-none\"><img decoding=\"async\" width=\"1000\" height=\"1000\" alt=\"Es el sistema patentado por Industrias Ponsa de red de protecci\u00f3n de borde provisional. M\u00c1XIMA SEGURIDAD PARA REALIZAR TRABAJOS EN ALTURA\" title=\"RED BARANDILLA PARA REALIZAR TRABAJOS EN ALTURA EN LA CONSTRUCCI\u00d3N\" src=\"https:\/\/ponsa.com\/wp-content\/uploads\/2017\/05\/red10.jpg\" class=\"img-responsive wp-image-1841\" srcset=\"https:\/\/ponsa.com\/wp-content\/uploads\/2017\/05\/red10-200x200.jpg 200w, https:\/\/ponsa.com\/wp-content\/uploads\/2017\/05\/red10-400x400.jpg 400w, https:\/\/ponsa.com\/wp-content\/uploads\/2017\/05\/red10-600x600.jpg 600w, https:\/\/ponsa.com\/wp-content\/uploads\/2017\/05\/red10-800x800.jpg 800w, https:\/\/ponsa.com\/wp-content\/uploads\/2017\/05\/red10.jpg 1000w\" sizes=\"(max-width: 640px) 100vw, 400px\" \/><\/span><\/div><div class=\"fusion-text fusion-text-3\"><p style=\"text-align: center;\"><strong>KANTSKYDDSNET<\/strong><\/p>\n<\/div><\/div><\/div><div class=\"fusion-layout-column fusion_builder_column fusion-builder-column-3 fusion_builder_column_1_4 1_4 fusion-flex-column fusion-column-inner-bg-wrapper\" style=\"--awb-inner-bg-size:cover;--awb-border-color:#ffffff;--awb-border-right:5px;--awb-border-style:solid;--awb-width-large:25%;--awb-margin-top-large:0px;--awb-spacing-right-large:0px;--awb-margin-bottom-large:20px;--awb-spacing-left-large:0px;--awb-width-medium:25%;--awb-order-medium:0;--awb-spacing-right-medium:0px;--awb-spacing-left-medium:0px;--awb-width-small:100%;--awb-order-small:0;--awb-spacing-right-small:0px;--awb-spacing-left-small:0px;\"><span class=\"fusion-column-inner-bg hover-type-none\"><a class=\"fusion-column-anchor\" href=\"https:\/\/ponsa.com\/sv\/nets\/transportnat\/\"><span class=\"fusion-column-inner-bg-image\"><\/span><\/a><\/span><div class=\"fusion-column-wrapper fusion-column-has-shadow fusion-flex-justify-content-flex-start fusion-content-layout-column\"><div class=\"fusion-image-element \" style=\"text-align:center;--awb-caption-title-font-family:var(--h2_typography-font-family);--awb-caption-title-font-weight:var(--h2_typography-font-weight);--awb-caption-title-font-style:var(--h2_typography-font-style);--awb-caption-title-size:var(--h2_typography-font-size);--awb-caption-title-transform:var(--h2_typography-text-transform);--awb-caption-title-line-height:var(--h2_typography-line-height);--awb-caption-title-letter-spacing:var(--h2_typography-letter-spacing);\"><span class=\" fusion-imageframe imageframe-none imageframe-3 hover-type-none\"><img decoding=\"async\" width=\"1000\" height=\"1000\" alt=\"Estas redes est\u00e1n fabricadas con el mismo pa\u00f1o de red que la red de protecci\u00f3n antica\u00edda, lo que da garant\u00eda y total confianza al transporte de materiales.\" title=\"REDES PARA TRANSPORTE\" src=\"https:\/\/ponsa.com\/wp-content\/uploads\/2017\/05\/red1.jpg\" class=\"img-responsive wp-image-1850\" srcset=\"https:\/\/ponsa.com\/wp-content\/uploads\/2017\/05\/red1-200x200.jpg 200w, https:\/\/ponsa.com\/wp-content\/uploads\/2017\/05\/red1-400x400.jpg 400w, https:\/\/ponsa.com\/wp-content\/uploads\/2017\/05\/red1-600x600.jpg 600w, https:\/\/ponsa.com\/wp-content\/uploads\/2017\/05\/red1-800x800.jpg 800w, https:\/\/ponsa.com\/wp-content\/uploads\/2017\/05\/red1.jpg 1000w\" sizes=\"(max-width: 640px) 100vw, 400px\" \/><\/span><\/div><div class=\"fusion-text fusion-text-4\"><p style=\"text-align: center;\">TRANSPORTN\u00c4T<\/p>\n<\/div><\/div><\/div><div class=\"fusion-layout-column fusion_builder_column fusion-builder-column-4 fusion_builder_column_1_4 1_4 fusion-flex-column fusion-column-inner-bg-wrapper\" style=\"--awb-inner-bg-size:cover;--awb-border-color:#ffffff;--awb-border-right:5px;--awb-border-style:solid;--awb-width-large:25%;--awb-margin-top-large:0px;--awb-spacing-right-large:0px;--awb-margin-bottom-large:20px;--awb-spacing-left-large:0px;--awb-width-medium:25%;--awb-order-medium:0;--awb-spacing-right-medium:0px;--awb-spacing-left-medium:0px;--awb-width-small:100%;--awb-order-small:0;--awb-spacing-right-small:0px;--awb-spacing-left-small:0px;\"><span class=\"fusion-column-inner-bg hover-type-none\"><a class=\"fusion-column-anchor\" href=\"https:\/\/ponsa.com\/en\/nets\/other-nets\/\"><span class=\"fusion-column-inner-bg-image\"><\/span><\/a><\/span><div class=\"fusion-column-wrapper fusion-column-has-shadow fusion-flex-justify-content-flex-start fusion-content-layout-column\"><div class=\"fusion-image-element \" style=\"text-align:center;--awb-caption-title-font-family:var(--h2_typography-font-family);--awb-caption-title-font-weight:var(--h2_typography-font-weight);--awb-caption-title-font-style:var(--h2_typography-font-style);--awb-caption-title-size:var(--h2_typography-font-size);--awb-caption-title-transform:var(--h2_typography-text-transform);--awb-caption-title-line-height:var(--h2_typography-line-height);--awb-caption-title-letter-spacing:var(--h2_typography-letter-spacing);\"><span class=\" fusion-imageframe imageframe-none imageframe-4 hover-type-none\"><img decoding=\"async\" width=\"1000\" height=\"1000\" alt=\"Es una malla que cubre completamente todo tipo de andamios. Fabricada con Polietileno de Alta Densidad. Estabilizada UV (protecci\u00f3n antienvejecimiento por rayos solares). Resistente al desgarre, gran durabilidad. Permite el paso de la luz al interior.\" title=\"MALLA PROTECCI\u00d3N FACHADAS PARA LA CONSTRUCCI\u00d3N\" src=\"https:\/\/ponsa.com\/wp-content\/uploads\/2017\/05\/fachadas.jpg\" class=\"img-responsive wp-image-1855\" srcset=\"https:\/\/ponsa.com\/wp-content\/uploads\/2017\/05\/fachadas-200x200.jpg 200w, https:\/\/ponsa.com\/wp-content\/uploads\/2017\/05\/fachadas-400x400.jpg 400w, https:\/\/ponsa.com\/wp-content\/uploads\/2017\/05\/fachadas-600x600.jpg 600w, https:\/\/ponsa.com\/wp-content\/uploads\/2017\/05\/fachadas-800x800.jpg 800w, https:\/\/ponsa.com\/wp-content\/uploads\/2017\/05\/fachadas.jpg 1000w\" sizes=\"(max-width: 640px) 100vw, 400px\" \/><\/span><\/div><div class=\"fusion-text fusion-text-5\"><p style=\"text-align: center;\">\u00d6VRIGA N\u00c4T<\/p>\n<\/div><\/div><\/div><div class=\"fusion-layout-column fusion_builder_column fusion-builder-column-5 fusion_builder_column_1_1 1_1 fusion-flex-column\" style=\"--awb-bg-size:cover;--awb-width-large:100%;--awb-margin-top-large:0px;--awb-spacing-right-large:0px;--awb-margin-bottom-large:20px;--awb-spacing-left-large:0px;--awb-width-medium:100%;--awb-spacing-right-medium:0px;--awb-spacing-left-medium:0px;--awb-width-small:100%;--awb-spacing-right-small:0px;--awb-spacing-left-small:0px;\"><div class=\"fusion-column-wrapper fusion-flex-justify-content-flex-start fusion-content-layout-column\"><\/div><\/div><\/div><\/div><\/p>\n","protected":false},"excerpt":{"rendered":"","protected":false},"author":4,"featured_media":0,"parent":0,"menu_order":0,"comment_status":"closed","ping_status":"closed","template":"100-width.php","meta":{"ngg_post_thumbnail":0,"footnotes":""},"class_list":["post-18062","page","type-page","status-publish","hentry"],"yoast_head":"<!-- This site is optimized with the Yoast SEO plugin v27.6 - https:\/\/yoast.com\/product\/yoast-seo-wordpress\/ -->\n<title>NETS - Industrias Ponsa<\/title>\n<meta name=\"description\" content=\"There is a wide variety of nets to be used in a work environment, by buildings and transportation.\" \/>\n<meta name=\"robots\" content=\"index, follow, max-snippet:-1, max-image-preview:large, max-video-preview:-1\" \/>\n<link rel=\"canonical\" href=\"https:\/\/ponsa.com\/sv\/nets\/\" \/>\n<meta property=\"og:locale\" content=\"sv_SE\" \/>\n<meta property=\"og:type\" content=\"article\" \/>\n<meta property=\"og:title\" content=\"NETS - Industrias Ponsa\" \/>\n<meta property=\"og:description\" content=\"There is a wide variety of nets to be used in a work environment, by buildings and transportation.\" \/>\n<meta property=\"og:url\" content=\"https:\/\/ponsa.com\/sv\/nets\/\" \/>\n<meta property=\"og:site_name\" content=\"Industrias Ponsa\" \/>\n<meta property=\"article:publisher\" content=\"https:\/\/www.facebook.com\/IndustriasPONSA\" \/>\n<meta property=\"article:modified_time\" content=\"2023-11-13T09:06:47+00:00\" \/>\n<meta name=\"twitter:card\" content=\"summary_large_image\" \/>\n<meta name=\"twitter:label1\" content=\"Est. reading time\" \/>\n\t<meta name=\"twitter:data1\" content=\"9 minutes\" \/>\n<script type=\"application\/ld+json\" class=\"yoast-schema-graph\">{\"@context\":\"https:\\\/\\\/schema.org\",\"@graph\":[{\"@type\":\"WebPage\",\"@id\":\"https:\\\/\\\/ponsa.com\\\/sv\\\/nets\\\/\",\"url\":\"https:\\\/\\\/ponsa.com\\\/sv\\\/nets\\\/\",\"name\":\"NETS - Industrias Ponsa\",\"isPartOf\":{\"@id\":\"https:\\\/\\\/ponsa.com\\\/#website\"},\"datePublished\":\"2019-06-26T15:42:09+00:00\",\"dateModified\":\"2023-11-13T09:06:47+00:00\",\"description\":\"There is a wide variety of nets to be used in a work environment, by buildings and transportation.\",\"breadcrumb\":{\"@id\":\"https:\\\/\\\/ponsa.com\\\/sv\\\/nets\\\/#breadcrumb\"},\"inLanguage\":\"sv-SE\",\"potentialAction\":[{\"@type\":\"ReadAction\",\"target\":[\"https:\\\/\\\/ponsa.com\\\/sv\\\/nets\\\/\"]}]},{\"@type\":\"BreadcrumbList\",\"@id\":\"https:\\\/\\\/ponsa.com\\\/sv\\\/nets\\\/#breadcrumb\",\"itemListElement\":[{\"@type\":\"ListItem\",\"position\":1,\"name\":\"Portada\",\"item\":\"https:\\\/\\\/ponsa.com\\\/sv\\\/\"},{\"@type\":\"ListItem\",\"position\":2,\"name\":\"NETS\"}]},{\"@type\":\"WebSite\",\"@id\":\"https:\\\/\\\/ponsa.com\\\/#website\",\"url\":\"https:\\\/\\\/ponsa.com\\\/\",\"name\":\"Industrias Ponsa\",\"description\":\"Fabricante de Cintas Textiles\",\"publisher\":{\"@id\":\"https:\\\/\\\/ponsa.com\\\/#organization\"},\"potentialAction\":[{\"@type\":\"SearchAction\",\"target\":{\"@type\":\"EntryPoint\",\"urlTemplate\":\"https:\\\/\\\/ponsa.com\\\/?s={search_term_string}\"},\"query-input\":{\"@type\":\"PropertyValueSpecification\",\"valueRequired\":true,\"valueName\":\"search_term_string\"}}],\"inLanguage\":\"sv-SE\"},{\"@type\":\"Organization\",\"@id\":\"https:\\\/\\\/ponsa.com\\\/#organization\",\"name\":\"INDUSTRIAS PONSA S.A.\",\"url\":\"https:\\\/\\\/ponsa.com\\\/\",\"logo\":{\"@type\":\"ImageObject\",\"inLanguage\":\"sv-SE\",\"@id\":\"https:\\\/\\\/ponsa.com\\\/#\\\/schema\\\/logo\\\/image\\\/\",\"url\":\"https:\\\/\\\/ponsa.com\\\/wp-content\\\/uploads\\\/2021\\\/08\\\/logoPonsapng.png\",\"contentUrl\":\"https:\\\/\\\/ponsa.com\\\/wp-content\\\/uploads\\\/2021\\\/08\\\/logoPonsapng.png\",\"width\":2289,\"height\":808,\"caption\":\"INDUSTRIAS PONSA S.A.\"},\"image\":{\"@id\":\"https:\\\/\\\/ponsa.com\\\/#\\\/schema\\\/logo\\\/image\\\/\"},\"sameAs\":[\"https:\\\/\\\/www.facebook.com\\\/IndustriasPONSA\",\"https:\\\/\\\/www.instagram.com\\\/ind.ponsa\\\/\",\"https:\\\/\\\/es.linkedin.com\\\/company\\\/industrias-ponsa-sa\",\"https:\\\/\\\/www.youtube.com\\\/channel\\\/UCxvfSBJQlBhV1aOQo-wXIoQ\"]}]}<\/script>\n<!-- \/ Yoast SEO plugin. -->","yoast_head_json":{"title":"NETS - Industrias Ponsa","description":"There is a wide variety of nets to be used in a work environment, by buildings and transportation.","robots":{"index":"index","follow":"follow","max-snippet":"max-snippet:-1","max-image-preview":"max-image-preview:large","max-video-preview":"max-video-preview:-1"},"canonical":"https:\/\/ponsa.com\/sv\/nets\/","og_locale":"sv_SE","og_type":"article","og_title":"NETS - Industrias Ponsa","og_description":"There is a wide variety of nets to be used in a work environment, by buildings and transportation.","og_url":"https:\/\/ponsa.com\/sv\/nets\/","og_site_name":"Industrias Ponsa","article_publisher":"https:\/\/www.facebook.com\/IndustriasPONSA","article_modified_time":"2023-11-13T09:06:47+00:00","twitter_card":"summary_large_image","twitter_misc":{"Est. reading time":"9 minutes"},"schema":{"@context":"https:\/\/schema.org","@graph":[{"@type":"WebPage","@id":"https:\/\/ponsa.com\/sv\/nets\/","url":"https:\/\/ponsa.com\/sv\/nets\/","name":"NETS - Industrias Ponsa","isPartOf":{"@id":"https:\/\/ponsa.com\/#website"},"datePublished":"2019-06-26T15:42:09+00:00","dateModified":"2023-11-13T09:06:47+00:00","description":"There is a wide variety of nets to be used in a work environment, by buildings and transportation.","breadcrumb":{"@id":"https:\/\/ponsa.com\/sv\/nets\/#breadcrumb"},"inLanguage":"sv-SE","potentialAction":[{"@type":"ReadAction","target":["https:\/\/ponsa.com\/sv\/nets\/"]}]},{"@type":"BreadcrumbList","@id":"https:\/\/ponsa.com\/sv\/nets\/#breadcrumb","itemListElement":[{"@type":"ListItem","position":1,"name":"Portada","item":"https:\/\/ponsa.com\/sv\/"},{"@type":"ListItem","position":2,"name":"NETS"}]},{"@type":"WebSite","@id":"https:\/\/ponsa.com\/#website","url":"https:\/\/ponsa.com\/","name":"Industrias Ponsa","description":"Fabricante de Cintas Textiles","publisher":{"@id":"https:\/\/ponsa.com\/#organization"},"potentialAction":[{"@type":"SearchAction","target":{"@type":"EntryPoint","urlTemplate":"https:\/\/ponsa.com\/?s={search_term_string}"},"query-input":{"@type":"PropertyValueSpecification","valueRequired":true,"valueName":"search_term_string"}}],"inLanguage":"sv-SE"},{"@type":"Organization","@id":"https:\/\/ponsa.com\/#organization","name":"INDUSTRIAS PONSA S.A.","url":"https:\/\/ponsa.com\/","logo":{"@type":"ImageObject","inLanguage":"sv-SE","@id":"https:\/\/ponsa.com\/#\/schema\/logo\/image\/","url":"https:\/\/ponsa.com\/wp-content\/uploads\/2021\/08\/logoPonsapng.png","contentUrl":"https:\/\/ponsa.com\/wp-content\/uploads\/2021\/08\/logoPonsapng.png","width":2289,"height":808,"caption":"INDUSTRIAS PONSA S.A."},"image":{"@id":"https:\/\/ponsa.com\/#\/schema\/logo\/image\/"},"sameAs":["https:\/\/www.facebook.com\/IndustriasPONSA","https:\/\/www.instagram.com\/ind.ponsa\/","https:\/\/es.linkedin.com\/company\/industrias-ponsa-sa","https:\/\/www.youtube.com\/channel\/UCxvfSBJQlBhV1aOQo-wXIoQ"]}]}},"_links":{"self":[{"href":"https:\/\/ponsa.com\/sv\/wp-json\/wp\/v2\/pages\/18062","targetHints":{"allow":["GET"]}}],"collection":[{"href":"https:\/\/ponsa.com\/sv\/wp-json\/wp\/v2\/pages"}],"about":[{"href":"https:\/\/ponsa.com\/sv\/wp-json\/wp\/v2\/types\/page"}],"author":[{"embeddable":true,"href":"https:\/\/ponsa.com\/sv\/wp-json\/wp\/v2\/users\/4"}],"replies":[{"embeddable":true,"href":"https:\/\/ponsa.com\/sv\/wp-json\/wp\/v2\/comments?post=18062"}],"version-history":[{"count":3,"href":"https:\/\/ponsa.com\/sv\/wp-json\/wp\/v2\/pages\/18062\/revisions"}],"predecessor-version":[{"id":30985,"href":"https:\/\/ponsa.com\/sv\/wp-json\/wp\/v2\/pages\/18062\/revisions\/30985"}],"wp:attachment":[{"href":"https:\/\/ponsa.com\/sv\/wp-json\/wp\/v2\/media?parent=18062"}],"curies":[{"name":"wp","href":"https:\/\/api.w.org\/{rel}","templated":true}]}}