{"id":18034,"date":"2017-05-17T08:04:52","date_gmt":"2017-05-17T08:04:52","guid":{"rendered":"https:\/\/ponsa.com\/sakerhet\/safety-accessories\/"},"modified":"2025-06-13T07:50:03","modified_gmt":"2025-06-13T07:50:03","slug":"sakerhetstillbehor","status":"publish","type":"page","link":"https:\/\/ponsa.com\/sv\/sakerhet\/sakerhetstillbehor\/","title":{"rendered":"S\u00c4KERHETSTILLBEH\u00d6R"},"content":{"rendered":"<p><div class=\"fusion-fullwidth fullwidth-box fusion-builder-row-1 fusion-flex-container nonhundred-percent-fullwidth non-hundred-percent-height-scrolling\" style=\"--awb-border-radius-top-left:0px;--awb-border-radius-top-right:0px;--awb-border-radius-bottom-right:0px;--awb-border-radius-bottom-left:0px;--awb-padding-top:0px;--awb-padding-bottom:5px;--awb-flex-wrap:wrap;\" ><div class=\"fusion-builder-row fusion-row fusion-flex-align-items-flex-start fusion-flex-content-wrap\" style=\"max-width:1248px;margin-left: calc(-4% \/ 2 );margin-right: calc(-4% \/ 2 );\"><div class=\"fusion-layout-column fusion_builder_column fusion-builder-column-0 fusion_builder_column_1_1 1_1 fusion-flex-column\" style=\"--awb-padding-bottom:0px;--awb-bg-size:cover;--awb-width-large:100%;--awb-margin-top-large:0px;--awb-spacing-right-large:1.92%;--awb-margin-bottom-large:0px;--awb-spacing-left-large:1.92%;--awb-width-medium:100%;--awb-spacing-right-medium:1.92%;--awb-spacing-left-medium:1.92%;--awb-width-small:100%;--awb-spacing-right-small:1.92%;--awb-spacing-left-small:1.92%;\"><div class=\"fusion-column-wrapper fusion-flex-justify-content-flex-start fusion-content-layout-column\"><div class=\"fusion-text fusion-text-1\"><h1 style=\"text-align: center;\"><strong>S\u00c4KERHETSTILLBEH\u00d6R<\/strong><\/h1>\n<p style=\"text-align: center;\">Kosttillskott f\u00f6r personlig skyddsutrustning<\/p>\n<\/div><\/div><\/div><\/div><\/div><div class=\"fusion-fullwidth fullwidth-box fusion-builder-row-2 fusion-flex-container nonhundred-percent-fullwidth non-hundred-percent-height-scrolling\" style=\"--awb-border-radius-top-left:0px;--awb-border-radius-top-right:0px;--awb-border-radius-bottom-right:0px;--awb-border-radius-bottom-left:0px;--awb-padding-top:20px;--awb-padding-bottom:20px;--awb-flex-wrap:wrap;\" ><div class=\"fusion-builder-row fusion-row fusion-flex-align-items-flex-start fusion-flex-content-wrap\" style=\"max-width:calc( 1200px + 0px );margin-left: calc(-0px \/ 2 );margin-right: calc(-0px \/ 2 );\"><div class=\"fusion-layout-column fusion_builder_column fusion-builder-column-1 fusion_builder_column_1_5 1_5 fusion-flex-column fusion-column-inner-bg-wrapper\" style=\"--awb-inner-bg-size:cover;--awb-border-color:#d3d3d3;--awb-border-right:1px;--awb-border-style:solid;--awb-width-large:20%;--awb-margin-top-large:0px;--awb-spacing-right-large:0px;--awb-margin-bottom-large:20px;--awb-spacing-left-large:0px;--awb-width-medium:20%;--awb-spacing-right-medium:0px;--awb-spacing-left-medium:0px;--awb-width-small:100%;--awb-spacing-right-small:0px;--awb-spacing-left-small:0px;\"><span class=\"fusion-column-inner-bg hover-type-none\"><a class=\"fusion-column-anchor\" href=\"https:\/\/ponsa.com\/en\/safety-ponsa\/safety-accessories\/fixed-positioning-line\/\"><span class=\"fusion-column-inner-bg-image\"><\/span><\/a><\/span><div class=\"fusion-column-wrapper fusion-flex-justify-content-flex-start fusion-content-layout-column\"><div class=\"fusion-image-element \" style=\"text-align:center;--awb-caption-title-font-family:var(--h2_typography-font-family);--awb-caption-title-font-weight:var(--h2_typography-font-weight);--awb-caption-title-font-style:var(--h2_typography-font-style);--awb-caption-title-size:var(--h2_typography-font-size);--awb-caption-title-transform:var(--h2_typography-text-transform);--awb-caption-title-line-height:var(--h2_typography-line-height);--awb-caption-title-letter-spacing:var(--h2_typography-letter-spacing);\"><span class=\" fusion-imageframe imageframe-none imageframe-1 hover-type-none\"><img decoding=\"async\" width=\"1000\" height=\"1000\" title=\"Elemento de conexi\u00f3n o componente de un sistema antica\u00eddas.\" src=\"https:\/\/ponsa.com\/wp-content\/uploads\/2017\/05\/ELEMENTO-FIJO-DE-AMRRE.jpg\" alt class=\"img-responsive wp-image-18035\" srcset=\"https:\/\/ponsa.com\/wp-content\/uploads\/2017\/05\/ELEMENTO-FIJO-DE-AMRRE-200x200.jpg 200w, https:\/\/ponsa.com\/wp-content\/uploads\/2017\/05\/ELEMENTO-FIJO-DE-AMRRE-400x400.jpg 400w, https:\/\/ponsa.com\/wp-content\/uploads\/2017\/05\/ELEMENTO-FIJO-DE-AMRRE-600x600.jpg 600w, https:\/\/ponsa.com\/wp-content\/uploads\/2017\/05\/ELEMENTO-FIJO-DE-AMRRE-800x800.jpg 800w, https:\/\/ponsa.com\/wp-content\/uploads\/2017\/05\/ELEMENTO-FIJO-DE-AMRRE.jpg 1000w\" sizes=\"(max-width: 640px) 100vw, 400px\" \/><\/span><\/div><div class=\"fusion-text fusion-text-2\"><p style=\"text-align: center;\">FAST POSITIONERINGSLINJE<\/p>\n<\/div><\/div><\/div><div class=\"fusion-layout-column fusion_builder_column fusion-builder-column-2 fusion_builder_column_1_5 1_5 fusion-flex-column fusion-column-inner-bg-wrapper\" style=\"--awb-inner-bg-size:cover;--awb-border-color:#d3d3d3;--awb-border-right:1px;--awb-border-style:solid;--awb-width-large:20%;--awb-margin-top-large:0px;--awb-spacing-right-large:0px;--awb-margin-bottom-large:20px;--awb-spacing-left-large:0px;--awb-width-medium:20%;--awb-order-medium:0;--awb-spacing-right-medium:0px;--awb-spacing-left-medium:0px;--awb-width-small:100%;--awb-order-small:0;--awb-spacing-right-small:0px;--awb-spacing-left-small:0px;\"><span class=\"fusion-column-inner-bg hover-type-none\"><a class=\"fusion-column-anchor\" href=\"https:\/\/ponsa.com\/sv\/sakerhet\/sakerhetstillbehor\/ankoring-ring\/\"><span class=\"fusion-column-inner-bg-image\"><\/span><\/a><\/span><div class=\"fusion-column-wrapper fusion-column-has-shadow fusion-flex-justify-content-flex-start fusion-content-layout-column\"><div class=\"fusion-image-element \" style=\"text-align:center;--awb-caption-title-font-family:var(--h2_typography-font-family);--awb-caption-title-font-weight:var(--h2_typography-font-weight);--awb-caption-title-font-style:var(--h2_typography-font-style);--awb-caption-title-size:var(--h2_typography-font-size);--awb-caption-title-transform:var(--h2_typography-text-transform);--awb-caption-title-line-height:var(--h2_typography-line-height);--awb-caption-title-letter-spacing:var(--h2_typography-letter-spacing);\"><span class=\" fusion-imageframe imageframe-none imageframe-2 hover-type-none\"><img decoding=\"async\" width=\"1000\" height=\"1000\" title=\"anillo2\" src=\"https:\/\/ponsa.com\/wp-content\/uploads\/2023\/10\/anillo2.jpg\" alt class=\"img-responsive wp-image-30039\" srcset=\"https:\/\/ponsa.com\/wp-content\/uploads\/2023\/10\/anillo2-200x200.jpg 200w, https:\/\/ponsa.com\/wp-content\/uploads\/2023\/10\/anillo2-400x400.jpg 400w, https:\/\/ponsa.com\/wp-content\/uploads\/2023\/10\/anillo2-600x600.jpg 600w, https:\/\/ponsa.com\/wp-content\/uploads\/2023\/10\/anillo2-800x800.jpg 800w, https:\/\/ponsa.com\/wp-content\/uploads\/2023\/10\/anillo2.jpg 1000w\" sizes=\"(max-width: 640px) 100vw, 400px\" \/><\/span><\/div><div class=\"fusion-text fusion-text-3\"><p style=\"text-align: center;\">ANKORING RING<\/p>\n<\/div><\/div><\/div><div class=\"fusion-layout-column fusion_builder_column fusion-builder-column-3 fusion_builder_column_1_5 1_5 fusion-flex-column fusion-column-inner-bg-wrapper\" style=\"--awb-inner-bg-size:cover;--awb-border-color:#d3d3d3;--awb-border-right:1px;--awb-border-style:solid;--awb-width-large:20%;--awb-margin-top-large:0px;--awb-spacing-right-large:0px;--awb-margin-bottom-large:20px;--awb-spacing-left-large:0px;--awb-width-medium:20%;--awb-spacing-right-medium:0px;--awb-spacing-left-medium:0px;--awb-width-small:100%;--awb-spacing-right-small:0px;--awb-spacing-left-small:0px;\"><span class=\"fusion-column-inner-bg hover-type-none\"><a class=\"fusion-column-anchor\" href=\"https:\/\/ponsa.com\/en\/safety-ponsa\/safety-accessories\/adjustable-positioning-line\/\"><span class=\"fusion-column-inner-bg-image\"><\/span><\/a><\/span><div class=\"fusion-column-wrapper fusion-flex-justify-content-flex-start fusion-content-layout-column\"><div class=\"fusion-image-element \" style=\"text-align:center;--awb-caption-title-font-family:var(--h2_typography-font-family);--awb-caption-title-font-weight:var(--h2_typography-font-weight);--awb-caption-title-font-style:var(--h2_typography-font-style);--awb-caption-title-size:var(--h2_typography-font-size);--awb-caption-title-transform:var(--h2_typography-text-transform);--awb-caption-title-line-height:var(--h2_typography-line-height);--awb-caption-title-letter-spacing:var(--h2_typography-letter-spacing);\"><span class=\" fusion-imageframe imageframe-none imageframe-3 hover-type-none\"><img decoding=\"async\" width=\"1000\" height=\"1000\" alt=\"Concebido para trabajos en l\u00ednea, (postes, estructuras), y\/o donde sea necesario tener ambas manos libres.\" title=\"Elemento de amarre regulable dise\u00f1ado como componente de un sistema de posicionamiento, (no forma parte de un sistema antica\u00eddas).\" src=\"https:\/\/ponsa.com\/wp-content\/uploads\/2017\/05\/ELEMENTO-REGULABLE.jpg\" class=\"img-responsive wp-image-1415\" srcset=\"https:\/\/ponsa.com\/wp-content\/uploads\/2017\/05\/ELEMENTO-REGULABLE-200x200.jpg 200w, https:\/\/ponsa.com\/wp-content\/uploads\/2017\/05\/ELEMENTO-REGULABLE-400x400.jpg 400w, https:\/\/ponsa.com\/wp-content\/uploads\/2017\/05\/ELEMENTO-REGULABLE-600x600.jpg 600w, https:\/\/ponsa.com\/wp-content\/uploads\/2017\/05\/ELEMENTO-REGULABLE-800x800.jpg 800w, https:\/\/ponsa.com\/wp-content\/uploads\/2017\/05\/ELEMENTO-REGULABLE.jpg 1000w\" sizes=\"(max-width: 640px) 100vw, 400px\" \/><\/span><\/div><div class=\"fusion-text fusion-text-4\"><p style=\"text-align: center;\">JUSTERBAR POSITIONERINGSLINJE<\/p>\n<\/div><\/div><\/div><div class=\"fusion-layout-column fusion_builder_column fusion-builder-column-4 fusion_builder_column_1_5 1_5 fusion-flex-column fusion-column-inner-bg-wrapper\" style=\"--awb-inner-bg-size:cover;--awb-border-color:#d3d3d3;--awb-border-right:1px;--awb-border-style:solid;--awb-width-large:20%;--awb-margin-top-large:0px;--awb-spacing-right-large:0px;--awb-margin-bottom-large:20px;--awb-spacing-left-large:0px;--awb-width-medium:20%;--awb-order-medium:0;--awb-spacing-right-medium:0px;--awb-spacing-left-medium:0px;--awb-width-small:100%;--awb-order-small:0;--awb-spacing-right-small:0px;--awb-spacing-left-small:0px;\"><span class=\"fusion-column-inner-bg hover-type-none\"><a class=\"fusion-column-anchor\" href=\"https:\/\/ponsa.com\/sv\/sakerhet\/sakerhetstillbehor\/ecosafex-lr\/\"><span class=\"fusion-column-inner-bg-image\"><\/span><\/a><\/span><div class=\"fusion-column-wrapper fusion-column-has-shadow fusion-flex-justify-content-flex-start fusion-content-layout-column\"><div class=\"fusion-image-element \" style=\"text-align:center;--awb-caption-title-font-family:var(--h2_typography-font-family);--awb-caption-title-font-weight:var(--h2_typography-font-weight);--awb-caption-title-font-style:var(--h2_typography-font-style);--awb-caption-title-size:var(--h2_typography-font-size);--awb-caption-title-transform:var(--h2_typography-text-transform);--awb-caption-title-line-height:var(--h2_typography-line-height);--awb-caption-title-letter-spacing:var(--h2_typography-letter-spacing);\"><span class=\" fusion-imageframe imageframe-none imageframe-4 hover-type-none\"><img decoding=\"async\" width=\"1000\" height=\"1000\" title=\"LR1\" src=\"https:\/\/ponsa.com\/wp-content\/uploads\/2023\/10\/LR1.jpg\" alt class=\"img-responsive wp-image-30104\" srcset=\"https:\/\/ponsa.com\/wp-content\/uploads\/2023\/10\/LR1-200x200.jpg 200w, https:\/\/ponsa.com\/wp-content\/uploads\/2023\/10\/LR1-400x400.jpg 400w, https:\/\/ponsa.com\/wp-content\/uploads\/2023\/10\/LR1-600x600.jpg 600w, https:\/\/ponsa.com\/wp-content\/uploads\/2023\/10\/LR1-800x800.jpg 800w, https:\/\/ponsa.com\/wp-content\/uploads\/2023\/10\/LR1.jpg 1000w\" sizes=\"(max-width: 640px) 100vw, 400px\" \/><\/span><\/div><div class=\"fusion-text fusion-text-5\"><p style=\"text-align: center;\">ECOSAFEX LR<\/p>\n<\/div><\/div><\/div><div class=\"fusion-layout-column fusion_builder_column fusion-builder-column-5 fusion_builder_column_1_5 1_5 fusion-flex-column fusion-column-inner-bg-wrapper\" style=\"--awb-inner-bg-size:cover;--awb-border-color:#d3d3d3;--awb-border-right:1px;--awb-border-style:solid;--awb-width-large:20%;--awb-margin-top-large:0px;--awb-spacing-right-large:0px;--awb-margin-bottom-large:20px;--awb-spacing-left-large:0px;--awb-width-medium:20%;--awb-spacing-right-medium:0px;--awb-spacing-left-medium:0px;--awb-width-small:100%;--awb-spacing-right-small:0px;--awb-spacing-left-small:0px;\"><span class=\"fusion-column-inner-bg hover-type-none\"><a class=\"fusion-column-anchor\" href=\"https:\/\/ponsa.com\/en\/safety-ponsa\/safety-accessories\/stop-trauma\/\"><span class=\"fusion-column-inner-bg-image\"><\/span><\/a><\/span><div class=\"fusion-column-wrapper fusion-flex-justify-content-flex-start fusion-content-layout-column\"><div class=\"fusion-image-element \" style=\"text-align:center;--awb-caption-title-font-family:var(--h2_typography-font-family);--awb-caption-title-font-weight:var(--h2_typography-font-weight);--awb-caption-title-font-style:var(--h2_typography-font-style);--awb-caption-title-size:var(--h2_typography-font-size);--awb-caption-title-transform:var(--h2_typography-text-transform);--awb-caption-title-line-height:var(--h2_typography-line-height);--awb-caption-title-letter-spacing:var(--h2_typography-letter-spacing);\"><span class=\" fusion-imageframe imageframe-none imageframe-5 hover-type-none\"><img decoding=\"async\" width=\"1000\" height=\"1000\" alt=\"Ayuda a prevenir el s\u00edndrome del arn\u00e9s o trauma por suspensi\u00f3n, imprescindible en sistemas antica\u00eddas. Recomendado por m\u00e9dicos y traumat\u00f3logos.\" title=\"Elemento de amarre regulable dise\u00f1ado como componente de un sistema de posicionamiento, (no forma parte de un sistema antica\u00eddas).\" src=\"https:\/\/ponsa.com\/wp-content\/uploads\/2017\/05\/stop-trauma.jpg\" class=\"img-responsive wp-image-1419\" srcset=\"https:\/\/ponsa.com\/wp-content\/uploads\/2017\/05\/stop-trauma-200x200.jpg 200w, https:\/\/ponsa.com\/wp-content\/uploads\/2017\/05\/stop-trauma-400x400.jpg 400w, https:\/\/ponsa.com\/wp-content\/uploads\/2017\/05\/stop-trauma-600x600.jpg 600w, https:\/\/ponsa.com\/wp-content\/uploads\/2017\/05\/stop-trauma-800x800.jpg 800w, https:\/\/ponsa.com\/wp-content\/uploads\/2017\/05\/stop-trauma.jpg 1000w\" sizes=\"(max-width: 640px) 100vw, 400px\" \/><\/span><\/div><div class=\"fusion-text fusion-text-6\"><p style=\"text-align: center;\">STOP TRAUMA<\/p>\n<\/div><\/div><\/div><\/div><\/div><\/p>\n","protected":false},"excerpt":{"rendered":"","protected":false},"author":2,"featured_media":0,"parent":17499,"menu_order":0,"comment_status":"closed","ping_status":"closed","template":"100-width.php","meta":{"ngg_post_thumbnail":0,"footnotes":""},"class_list":["post-18034","page","type-page","status-publish","hentry"],"yoast_head":"<!-- This site is optimized with the Yoast SEO plugin v27.4 - https:\/\/yoast.com\/product\/yoast-seo-wordpress\/ -->\n<title>S\u00c4KERHETSTILLBEH\u00d6R - Industrias Ponsa<\/title>\n<meta name=\"description\" content=\"Ponsas s\u00e4kerhetskomplement f\u00f6r din personliga skyddsutrustning. Perfekt f\u00f6r att kunna komplettera din PPE, som med v\u00e5r\" \/>\n<meta name=\"robots\" content=\"index, follow, max-snippet:-1, max-image-preview:large, max-video-preview:-1\" \/>\n<link rel=\"canonical\" href=\"https:\/\/ponsa.com\/sv\/sakerhet\/sakerhetstillbehor\/\" \/>\n<meta property=\"og:locale\" content=\"sv_SE\" \/>\n<meta property=\"og:type\" content=\"article\" \/>\n<meta property=\"og:title\" content=\"S\u00c4KERHETSTILLBEH\u00d6R - Industrias Ponsa\" \/>\n<meta property=\"og:description\" content=\"Ponsas s\u00e4kerhetskomplement f\u00f6r din personliga skyddsutrustning. Perfekt f\u00f6r att kunna komplettera din PPE, som med v\u00e5r\" \/>\n<meta property=\"og:url\" content=\"https:\/\/ponsa.com\/sv\/sakerhet\/sakerhetstillbehor\/\" \/>\n<meta property=\"og:site_name\" content=\"Industrias Ponsa\" \/>\n<meta property=\"article:publisher\" content=\"https:\/\/www.facebook.com\/IndustriasPONSA\" \/>\n<meta property=\"article:modified_time\" content=\"2025-06-13T07:50:03+00:00\" \/>\n<meta name=\"twitter:card\" content=\"summary_large_image\" \/>\n<meta name=\"twitter:label1\" content=\"Est. reading time\" \/>\n\t<meta name=\"twitter:data1\" content=\"4 minutes\" \/>\n<script type=\"application\/ld+json\" class=\"yoast-schema-graph\">{\"@context\":\"https:\\\/\\\/schema.org\",\"@graph\":[{\"@type\":\"WebPage\",\"@id\":\"https:\\\/\\\/ponsa.com\\\/sv\\\/sakerhet\\\/sakerhetstillbehor\\\/\",\"url\":\"https:\\\/\\\/ponsa.com\\\/sv\\\/sakerhet\\\/sakerhetstillbehor\\\/\",\"name\":\"S\u00c4KERHETSTILLBEH\u00d6R - Industrias Ponsa\",\"isPartOf\":{\"@id\":\"https:\\\/\\\/ponsa.com\\\/#website\"},\"datePublished\":\"2017-05-17T08:04:52+00:00\",\"dateModified\":\"2025-06-13T07:50:03+00:00\",\"description\":\"Ponsas s\u00e4kerhetskomplement f\u00f6r din personliga skyddsutrustning. Perfekt f\u00f6r att kunna komplettera din PPE, som med v\u00e5r\",\"breadcrumb\":{\"@id\":\"https:\\\/\\\/ponsa.com\\\/sv\\\/sakerhet\\\/sakerhetstillbehor\\\/#breadcrumb\"},\"inLanguage\":\"sv-SE\",\"potentialAction\":[{\"@type\":\"ReadAction\",\"target\":[\"https:\\\/\\\/ponsa.com\\\/sv\\\/sakerhet\\\/sakerhetstillbehor\\\/\"]}]},{\"@type\":\"BreadcrumbList\",\"@id\":\"https:\\\/\\\/ponsa.com\\\/sv\\\/sakerhet\\\/sakerhetstillbehor\\\/#breadcrumb\",\"itemListElement\":[{\"@type\":\"ListItem\",\"position\":1,\"name\":\"Portada\",\"item\":\"https:\\\/\\\/ponsa.com\\\/sv\\\/\"},{\"@type\":\"ListItem\",\"position\":2,\"name\":\"S\u00c4KERHET\",\"item\":\"https:\\\/\\\/ponsa.com\\\/sv\\\/sakerhet\\\/\"},{\"@type\":\"ListItem\",\"position\":3,\"name\":\"S\u00c4KERHETSTILLBEH\u00d6R\"}]},{\"@type\":\"WebSite\",\"@id\":\"https:\\\/\\\/ponsa.com\\\/#website\",\"url\":\"https:\\\/\\\/ponsa.com\\\/\",\"name\":\"Industrias Ponsa\",\"description\":\"Fabricante de Cintas Textiles\",\"publisher\":{\"@id\":\"https:\\\/\\\/ponsa.com\\\/#organization\"},\"potentialAction\":[{\"@type\":\"SearchAction\",\"target\":{\"@type\":\"EntryPoint\",\"urlTemplate\":\"https:\\\/\\\/ponsa.com\\\/?s={search_term_string}\"},\"query-input\":{\"@type\":\"PropertyValueSpecification\",\"valueRequired\":true,\"valueName\":\"search_term_string\"}}],\"inLanguage\":\"sv-SE\"},{\"@type\":\"Organization\",\"@id\":\"https:\\\/\\\/ponsa.com\\\/#organization\",\"name\":\"INDUSTRIAS PONSA S.A.\",\"url\":\"https:\\\/\\\/ponsa.com\\\/\",\"logo\":{\"@type\":\"ImageObject\",\"inLanguage\":\"sv-SE\",\"@id\":\"https:\\\/\\\/ponsa.com\\\/#\\\/schema\\\/logo\\\/image\\\/\",\"url\":\"https:\\\/\\\/ponsa.com\\\/wp-content\\\/uploads\\\/2021\\\/08\\\/logoPonsapng.png\",\"contentUrl\":\"https:\\\/\\\/ponsa.com\\\/wp-content\\\/uploads\\\/2021\\\/08\\\/logoPonsapng.png\",\"width\":2289,\"height\":808,\"caption\":\"INDUSTRIAS PONSA S.A.\"},\"image\":{\"@id\":\"https:\\\/\\\/ponsa.com\\\/#\\\/schema\\\/logo\\\/image\\\/\"},\"sameAs\":[\"https:\\\/\\\/www.facebook.com\\\/IndustriasPONSA\",\"https:\\\/\\\/www.instagram.com\\\/ind.ponsa\\\/\",\"https:\\\/\\\/es.linkedin.com\\\/company\\\/industrias-ponsa-sa\",\"https:\\\/\\\/www.youtube.com\\\/channel\\\/UCxvfSBJQlBhV1aOQo-wXIoQ\"]}]}<\/script>\n<!-- \/ Yoast SEO plugin. -->","yoast_head_json":{"title":"S\u00c4KERHETSTILLBEH\u00d6R - Industrias Ponsa","description":"Ponsas s\u00e4kerhetskomplement f\u00f6r din personliga skyddsutrustning. Perfekt f\u00f6r att kunna komplettera din PPE, som med v\u00e5r","robots":{"index":"index","follow":"follow","max-snippet":"max-snippet:-1","max-image-preview":"max-image-preview:large","max-video-preview":"max-video-preview:-1"},"canonical":"https:\/\/ponsa.com\/sv\/sakerhet\/sakerhetstillbehor\/","og_locale":"sv_SE","og_type":"article","og_title":"S\u00c4KERHETSTILLBEH\u00d6R - Industrias Ponsa","og_description":"Ponsas s\u00e4kerhetskomplement f\u00f6r din personliga skyddsutrustning. Perfekt f\u00f6r att kunna komplettera din PPE, som med v\u00e5r","og_url":"https:\/\/ponsa.com\/sv\/sakerhet\/sakerhetstillbehor\/","og_site_name":"Industrias Ponsa","article_publisher":"https:\/\/www.facebook.com\/IndustriasPONSA","article_modified_time":"2025-06-13T07:50:03+00:00","twitter_card":"summary_large_image","twitter_misc":{"Est. reading time":"4 minutes"},"schema":{"@context":"https:\/\/schema.org","@graph":[{"@type":"WebPage","@id":"https:\/\/ponsa.com\/sv\/sakerhet\/sakerhetstillbehor\/","url":"https:\/\/ponsa.com\/sv\/sakerhet\/sakerhetstillbehor\/","name":"S\u00c4KERHETSTILLBEH\u00d6R - Industrias Ponsa","isPartOf":{"@id":"https:\/\/ponsa.com\/#website"},"datePublished":"2017-05-17T08:04:52+00:00","dateModified":"2025-06-13T07:50:03+00:00","description":"Ponsas s\u00e4kerhetskomplement f\u00f6r din personliga skyddsutrustning. Perfekt f\u00f6r att kunna komplettera din PPE, som med v\u00e5r","breadcrumb":{"@id":"https:\/\/ponsa.com\/sv\/sakerhet\/sakerhetstillbehor\/#breadcrumb"},"inLanguage":"sv-SE","potentialAction":[{"@type":"ReadAction","target":["https:\/\/ponsa.com\/sv\/sakerhet\/sakerhetstillbehor\/"]}]},{"@type":"BreadcrumbList","@id":"https:\/\/ponsa.com\/sv\/sakerhet\/sakerhetstillbehor\/#breadcrumb","itemListElement":[{"@type":"ListItem","position":1,"name":"Portada","item":"https:\/\/ponsa.com\/sv\/"},{"@type":"ListItem","position":2,"name":"S\u00c4KERHET","item":"https:\/\/ponsa.com\/sv\/sakerhet\/"},{"@type":"ListItem","position":3,"name":"S\u00c4KERHETSTILLBEH\u00d6R"}]},{"@type":"WebSite","@id":"https:\/\/ponsa.com\/#website","url":"https:\/\/ponsa.com\/","name":"Industrias Ponsa","description":"Fabricante de Cintas Textiles","publisher":{"@id":"https:\/\/ponsa.com\/#organization"},"potentialAction":[{"@type":"SearchAction","target":{"@type":"EntryPoint","urlTemplate":"https:\/\/ponsa.com\/?s={search_term_string}"},"query-input":{"@type":"PropertyValueSpecification","valueRequired":true,"valueName":"search_term_string"}}],"inLanguage":"sv-SE"},{"@type":"Organization","@id":"https:\/\/ponsa.com\/#organization","name":"INDUSTRIAS PONSA S.A.","url":"https:\/\/ponsa.com\/","logo":{"@type":"ImageObject","inLanguage":"sv-SE","@id":"https:\/\/ponsa.com\/#\/schema\/logo\/image\/","url":"https:\/\/ponsa.com\/wp-content\/uploads\/2021\/08\/logoPonsapng.png","contentUrl":"https:\/\/ponsa.com\/wp-content\/uploads\/2021\/08\/logoPonsapng.png","width":2289,"height":808,"caption":"INDUSTRIAS PONSA S.A."},"image":{"@id":"https:\/\/ponsa.com\/#\/schema\/logo\/image\/"},"sameAs":["https:\/\/www.facebook.com\/IndustriasPONSA","https:\/\/www.instagram.com\/ind.ponsa\/","https:\/\/es.linkedin.com\/company\/industrias-ponsa-sa","https:\/\/www.youtube.com\/channel\/UCxvfSBJQlBhV1aOQo-wXIoQ"]}]}},"_links":{"self":[{"href":"https:\/\/ponsa.com\/sv\/wp-json\/wp\/v2\/pages\/18034","targetHints":{"allow":["GET"]}}],"collection":[{"href":"https:\/\/ponsa.com\/sv\/wp-json\/wp\/v2\/pages"}],"about":[{"href":"https:\/\/ponsa.com\/sv\/wp-json\/wp\/v2\/types\/page"}],"author":[{"embeddable":true,"href":"https:\/\/ponsa.com\/sv\/wp-json\/wp\/v2\/users\/2"}],"replies":[{"embeddable":true,"href":"https:\/\/ponsa.com\/sv\/wp-json\/wp\/v2\/comments?post=18034"}],"version-history":[{"count":4,"href":"https:\/\/ponsa.com\/sv\/wp-json\/wp\/v2\/pages\/18034\/revisions"}],"predecessor-version":[{"id":37251,"href":"https:\/\/ponsa.com\/sv\/wp-json\/wp\/v2\/pages\/18034\/revisions\/37251"}],"up":[{"embeddable":true,"href":"https:\/\/ponsa.com\/sv\/wp-json\/wp\/v2\/pages\/17499"}],"wp:attachment":[{"href":"https:\/\/ponsa.com\/sv\/wp-json\/wp\/v2\/media?parent=18034"}],"curies":[{"name":"wp","href":"https:\/\/api.w.org\/{rel}","templated":true}]}}