{"id":17355,"date":"2017-04-25T16:50:53","date_gmt":"2017-04-25T16:50:53","guid":{"rendered":"https:\/\/ponsa.com\/sling-for-lyft\/ponsagard\/"},"modified":"2021-03-10T07:43:19","modified_gmt":"2021-03-10T07:43:19","slug":"ponsagard","status":"publish","type":"page","link":"https:\/\/ponsa.com\/sv\/sling-for-lyft\/ponsagard\/","title":{"rendered":"PONSAGARD SLING"},"content":{"rendered":"<p><div class=\"fusion-fullwidth fullwidth-box fusion-builder-row-1 fusion-flex-container nonhundred-percent-fullwidth non-hundred-percent-height-scrolling\" style=\"--awb-border-radius-top-left:0px;--awb-border-radius-top-right:0px;--awb-border-radius-bottom-right:0px;--awb-border-radius-bottom-left:0px;--awb-padding-top:0px;--awb-padding-bottom:5px;--awb-flex-wrap:wrap;\" ><div class=\"fusion-builder-row fusion-row fusion-flex-align-items-flex-start fusion-flex-content-wrap\" style=\"max-width:1248px;margin-left: calc(-4% \/ 2 );margin-right: calc(-4% \/ 2 );\"><div class=\"fusion-layout-column fusion_builder_column fusion-builder-column-0 fusion_builder_column_1_1 1_1 fusion-flex-column\" style=\"--awb-padding-bottom:0px;--awb-bg-size:cover;--awb-width-large:100%;--awb-margin-top-large:0px;--awb-spacing-right-large:1.92%;--awb-margin-bottom-large:0px;--awb-spacing-left-large:1.92%;--awb-width-medium:100%;--awb-spacing-right-medium:1.92%;--awb-spacing-left-medium:1.92%;--awb-width-small:100%;--awb-spacing-right-small:1.92%;--awb-spacing-left-small:1.92%;\"><div class=\"fusion-column-wrapper fusion-flex-justify-content-flex-start fusion-content-layout-column\"><div class=\"fusion-text fusion-text-1\"><p style=\"text-align: center;\"><span class=\"titulo1\">PONSAGARD SLING<\/span><\/p>\n<\/div><div class=\"fusion-text fusion-text-2\"><p style=\"text-align: center;\">PONSAGARD sling \u00e4r konstruerade f\u00f6r att fungera under ogynnsamma f\u00f6rh\u00e5llanden. Dessa sling \u00e4r behandlade med ett skyddande skikt p\u00e5 slingen som \u00f6kar motst\u00e5ndet mot n\u00f6tning. Dessutom \u00e4r kanterna f\u00f6rst\u00e4rkta med snittskydd som skyddar mot skav och vassa kanter. De varar dubbelt! Dessa PONSAGARD sling \u00e4r patenterade av Industrias Ponsa.<\/p>\n<\/div><\/div><\/div><\/div><\/div><div class=\"fusion-fullwidth fullwidth-box fusion-builder-row-2 fusion-flex-container nonhundred-percent-fullwidth non-hundred-percent-height-scrolling\" style=\"--awb-border-radius-top-left:0px;--awb-border-radius-top-right:0px;--awb-border-radius-bottom-right:0px;--awb-border-radius-bottom-left:0px;--awb-padding-top:20px;--awb-padding-bottom:20px;--awb-flex-wrap:wrap;\" ><div class=\"fusion-builder-row fusion-row fusion-flex-align-items-flex-start fusion-flex-content-wrap\" style=\"max-width:calc( 1200px + 0px );margin-left: calc(-0px \/ 2 );margin-right: calc(-0px \/ 2 );\"><div class=\"fusion-layout-column fusion_builder_column fusion-builder-column-1 fusion_builder_column_1_4 1_4 fusion-flex-column\" style=\"--awb-bg-size:cover;--awb-border-color:#d3d3d3;--awb-border-right:0;--awb-border-style:solid;--awb-width-large:25%;--awb-margin-top-large:0px;--awb-spacing-right-large:0px;--awb-margin-bottom-large:20px;--awb-spacing-left-large:0px;--awb-width-medium:25%;--awb-spacing-right-medium:0px;--awb-spacing-left-medium:0px;--awb-width-small:100%;--awb-spacing-right-small:0px;--awb-spacing-left-small:0px;\"><div class=\"fusion-column-wrapper fusion-flex-justify-content-flex-start fusion-content-layout-column\"><\/div><\/div><div class=\"fusion-layout-column fusion_builder_column fusion-builder-column-2 fusion_builder_column_1_4 1_4 fusion-flex-column fusion-column-inner-bg-wrapper\" style=\"--awb-inner-bg-size:cover;--awb-border-color:#d3d3d3;--awb-border-right:1px;--awb-border-style:solid;--awb-width-large:25%;--awb-margin-top-large:0px;--awb-spacing-right-large:0px;--awb-margin-bottom-large:20px;--awb-spacing-left-large:0px;--awb-width-medium:25%;--awb-order-medium:0;--awb-spacing-right-medium:0px;--awb-spacing-left-medium:0px;--awb-width-small:100%;--awb-order-small:0;--awb-spacing-right-small:0px;--awb-spacing-left-small:0px;\"><span class=\"fusion-column-inner-bg hover-type-none\"><a class=\"fusion-column-anchor\" href=\"https:\/\/ponsa.com\/sv\/sling-for-lyft\/ponsagard\/ponsagard-duplex-flat-sling\/\"><span class=\"fusion-column-inner-bg-image\"><\/span><\/a><\/span><div class=\"fusion-column-wrapper fusion-column-has-shadow fusion-flex-justify-content-flex-start fusion-content-layout-column\"><div class=\"fusion-image-element \" style=\"text-align:center;--awb-caption-title-font-family:var(--h2_typography-font-family);--awb-caption-title-font-weight:var(--h2_typography-font-weight);--awb-caption-title-font-style:var(--h2_typography-font-style);--awb-caption-title-size:var(--h2_typography-font-size);--awb-caption-title-transform:var(--h2_typography-text-transform);--awb-caption-title-line-height:var(--h2_typography-line-height);--awb-caption-title-letter-spacing:var(--h2_typography-letter-spacing);\"><span class=\" fusion-imageframe imageframe-none imageframe-2 hover-type-none\"><img decoding=\"async\" width=\"1000\" height=\"1000\" alt=\"Eslinga con una capa protectora que aumenta la resistencia a la abrasi\u00f3n. Cantos reforzados con cordones anticorte y antirozamiento. Dura m\u00e1s del doble. Destinada a operaciones de elevaci\u00f3n, y movimiento de cargas en diferentes posiciones con ayuda de una gr\u00faa o polipastro.\" title=\"Eslingas Ponsagard poliester especiales para elevaci\u00f3n de cargas\" src=\"https:\/\/ponsa.com\/wp-content\/uploads\/2017\/05\/PONSAGARD-plana.jpg\" class=\"img-responsive wp-image-1154\" srcset=\"https:\/\/ponsa.com\/wp-content\/uploads\/2017\/05\/PONSAGARD-plana-200x200.jpg 200w, https:\/\/ponsa.com\/wp-content\/uploads\/2017\/05\/PONSAGARD-plana-400x400.jpg 400w, https:\/\/ponsa.com\/wp-content\/uploads\/2017\/05\/PONSAGARD-plana-600x600.jpg 600w, https:\/\/ponsa.com\/wp-content\/uploads\/2017\/05\/PONSAGARD-plana-800x800.jpg 800w, https:\/\/ponsa.com\/wp-content\/uploads\/2017\/05\/PONSAGARD-plana.jpg 1000w\" sizes=\"(max-width: 640px) 100vw, 400px\" \/><\/span><\/div><div class=\"fusion-text fusion-text-3\"><p style=\"text-align: center;\"><strong>PONSAGARD DUPLEX FLATSLING<\/strong><\/p>\n<\/div><\/div><\/div><div class=\"fusion-layout-column fusion_builder_column fusion-builder-column-3 fusion_builder_column_1_4 1_4 fusion-flex-column fusion-column-inner-bg-wrapper\" style=\"--awb-inner-bg-size:cover;--awb-border-color:#d3d3d3;--awb-border-right:1px;--awb-border-style:solid;--awb-width-large:25%;--awb-margin-top-large:0px;--awb-spacing-right-large:0px;--awb-margin-bottom-large:20px;--awb-spacing-left-large:0px;--awb-width-medium:25%;--awb-order-medium:0;--awb-spacing-right-medium:0px;--awb-spacing-left-medium:0px;--awb-width-small:100%;--awb-order-small:0;--awb-spacing-right-small:0px;--awb-spacing-left-small:0px;\"><span class=\"fusion-column-inner-bg hover-type-none\"><a class=\"fusion-column-anchor\" href=\"https:\/\/ponsa.com\/sv\/sling-for-lyft\/ponsagard\/ponsagard-round-slings\/\"><span class=\"fusion-column-inner-bg-image\"><\/span><\/a><\/span><div class=\"fusion-column-wrapper fusion-column-has-shadow fusion-flex-justify-content-flex-start fusion-content-layout-column\"><div class=\"fusion-image-element \" style=\"text-align:center;--awb-caption-title-font-family:var(--h2_typography-font-family);--awb-caption-title-font-weight:var(--h2_typography-font-weight);--awb-caption-title-font-style:var(--h2_typography-font-style);--awb-caption-title-size:var(--h2_typography-font-size);--awb-caption-title-transform:var(--h2_typography-text-transform);--awb-caption-title-line-height:var(--h2_typography-line-height);--awb-caption-title-letter-spacing:var(--h2_typography-letter-spacing);\"><span class=\" fusion-imageframe imageframe-none imageframe-3 hover-type-none\"><img decoding=\"async\" width=\"1000\" height=\"1000\" alt=\"Eslinga textil con n\u00facleo de hilo sin fin recubierto por tejido tubular, destinada a operaciones de elevaci\u00f3n y movimiento de cargas en diferentes posiciones con ayuda de una gr\u00faa o polipastro.\" title=\"Eslingas tubular poliester especiales para elevaci\u00f3n de cargas\" src=\"https:\/\/ponsa.com\/wp-content\/uploads\/2017\/05\/esligastub-PONSAGARD2.jpg\" class=\"img-responsive wp-image-1148\" srcset=\"https:\/\/ponsa.com\/wp-content\/uploads\/2017\/05\/esligastub-PONSAGARD2-200x200.jpg 200w, https:\/\/ponsa.com\/wp-content\/uploads\/2017\/05\/esligastub-PONSAGARD2-400x400.jpg 400w, https:\/\/ponsa.com\/wp-content\/uploads\/2017\/05\/esligastub-PONSAGARD2-600x600.jpg 600w, https:\/\/ponsa.com\/wp-content\/uploads\/2017\/05\/esligastub-PONSAGARD2-800x800.jpg 800w, https:\/\/ponsa.com\/wp-content\/uploads\/2017\/05\/esligastub-PONSAGARD2.jpg 1000w\" sizes=\"(max-width: 640px) 100vw, 400px\" \/><\/span><\/div><div class=\"fusion-text fusion-text-4\"><div class=\"fusion-text fusion-text-2\">\n<p style=\"text-align: center;\"><strong>PONSAGARD RUNDSLING 1-3 ton<\/strong><\/p>\n<\/div>\n<div class=\"fusion-text fusion-text-3\"><\/div>\n<\/div><\/div><\/div><\/div><\/div><\/p>\n","protected":false},"excerpt":{"rendered":"","protected":false},"author":2,"featured_media":0,"parent":17332,"menu_order":0,"comment_status":"closed","ping_status":"closed","template":"100-width.php","meta":{"ngg_post_thumbnail":0,"footnotes":""},"class_list":["post-17355","page","type-page","status-publish","hentry"],"yoast_head":"<!-- This site is optimized with the Yoast SEO plugin v27.1.1 - https:\/\/yoast.com\/product\/yoast-seo-wordpress\/ -->\n<title>PONSAGARD SLING Industrias Ponsa slings are designed to work in adverse conditions.<\/title>\n<meta name=\"description\" content=\"PONSAGARD slings are designed to work in adverse conditions. These slings are treated with a protective layer on the sling that increases the resistance\" \/>\n<meta name=\"robots\" content=\"index, follow, max-snippet:-1, max-image-preview:large, max-video-preview:-1\" \/>\n<link rel=\"canonical\" href=\"https:\/\/ponsa.com\/sv\/sling-for-lyft\/ponsagard\/\" \/>\n<meta property=\"og:locale\" content=\"sv_SE\" \/>\n<meta property=\"og:type\" content=\"article\" \/>\n<meta property=\"og:title\" content=\"PONSAGARD SLING Industrias Ponsa slings are designed to work in adverse conditions.\" \/>\n<meta property=\"og:description\" content=\"PONSAGARD slings are designed to work in adverse conditions. These slings are treated with a protective layer on the sling that increases the resistance\" \/>\n<meta property=\"og:url\" content=\"https:\/\/ponsa.com\/sv\/sling-for-lyft\/ponsagard\/\" \/>\n<meta property=\"og:site_name\" content=\"Industrias Ponsa\" \/>\n<meta property=\"article:publisher\" content=\"https:\/\/www.facebook.com\/IndustriasPONSA\" \/>\n<meta property=\"article:modified_time\" content=\"2021-03-10T07:43:19+00:00\" \/>\n<meta name=\"twitter:card\" content=\"summary_large_image\" \/>\n<meta name=\"twitter:label1\" content=\"Est. reading time\" \/>\n\t<meta name=\"twitter:data1\" content=\"6 minutes\" \/>\n<script type=\"application\/ld+json\" class=\"yoast-schema-graph\">{\"@context\":\"https:\/\/schema.org\",\"@graph\":[{\"@type\":\"WebPage\",\"@id\":\"https:\/\/ponsa.com\/sv\/sling-for-lyft\/ponsagard\/\",\"url\":\"https:\/\/ponsa.com\/sv\/sling-for-lyft\/ponsagard\/\",\"name\":\"PONSAGARD SLING Industrias Ponsa slings are designed to work in adverse conditions.\",\"isPartOf\":{\"@id\":\"https:\/\/ponsa.com\/#website\"},\"datePublished\":\"2017-04-25T16:50:53+00:00\",\"dateModified\":\"2021-03-10T07:43:19+00:00\",\"description\":\"PONSAGARD slings are designed to work in adverse conditions. These slings are treated with a protective layer on the sling that increases the resistance\",\"breadcrumb\":{\"@id\":\"https:\/\/ponsa.com\/sv\/sling-for-lyft\/ponsagard\/#breadcrumb\"},\"inLanguage\":\"sv-SE\",\"potentialAction\":[{\"@type\":\"ReadAction\",\"target\":[\"https:\/\/ponsa.com\/sv\/sling-for-lyft\/ponsagard\/\"]}]},{\"@type\":\"BreadcrumbList\",\"@id\":\"https:\/\/ponsa.com\/sv\/sling-for-lyft\/ponsagard\/#breadcrumb\",\"itemListElement\":[{\"@type\":\"ListItem\",\"position\":1,\"name\":\"Portada\",\"item\":\"https:\/\/ponsa.com\/sv\/\"},{\"@type\":\"ListItem\",\"position\":2,\"name\":\"SLING F\u00d6R LYFT\",\"item\":\"https:\/\/ponsa.com\/sv\/sling-for-lyft\/\"},{\"@type\":\"ListItem\",\"position\":3,\"name\":\"PONSAGARD SLING\"}]},{\"@type\":\"WebSite\",\"@id\":\"https:\/\/ponsa.com\/#website\",\"url\":\"https:\/\/ponsa.com\/\",\"name\":\"Industrias Ponsa\",\"description\":\"Fabricante de Cintas Textiles\",\"publisher\":{\"@id\":\"https:\/\/ponsa.com\/#organization\"},\"potentialAction\":[{\"@type\":\"SearchAction\",\"target\":{\"@type\":\"EntryPoint\",\"urlTemplate\":\"https:\/\/ponsa.com\/?s={search_term_string}\"},\"query-input\":{\"@type\":\"PropertyValueSpecification\",\"valueRequired\":true,\"valueName\":\"search_term_string\"}}],\"inLanguage\":\"sv-SE\"},{\"@type\":\"Organization\",\"@id\":\"https:\/\/ponsa.com\/#organization\",\"name\":\"INDUSTRIAS PONSA S.A.\",\"url\":\"https:\/\/ponsa.com\/\",\"logo\":{\"@type\":\"ImageObject\",\"inLanguage\":\"sv-SE\",\"@id\":\"https:\/\/ponsa.com\/#\/schema\/logo\/image\/\",\"url\":\"https:\/\/ponsa.com\/wp-content\/uploads\/2021\/08\/logoPonsapng.png\",\"contentUrl\":\"https:\/\/ponsa.com\/wp-content\/uploads\/2021\/08\/logoPonsapng.png\",\"width\":2289,\"height\":808,\"caption\":\"INDUSTRIAS PONSA S.A.\"},\"image\":{\"@id\":\"https:\/\/ponsa.com\/#\/schema\/logo\/image\/\"},\"sameAs\":[\"https:\/\/www.facebook.com\/IndustriasPONSA\",\"https:\/\/www.instagram.com\/ind.ponsa\/\",\"https:\/\/es.linkedin.com\/company\/industrias-ponsa-sa\",\"https:\/\/www.youtube.com\/channel\/UCxvfSBJQlBhV1aOQo-wXIoQ\"]}]}<\/script>\n<!-- \/ Yoast SEO plugin. -->","yoast_head_json":{"title":"PONSAGARD SLING Industrias Ponsa slings are designed to work in adverse conditions.","description":"PONSAGARD slings are designed to work in adverse conditions. These slings are treated with a protective layer on the sling that increases the resistance","robots":{"index":"index","follow":"follow","max-snippet":"max-snippet:-1","max-image-preview":"max-image-preview:large","max-video-preview":"max-video-preview:-1"},"canonical":"https:\/\/ponsa.com\/sv\/sling-for-lyft\/ponsagard\/","og_locale":"sv_SE","og_type":"article","og_title":"PONSAGARD SLING Industrias Ponsa slings are designed to work in adverse conditions.","og_description":"PONSAGARD slings are designed to work in adverse conditions. These slings are treated with a protective layer on the sling that increases the resistance","og_url":"https:\/\/ponsa.com\/sv\/sling-for-lyft\/ponsagard\/","og_site_name":"Industrias Ponsa","article_publisher":"https:\/\/www.facebook.com\/IndustriasPONSA","article_modified_time":"2021-03-10T07:43:19+00:00","twitter_card":"summary_large_image","twitter_misc":{"Est. reading time":"6 minutes"},"schema":{"@context":"https:\/\/schema.org","@graph":[{"@type":"WebPage","@id":"https:\/\/ponsa.com\/sv\/sling-for-lyft\/ponsagard\/","url":"https:\/\/ponsa.com\/sv\/sling-for-lyft\/ponsagard\/","name":"PONSAGARD SLING Industrias Ponsa slings are designed to work in adverse conditions.","isPartOf":{"@id":"https:\/\/ponsa.com\/#website"},"datePublished":"2017-04-25T16:50:53+00:00","dateModified":"2021-03-10T07:43:19+00:00","description":"PONSAGARD slings are designed to work in adverse conditions. These slings are treated with a protective layer on the sling that increases the resistance","breadcrumb":{"@id":"https:\/\/ponsa.com\/sv\/sling-for-lyft\/ponsagard\/#breadcrumb"},"inLanguage":"sv-SE","potentialAction":[{"@type":"ReadAction","target":["https:\/\/ponsa.com\/sv\/sling-for-lyft\/ponsagard\/"]}]},{"@type":"BreadcrumbList","@id":"https:\/\/ponsa.com\/sv\/sling-for-lyft\/ponsagard\/#breadcrumb","itemListElement":[{"@type":"ListItem","position":1,"name":"Portada","item":"https:\/\/ponsa.com\/sv\/"},{"@type":"ListItem","position":2,"name":"SLING F\u00d6R LYFT","item":"https:\/\/ponsa.com\/sv\/sling-for-lyft\/"},{"@type":"ListItem","position":3,"name":"PONSAGARD SLING"}]},{"@type":"WebSite","@id":"https:\/\/ponsa.com\/#website","url":"https:\/\/ponsa.com\/","name":"Industrias Ponsa","description":"Fabricante de Cintas Textiles","publisher":{"@id":"https:\/\/ponsa.com\/#organization"},"potentialAction":[{"@type":"SearchAction","target":{"@type":"EntryPoint","urlTemplate":"https:\/\/ponsa.com\/?s={search_term_string}"},"query-input":{"@type":"PropertyValueSpecification","valueRequired":true,"valueName":"search_term_string"}}],"inLanguage":"sv-SE"},{"@type":"Organization","@id":"https:\/\/ponsa.com\/#organization","name":"INDUSTRIAS PONSA S.A.","url":"https:\/\/ponsa.com\/","logo":{"@type":"ImageObject","inLanguage":"sv-SE","@id":"https:\/\/ponsa.com\/#\/schema\/logo\/image\/","url":"https:\/\/ponsa.com\/wp-content\/uploads\/2021\/08\/logoPonsapng.png","contentUrl":"https:\/\/ponsa.com\/wp-content\/uploads\/2021\/08\/logoPonsapng.png","width":2289,"height":808,"caption":"INDUSTRIAS PONSA S.A."},"image":{"@id":"https:\/\/ponsa.com\/#\/schema\/logo\/image\/"},"sameAs":["https:\/\/www.facebook.com\/IndustriasPONSA","https:\/\/www.instagram.com\/ind.ponsa\/","https:\/\/es.linkedin.com\/company\/industrias-ponsa-sa","https:\/\/www.youtube.com\/channel\/UCxvfSBJQlBhV1aOQo-wXIoQ"]}]}},"_links":{"self":[{"href":"https:\/\/ponsa.com\/sv\/wp-json\/wp\/v2\/pages\/17355","targetHints":{"allow":["GET"]}}],"collection":[{"href":"https:\/\/ponsa.com\/sv\/wp-json\/wp\/v2\/pages"}],"about":[{"href":"https:\/\/ponsa.com\/sv\/wp-json\/wp\/v2\/types\/page"}],"author":[{"embeddable":true,"href":"https:\/\/ponsa.com\/sv\/wp-json\/wp\/v2\/users\/2"}],"replies":[{"embeddable":true,"href":"https:\/\/ponsa.com\/sv\/wp-json\/wp\/v2\/comments?post=17355"}],"version-history":[{"count":4,"href":"https:\/\/ponsa.com\/sv\/wp-json\/wp\/v2\/pages\/17355\/revisions"}],"predecessor-version":[{"id":18350,"href":"https:\/\/ponsa.com\/sv\/wp-json\/wp\/v2\/pages\/17355\/revisions\/18350"}],"up":[{"embeddable":true,"href":"https:\/\/ponsa.com\/sv\/wp-json\/wp\/v2\/pages\/17332"}],"wp:attachment":[{"href":"https:\/\/ponsa.com\/sv\/wp-json\/wp\/v2\/media?parent=17355"}],"curies":[{"name":"wp","href":"https:\/\/api.w.org\/{rel}","templated":true}]}}