{"id":16532,"date":"2017-06-15T10:32:01","date_gmt":"2017-06-15T10:32:01","guid":{"rendered":"https:\/\/ponsa.com\/webbings\/"},"modified":"2021-03-09T15:37:16","modified_gmt":"2021-03-09T15:37:16","slug":"band","status":"publish","type":"page","link":"https:\/\/ponsa.com\/sv\/band\/","title":{"rendered":"BANDS"},"content":{"rendered":"<p><div class=\"fusion-fullwidth fullwidth-box fusion-builder-row-1 fusion-flex-container nonhundred-percent-fullwidth non-hundred-percent-height-scrolling\" style=\"--awb-border-radius-top-left:0px;--awb-border-radius-top-right:0px;--awb-border-radius-bottom-right:0px;--awb-border-radius-bottom-left:0px;--awb-padding-top:0px;--awb-padding-bottom:5px;--awb-flex-wrap:wrap;\" ><div class=\"fusion-builder-row fusion-row fusion-flex-align-items-flex-start fusion-flex-content-wrap\" style=\"max-width:1248px;margin-left: calc(-4% \/ 2 );margin-right: calc(-4% \/ 2 );\"><div class=\"fusion-layout-column fusion_builder_column fusion-builder-column-0 fusion_builder_column_1_1 1_1 fusion-flex-column\" style=\"--awb-padding-bottom:0px;--awb-bg-size:cover;--awb-width-large:100%;--awb-margin-top-large:0px;--awb-spacing-right-large:1.92%;--awb-margin-bottom-large:0px;--awb-spacing-left-large:1.92%;--awb-width-medium:100%;--awb-spacing-right-medium:1.92%;--awb-spacing-left-medium:1.92%;--awb-width-small:100%;--awb-spacing-right-small:1.92%;--awb-spacing-left-small:1.92%;\"><div class=\"fusion-column-wrapper fusion-flex-justify-content-flex-start fusion-content-layout-column\"><div class=\"fusion-text fusion-text-1\"><h1 class=\"fusion-responsive-typography-calculated\" style=\"text-align: center;\" data-fontsize=\"18\" data-lineheight=\"27px\"><strong>BAND<\/strong><\/h1>\n<p style=\"text-align: justify;\">Sedan 1973 har vi tillverkat v\u00e5r egen polypropentr\u00e5d. V\u00e5r huvudsakliga verksamhet \u00e4r tillverkning av h\u00f6gkvalitativa tekniska band av senaste generationens fibrer som polyester, polypropen, polyeten \u2013 UHMPE Dyneema\u00ae, Para Aramidas Kevlar\u00ae, Twaron\u00ae, Technora\u00ae, M-Aramidas Nomex\u00ae, Kermel\u00ae och kolfibrer bland andra . Genom att till\u00e4mpa en strategi f\u00f6r vertikal integration fram\u00e5t tillverkar Industrias Ponsa \u00e4ven slutprodukter som lyftselar f\u00f6r att lyfta laster, sp\u00e4rrar och surringselement, fallskyddssele, bland m\u00e5nga andra \u2026<\/p>\n<\/div><\/div><\/div><\/div><\/div><div class=\"fusion-fullwidth fullwidth-box fusion-builder-row-2 fusion-flex-container nonhundred-percent-fullwidth non-hundred-percent-height-scrolling\" style=\"--awb-border-radius-top-left:0px;--awb-border-radius-top-right:0px;--awb-border-radius-bottom-right:0px;--awb-border-radius-bottom-left:0px;--awb-padding-top:20px;--awb-padding-bottom:20px;--awb-flex-wrap:wrap;\" ><div class=\"fusion-builder-row fusion-row fusion-flex-align-items-flex-start fusion-flex-content-wrap\" style=\"max-width:calc( 1200px + 0px );margin-left: calc(-0px \/ 2 );margin-right: calc(-0px \/ 2 );\"><div class=\"fusion-layout-column fusion_builder_column fusion-builder-column-1 fusion_builder_column_1_5 1_5 fusion-flex-column fusion-column-inner-bg-wrapper\" style=\"--awb-inner-bg-size:cover;--awb-border-color:#ffffff;--awb-border-right:10px;--awb-border-style:solid;--awb-width-large:20%;--awb-margin-top-large:0px;--awb-spacing-right-large:0px;--awb-margin-bottom-large:20px;--awb-spacing-left-large:0px;--awb-width-medium:20%;--awb-order-medium:0;--awb-spacing-right-medium:0px;--awb-spacing-left-medium:0px;--awb-width-small:100%;--awb-order-small:0;--awb-spacing-right-small:0px;--awb-spacing-left-small:0px;\"><span class=\"fusion-column-inner-bg hover-type-none\"><a class=\"fusion-column-anchor\" href=\"https:\/\/ponsa.com\/sv\/band\/textila-band\/\"><span class=\"fusion-column-inner-bg-image\"><\/span><\/a><\/span><div class=\"fusion-column-wrapper fusion-column-has-shadow fusion-flex-justify-content-flex-start fusion-content-layout-column\"><div class=\"fusion-image-element \" style=\"text-align:center;--awb-caption-title-font-family:var(--h2_typography-font-family);--awb-caption-title-font-weight:var(--h2_typography-font-weight);--awb-caption-title-font-style:var(--h2_typography-font-style);--awb-caption-title-size:var(--h2_typography-font-size);--awb-caption-title-transform:var(--h2_typography-text-transform);--awb-caption-title-line-height:var(--h2_typography-line-height);--awb-caption-title-letter-spacing:var(--h2_typography-letter-spacing);\"><span class=\" fusion-imageframe imageframe-none imageframe-1 hover-type-none\"><img decoding=\"async\" width=\"1000\" height=\"1000\" alt=\"Industrias Ponsa asegura la mejor calidad en todas sus cintas de polipropileno debido principalmente a: Larga y contrastada experiencia en el mundo textil. Fabricaci\u00f3n propia del hilo de polipropileno desde 1973. Ver ventajas (hilo polipropileno). Excelente resistencia a los \u00e1cidos y alcalinos. No absorbe ni el agua ni la suciedad.\" title=\"CINTAS DE POLIPROPILENO\" src=\"https:\/\/ponsa.com\/wp-content\/uploads\/2017\/05\/polypropileno.jpg\" class=\"img-responsive wp-image-1786\" srcset=\"https:\/\/ponsa.com\/wp-content\/uploads\/2017\/05\/polypropileno-200x200.jpg 200w, https:\/\/ponsa.com\/wp-content\/uploads\/2017\/05\/polypropileno-400x400.jpg 400w, https:\/\/ponsa.com\/wp-content\/uploads\/2017\/05\/polypropileno-600x600.jpg 600w, https:\/\/ponsa.com\/wp-content\/uploads\/2017\/05\/polypropileno-800x800.jpg 800w, https:\/\/ponsa.com\/wp-content\/uploads\/2017\/05\/polypropileno.jpg 1000w\" sizes=\"(max-width: 640px) 100vw, 400px\" \/><\/span><\/div><div class=\"fusion-text fusion-text-2\"><p style=\"text-align: center;\"><strong>STANDARD BAND <\/strong><\/p>\n<\/div><\/div><\/div><div class=\"fusion-layout-column fusion_builder_column fusion-builder-column-2 fusion_builder_column_1_5 1_5 fusion-flex-column fusion-column-inner-bg-wrapper\" style=\"--awb-inner-bg-size:cover;--awb-border-color:#ffffff;--awb-border-right:10px;--awb-border-style:solid;--awb-width-large:20%;--awb-margin-top-large:0px;--awb-spacing-right-large:0px;--awb-margin-bottom-large:20px;--awb-spacing-left-large:0px;--awb-width-medium:20%;--awb-order-medium:0;--awb-spacing-right-medium:0px;--awb-spacing-left-medium:0px;--awb-width-small:100%;--awb-order-small:0;--awb-spacing-right-small:0px;--awb-spacing-left-small:0px;\"><span class=\"fusion-column-inner-bg hover-type-none\"><a class=\"fusion-column-anchor\" href=\"https:\/\/ponsa.com\/sv\/band\/tekniska-band\/\"><span class=\"fusion-column-inner-bg-image\"><\/span><\/a><\/span><div class=\"fusion-column-wrapper fusion-column-has-shadow fusion-flex-justify-content-flex-start fusion-content-layout-column\"><div class=\"fusion-image-element \" style=\"text-align:center;--awb-caption-title-font-family:var(--h2_typography-font-family);--awb-caption-title-font-weight:var(--h2_typography-font-weight);--awb-caption-title-font-style:var(--h2_typography-font-style);--awb-caption-title-size:var(--h2_typography-font-size);--awb-caption-title-transform:var(--h2_typography-text-transform);--awb-caption-title-line-height:var(--h2_typography-line-height);--awb-caption-title-letter-spacing:var(--h2_typography-letter-spacing);\"><span class=\" fusion-imageframe imageframe-none imageframe-2 hover-type-none\"><img decoding=\"async\" width=\"1000\" height=\"1000\" alt=\"IR TRATAMIENTO DE INFRARROJOS De entre todas las cintas, destacamos la fabricaci\u00f3n de cintas con tratamiento de infrarrojos (IR).\" title=\"CINTAS MILITARES \u2013 CAMUFLAJE\" src=\"https:\/\/ponsa.com\/wp-content\/uploads\/2017\/06\/COLCHONES10.jpg\" class=\"img-responsive wp-image-1885\" srcset=\"https:\/\/ponsa.com\/wp-content\/uploads\/2017\/06\/COLCHONES10-200x200.jpg 200w, https:\/\/ponsa.com\/wp-content\/uploads\/2017\/06\/COLCHONES10-400x400.jpg 400w, https:\/\/ponsa.com\/wp-content\/uploads\/2017\/06\/COLCHONES10-600x600.jpg 600w, https:\/\/ponsa.com\/wp-content\/uploads\/2017\/06\/COLCHONES10-800x800.jpg 800w, https:\/\/ponsa.com\/wp-content\/uploads\/2017\/06\/COLCHONES10.jpg 1000w\" sizes=\"(max-width: 640px) 100vw, 400px\" \/><\/span><\/div><div class=\"fusion-text fusion-text-3\"><p style=\"text-align: center;\"><strong>TEKNISKA BAND <\/strong><\/p>\n<\/div><\/div><\/div><div class=\"fusion-layout-column fusion_builder_column fusion-builder-column-3 fusion_builder_column_1_5 1_5 fusion-flex-column fusion-column-inner-bg-wrapper\" style=\"--awb-inner-bg-size:cover;--awb-border-color:#ffffff;--awb-border-right:10px;--awb-border-style:solid;--awb-width-large:20%;--awb-margin-top-large:0px;--awb-spacing-right-large:0px;--awb-margin-bottom-large:20px;--awb-spacing-left-large:0px;--awb-width-medium:20%;--awb-order-medium:0;--awb-spacing-right-medium:0px;--awb-spacing-left-medium:0px;--awb-width-small:100%;--awb-order-small:0;--awb-spacing-right-small:0px;--awb-spacing-left-small:0px;\"><span class=\"fusion-column-inner-bg hover-type-none\"><a class=\"fusion-column-anchor\" href=\"https:\/\/ponsa.com\/sv\/band\/band-med-behandlingar\/\"><span class=\"fusion-column-inner-bg-image\"><\/span><\/a><\/span><div class=\"fusion-column-wrapper fusion-column-has-shadow fusion-flex-justify-content-flex-start fusion-content-layout-column\"><div class=\"fusion-image-element \" style=\"text-align:center;--awb-caption-title-font-family:var(--h2_typography-font-family);--awb-caption-title-font-weight:var(--h2_typography-font-weight);--awb-caption-title-font-style:var(--h2_typography-font-style);--awb-caption-title-size:var(--h2_typography-font-size);--awb-caption-title-transform:var(--h2_typography-text-transform);--awb-caption-title-line-height:var(--h2_typography-line-height);--awb-caption-title-letter-spacing:var(--h2_typography-letter-spacing);\"><span class=\" fusion-imageframe imageframe-none imageframe-3 hover-type-none\"><img decoding=\"async\" width=\"1000\" height=\"1000\" title=\"flame-retardant\" src=\"https:\/\/ponsa.com\/wp-content\/uploads\/2019\/07\/flame-retardant-1.jpg\" alt class=\"img-responsive wp-image-9364\" srcset=\"https:\/\/ponsa.com\/wp-content\/uploads\/2019\/07\/flame-retardant-1-200x200.jpg 200w, https:\/\/ponsa.com\/wp-content\/uploads\/2019\/07\/flame-retardant-1-400x400.jpg 400w, https:\/\/ponsa.com\/wp-content\/uploads\/2019\/07\/flame-retardant-1-600x600.jpg 600w, https:\/\/ponsa.com\/wp-content\/uploads\/2019\/07\/flame-retardant-1-800x800.jpg 800w, https:\/\/ponsa.com\/wp-content\/uploads\/2019\/07\/flame-retardant-1.jpg 1000w\" sizes=\"(max-width: 640px) 100vw, 400px\" \/><\/span><\/div><div class=\"fusion-text fusion-text-4\"><div class=\"fusion-text fusion-text-1\">\n<p style=\"text-align: center;\"><strong>BAND MED BEHANDLINGAR<\/strong><\/p>\n<\/div>\n<div class=\"fusion-text fusion-text-2\"><\/div>\n<\/div><\/div><\/div><div class=\"fusion-layout-column fusion_builder_column fusion-builder-column-4 fusion_builder_column_1_5 1_5 fusion-flex-column fusion-column-inner-bg-wrapper\" style=\"--awb-inner-bg-size:cover;--awb-border-color:#ffffff;--awb-border-right:10px;--awb-border-style:solid;--awb-width-large:20%;--awb-margin-top-large:0px;--awb-spacing-right-large:0px;--awb-margin-bottom-large:20px;--awb-spacing-left-large:0px;--awb-width-medium:20%;--awb-order-medium:0;--awb-spacing-right-medium:0px;--awb-spacing-left-medium:0px;--awb-width-small:100%;--awb-order-small:0;--awb-spacing-right-small:0px;--awb-spacing-left-small:0px;\"><span class=\"fusion-column-inner-bg hover-type-none\"><a class=\"fusion-column-anchor\" href=\"https:\/\/ponsa.com\/sv\/band\/ytbehandlingar\/\"><span class=\"fusion-column-inner-bg-image\"><\/span><\/a><\/span><div class=\"fusion-column-wrapper fusion-column-has-shadow fusion-flex-justify-content-flex-start fusion-content-layout-column\"><div class=\"fusion-image-element \" style=\"text-align:center;--awb-caption-title-font-family:var(--h2_typography-font-family);--awb-caption-title-font-weight:var(--h2_typography-font-weight);--awb-caption-title-font-style:var(--h2_typography-font-style);--awb-caption-title-size:var(--h2_typography-font-size);--awb-caption-title-transform:var(--h2_typography-text-transform);--awb-caption-title-line-height:var(--h2_typography-line-height);--awb-caption-title-letter-spacing:var(--h2_typography-letter-spacing);\"><span class=\" fusion-imageframe imageframe-none imageframe-4 hover-type-none\"><img decoding=\"async\" width=\"1000\" height=\"1000\" title=\"plotter\" src=\"https:\/\/ponsa.com\/wp-content\/uploads\/2019\/07\/plotter.jpg\" alt class=\"img-responsive wp-image-16533\" srcset=\"https:\/\/ponsa.com\/wp-content\/uploads\/2019\/07\/plotter-200x200.jpg 200w, https:\/\/ponsa.com\/wp-content\/uploads\/2019\/07\/plotter-400x400.jpg 400w, https:\/\/ponsa.com\/wp-content\/uploads\/2019\/07\/plotter-600x600.jpg 600w, https:\/\/ponsa.com\/wp-content\/uploads\/2019\/07\/plotter-800x800.jpg 800w, https:\/\/ponsa.com\/wp-content\/uploads\/2019\/07\/plotter.jpg 1000w\" sizes=\"(max-width: 640px) 100vw, 400px\" \/><\/span><\/div><div class=\"fusion-text fusion-text-5\"><p class=\"fusion-responsive-typography-calculated\" style=\"text-align: center;\" data-fontsize=\"34\" data-lineheight=\"47.94px\"><strong>YTBEHANDLINGAR<\/strong><\/p>\n<\/div><\/div><\/div><div class=\"fusion-layout-column fusion_builder_column fusion-builder-column-5 fusion_builder_column_1_5 1_5 fusion-flex-column fusion-column-inner-bg-wrapper\" style=\"--awb-inner-bg-size:cover;--awb-border-color:#ffffff;--awb-border-right:10px;--awb-border-style:solid;--awb-width-large:20%;--awb-margin-top-large:0px;--awb-spacing-right-large:0px;--awb-margin-bottom-large:20px;--awb-spacing-left-large:0px;--awb-width-medium:20%;--awb-order-medium:0;--awb-spacing-right-medium:0px;--awb-spacing-left-medium:0px;--awb-width-small:100%;--awb-order-small:0;--awb-spacing-right-small:0px;--awb-spacing-left-small:0px;\"><span class=\"fusion-column-inner-bg hover-type-none\"><a class=\"fusion-column-anchor\" href=\"https:\/\/ponsa.com\/sv\/band\/applikationer\/\"><span class=\"fusion-column-inner-bg-image\"><\/span><\/a><\/span><div class=\"fusion-column-wrapper fusion-column-has-shadow fusion-flex-justify-content-flex-start fusion-content-layout-column\"><div class=\"fusion-image-element \" style=\"text-align:center;--awb-caption-title-font-family:var(--h2_typography-font-family);--awb-caption-title-font-weight:var(--h2_typography-font-weight);--awb-caption-title-font-style:var(--h2_typography-font-style);--awb-caption-title-size:var(--h2_typography-font-size);--awb-caption-title-transform:var(--h2_typography-text-transform);--awb-caption-title-line-height:var(--h2_typography-line-height);--awb-caption-title-letter-spacing:var(--h2_typography-letter-spacing);\"><span class=\" fusion-imageframe imageframe-none imageframe-5 hover-type-none\"><img decoding=\"async\" width=\"1000\" height=\"1000\" title=\"CINTAS PARA COMPONENTES DE AUTOM\u00d3VILES\" src=\"https:\/\/ponsa.com\/wp-content\/uploads\/2017\/05\/automoviles.jpg\" alt class=\"img-responsive wp-image-15922\" srcset=\"https:\/\/ponsa.com\/wp-content\/uploads\/2017\/05\/automoviles-200x200.jpg 200w, https:\/\/ponsa.com\/wp-content\/uploads\/2017\/05\/automoviles-400x400.jpg 400w, https:\/\/ponsa.com\/wp-content\/uploads\/2017\/05\/automoviles-600x600.jpg 600w, https:\/\/ponsa.com\/wp-content\/uploads\/2017\/05\/automoviles-800x800.jpg 800w, https:\/\/ponsa.com\/wp-content\/uploads\/2017\/05\/automoviles.jpg 1000w\" sizes=\"(max-width: 640px) 100vw, 400px\" \/><\/span><\/div><div class=\"fusion-text fusion-text-6\"><p style=\"text-align: center;\"><strong>APPLIKATIONER<\/strong><\/p>\n<\/div><\/div><\/div><\/div><\/div><\/p>\n","protected":false},"excerpt":{"rendered":"","protected":false},"author":4,"featured_media":0,"parent":0,"menu_order":0,"comment_status":"closed","ping_status":"closed","template":"100-width.php","meta":{"ngg_post_thumbnail":0,"footnotes":""},"class_list":["post-16532","page","type-page","status-publish","hentry"],"yoast_head":"<!-- This site is optimized with the Yoast SEO plugin v27.1.1 - https:\/\/yoast.com\/product\/yoast-seo-wordpress\/ -->\n<title>Tekniskt tejpband Industrias Ponsa SA tillverkare sedan 1828<\/title>\n<meta name=\"description\" content=\"Tekniskt tejpband Industrias Ponsa tillverkare sedan 1828. Vi \u00e4r tillverkare av band med mer \u00e4n 190 \u00e5rs erfarenhet inom sektorn.\" \/>\n<meta name=\"robots\" content=\"index, follow, max-snippet:-1, max-image-preview:large, max-video-preview:-1\" \/>\n<link rel=\"canonical\" href=\"https:\/\/ponsa.com\/sv\/band\/\" \/>\n<meta property=\"og:locale\" content=\"sv_SE\" \/>\n<meta property=\"og:type\" content=\"article\" \/>\n<meta property=\"og:title\" content=\"Tekniskt tejpband Industrias Ponsa SA tillverkare sedan 1828\" \/>\n<meta property=\"og:description\" content=\"Tekniskt tejpband Industrias Ponsa tillverkare sedan 1828. Vi \u00e4r tillverkare av band med mer \u00e4n 190 \u00e5rs erfarenhet inom sektorn.\" \/>\n<meta property=\"og:url\" content=\"https:\/\/ponsa.com\/sv\/band\/\" \/>\n<meta property=\"og:site_name\" content=\"Industrias Ponsa\" \/>\n<meta property=\"article:publisher\" content=\"https:\/\/www.facebook.com\/IndustriasPONSA\" \/>\n<meta property=\"article:modified_time\" content=\"2021-03-09T15:37:16+00:00\" \/>\n<meta name=\"twitter:card\" content=\"summary_large_image\" \/>\n<meta name=\"twitter:label1\" content=\"Est. reading time\" \/>\n\t<meta name=\"twitter:data1\" content=\"12 minutes\" \/>\n<script type=\"application\/ld+json\" class=\"yoast-schema-graph\">{\"@context\":\"https:\/\/schema.org\",\"@graph\":[{\"@type\":\"WebPage\",\"@id\":\"https:\/\/ponsa.com\/sv\/band\/\",\"url\":\"https:\/\/ponsa.com\/sv\/band\/\",\"name\":\"Tekniskt tejpband Industrias Ponsa SA tillverkare sedan 1828\",\"isPartOf\":{\"@id\":\"https:\/\/ponsa.com\/#website\"},\"datePublished\":\"2017-06-15T10:32:01+00:00\",\"dateModified\":\"2021-03-09T15:37:16+00:00\",\"description\":\"Tekniskt tejpband Industrias Ponsa tillverkare sedan 1828. Vi \u00e4r tillverkare av band med mer \u00e4n 190 \u00e5rs erfarenhet inom sektorn.\",\"breadcrumb\":{\"@id\":\"https:\/\/ponsa.com\/sv\/band\/#breadcrumb\"},\"inLanguage\":\"sv-SE\",\"potentialAction\":[{\"@type\":\"ReadAction\",\"target\":[\"https:\/\/ponsa.com\/sv\/band\/\"]}]},{\"@type\":\"BreadcrumbList\",\"@id\":\"https:\/\/ponsa.com\/sv\/band\/#breadcrumb\",\"itemListElement\":[{\"@type\":\"ListItem\",\"position\":1,\"name\":\"Portada\",\"item\":\"https:\/\/ponsa.com\/sv\/\"},{\"@type\":\"ListItem\",\"position\":2,\"name\":\"BANDS\"}]},{\"@type\":\"WebSite\",\"@id\":\"https:\/\/ponsa.com\/#website\",\"url\":\"https:\/\/ponsa.com\/\",\"name\":\"Industrias Ponsa\",\"description\":\"Fabricante de Cintas Textiles\",\"publisher\":{\"@id\":\"https:\/\/ponsa.com\/#organization\"},\"potentialAction\":[{\"@type\":\"SearchAction\",\"target\":{\"@type\":\"EntryPoint\",\"urlTemplate\":\"https:\/\/ponsa.com\/?s={search_term_string}\"},\"query-input\":{\"@type\":\"PropertyValueSpecification\",\"valueRequired\":true,\"valueName\":\"search_term_string\"}}],\"inLanguage\":\"sv-SE\"},{\"@type\":\"Organization\",\"@id\":\"https:\/\/ponsa.com\/#organization\",\"name\":\"INDUSTRIAS PONSA S.A.\",\"url\":\"https:\/\/ponsa.com\/\",\"logo\":{\"@type\":\"ImageObject\",\"inLanguage\":\"sv-SE\",\"@id\":\"https:\/\/ponsa.com\/#\/schema\/logo\/image\/\",\"url\":\"https:\/\/ponsa.com\/wp-content\/uploads\/2021\/08\/logoPonsapng.png\",\"contentUrl\":\"https:\/\/ponsa.com\/wp-content\/uploads\/2021\/08\/logoPonsapng.png\",\"width\":2289,\"height\":808,\"caption\":\"INDUSTRIAS PONSA S.A.\"},\"image\":{\"@id\":\"https:\/\/ponsa.com\/#\/schema\/logo\/image\/\"},\"sameAs\":[\"https:\/\/www.facebook.com\/IndustriasPONSA\",\"https:\/\/www.instagram.com\/ind.ponsa\/\",\"https:\/\/es.linkedin.com\/company\/industrias-ponsa-sa\",\"https:\/\/www.youtube.com\/channel\/UCxvfSBJQlBhV1aOQo-wXIoQ\"]}]}<\/script>\n<!-- \/ Yoast SEO plugin. -->","yoast_head_json":{"title":"Tekniskt tejpband Industrias Ponsa SA tillverkare sedan 1828","description":"Tekniskt tejpband Industrias Ponsa tillverkare sedan 1828. Vi \u00e4r tillverkare av band med mer \u00e4n 190 \u00e5rs erfarenhet inom sektorn.","robots":{"index":"index","follow":"follow","max-snippet":"max-snippet:-1","max-image-preview":"max-image-preview:large","max-video-preview":"max-video-preview:-1"},"canonical":"https:\/\/ponsa.com\/sv\/band\/","og_locale":"sv_SE","og_type":"article","og_title":"Tekniskt tejpband Industrias Ponsa SA tillverkare sedan 1828","og_description":"Tekniskt tejpband Industrias Ponsa tillverkare sedan 1828. Vi \u00e4r tillverkare av band med mer \u00e4n 190 \u00e5rs erfarenhet inom sektorn.","og_url":"https:\/\/ponsa.com\/sv\/band\/","og_site_name":"Industrias Ponsa","article_publisher":"https:\/\/www.facebook.com\/IndustriasPONSA","article_modified_time":"2021-03-09T15:37:16+00:00","twitter_card":"summary_large_image","twitter_misc":{"Est. reading time":"12 minutes"},"schema":{"@context":"https:\/\/schema.org","@graph":[{"@type":"WebPage","@id":"https:\/\/ponsa.com\/sv\/band\/","url":"https:\/\/ponsa.com\/sv\/band\/","name":"Tekniskt tejpband Industrias Ponsa SA tillverkare sedan 1828","isPartOf":{"@id":"https:\/\/ponsa.com\/#website"},"datePublished":"2017-06-15T10:32:01+00:00","dateModified":"2021-03-09T15:37:16+00:00","description":"Tekniskt tejpband Industrias Ponsa tillverkare sedan 1828. Vi \u00e4r tillverkare av band med mer \u00e4n 190 \u00e5rs erfarenhet inom sektorn.","breadcrumb":{"@id":"https:\/\/ponsa.com\/sv\/band\/#breadcrumb"},"inLanguage":"sv-SE","potentialAction":[{"@type":"ReadAction","target":["https:\/\/ponsa.com\/sv\/band\/"]}]},{"@type":"BreadcrumbList","@id":"https:\/\/ponsa.com\/sv\/band\/#breadcrumb","itemListElement":[{"@type":"ListItem","position":1,"name":"Portada","item":"https:\/\/ponsa.com\/sv\/"},{"@type":"ListItem","position":2,"name":"BANDS"}]},{"@type":"WebSite","@id":"https:\/\/ponsa.com\/#website","url":"https:\/\/ponsa.com\/","name":"Industrias Ponsa","description":"Fabricante de Cintas Textiles","publisher":{"@id":"https:\/\/ponsa.com\/#organization"},"potentialAction":[{"@type":"SearchAction","target":{"@type":"EntryPoint","urlTemplate":"https:\/\/ponsa.com\/?s={search_term_string}"},"query-input":{"@type":"PropertyValueSpecification","valueRequired":true,"valueName":"search_term_string"}}],"inLanguage":"sv-SE"},{"@type":"Organization","@id":"https:\/\/ponsa.com\/#organization","name":"INDUSTRIAS PONSA S.A.","url":"https:\/\/ponsa.com\/","logo":{"@type":"ImageObject","inLanguage":"sv-SE","@id":"https:\/\/ponsa.com\/#\/schema\/logo\/image\/","url":"https:\/\/ponsa.com\/wp-content\/uploads\/2021\/08\/logoPonsapng.png","contentUrl":"https:\/\/ponsa.com\/wp-content\/uploads\/2021\/08\/logoPonsapng.png","width":2289,"height":808,"caption":"INDUSTRIAS PONSA S.A."},"image":{"@id":"https:\/\/ponsa.com\/#\/schema\/logo\/image\/"},"sameAs":["https:\/\/www.facebook.com\/IndustriasPONSA","https:\/\/www.instagram.com\/ind.ponsa\/","https:\/\/es.linkedin.com\/company\/industrias-ponsa-sa","https:\/\/www.youtube.com\/channel\/UCxvfSBJQlBhV1aOQo-wXIoQ"]}]}},"_links":{"self":[{"href":"https:\/\/ponsa.com\/sv\/wp-json\/wp\/v2\/pages\/16532","targetHints":{"allow":["GET"]}}],"collection":[{"href":"https:\/\/ponsa.com\/sv\/wp-json\/wp\/v2\/pages"}],"about":[{"href":"https:\/\/ponsa.com\/sv\/wp-json\/wp\/v2\/types\/page"}],"author":[{"embeddable":true,"href":"https:\/\/ponsa.com\/sv\/wp-json\/wp\/v2\/users\/4"}],"replies":[{"embeddable":true,"href":"https:\/\/ponsa.com\/sv\/wp-json\/wp\/v2\/comments?post=16532"}],"version-history":[{"count":19,"href":"https:\/\/ponsa.com\/sv\/wp-json\/wp\/v2\/pages\/16532\/revisions"}],"predecessor-version":[{"id":18223,"href":"https:\/\/ponsa.com\/sv\/wp-json\/wp\/v2\/pages\/16532\/revisions\/18223"}],"wp:attachment":[{"href":"https:\/\/ponsa.com\/sv\/wp-json\/wp\/v2\/media?parent=16532"}],"curies":[{"name":"wp","href":"https:\/\/api.w.org\/{rel}","templated":true}]}}