{"id":14952,"date":"2017-06-02T12:45:20","date_gmt":"2017-06-02T12:45:20","guid":{"rendered":"https:\/\/ponsa.com\/industrias-ponsa-en-el-mundo\/"},"modified":"2020-11-18T16:41:26","modified_gmt":"2020-11-18T16:41:26","slug":"in-lume","status":"publish","type":"page","link":"https:\/\/ponsa.com\/ro\/in-lume\/","title":{"rendered":"In lume"},"content":{"rendered":"<div class=\"fusion-fullwidth fullwidth-box fusion-builder-row-1 fusion-flex-container nonhundred-percent-fullwidth non-hundred-percent-height-scrolling\" style=\"--awb-border-radius-top-left:0px;--awb-border-radius-top-right:0px;--awb-border-radius-bottom-right:0px;--awb-border-radius-bottom-left:0px;--awb-padding-top:50px;--awb-padding-bottom:20px;--awb-flex-wrap:wrap;\" ><div class=\"fusion-builder-row fusion-row fusion-flex-align-items-flex-start fusion-flex-content-wrap\" style=\"max-width:calc( 1200px + 0px );margin-left: calc(-0px \/ 2 );margin-right: calc(-0px \/ 2 );\"><div class=\"fusion-layout-column fusion_builder_column fusion-builder-column-0 fusion_builder_column_1_1 1_1 fusion-flex-column\" style=\"--awb-bg-size:cover;--awb-width-large:100%;--awb-margin-top-large:0px;--awb-spacing-right-large:0px;--awb-margin-bottom-large:20px;--awb-spacing-left-large:0px;--awb-width-medium:100%;--awb-spacing-right-medium:0px;--awb-spacing-left-medium:0px;--awb-width-small:100%;--awb-spacing-right-small:0px;--awb-spacing-left-small:0px;\"><div class=\"fusion-column-wrapper fusion-flex-justify-content-flex-start fusion-content-layout-column\"><div class=\"fusion-title title fusion-title-1 fusion-title-text fusion-title-size-one\" style=\"--awb-sep-color:#fffcfc;\"><div class=\"title-sep-container title-sep-container-left fusion-no-large-visibility fusion-no-medium-visibility fusion-no-small-visibility\"><div class=\"title-sep sep-double sep-solid\" style=\"border-color:#fffcfc;\"><\/div><\/div><span class=\"awb-title-spacer fusion-no-large-visibility fusion-no-medium-visibility fusion-no-small-visibility\"><\/span><h1 class=\"fusion-title-heading title-heading-left\" style=\"margin:0;\"><h1 style=\"text-align: left;\"><strong>In lume<\/strong><\/h1><\/h1><span class=\"awb-title-spacer\"><\/span><div class=\"title-sep-container title-sep-container-right\"><div class=\"title-sep sep-double sep-solid\" style=\"border-color:#fffcfc;\"><\/div><\/div><\/div><div class=\"fusion-image-element \" style=\"--awb-caption-title-font-family:var(--h2_typography-font-family);--awb-caption-title-font-weight:var(--h2_typography-font-weight);--awb-caption-title-font-style:var(--h2_typography-font-style);--awb-caption-title-size:var(--h2_typography-font-size);--awb-caption-title-transform:var(--h2_typography-text-transform);--awb-caption-title-line-height:var(--h2_typography-line-height);--awb-caption-title-letter-spacing:var(--h2_typography-letter-spacing);\"><span class=\" fusion-imageframe imageframe-none imageframe-1 hover-type-none\"><img decoding=\"async\" width=\"1742\" height=\"990\" title=\"mapa-ponsa\" src=\"https:\/\/ponsa.com\/wp-content\/uploads\/2020\/11\/mapa-ponsa.jpg\" alt class=\"img-responsive wp-image-16367\" srcset=\"https:\/\/ponsa.com\/wp-content\/uploads\/2020\/11\/mapa-ponsa-200x114.jpg 200w, https:\/\/ponsa.com\/wp-content\/uploads\/2020\/11\/mapa-ponsa-400x227.jpg 400w, https:\/\/ponsa.com\/wp-content\/uploads\/2020\/11\/mapa-ponsa-600x341.jpg 600w, https:\/\/ponsa.com\/wp-content\/uploads\/2020\/11\/mapa-ponsa-800x455.jpg 800w, https:\/\/ponsa.com\/wp-content\/uploads\/2020\/11\/mapa-ponsa-1200x682.jpg 1200w, https:\/\/ponsa.com\/wp-content\/uploads\/2020\/11\/mapa-ponsa.jpg 1742w\" sizes=\"(max-width: 640px) 100vw, 1742px\" \/><\/span><\/div><div class=\"fusion-text fusion-text-1\"><p><span title=\"\">Cu sediul \u00een Manresa (Barcelona), Industrias Ponsa are <strong>6<\/strong> fabrici de produc\u021bie \u0219i distribu\u021bie \u00een \u00eentreaga lume:<\/span><\/p>\n<ul>\n<li><span title=\"\">2<\/span><span title=\"\"> plante \u00een Spania<\/span><\/li>\n<li><span title=\"\">Trinidad \u0219i Tobago<\/span><\/li>\n<li><span title=\"\">Suedia<\/span><\/li>\n<li><span title=\"\">China<\/span><\/li>\n<li><span title=\"\">Rom\u00e2nia<\/span><\/li>\n<\/ul>\n<\/div><\/div><\/div><\/div><\/div>\n","protected":false},"excerpt":{"rendered":"","protected":false},"author":4,"featured_media":0,"parent":0,"menu_order":0,"comment_status":"closed","ping_status":"closed","template":"100-width.php","meta":{"ngg_post_thumbnail":0,"footnotes":""},"class_list":["post-14952","page","type-page","status-publish","hentry"],"yoast_head":"<!-- This site is optimized with the Yoast SEO plugin v27.1.1 - https:\/\/yoast.com\/product\/yoast-seo-wordpress\/ -->\n<title>In lume Industrias Ponsa<\/title>\n<meta name=\"description\" content=\"Pentru a oferi rapiditate \u0219i servicii produselor PONSA din lume, Industrias Ponsa este prezent\u0103 \u00een Spania, Suedia, Rom\u00e2nia, China, Trinidad \u0219i Tobago.\" \/>\n<meta name=\"robots\" content=\"index, follow, max-snippet:-1, max-image-preview:large, max-video-preview:-1\" \/>\n<link rel=\"canonical\" href=\"https:\/\/ponsa.com\/ro\/in-lume\/\" \/>\n<meta property=\"og:locale\" content=\"ro_RO\" \/>\n<meta property=\"og:type\" content=\"article\" \/>\n<meta property=\"og:title\" content=\"In lume Industrias Ponsa\" \/>\n<meta property=\"og:description\" content=\"Pentru a oferi rapiditate \u0219i servicii produselor PONSA din lume, Industrias Ponsa este prezent\u0103 \u00een Spania, Suedia, Rom\u00e2nia, China, Trinidad \u0219i Tobago.\" \/>\n<meta property=\"og:url\" content=\"https:\/\/ponsa.com\/ro\/in-lume\/\" \/>\n<meta property=\"og:site_name\" content=\"Industrias Ponsa\" \/>\n<meta property=\"article:publisher\" content=\"https:\/\/www.facebook.com\/IndustriasPONSA\" \/>\n<meta property=\"article:modified_time\" content=\"2020-11-18T16:41:26+00:00\" \/>\n<meta name=\"twitter:card\" content=\"summary_large_image\" \/>\n<meta name=\"twitter:label1\" content=\"Est. reading time\" \/>\n\t<meta name=\"twitter:data1\" content=\"1 minute\" \/>\n<script type=\"application\/ld+json\" class=\"yoast-schema-graph\">{\"@context\":\"https:\/\/schema.org\",\"@graph\":[{\"@type\":\"WebPage\",\"@id\":\"https:\/\/ponsa.com\/ro\/in-lume\/\",\"url\":\"https:\/\/ponsa.com\/ro\/in-lume\/\",\"name\":\"In lume Industrias Ponsa\",\"isPartOf\":{\"@id\":\"https:\/\/ponsa.com\/#website\"},\"datePublished\":\"2017-06-02T12:45:20+00:00\",\"dateModified\":\"2020-11-18T16:41:26+00:00\",\"description\":\"Pentru a oferi rapiditate \u0219i servicii produselor PONSA din lume, Industrias Ponsa este prezent\u0103 \u00een Spania, Suedia, Rom\u00e2nia, China, Trinidad \u0219i Tobago.\",\"breadcrumb\":{\"@id\":\"https:\/\/ponsa.com\/ro\/in-lume\/#breadcrumb\"},\"inLanguage\":\"ro-RO\",\"potentialAction\":[{\"@type\":\"ReadAction\",\"target\":[\"https:\/\/ponsa.com\/ro\/in-lume\/\"]}]},{\"@type\":\"BreadcrumbList\",\"@id\":\"https:\/\/ponsa.com\/ro\/in-lume\/#breadcrumb\",\"itemListElement\":[{\"@type\":\"ListItem\",\"position\":1,\"name\":\"Portada\",\"item\":\"https:\/\/ponsa.com\/ro\/\"},{\"@type\":\"ListItem\",\"position\":2,\"name\":\"In lume\"}]},{\"@type\":\"WebSite\",\"@id\":\"https:\/\/ponsa.com\/#website\",\"url\":\"https:\/\/ponsa.com\/\",\"name\":\"Industrias Ponsa\",\"description\":\"Fabricante de Cintas Textiles\",\"publisher\":{\"@id\":\"https:\/\/ponsa.com\/#organization\"},\"potentialAction\":[{\"@type\":\"SearchAction\",\"target\":{\"@type\":\"EntryPoint\",\"urlTemplate\":\"https:\/\/ponsa.com\/?s={search_term_string}\"},\"query-input\":{\"@type\":\"PropertyValueSpecification\",\"valueRequired\":true,\"valueName\":\"search_term_string\"}}],\"inLanguage\":\"ro-RO\"},{\"@type\":\"Organization\",\"@id\":\"https:\/\/ponsa.com\/#organization\",\"name\":\"INDUSTRIAS PONSA S.A.\",\"url\":\"https:\/\/ponsa.com\/\",\"logo\":{\"@type\":\"ImageObject\",\"inLanguage\":\"ro-RO\",\"@id\":\"https:\/\/ponsa.com\/#\/schema\/logo\/image\/\",\"url\":\"https:\/\/ponsa.com\/wp-content\/uploads\/2021\/08\/logoPonsapng.png\",\"contentUrl\":\"https:\/\/ponsa.com\/wp-content\/uploads\/2021\/08\/logoPonsapng.png\",\"width\":2289,\"height\":808,\"caption\":\"INDUSTRIAS PONSA S.A.\"},\"image\":{\"@id\":\"https:\/\/ponsa.com\/#\/schema\/logo\/image\/\"},\"sameAs\":[\"https:\/\/www.facebook.com\/IndustriasPONSA\",\"https:\/\/www.instagram.com\/ind.ponsa\/\",\"https:\/\/es.linkedin.com\/company\/industrias-ponsa-sa\",\"https:\/\/www.youtube.com\/channel\/UCxvfSBJQlBhV1aOQo-wXIoQ\"]}]}<\/script>\n<!-- \/ Yoast SEO plugin. -->","yoast_head_json":{"title":"In lume Industrias Ponsa","description":"Pentru a oferi rapiditate \u0219i servicii produselor PONSA din lume, Industrias Ponsa este prezent\u0103 \u00een Spania, Suedia, Rom\u00e2nia, China, Trinidad \u0219i Tobago.","robots":{"index":"index","follow":"follow","max-snippet":"max-snippet:-1","max-image-preview":"max-image-preview:large","max-video-preview":"max-video-preview:-1"},"canonical":"https:\/\/ponsa.com\/ro\/in-lume\/","og_locale":"ro_RO","og_type":"article","og_title":"In lume Industrias Ponsa","og_description":"Pentru a oferi rapiditate \u0219i servicii produselor PONSA din lume, Industrias Ponsa este prezent\u0103 \u00een Spania, Suedia, Rom\u00e2nia, China, Trinidad \u0219i Tobago.","og_url":"https:\/\/ponsa.com\/ro\/in-lume\/","og_site_name":"Industrias Ponsa","article_publisher":"https:\/\/www.facebook.com\/IndustriasPONSA","article_modified_time":"2020-11-18T16:41:26+00:00","twitter_card":"summary_large_image","twitter_misc":{"Est. reading time":"1 minute"},"schema":{"@context":"https:\/\/schema.org","@graph":[{"@type":"WebPage","@id":"https:\/\/ponsa.com\/ro\/in-lume\/","url":"https:\/\/ponsa.com\/ro\/in-lume\/","name":"In lume Industrias Ponsa","isPartOf":{"@id":"https:\/\/ponsa.com\/#website"},"datePublished":"2017-06-02T12:45:20+00:00","dateModified":"2020-11-18T16:41:26+00:00","description":"Pentru a oferi rapiditate \u0219i servicii produselor PONSA din lume, Industrias Ponsa este prezent\u0103 \u00een Spania, Suedia, Rom\u00e2nia, China, Trinidad \u0219i Tobago.","breadcrumb":{"@id":"https:\/\/ponsa.com\/ro\/in-lume\/#breadcrumb"},"inLanguage":"ro-RO","potentialAction":[{"@type":"ReadAction","target":["https:\/\/ponsa.com\/ro\/in-lume\/"]}]},{"@type":"BreadcrumbList","@id":"https:\/\/ponsa.com\/ro\/in-lume\/#breadcrumb","itemListElement":[{"@type":"ListItem","position":1,"name":"Portada","item":"https:\/\/ponsa.com\/ro\/"},{"@type":"ListItem","position":2,"name":"In lume"}]},{"@type":"WebSite","@id":"https:\/\/ponsa.com\/#website","url":"https:\/\/ponsa.com\/","name":"Industrias Ponsa","description":"Fabricante de Cintas Textiles","publisher":{"@id":"https:\/\/ponsa.com\/#organization"},"potentialAction":[{"@type":"SearchAction","target":{"@type":"EntryPoint","urlTemplate":"https:\/\/ponsa.com\/?s={search_term_string}"},"query-input":{"@type":"PropertyValueSpecification","valueRequired":true,"valueName":"search_term_string"}}],"inLanguage":"ro-RO"},{"@type":"Organization","@id":"https:\/\/ponsa.com\/#organization","name":"INDUSTRIAS PONSA S.A.","url":"https:\/\/ponsa.com\/","logo":{"@type":"ImageObject","inLanguage":"ro-RO","@id":"https:\/\/ponsa.com\/#\/schema\/logo\/image\/","url":"https:\/\/ponsa.com\/wp-content\/uploads\/2021\/08\/logoPonsapng.png","contentUrl":"https:\/\/ponsa.com\/wp-content\/uploads\/2021\/08\/logoPonsapng.png","width":2289,"height":808,"caption":"INDUSTRIAS PONSA S.A."},"image":{"@id":"https:\/\/ponsa.com\/#\/schema\/logo\/image\/"},"sameAs":["https:\/\/www.facebook.com\/IndustriasPONSA","https:\/\/www.instagram.com\/ind.ponsa\/","https:\/\/es.linkedin.com\/company\/industrias-ponsa-sa","https:\/\/www.youtube.com\/channel\/UCxvfSBJQlBhV1aOQo-wXIoQ"]}]}},"_links":{"self":[{"href":"https:\/\/ponsa.com\/ro\/wp-json\/wp\/v2\/pages\/14952","targetHints":{"allow":["GET"]}}],"collection":[{"href":"https:\/\/ponsa.com\/ro\/wp-json\/wp\/v2\/pages"}],"about":[{"href":"https:\/\/ponsa.com\/ro\/wp-json\/wp\/v2\/types\/page"}],"author":[{"embeddable":true,"href":"https:\/\/ponsa.com\/ro\/wp-json\/wp\/v2\/users\/4"}],"replies":[{"embeddable":true,"href":"https:\/\/ponsa.com\/ro\/wp-json\/wp\/v2\/comments?post=14952"}],"version-history":[{"count":4,"href":"https:\/\/ponsa.com\/ro\/wp-json\/wp\/v2\/pages\/14952\/revisions"}],"predecessor-version":[{"id":16375,"href":"https:\/\/ponsa.com\/ro\/wp-json\/wp\/v2\/pages\/14952\/revisions\/16375"}],"wp:attachment":[{"href":"https:\/\/ponsa.com\/ro\/wp-json\/wp\/v2\/media?parent=14952"}],"curies":[{"name":"wp","href":"https:\/\/api.w.org\/{rel}","templated":true}]}}