{"id":14676,"date":"2017-06-05T07:09:30","date_gmt":"2017-06-05T07:09:30","guid":{"rendered":"https:\/\/ponsa.com\/nuestra-vision-mision\/"},"modified":"2020-07-24T09:50:26","modified_gmt":"2020-07-24T09:50:26","slug":"nuestra-vision-mision","status":"publish","type":"page","link":"https:\/\/ponsa.com\/ro\/nuestra-vision-mision\/","title":{"rendered":"Viziune \u0219i misiune"},"content":{"rendered":"<div class=\"fusion-fullwidth fullwidth-box fusion-builder-row-1 fusion-flex-container nonhundred-percent-fullwidth non-hundred-percent-height-scrolling\" style=\"--awb-border-radius-top-left:0px;--awb-border-radius-top-right:0px;--awb-border-radius-bottom-right:0px;--awb-border-radius-bottom-left:0px;--awb-padding-top:50px;--awb-padding-bottom:20px;--awb-flex-wrap:wrap;\" ><div class=\"fusion-builder-row fusion-row fusion-flex-align-items-flex-start fusion-flex-content-wrap\" style=\"max-width:calc( 1200px + 0px );margin-left: calc(-0px \/ 2 );margin-right: calc(-0px \/ 2 );\"><div class=\"fusion-layout-column fusion_builder_column fusion-builder-column-0 fusion_builder_column_1_1 1_1 fusion-flex-column\" style=\"--awb-bg-size:cover;--awb-width-large:100%;--awb-margin-top-large:0px;--awb-spacing-right-large:0px;--awb-margin-bottom-large:20px;--awb-spacing-left-large:0px;--awb-width-medium:100%;--awb-spacing-right-medium:0px;--awb-spacing-left-medium:0px;--awb-width-small:100%;--awb-spacing-right-small:0px;--awb-spacing-left-small:0px;\"><div class=\"fusion-column-wrapper fusion-flex-justify-content-flex-start fusion-content-layout-column\"><div class=\"fusion-title title fusion-title-1 fusion-title-text fusion-title-size-one\" style=\"--awb-sep-color:#fffcfc;\"><div class=\"title-sep-container title-sep-container-left fusion-no-large-visibility fusion-no-medium-visibility fusion-no-small-visibility\"><div class=\"title-sep sep-double sep-solid\" style=\"border-color:#fffcfc;\"><\/div><\/div><span class=\"awb-title-spacer fusion-no-large-visibility fusion-no-medium-visibility fusion-no-small-visibility\"><\/span><h1 class=\"fusion-title-heading title-heading-left\" style=\"margin:0;\"><h1 style=\"text-align: left;\"><strong>Viziune \u0219i misiune<\/strong><\/h1><\/h1><span class=\"awb-title-spacer\"><\/span><div class=\"title-sep-container title-sep-container-right\"><div class=\"title-sep sep-double sep-solid\" style=\"border-color:#fffcfc;\"><\/div><\/div><\/div><div class=\"fusion-image-element \" style=\"--awb-caption-title-font-family:var(--h2_typography-font-family);--awb-caption-title-font-weight:var(--h2_typography-font-weight);--awb-caption-title-font-style:var(--h2_typography-font-style);--awb-caption-title-size:var(--h2_typography-font-size);--awb-caption-title-transform:var(--h2_typography-text-transform);--awb-caption-title-line-height:var(--h2_typography-line-height);--awb-caption-title-letter-spacing:var(--h2_typography-letter-spacing);\"><span class=\" fusion-imageframe imageframe-none imageframe-1 hover-type-none\"><img decoding=\"async\" width=\"1754\" height=\"1240\" title=\"mision\" src=\"https:\/\/ponsa.com\/wp-content\/uploads\/2019\/07\/mision.jpg\" alt class=\"img-responsive wp-image-10242\" srcset=\"https:\/\/ponsa.com\/wp-content\/uploads\/2019\/07\/mision-200x141.jpg 200w, https:\/\/ponsa.com\/wp-content\/uploads\/2019\/07\/mision-400x283.jpg 400w, https:\/\/ponsa.com\/wp-content\/uploads\/2019\/07\/mision-600x424.jpg 600w, https:\/\/ponsa.com\/wp-content\/uploads\/2019\/07\/mision-800x566.jpg 800w, https:\/\/ponsa.com\/wp-content\/uploads\/2019\/07\/mision-1200x848.jpg 1200w, https:\/\/ponsa.com\/wp-content\/uploads\/2019\/07\/mision.jpg 1754w\" sizes=\"(max-width: 640px) 100vw, 1754px\" \/><\/span><\/div><div class=\"fusion-text fusion-text-1\"><p><strong>Viziunea<\/strong><\/p>\n<p>&#8220;S\u0103 continu\u0103m s\u0103 fim un produc\u0103tor mondial de referin\u021b\u0103, oferind o gam\u0103 larg\u0103 de produse \u0219i men\u021binerea unui nivel ridicat de calitate \u0219i servicii la cel mai bun pre\u021b competitiv&#8221;<\/p>\n<p><strong>Misiunea noastr\u0103<\/strong><\/p>\n<p>\u201eAfaceri de familie care ofer\u0103 cel mai bun produs cu band\u0103 cu cel mai bun serviciu clien\u021bilor no\u0219tri, c\u0103ut\u00e2nd mereu cea mai \u00eenalt\u0103 calitate \u0219i durabilitate\u201d<\/p>\n<\/div><\/div><\/div><\/div><\/div>\n","protected":false},"excerpt":{"rendered":"","protected":false},"author":4,"featured_media":0,"parent":0,"menu_order":0,"comment_status":"closed","ping_status":"closed","template":"100-width.php","meta":{"ngg_post_thumbnail":0,"footnotes":""},"class_list":["post-14676","page","type-page","status-publish","hentry"],"yoast_head":"<!-- This site is optimized with the Yoast SEO plugin v27.1.1 - https:\/\/yoast.com\/product\/yoast-seo-wordpress\/ -->\n<title>Industrias PONSA - Misi\u00f3n y Visi\u00f3n. Nuestros objetivos<\/title>\n<meta name=\"description\" content=\"UNITATE \u00b7 RESPECT \u00b7 EFORT \u00b7 INTEGRARE \u00b7 COMUNICARE. Obiectivul nostru principal este s\u0103 avem grij\u0103 de clien\u021bii no\u0219tri \u0219i s\u0103 le satisfacem nevoile\" \/>\n<meta name=\"robots\" content=\"index, follow, max-snippet:-1, max-image-preview:large, max-video-preview:-1\" \/>\n<link rel=\"canonical\" href=\"https:\/\/ponsa.com\/ro\/nuestra-vision-mision\/\" \/>\n<meta property=\"og:locale\" content=\"ro_RO\" \/>\n<meta property=\"og:type\" content=\"article\" \/>\n<meta property=\"og:title\" content=\"Industrias PONSA - Misi\u00f3n y Visi\u00f3n. Nuestros objetivos\" \/>\n<meta property=\"og:description\" content=\"UNITATE \u00b7 RESPECT \u00b7 EFORT \u00b7 INTEGRARE \u00b7 COMUNICARE. Obiectivul nostru principal este s\u0103 avem grij\u0103 de clien\u021bii no\u0219tri \u0219i s\u0103 le satisfacem nevoile\" \/>\n<meta property=\"og:url\" content=\"https:\/\/ponsa.com\/ro\/nuestra-vision-mision\/\" \/>\n<meta property=\"og:site_name\" content=\"Industrias Ponsa\" \/>\n<meta property=\"article:publisher\" content=\"https:\/\/www.facebook.com\/IndustriasPONSA\" \/>\n<meta property=\"article:modified_time\" content=\"2020-07-24T09:50:26+00:00\" \/>\n<meta name=\"twitter:card\" content=\"summary_large_image\" \/>\n<meta name=\"twitter:label1\" content=\"Est. reading time\" \/>\n\t<meta name=\"twitter:data1\" content=\"1 minute\" \/>\n<script type=\"application\/ld+json\" class=\"yoast-schema-graph\">{\"@context\":\"https:\/\/schema.org\",\"@graph\":[{\"@type\":\"WebPage\",\"@id\":\"https:\/\/ponsa.com\/ro\/nuestra-vision-mision\/\",\"url\":\"https:\/\/ponsa.com\/ro\/nuestra-vision-mision\/\",\"name\":\"Industrias PONSA - Misi\u00f3n y Visi\u00f3n. Nuestros objetivos\",\"isPartOf\":{\"@id\":\"https:\/\/ponsa.com\/#website\"},\"datePublished\":\"2017-06-05T07:09:30+00:00\",\"dateModified\":\"2020-07-24T09:50:26+00:00\",\"description\":\"UNITATE \u00b7 RESPECT \u00b7 EFORT \u00b7 INTEGRARE \u00b7 COMUNICARE. Obiectivul nostru principal este s\u0103 avem grij\u0103 de clien\u021bii no\u0219tri \u0219i s\u0103 le satisfacem nevoile\",\"breadcrumb\":{\"@id\":\"https:\/\/ponsa.com\/ro\/nuestra-vision-mision\/#breadcrumb\"},\"inLanguage\":\"ro-RO\",\"potentialAction\":[{\"@type\":\"ReadAction\",\"target\":[\"https:\/\/ponsa.com\/ro\/nuestra-vision-mision\/\"]}]},{\"@type\":\"BreadcrumbList\",\"@id\":\"https:\/\/ponsa.com\/ro\/nuestra-vision-mision\/#breadcrumb\",\"itemListElement\":[{\"@type\":\"ListItem\",\"position\":1,\"name\":\"Portada\",\"item\":\"https:\/\/ponsa.com\/ro\/\"},{\"@type\":\"ListItem\",\"position\":2,\"name\":\"Viziune \u0219i misiune\"}]},{\"@type\":\"WebSite\",\"@id\":\"https:\/\/ponsa.com\/#website\",\"url\":\"https:\/\/ponsa.com\/\",\"name\":\"Industrias Ponsa\",\"description\":\"Fabricante de Cintas Textiles\",\"publisher\":{\"@id\":\"https:\/\/ponsa.com\/#organization\"},\"potentialAction\":[{\"@type\":\"SearchAction\",\"target\":{\"@type\":\"EntryPoint\",\"urlTemplate\":\"https:\/\/ponsa.com\/?s={search_term_string}\"},\"query-input\":{\"@type\":\"PropertyValueSpecification\",\"valueRequired\":true,\"valueName\":\"search_term_string\"}}],\"inLanguage\":\"ro-RO\"},{\"@type\":\"Organization\",\"@id\":\"https:\/\/ponsa.com\/#organization\",\"name\":\"INDUSTRIAS PONSA S.A.\",\"url\":\"https:\/\/ponsa.com\/\",\"logo\":{\"@type\":\"ImageObject\",\"inLanguage\":\"ro-RO\",\"@id\":\"https:\/\/ponsa.com\/#\/schema\/logo\/image\/\",\"url\":\"https:\/\/ponsa.com\/wp-content\/uploads\/2021\/08\/logoPonsapng.png\",\"contentUrl\":\"https:\/\/ponsa.com\/wp-content\/uploads\/2021\/08\/logoPonsapng.png\",\"width\":2289,\"height\":808,\"caption\":\"INDUSTRIAS PONSA S.A.\"},\"image\":{\"@id\":\"https:\/\/ponsa.com\/#\/schema\/logo\/image\/\"},\"sameAs\":[\"https:\/\/www.facebook.com\/IndustriasPONSA\",\"https:\/\/www.instagram.com\/ind.ponsa\/\",\"https:\/\/es.linkedin.com\/company\/industrias-ponsa-sa\",\"https:\/\/www.youtube.com\/channel\/UCxvfSBJQlBhV1aOQo-wXIoQ\"]}]}<\/script>\n<!-- \/ Yoast SEO plugin. -->","yoast_head_json":{"title":"Industrias PONSA - Misi\u00f3n y Visi\u00f3n. Nuestros objetivos","description":"UNITATE \u00b7 RESPECT \u00b7 EFORT \u00b7 INTEGRARE \u00b7 COMUNICARE. Obiectivul nostru principal este s\u0103 avem grij\u0103 de clien\u021bii no\u0219tri \u0219i s\u0103 le satisfacem nevoile","robots":{"index":"index","follow":"follow","max-snippet":"max-snippet:-1","max-image-preview":"max-image-preview:large","max-video-preview":"max-video-preview:-1"},"canonical":"https:\/\/ponsa.com\/ro\/nuestra-vision-mision\/","og_locale":"ro_RO","og_type":"article","og_title":"Industrias PONSA - Misi\u00f3n y Visi\u00f3n. Nuestros objetivos","og_description":"UNITATE \u00b7 RESPECT \u00b7 EFORT \u00b7 INTEGRARE \u00b7 COMUNICARE. Obiectivul nostru principal este s\u0103 avem grij\u0103 de clien\u021bii no\u0219tri \u0219i s\u0103 le satisfacem nevoile","og_url":"https:\/\/ponsa.com\/ro\/nuestra-vision-mision\/","og_site_name":"Industrias Ponsa","article_publisher":"https:\/\/www.facebook.com\/IndustriasPONSA","article_modified_time":"2020-07-24T09:50:26+00:00","twitter_card":"summary_large_image","twitter_misc":{"Est. reading time":"1 minute"},"schema":{"@context":"https:\/\/schema.org","@graph":[{"@type":"WebPage","@id":"https:\/\/ponsa.com\/ro\/nuestra-vision-mision\/","url":"https:\/\/ponsa.com\/ro\/nuestra-vision-mision\/","name":"Industrias PONSA - Misi\u00f3n y Visi\u00f3n. Nuestros objetivos","isPartOf":{"@id":"https:\/\/ponsa.com\/#website"},"datePublished":"2017-06-05T07:09:30+00:00","dateModified":"2020-07-24T09:50:26+00:00","description":"UNITATE \u00b7 RESPECT \u00b7 EFORT \u00b7 INTEGRARE \u00b7 COMUNICARE. Obiectivul nostru principal este s\u0103 avem grij\u0103 de clien\u021bii no\u0219tri \u0219i s\u0103 le satisfacem nevoile","breadcrumb":{"@id":"https:\/\/ponsa.com\/ro\/nuestra-vision-mision\/#breadcrumb"},"inLanguage":"ro-RO","potentialAction":[{"@type":"ReadAction","target":["https:\/\/ponsa.com\/ro\/nuestra-vision-mision\/"]}]},{"@type":"BreadcrumbList","@id":"https:\/\/ponsa.com\/ro\/nuestra-vision-mision\/#breadcrumb","itemListElement":[{"@type":"ListItem","position":1,"name":"Portada","item":"https:\/\/ponsa.com\/ro\/"},{"@type":"ListItem","position":2,"name":"Viziune \u0219i misiune"}]},{"@type":"WebSite","@id":"https:\/\/ponsa.com\/#website","url":"https:\/\/ponsa.com\/","name":"Industrias Ponsa","description":"Fabricante de Cintas Textiles","publisher":{"@id":"https:\/\/ponsa.com\/#organization"},"potentialAction":[{"@type":"SearchAction","target":{"@type":"EntryPoint","urlTemplate":"https:\/\/ponsa.com\/?s={search_term_string}"},"query-input":{"@type":"PropertyValueSpecification","valueRequired":true,"valueName":"search_term_string"}}],"inLanguage":"ro-RO"},{"@type":"Organization","@id":"https:\/\/ponsa.com\/#organization","name":"INDUSTRIAS PONSA S.A.","url":"https:\/\/ponsa.com\/","logo":{"@type":"ImageObject","inLanguage":"ro-RO","@id":"https:\/\/ponsa.com\/#\/schema\/logo\/image\/","url":"https:\/\/ponsa.com\/wp-content\/uploads\/2021\/08\/logoPonsapng.png","contentUrl":"https:\/\/ponsa.com\/wp-content\/uploads\/2021\/08\/logoPonsapng.png","width":2289,"height":808,"caption":"INDUSTRIAS PONSA S.A."},"image":{"@id":"https:\/\/ponsa.com\/#\/schema\/logo\/image\/"},"sameAs":["https:\/\/www.facebook.com\/IndustriasPONSA","https:\/\/www.instagram.com\/ind.ponsa\/","https:\/\/es.linkedin.com\/company\/industrias-ponsa-sa","https:\/\/www.youtube.com\/channel\/UCxvfSBJQlBhV1aOQo-wXIoQ"]}]}},"_links":{"self":[{"href":"https:\/\/ponsa.com\/ro\/wp-json\/wp\/v2\/pages\/14676","targetHints":{"allow":["GET"]}}],"collection":[{"href":"https:\/\/ponsa.com\/ro\/wp-json\/wp\/v2\/pages"}],"about":[{"href":"https:\/\/ponsa.com\/ro\/wp-json\/wp\/v2\/types\/page"}],"author":[{"embeddable":true,"href":"https:\/\/ponsa.com\/ro\/wp-json\/wp\/v2\/users\/4"}],"replies":[{"embeddable":true,"href":"https:\/\/ponsa.com\/ro\/wp-json\/wp\/v2\/comments?post=14676"}],"version-history":[{"count":2,"href":"https:\/\/ponsa.com\/ro\/wp-json\/wp\/v2\/pages\/14676\/revisions"}],"predecessor-version":[{"id":14679,"href":"https:\/\/ponsa.com\/ro\/wp-json\/wp\/v2\/pages\/14676\/revisions\/14679"}],"wp:attachment":[{"href":"https:\/\/ponsa.com\/ro\/wp-json\/wp\/v2\/media?parent=14676"}],"curies":[{"name":"wp","href":"https:\/\/api.w.org\/{rel}","templated":true}]}}