{"id":13137,"date":"2017-04-24T10:46:30","date_gmt":"2017-04-24T10:46:30","guid":{"rendered":"https:\/\/ponsa.com\/amarre-ponsa\/ratchets-especiales\/"},"modified":"2020-07-23T11:38:51","modified_gmt":"2020-07-23T11:38:51","slug":"chingi-de-ancorare-speciale","status":"publish","type":"page","link":"https:\/\/ponsa.com\/ro\/amarre-ponsa\/chingi-de-ancorare-speciale\/","title":{"rendered":"CHINGI DE ANCORARE SPECIALE"},"content":{"rendered":"<p><div class=\"fusion-fullwidth fullwidth-box fusion-builder-row-1 fusion-flex-container nonhundred-percent-fullwidth non-hundred-percent-height-scrolling\" style=\"--awb-border-radius-top-left:0px;--awb-border-radius-top-right:0px;--awb-border-radius-bottom-right:0px;--awb-border-radius-bottom-left:0px;--awb-padding-top:0px;--awb-padding-bottom:5px;--awb-flex-wrap:wrap;\" ><div class=\"fusion-builder-row fusion-row fusion-flex-align-items-flex-start fusion-flex-content-wrap\" style=\"max-width:calc( 1200px + 0px );margin-left: calc(-0px \/ 2 );margin-right: calc(-0px \/ 2 );\"><div class=\"fusion-layout-column fusion_builder_column fusion-builder-column-0 fusion_builder_column_1_1 1_1 fusion-flex-column\" style=\"--awb-padding-bottom:0px;--awb-bg-size:cover;--awb-width-large:100%;--awb-margin-top-large:0px;--awb-spacing-right-large:0px;--awb-margin-bottom-large:0px;--awb-spacing-left-large:0px;--awb-width-medium:100%;--awb-spacing-right-medium:0px;--awb-spacing-left-medium:0px;--awb-width-small:100%;--awb-spacing-right-small:0px;--awb-spacing-left-small:0px;\"><div class=\"fusion-column-wrapper fusion-flex-justify-content-flex-start fusion-content-layout-column\"><div class=\"fusion-text fusion-text-1\"><h1 style=\"text-align: center;\"><strong>CHINGI DE ANCORARE SPECIALE<\/strong><\/h1>\n<p style=\"text-align: center;\">Chingi de ancorare concepute pentru a re\u021bine sarcini \u00een camioane, autoutilitare, ma\u0219ini, etc. Industrias Ponsa poate fabrica orice tip de chingi pentru ancorare. Exist\u0103 o gam\u0103 larg\u0103 de clicheti \u0219i accesorii pentru a asigura orice tip de marf\u0103 \u00een timpul transportului.<\/p>\n<\/div><\/div><\/div><\/div><\/div><div class=\"fusion-fullwidth fullwidth-box fusion-builder-row-2 fusion-flex-container nonhundred-percent-fullwidth non-hundred-percent-height-scrolling\" style=\"--awb-border-radius-top-left:0px;--awb-border-radius-top-right:0px;--awb-border-radius-bottom-right:0px;--awb-border-radius-bottom-left:0px;--awb-padding-top:20px;--awb-padding-bottom:20px;--awb-flex-wrap:wrap;\" ><div class=\"fusion-builder-row fusion-row fusion-flex-align-items-flex-start fusion-flex-content-wrap\" style=\"max-width:calc( 1200px + 0px );margin-left: calc(-0px \/ 2 );margin-right: calc(-0px \/ 2 );\"><div class=\"fusion-layout-column fusion_builder_column fusion-builder-column-1 fusion_builder_column_1_4 1_4 fusion-flex-column fusion-column-inner-bg-wrapper\" style=\"--awb-inner-bg-size:cover;--awb-border-color:#d3d3d3;--awb-border-right:1px;--awb-border-style:solid;--awb-width-large:25%;--awb-margin-top-large:0px;--awb-spacing-right-large:0px;--awb-margin-bottom-large:20px;--awb-spacing-left-large:0px;--awb-width-medium:25%;--awb-spacing-right-medium:0px;--awb-spacing-left-medium:0px;--awb-width-small:100%;--awb-spacing-right-small:0px;--awb-spacing-left-small:0px;\"><span class=\"fusion-column-inner-bg hover-type-none\"><a class=\"fusion-column-anchor\" href=\"https:\/\/ponsa.com\/ro\/amarre-ponsa\/ratchets\/ergo-ratchet-50\/\"><span class=\"fusion-column-inner-bg-image\"><\/span><\/a><\/span><div class=\"fusion-column-wrapper fusion-flex-justify-content-flex-start fusion-content-layout-column\"><div class=\"fusion-image-element \" style=\"text-align:center;--awb-caption-title-font-family:var(--h2_typography-font-family);--awb-caption-title-font-weight:var(--h2_typography-font-weight);--awb-caption-title-font-style:var(--h2_typography-font-style);--awb-caption-title-size:var(--h2_typography-font-size);--awb-caption-title-transform:var(--h2_typography-text-transform);--awb-caption-title-line-height:var(--h2_typography-line-height);--awb-caption-title-letter-spacing:var(--h2_typography-letter-spacing);\"><span class=\" fusion-imageframe imageframe-none imageframe-1 hover-type-none\"><img decoding=\"async\" width=\"1000\" height=\"1000\" title=\"Ratchet &#8211; Tensor Carraca Profesional para amarre de caragas en camiones\" src=\"https:\/\/ponsa.com\/wp-content\/uploads\/2017\/04\/reverso.jpg\" alt class=\"img-responsive wp-image-14532\" srcset=\"https:\/\/ponsa.com\/wp-content\/uploads\/2017\/04\/reverso-200x200.jpg 200w, https:\/\/ponsa.com\/wp-content\/uploads\/2017\/04\/reverso-400x400.jpg 400w, https:\/\/ponsa.com\/wp-content\/uploads\/2017\/04\/reverso-600x600.jpg 600w, https:\/\/ponsa.com\/wp-content\/uploads\/2017\/04\/reverso-800x800.jpg 800w, https:\/\/ponsa.com\/wp-content\/uploads\/2017\/04\/reverso.jpg 1000w\" sizes=\"(max-width: 640px) 100vw, 400px\" \/><\/span><\/div><div class=\"fusion-text fusion-text-2\"><p style=\"text-align: center;\">ERGO RATCHET<\/p>\n<\/div><\/div><\/div><div class=\"fusion-layout-column fusion_builder_column fusion-builder-column-2 fusion_builder_column_1_4 1_4 fusion-flex-column fusion-column-inner-bg-wrapper\" style=\"--awb-inner-bg-size:cover;--awb-border-color:#d3d3d3;--awb-border-right:1px;--awb-border-style:solid;--awb-width-large:25%;--awb-margin-top-large:0px;--awb-spacing-right-large:0px;--awb-margin-bottom-large:20px;--awb-spacing-left-large:0px;--awb-width-medium:25%;--awb-spacing-right-medium:0px;--awb-spacing-left-medium:0px;--awb-width-small:100%;--awb-spacing-right-small:0px;--awb-spacing-left-small:0px;\"><span class=\"fusion-column-inner-bg hover-type-none\"><a class=\"fusion-column-anchor\" href=\"https:\/\/ponsa.com\/ro\/amarre-ponsa\/chingi-de-ancorare-speciale\/chingi-ancorare-transport-auto\/\"><span class=\"fusion-column-inner-bg-image\"><\/span><\/a><\/span><div class=\"fusion-column-wrapper fusion-flex-justify-content-flex-start fusion-content-layout-column\"><div class=\"fusion-image-element \" style=\"text-align:center;--awb-caption-title-font-family:var(--h2_typography-font-family);--awb-caption-title-font-weight:var(--h2_typography-font-weight);--awb-caption-title-font-style:var(--h2_typography-font-style);--awb-caption-title-size:var(--h2_typography-font-size);--awb-caption-title-transform:var(--h2_typography-text-transform);--awb-caption-title-line-height:var(--h2_typography-line-height);--awb-caption-title-letter-spacing:var(--h2_typography-letter-spacing);\"><span class=\" fusion-imageframe imageframe-none imageframe-2 hover-type-none\"><img decoding=\"async\" width=\"1000\" height=\"1000\" title=\"RATCHET Especial Sujetacoches,\" src=\"https:\/\/ponsa.com\/wp-content\/uploads\/2017\/04\/R-sujetacoches.jpg\" alt class=\"img-responsive wp-image-13141\" srcset=\"https:\/\/ponsa.com\/wp-content\/uploads\/2017\/04\/R-sujetacoches-200x200.jpg 200w, https:\/\/ponsa.com\/wp-content\/uploads\/2017\/04\/R-sujetacoches-400x400.jpg 400w, https:\/\/ponsa.com\/wp-content\/uploads\/2017\/04\/R-sujetacoches-600x600.jpg 600w, https:\/\/ponsa.com\/wp-content\/uploads\/2017\/04\/R-sujetacoches-800x800.jpg 800w, https:\/\/ponsa.com\/wp-content\/uploads\/2017\/04\/R-sujetacoches.jpg 1000w\" sizes=\"(max-width: 640px) 100vw, 400px\" \/><\/span><\/div><div class=\"fusion-text fusion-text-3\"><p style=\"text-align: center;\">CHINGI ANCORARE TRANSPORT AUTO<\/p>\n<\/div><\/div><\/div><div class=\"fusion-layout-column fusion_builder_column fusion-builder-column-3 fusion_builder_column_1_4 1_4 fusion-flex-column fusion-column-inner-bg-wrapper\" style=\"--awb-inner-bg-size:cover;--awb-border-color:#d3d3d3;--awb-border-style:solid;--awb-width-large:25%;--awb-margin-top-large:0px;--awb-spacing-right-large:0px;--awb-margin-bottom-large:20px;--awb-spacing-left-large:0px;--awb-width-medium:25%;--awb-spacing-right-medium:0px;--awb-spacing-left-medium:0px;--awb-width-small:100%;--awb-spacing-right-small:0px;--awb-spacing-left-small:0px;\"><span class=\"fusion-column-inner-bg hover-type-none\"><a class=\"fusion-column-anchor\" href=\"https:\/\/ponsa.com\/ro\/amarre-ponsa\/chingi-de-ancorare-speciale\/chingi-interioare-pentru-furgon\/\"><span class=\"fusion-column-inner-bg-image\"><\/span><\/a><\/span><div class=\"fusion-column-wrapper fusion-flex-justify-content-flex-start fusion-content-layout-column\"><div class=\"fusion-image-element \" style=\"text-align:center;--awb-caption-title-font-family:var(--h2_typography-font-family);--awb-caption-title-font-weight:var(--h2_typography-font-weight);--awb-caption-title-font-style:var(--h2_typography-font-style);--awb-caption-title-size:var(--h2_typography-font-size);--awb-caption-title-transform:var(--h2_typography-text-transform);--awb-caption-title-line-height:var(--h2_typography-line-height);--awb-caption-title-letter-spacing:var(--h2_typography-letter-spacing);\"><span class=\" fusion-imageframe imageframe-none imageframe-3 hover-type-none\"><img decoding=\"async\" width=\"1000\" height=\"1000\" title=\"RATCHET Especial interior furg\u00f3n con tensor Carraca Profesional\" src=\"https:\/\/ponsa.com\/wp-content\/uploads\/2017\/04\/R-furgon.jpg\" alt class=\"img-responsive wp-image-13142\" srcset=\"https:\/\/ponsa.com\/wp-content\/uploads\/2017\/04\/R-furgon-200x200.jpg 200w, https:\/\/ponsa.com\/wp-content\/uploads\/2017\/04\/R-furgon-400x400.jpg 400w, https:\/\/ponsa.com\/wp-content\/uploads\/2017\/04\/R-furgon-600x600.jpg 600w, https:\/\/ponsa.com\/wp-content\/uploads\/2017\/04\/R-furgon-800x800.jpg 800w, https:\/\/ponsa.com\/wp-content\/uploads\/2017\/04\/R-furgon.jpg 1000w\" sizes=\"(max-width: 640px) 100vw, 400px\" \/><\/span><\/div><div class=\"fusion-text fusion-text-4\"><p style=\"text-align: center;\">CHINGI INTERIOARE PENTRU FURGON<\/p>\n<\/div><\/div><\/div><div class=\"fusion-layout-column fusion_builder_column fusion-builder-column-4 fusion_builder_column_1_4 1_4 fusion-flex-column fusion-column-inner-bg-wrapper\" style=\"--awb-inner-bg-size:cover;--awb-border-color:#d3d3d3;--awb-border-right:1px;--awb-border-style:solid;--awb-width-large:25%;--awb-margin-top-large:0px;--awb-spacing-right-large:0px;--awb-margin-bottom-large:20px;--awb-spacing-left-large:0px;--awb-width-medium:25%;--awb-spacing-right-medium:0px;--awb-spacing-left-medium:0px;--awb-width-small:100%;--awb-spacing-right-small:0px;--awb-spacing-left-small:0px;\"><span class=\"fusion-column-inner-bg hover-type-none\"><a class=\"fusion-column-anchor\" href=\"https:\/\/ponsa.com\/ro\/amarre-ponsa\/chingi-de-ancorare-speciale\/total-lash\/\"><span class=\"fusion-column-inner-bg-image\"><\/span><\/a><\/span><div class=\"fusion-column-wrapper fusion-flex-justify-content-flex-start fusion-content-layout-column\"><div class=\"fusion-image-element \" style=\"text-align:center;--awb-caption-title-font-family:var(--h2_typography-font-family);--awb-caption-title-font-weight:var(--h2_typography-font-weight);--awb-caption-title-font-style:var(--h2_typography-font-style);--awb-caption-title-size:var(--h2_typography-font-size);--awb-caption-title-transform:var(--h2_typography-text-transform);--awb-caption-title-line-height:var(--h2_typography-line-height);--awb-caption-title-letter-spacing:var(--h2_typography-letter-spacing);\"><span class=\" fusion-imageframe imageframe-none imageframe-4 hover-type-none\"><img decoding=\"async\" width=\"1000\" height=\"1000\" title=\"RATCHET Especial total lash Tensor Carraca Profesional\" src=\"https:\/\/ponsa.com\/wp-content\/uploads\/2017\/04\/R-totalslach.jpg\" alt class=\"img-responsive wp-image-13143\" srcset=\"https:\/\/ponsa.com\/wp-content\/uploads\/2017\/04\/R-totalslach-200x200.jpg 200w, https:\/\/ponsa.com\/wp-content\/uploads\/2017\/04\/R-totalslach-400x400.jpg 400w, https:\/\/ponsa.com\/wp-content\/uploads\/2017\/04\/R-totalslach-600x600.jpg 600w, https:\/\/ponsa.com\/wp-content\/uploads\/2017\/04\/R-totalslach-800x800.jpg 800w, https:\/\/ponsa.com\/wp-content\/uploads\/2017\/04\/R-totalslach.jpg 1000w\" sizes=\"(max-width: 640px) 100vw, 400px\" \/><\/span><\/div><div class=\"fusion-text fusion-text-5\"><p style=\"text-align: center;\">TOTAL LASH<\/p>\n<\/div><\/div><\/div><\/div><\/div><\/p>\n","protected":false},"excerpt":{"rendered":"","protected":false},"author":2,"featured_media":0,"parent":9087,"menu_order":0,"comment_status":"closed","ping_status":"closed","template":"100-width.php","meta":{"ngg_post_thumbnail":0,"footnotes":""},"class_list":["post-13137","page","type-page","status-publish","hentry"],"yoast_head":"<!-- This site is optimized with the Yoast SEO plugin v27.4 - https:\/\/yoast.com\/product\/yoast-seo-wordpress\/ -->\n<title>CHINGI DE ANCORARE SPECIALE<\/title>\n<meta name=\"description\" content=\"Chingi de ancorare concepute pentru a re\u021bine sarcini \u00een camioane, autoutilitare, ma\u0219ini, etc. Industrias Ponsa poate fabrica orice tip de chingi pentru ancorare\" \/>\n<meta name=\"robots\" content=\"index, follow, max-snippet:-1, max-image-preview:large, max-video-preview:-1\" \/>\n<link rel=\"canonical\" href=\"https:\/\/ponsa.com\/ro\/amarre-ponsa\/chingi-de-ancorare-speciale\/\" \/>\n<meta property=\"og:locale\" content=\"ro_RO\" \/>\n<meta property=\"og:type\" content=\"article\" \/>\n<meta property=\"og:title\" content=\"CHINGI DE ANCORARE SPECIALE\" \/>\n<meta property=\"og:description\" content=\"Chingi de ancorare concepute pentru a re\u021bine sarcini \u00een camioane, autoutilitare, ma\u0219ini, etc. Industrias Ponsa poate fabrica orice tip de chingi pentru ancorare\" \/>\n<meta property=\"og:url\" content=\"https:\/\/ponsa.com\/ro\/amarre-ponsa\/chingi-de-ancorare-speciale\/\" \/>\n<meta property=\"og:site_name\" content=\"Industrias Ponsa\" \/>\n<meta property=\"article:publisher\" content=\"https:\/\/www.facebook.com\/IndustriasPONSA\" \/>\n<meta property=\"article:modified_time\" content=\"2020-07-23T11:38:51+00:00\" \/>\n<meta name=\"twitter:card\" content=\"summary_large_image\" \/>\n<meta name=\"twitter:label1\" content=\"Est. reading time\" \/>\n\t<meta name=\"twitter:data1\" content=\"4 minutes\" \/>\n<script type=\"application\/ld+json\" class=\"yoast-schema-graph\">{\"@context\":\"https:\\\/\\\/schema.org\",\"@graph\":[{\"@type\":\"WebPage\",\"@id\":\"https:\\\/\\\/ponsa.com\\\/ro\\\/amarre-ponsa\\\/chingi-de-ancorare-speciale\\\/\",\"url\":\"https:\\\/\\\/ponsa.com\\\/ro\\\/amarre-ponsa\\\/chingi-de-ancorare-speciale\\\/\",\"name\":\"CHINGI DE ANCORARE SPECIALE\",\"isPartOf\":{\"@id\":\"https:\\\/\\\/ponsa.com\\\/#website\"},\"datePublished\":\"2017-04-24T10:46:30+00:00\",\"dateModified\":\"2020-07-23T11:38:51+00:00\",\"description\":\"Chingi de ancorare concepute pentru a re\u021bine sarcini \u00een camioane, autoutilitare, ma\u0219ini, etc. Industrias Ponsa poate fabrica orice tip de chingi pentru ancorare\",\"breadcrumb\":{\"@id\":\"https:\\\/\\\/ponsa.com\\\/ro\\\/amarre-ponsa\\\/chingi-de-ancorare-speciale\\\/#breadcrumb\"},\"inLanguage\":\"ro-RO\",\"potentialAction\":[{\"@type\":\"ReadAction\",\"target\":[\"https:\\\/\\\/ponsa.com\\\/ro\\\/amarre-ponsa\\\/chingi-de-ancorare-speciale\\\/\"]}]},{\"@type\":\"BreadcrumbList\",\"@id\":\"https:\\\/\\\/ponsa.com\\\/ro\\\/amarre-ponsa\\\/chingi-de-ancorare-speciale\\\/#breadcrumb\",\"itemListElement\":[{\"@type\":\"ListItem\",\"position\":1,\"name\":\"Portada\",\"item\":\"https:\\\/\\\/ponsa.com\\\/ro\\\/\"},{\"@type\":\"ListItem\",\"position\":2,\"name\":\"Ancorarea Ponsa\",\"item\":\"https:\\\/\\\/ponsa.com\\\/ro\\\/amarre-ponsa\\\/\"},{\"@type\":\"ListItem\",\"position\":3,\"name\":\"CHINGI DE ANCORARE SPECIALE\"}]},{\"@type\":\"WebSite\",\"@id\":\"https:\\\/\\\/ponsa.com\\\/#website\",\"url\":\"https:\\\/\\\/ponsa.com\\\/\",\"name\":\"Industrias Ponsa\",\"description\":\"Fabricante de Cintas Textiles\",\"publisher\":{\"@id\":\"https:\\\/\\\/ponsa.com\\\/#organization\"},\"potentialAction\":[{\"@type\":\"SearchAction\",\"target\":{\"@type\":\"EntryPoint\",\"urlTemplate\":\"https:\\\/\\\/ponsa.com\\\/?s={search_term_string}\"},\"query-input\":{\"@type\":\"PropertyValueSpecification\",\"valueRequired\":true,\"valueName\":\"search_term_string\"}}],\"inLanguage\":\"ro-RO\"},{\"@type\":\"Organization\",\"@id\":\"https:\\\/\\\/ponsa.com\\\/#organization\",\"name\":\"INDUSTRIAS PONSA S.A.\",\"url\":\"https:\\\/\\\/ponsa.com\\\/\",\"logo\":{\"@type\":\"ImageObject\",\"inLanguage\":\"ro-RO\",\"@id\":\"https:\\\/\\\/ponsa.com\\\/#\\\/schema\\\/logo\\\/image\\\/\",\"url\":\"https:\\\/\\\/ponsa.com\\\/wp-content\\\/uploads\\\/2021\\\/08\\\/logoPonsapng.png\",\"contentUrl\":\"https:\\\/\\\/ponsa.com\\\/wp-content\\\/uploads\\\/2021\\\/08\\\/logoPonsapng.png\",\"width\":2289,\"height\":808,\"caption\":\"INDUSTRIAS PONSA S.A.\"},\"image\":{\"@id\":\"https:\\\/\\\/ponsa.com\\\/#\\\/schema\\\/logo\\\/image\\\/\"},\"sameAs\":[\"https:\\\/\\\/www.facebook.com\\\/IndustriasPONSA\",\"https:\\\/\\\/www.instagram.com\\\/ind.ponsa\\\/\",\"https:\\\/\\\/es.linkedin.com\\\/company\\\/industrias-ponsa-sa\",\"https:\\\/\\\/www.youtube.com\\\/channel\\\/UCxvfSBJQlBhV1aOQo-wXIoQ\"]}]}<\/script>\n<!-- \/ Yoast SEO plugin. -->","yoast_head_json":{"title":"CHINGI DE ANCORARE SPECIALE","description":"Chingi de ancorare concepute pentru a re\u021bine sarcini \u00een camioane, autoutilitare, ma\u0219ini, etc. Industrias Ponsa poate fabrica orice tip de chingi pentru ancorare","robots":{"index":"index","follow":"follow","max-snippet":"max-snippet:-1","max-image-preview":"max-image-preview:large","max-video-preview":"max-video-preview:-1"},"canonical":"https:\/\/ponsa.com\/ro\/amarre-ponsa\/chingi-de-ancorare-speciale\/","og_locale":"ro_RO","og_type":"article","og_title":"CHINGI DE ANCORARE SPECIALE","og_description":"Chingi de ancorare concepute pentru a re\u021bine sarcini \u00een camioane, autoutilitare, ma\u0219ini, etc. Industrias Ponsa poate fabrica orice tip de chingi pentru ancorare","og_url":"https:\/\/ponsa.com\/ro\/amarre-ponsa\/chingi-de-ancorare-speciale\/","og_site_name":"Industrias Ponsa","article_publisher":"https:\/\/www.facebook.com\/IndustriasPONSA","article_modified_time":"2020-07-23T11:38:51+00:00","twitter_card":"summary_large_image","twitter_misc":{"Est. reading time":"4 minutes"},"schema":{"@context":"https:\/\/schema.org","@graph":[{"@type":"WebPage","@id":"https:\/\/ponsa.com\/ro\/amarre-ponsa\/chingi-de-ancorare-speciale\/","url":"https:\/\/ponsa.com\/ro\/amarre-ponsa\/chingi-de-ancorare-speciale\/","name":"CHINGI DE ANCORARE SPECIALE","isPartOf":{"@id":"https:\/\/ponsa.com\/#website"},"datePublished":"2017-04-24T10:46:30+00:00","dateModified":"2020-07-23T11:38:51+00:00","description":"Chingi de ancorare concepute pentru a re\u021bine sarcini \u00een camioane, autoutilitare, ma\u0219ini, etc. Industrias Ponsa poate fabrica orice tip de chingi pentru ancorare","breadcrumb":{"@id":"https:\/\/ponsa.com\/ro\/amarre-ponsa\/chingi-de-ancorare-speciale\/#breadcrumb"},"inLanguage":"ro-RO","potentialAction":[{"@type":"ReadAction","target":["https:\/\/ponsa.com\/ro\/amarre-ponsa\/chingi-de-ancorare-speciale\/"]}]},{"@type":"BreadcrumbList","@id":"https:\/\/ponsa.com\/ro\/amarre-ponsa\/chingi-de-ancorare-speciale\/#breadcrumb","itemListElement":[{"@type":"ListItem","position":1,"name":"Portada","item":"https:\/\/ponsa.com\/ro\/"},{"@type":"ListItem","position":2,"name":"Ancorarea Ponsa","item":"https:\/\/ponsa.com\/ro\/amarre-ponsa\/"},{"@type":"ListItem","position":3,"name":"CHINGI DE ANCORARE SPECIALE"}]},{"@type":"WebSite","@id":"https:\/\/ponsa.com\/#website","url":"https:\/\/ponsa.com\/","name":"Industrias Ponsa","description":"Fabricante de Cintas Textiles","publisher":{"@id":"https:\/\/ponsa.com\/#organization"},"potentialAction":[{"@type":"SearchAction","target":{"@type":"EntryPoint","urlTemplate":"https:\/\/ponsa.com\/?s={search_term_string}"},"query-input":{"@type":"PropertyValueSpecification","valueRequired":true,"valueName":"search_term_string"}}],"inLanguage":"ro-RO"},{"@type":"Organization","@id":"https:\/\/ponsa.com\/#organization","name":"INDUSTRIAS PONSA S.A.","url":"https:\/\/ponsa.com\/","logo":{"@type":"ImageObject","inLanguage":"ro-RO","@id":"https:\/\/ponsa.com\/#\/schema\/logo\/image\/","url":"https:\/\/ponsa.com\/wp-content\/uploads\/2021\/08\/logoPonsapng.png","contentUrl":"https:\/\/ponsa.com\/wp-content\/uploads\/2021\/08\/logoPonsapng.png","width":2289,"height":808,"caption":"INDUSTRIAS PONSA S.A."},"image":{"@id":"https:\/\/ponsa.com\/#\/schema\/logo\/image\/"},"sameAs":["https:\/\/www.facebook.com\/IndustriasPONSA","https:\/\/www.instagram.com\/ind.ponsa\/","https:\/\/es.linkedin.com\/company\/industrias-ponsa-sa","https:\/\/www.youtube.com\/channel\/UCxvfSBJQlBhV1aOQo-wXIoQ"]}]}},"_links":{"self":[{"href":"https:\/\/ponsa.com\/ro\/wp-json\/wp\/v2\/pages\/13137","targetHints":{"allow":["GET"]}}],"collection":[{"href":"https:\/\/ponsa.com\/ro\/wp-json\/wp\/v2\/pages"}],"about":[{"href":"https:\/\/ponsa.com\/ro\/wp-json\/wp\/v2\/types\/page"}],"author":[{"embeddable":true,"href":"https:\/\/ponsa.com\/ro\/wp-json\/wp\/v2\/users\/2"}],"replies":[{"embeddable":true,"href":"https:\/\/ponsa.com\/ro\/wp-json\/wp\/v2\/comments?post=13137"}],"version-history":[{"count":5,"href":"https:\/\/ponsa.com\/ro\/wp-json\/wp\/v2\/pages\/13137\/revisions"}],"predecessor-version":[{"id":14554,"href":"https:\/\/ponsa.com\/ro\/wp-json\/wp\/v2\/pages\/13137\/revisions\/14554"}],"up":[{"embeddable":true,"href":"https:\/\/ponsa.com\/ro\/wp-json\/wp\/v2\/pages\/9087"}],"wp:attachment":[{"href":"https:\/\/ponsa.com\/ro\/wp-json\/wp\/v2\/media?parent=13137"}],"curies":[{"name":"wp","href":"https:\/\/api.w.org\/{rel}","templated":true}]}}