{"id":12914,"date":"2017-01-26T17:29:10","date_gmt":"2017-01-26T17:29:10","guid":{"rendered":"https:\/\/ponsa.com\/benzi-textile\/cintas-tecnicas\/"},"modified":"2020-07-23T15:16:56","modified_gmt":"2020-07-23T15:16:56","slug":"benzi-tehnice","status":"publish","type":"page","link":"https:\/\/ponsa.com\/ro\/benzi-textile\/benzi-tehnice\/","title":{"rendered":"BENZI TEHNICE"},"content":{"rendered":"<p><div class=\"fusion-fullwidth fullwidth-box fusion-builder-row-1 fusion-flex-container hundred-percent-fullwidth non-hundred-percent-height-scrolling\" style=\"--awb-border-radius-top-left:0px;--awb-border-radius-top-right:0px;--awb-border-radius-bottom-right:0px;--awb-border-radius-bottom-left:0px;--awb-padding-top:0px;--awb-padding-bottom:0px;--awb-flex-wrap:wrap;\" ><div class=\"fusion-builder-row fusion-row fusion-flex-align-items-flex-start fusion-flex-content-wrap\" style=\"width:calc( 100% + 0px ) !important;max-width:calc( 100% + 0px ) !important;margin-left: calc(-0px \/ 2 );margin-right: calc(-0px \/ 2 );\"><\/div><\/div><div class=\"fusion-fullwidth fullwidth-box fusion-builder-row-2 fusion-flex-container nonhundred-percent-fullwidth non-hundred-percent-height-scrolling\" style=\"--awb-border-radius-top-left:0px;--awb-border-radius-top-right:0px;--awb-border-radius-bottom-right:0px;--awb-border-radius-bottom-left:0px;--awb-padding-top:0px;--awb-padding-bottom:5px;--awb-flex-wrap:wrap;\" ><div class=\"fusion-builder-row fusion-row fusion-flex-align-items-flex-start fusion-flex-content-wrap\" style=\"max-width:calc( 1200px + 0px );margin-left: calc(-0px \/ 2 );margin-right: calc(-0px \/ 2 );\"><div class=\"fusion-layout-column fusion_builder_column fusion-builder-column-0 fusion_builder_column_1_1 1_1 fusion-flex-column\" style=\"--awb-padding-bottom:0px;--awb-bg-size:cover;--awb-width-large:100%;--awb-margin-top-large:0px;--awb-spacing-right-large:0px;--awb-margin-bottom-large:0px;--awb-spacing-left-large:0px;--awb-width-medium:100%;--awb-spacing-right-medium:0px;--awb-spacing-left-medium:0px;--awb-width-small:100%;--awb-spacing-right-small:0px;--awb-spacing-left-small:0px;\"><div class=\"fusion-column-wrapper fusion-flex-justify-content-flex-start fusion-content-layout-column\"><div class=\"fusion-text fusion-text-1\"><p style=\"text-align: center;\"><span class=\"titulo1\">BENZI TEHNICE <\/span><\/p>\n<\/div><div class=\"fusion-text fusion-text-2\"><p>Industrias Ponsa a fost unul dintre primii produc\u0103tori din Europa care a produs benzi tehnice cu fibre de ultim\u0103 genera\u021bie. Ponsa produce benzi cu orice tip de fibr\u0103 \u0219i este specializat \u00een benzi cu fibre de \u00eenalt\u0103 rezisten\u021b\u0103. 190 de ani oferind solu\u021bii (1828-2018)<\/p>\n<\/div><\/div><\/div><\/div><\/div><div class=\"fusion-fullwidth fullwidth-box fusion-builder-row-3 fusion-flex-container nonhundred-percent-fullwidth non-hundred-percent-height-scrolling\" style=\"--awb-border-color:#ffffff;--awb-border-radius-top-left:0px;--awb-border-radius-top-right:0px;--awb-border-radius-bottom-right:0px;--awb-border-radius-bottom-left:0px;--awb-padding-top:20px;--awb-padding-bottom:20px;--awb-border-sizes-top:0px;--awb-border-sizes-bottom:0px;--awb-flex-wrap:wrap;\" ><div class=\"fusion-builder-row fusion-row fusion-flex-align-items-flex-start fusion-flex-content-wrap\" style=\"max-width:calc( 1200px + 0px );margin-left: calc(-0px \/ 2 );margin-right: calc(-0px \/ 2 );\"><div class=\"fusion-layout-column fusion_builder_column fusion-builder-column-1 fusion_builder_column_1_4 1_4 fusion-flex-column fusion-column-inner-bg-wrapper\" style=\"--awb-inner-bg-size:cover;--awb-border-color:#ffffff;--awb-border-right:5px;--awb-border-style:solid;--awb-width-large:25%;--awb-margin-top-large:0px;--awb-spacing-right-large:0px;--awb-margin-bottom-large:20px;--awb-spacing-left-large:0px;--awb-width-medium:25%;--awb-spacing-right-medium:0px;--awb-spacing-left-medium:0px;--awb-width-small:100%;--awb-spacing-right-small:0px;--awb-spacing-left-small:0px;\"><span class=\"fusion-column-inner-bg hover-type-none\"><a class=\"fusion-column-anchor\" href=\"https:\/\/ponsa.com\/ro\/benzi-textile\/benzi-tehnice\/chingi-dyneema\/\"><span class=\"fusion-column-inner-bg-image\"><\/span><\/a><\/span><div class=\"fusion-column-wrapper fusion-flex-justify-content-flex-start fusion-content-layout-column\"><div class=\"fusion-image-element \" style=\"text-align:center;--awb-caption-title-font-family:var(--h2_typography-font-family);--awb-caption-title-font-weight:var(--h2_typography-font-weight);--awb-caption-title-font-style:var(--h2_typography-font-style);--awb-caption-title-size:var(--h2_typography-font-size);--awb-caption-title-transform:var(--h2_typography-text-transform);--awb-caption-title-line-height:var(--h2_typography-line-height);--awb-caption-title-letter-spacing:var(--h2_typography-letter-spacing);\"><span class=\" fusion-imageframe imageframe-none imageframe-1 hover-type-none\"><img decoding=\"async\" width=\"1000\" height=\"1000\" alt=\"El dyneema es una fibra tan resistente, es un complemento ideal para sistemas de paraca\u00eddas.\" title=\"CINTAS DE DYNEEMA\" src=\"https:\/\/ponsa.com\/wp-content\/uploads\/2017\/05\/dyneema.jpg\" class=\"img-responsive wp-image-12093\" srcset=\"https:\/\/ponsa.com\/wp-content\/uploads\/2017\/05\/dyneema-200x200.jpg 200w, https:\/\/ponsa.com\/wp-content\/uploads\/2017\/05\/dyneema-400x400.jpg 400w, https:\/\/ponsa.com\/wp-content\/uploads\/2017\/05\/dyneema-600x600.jpg 600w, https:\/\/ponsa.com\/wp-content\/uploads\/2017\/05\/dyneema-800x800.jpg 800w, https:\/\/ponsa.com\/wp-content\/uploads\/2017\/05\/dyneema.jpg 1000w\" sizes=\"(max-width: 640px) 100vw, 400px\" \/><\/span><\/div><div class=\"fusion-text fusion-text-3\"><p style=\"text-align: center;\"><strong style=\"line-height: 1.5;\">Dyneema \u00ae<\/strong><\/p>\n<\/div><\/div><\/div><div class=\"fusion-layout-column fusion_builder_column fusion-builder-column-2 fusion_builder_column_1_4 1_4 fusion-flex-column fusion-column-inner-bg-wrapper\" style=\"--awb-inner-bg-size:cover;--awb-border-color:#ffffff;--awb-border-right:5px;--awb-border-style:solid;--awb-width-large:25%;--awb-margin-top-large:0px;--awb-spacing-right-large:0px;--awb-margin-bottom-large:20px;--awb-spacing-left-large:0px;--awb-width-medium:25%;--awb-spacing-right-medium:0px;--awb-spacing-left-medium:0px;--awb-width-small:100%;--awb-spacing-right-small:0px;--awb-spacing-left-small:0px;\"><span class=\"fusion-column-inner-bg hover-type-none\"><a class=\"fusion-column-anchor\" href=\"https:\/\/ponsa.com\/ro\/benzi-textile\/benzi-tehnice\/para-aramid\/\"><span class=\"fusion-column-inner-bg-image\"><\/span><\/a><\/span><div class=\"fusion-column-wrapper fusion-flex-justify-content-flex-start fusion-content-layout-column\"><div class=\"fusion-image-element \" style=\"text-align:center;--awb-caption-title-font-family:var(--h2_typography-font-family);--awb-caption-title-font-weight:var(--h2_typography-font-weight);--awb-caption-title-font-style:var(--h2_typography-font-style);--awb-caption-title-size:var(--h2_typography-font-size);--awb-caption-title-transform:var(--h2_typography-text-transform);--awb-caption-title-line-height:var(--h2_typography-line-height);--awb-caption-title-letter-spacing:var(--h2_typography-letter-spacing);\"><span class=\" fusion-imageframe imageframe-none imageframe-2 hover-type-none\"><img decoding=\"async\" width=\"1000\" height=\"1000\" alt=\"De gran resistencia mec\u00e1nica, es resistente al calor. Se utiliza en aplicaciones de alta calidad en sectores industriales.\" src=\"https:\/\/ponsa.com\/wp-content\/uploads\/2017\/01\/militar5.jpg\" class=\"img-responsive wp-image-12094\" srcset=\"https:\/\/ponsa.com\/wp-content\/uploads\/2017\/01\/militar5-200x200.jpg 200w, https:\/\/ponsa.com\/wp-content\/uploads\/2017\/01\/militar5-400x400.jpg 400w, https:\/\/ponsa.com\/wp-content\/uploads\/2017\/01\/militar5-600x600.jpg 600w, https:\/\/ponsa.com\/wp-content\/uploads\/2017\/01\/militar5-800x800.jpg 800w, https:\/\/ponsa.com\/wp-content\/uploads\/2017\/01\/militar5.jpg 1000w\" sizes=\"(max-width: 640px) 100vw, 400px\" \/><\/span><\/div><div class=\"fusion-text fusion-text-4\"><p style=\"text-align: center;\"><b style=\"line-height: 1.5;\"><u>Kevlar\u00ae\u00b7Twaron\u00ae \u00b7 Technora\u00ae<\/u><\/b><\/p>\n<\/div><\/div><\/div><div class=\"fusion-layout-column fusion_builder_column fusion-builder-column-3 fusion_builder_column_1_4 1_4 fusion-flex-column fusion-column-inner-bg-wrapper\" style=\"--awb-inner-bg-size:cover;--awb-border-color:#ffffff;--awb-border-right:5px;--awb-border-style:solid;--awb-width-large:25%;--awb-margin-top-large:0px;--awb-spacing-right-large:0px;--awb-margin-bottom-large:20px;--awb-spacing-left-large:0px;--awb-width-medium:25%;--awb-spacing-right-medium:0px;--awb-spacing-left-medium:0px;--awb-width-small:100%;--awb-spacing-right-small:0px;--awb-spacing-left-small:0px;\"><span class=\"fusion-column-inner-bg hover-type-none\"><a class=\"fusion-column-anchor\" href=\"https:\/\/ponsa.com\/ro\/benzi-textile\/benzi-tehnice\/m-aramid\/\"><span class=\"fusion-column-inner-bg-image\"><\/span><\/a><\/span><div class=\"fusion-column-wrapper fusion-flex-justify-content-flex-start fusion-content-layout-column\"><div class=\"fusion-image-element \" style=\"text-align:center;--awb-caption-title-font-family:var(--h2_typography-font-family);--awb-caption-title-font-weight:var(--h2_typography-font-weight);--awb-caption-title-font-style:var(--h2_typography-font-style);--awb-caption-title-size:var(--h2_typography-font-size);--awb-caption-title-transform:var(--h2_typography-text-transform);--awb-caption-title-line-height:var(--h2_typography-line-height);--awb-caption-title-letter-spacing:var(--h2_typography-letter-spacing);\"><span class=\" fusion-imageframe imageframe-none imageframe-3 hover-type-none\"><img decoding=\"async\" width=\"1000\" height=\"1000\" alt=\"Nomex\u00ae es una fibra meta-aramida cuya principal caracter\u00edstica es un mayor grado de resistencia al calor que las para-aramidas pero, por el contrario, tiene una fuerza considerablemente menor.\" title=\"CINTAS DE NOMEX\" src=\"https:\/\/ponsa.com\/wp-content\/uploads\/2017\/05\/nomex.jpg\" class=\"img-responsive wp-image-1607\" srcset=\"https:\/\/ponsa.com\/wp-content\/uploads\/2017\/05\/nomex-200x200.jpg 200w, https:\/\/ponsa.com\/wp-content\/uploads\/2017\/05\/nomex-400x400.jpg 400w, https:\/\/ponsa.com\/wp-content\/uploads\/2017\/05\/nomex-600x600.jpg 600w, https:\/\/ponsa.com\/wp-content\/uploads\/2017\/05\/nomex-800x800.jpg 800w, https:\/\/ponsa.com\/wp-content\/uploads\/2017\/05\/nomex.jpg 1000w\" sizes=\"(max-width: 640px) 100vw, 400px\" \/><\/span><\/div><div class=\"fusion-text fusion-text-5\"><p style=\"text-align: center;\"><span style=\"text-decoration: underline;\"><strong>Nomex\u00ae \u00b7 Kermel\u00ae<\/strong><\/span><\/p>\n<\/div><\/div><\/div><div class=\"fusion-layout-column fusion_builder_column fusion-builder-column-4 fusion_builder_column_1_4 1_4 fusion-flex-column fusion-column-inner-bg-wrapper\" style=\"--awb-inner-bg-size:cover;--awb-border-color:#ffffff;--awb-border-right:5px;--awb-border-style:solid;--awb-width-large:25%;--awb-margin-top-large:0px;--awb-spacing-right-large:0px;--awb-margin-bottom-large:20px;--awb-spacing-left-large:0px;--awb-width-medium:25%;--awb-spacing-right-medium:0px;--awb-spacing-left-medium:0px;--awb-width-small:100%;--awb-spacing-right-small:0px;--awb-spacing-left-small:0px;\"><span class=\"fusion-column-inner-bg hover-type-none\"><a class=\"fusion-column-anchor\" href=\"https:\/\/ponsa.com\/ro\/benzi-textile\/benzi-tehnice\/benzi-speciale\/\"><span class=\"fusion-column-inner-bg-image\"><\/span><\/a><\/span><div class=\"fusion-column-wrapper fusion-flex-justify-content-flex-start fusion-content-layout-column\"><div class=\"fusion-image-element \" style=\"text-align:center;--awb-caption-title-font-family:var(--h2_typography-font-family);--awb-caption-title-font-weight:var(--h2_typography-font-weight);--awb-caption-title-font-style:var(--h2_typography-font-style);--awb-caption-title-size:var(--h2_typography-font-size);--awb-caption-title-transform:var(--h2_typography-text-transform);--awb-caption-title-line-height:var(--h2_typography-line-height);--awb-caption-title-letter-spacing:var(--h2_typography-letter-spacing);\"><span class=\" fusion-imageframe imageframe-none imageframe-4 hover-type-none\"><img decoding=\"async\" width=\"1000\" height=\"1000\" alt=\"Cintas con PVC para soldar por ultrasonidos: para toldos de camiones y pancartas publicitarias. Cintas termo soldables (por calor): para toldos de camiones y pancartas publicitarias. Cintas como alternativa a los ojetes: para toldos de camiones y pancartas publicitarias. Cintas antideslizantes. Cintas antiest\u00e1ticas: para eliminar la electricidad antiest\u00e1tica. Cinta ATEX: para lugares con riesgo de explosi\u00f3n. Cintas hidr\u00f3fugas: para trabajos con agua (impermeabilizaci\u00f3n). Cintas ign\u00edfugas: para que no ardan. Cintas antibacterianas: para su uso en productos sanitarios.\" title=\"CINTAS ESPECIALES\" src=\"https:\/\/ponsa.com\/wp-content\/uploads\/2017\/05\/slackline4.jpg\" class=\"img-responsive wp-image-1613\" srcset=\"https:\/\/ponsa.com\/wp-content\/uploads\/2017\/05\/slackline4-200x200.jpg 200w, https:\/\/ponsa.com\/wp-content\/uploads\/2017\/05\/slackline4-400x400.jpg 400w, https:\/\/ponsa.com\/wp-content\/uploads\/2017\/05\/slackline4-600x600.jpg 600w, https:\/\/ponsa.com\/wp-content\/uploads\/2017\/05\/slackline4-800x800.jpg 800w, https:\/\/ponsa.com\/wp-content\/uploads\/2017\/05\/slackline4.jpg 1000w\" sizes=\"(max-width: 640px) 100vw, 400px\" \/><\/span><\/div><div class=\"fusion-text fusion-text-6\"><p style=\"text-align: center;\"><span style=\"text-decoration: underline;\"><strong>BENZI SPECIALE<\/strong><\/span><\/p>\n<\/div><\/div><\/div><\/div><\/div><div class=\"fusion-fullwidth fullwidth-box fusion-builder-row-4 fusion-flex-container nonhundred-percent-fullwidth non-hundred-percent-height-scrolling\" style=\"--awb-border-color:#ffffff;--awb-border-radius-top-left:0px;--awb-border-radius-top-right:0px;--awb-border-radius-bottom-right:0px;--awb-border-radius-bottom-left:0px;--awb-padding-top:20px;--awb-padding-bottom:20px;--awb-border-sizes-top:0px;--awb-border-sizes-bottom:0px;--awb-flex-wrap:wrap;\" ><div class=\"fusion-builder-row fusion-row fusion-flex-align-items-flex-start fusion-flex-content-wrap\" style=\"max-width:calc( 1200px + 0px );margin-left: calc(-0px \/ 2 );margin-right: calc(-0px \/ 2 );\"><\/div><\/div><\/p>\n","protected":false},"excerpt":{"rendered":"","protected":false},"author":2,"featured_media":0,"parent":12910,"menu_order":0,"comment_status":"closed","ping_status":"closed","template":"100-width.php","meta":{"ngg_post_thumbnail":0,"footnotes":""},"class_list":["post-12914","page","type-page","status-publish","hentry"],"yoast_head":"<!-- This site is optimized with the Yoast SEO plugin v27.5 - https:\/\/yoast.com\/product\/yoast-seo-wordpress\/ -->\n<title>BENZI TEHNICE<\/title>\n<meta name=\"description\" content=\"Industrias Ponsa a fost unul dintre primii produc\u0103tori din Europa care a produs benzi tehnice cu fibre de ultim\u0103 genera\u021bie.\" \/>\n<meta name=\"robots\" content=\"index, follow, max-snippet:-1, max-image-preview:large, max-video-preview:-1\" \/>\n<link rel=\"canonical\" href=\"https:\/\/ponsa.com\/ro\/benzi-textile\/benzi-tehnice\/\" \/>\n<meta property=\"og:locale\" content=\"ro_RO\" \/>\n<meta property=\"og:type\" content=\"article\" \/>\n<meta property=\"og:title\" content=\"BENZI TEHNICE\" \/>\n<meta property=\"og:description\" content=\"Industrias Ponsa a fost unul dintre primii produc\u0103tori din Europa care a produs benzi tehnice cu fibre de ultim\u0103 genera\u021bie.\" \/>\n<meta property=\"og:url\" content=\"https:\/\/ponsa.com\/ro\/benzi-textile\/benzi-tehnice\/\" \/>\n<meta property=\"og:site_name\" content=\"Industrias Ponsa\" \/>\n<meta property=\"article:publisher\" content=\"https:\/\/www.facebook.com\/IndustriasPONSA\" \/>\n<meta property=\"article:modified_time\" content=\"2020-07-23T15:16:56+00:00\" \/>\n<meta name=\"twitter:card\" content=\"summary_large_image\" \/>\n<meta name=\"twitter:label1\" content=\"Est. reading time\" \/>\n\t<meta name=\"twitter:data1\" content=\"5 minutes\" \/>\n<script type=\"application\/ld+json\" class=\"yoast-schema-graph\">{\"@context\":\"https:\\\/\\\/schema.org\",\"@graph\":[{\"@type\":\"WebPage\",\"@id\":\"https:\\\/\\\/ponsa.com\\\/ro\\\/benzi-textile\\\/benzi-tehnice\\\/\",\"url\":\"https:\\\/\\\/ponsa.com\\\/ro\\\/benzi-textile\\\/benzi-tehnice\\\/\",\"name\":\"BENZI TEHNICE\",\"isPartOf\":{\"@id\":\"https:\\\/\\\/ponsa.com\\\/#website\"},\"datePublished\":\"2017-01-26T17:29:10+00:00\",\"dateModified\":\"2020-07-23T15:16:56+00:00\",\"description\":\"Industrias Ponsa a fost unul dintre primii produc\u0103tori din Europa care a produs benzi tehnice cu fibre de ultim\u0103 genera\u021bie.\",\"breadcrumb\":{\"@id\":\"https:\\\/\\\/ponsa.com\\\/ro\\\/benzi-textile\\\/benzi-tehnice\\\/#breadcrumb\"},\"inLanguage\":\"ro-RO\",\"potentialAction\":[{\"@type\":\"ReadAction\",\"target\":[\"https:\\\/\\\/ponsa.com\\\/ro\\\/benzi-textile\\\/benzi-tehnice\\\/\"]}]},{\"@type\":\"BreadcrumbList\",\"@id\":\"https:\\\/\\\/ponsa.com\\\/ro\\\/benzi-textile\\\/benzi-tehnice\\\/#breadcrumb\",\"itemListElement\":[{\"@type\":\"ListItem\",\"position\":1,\"name\":\"Portada\",\"item\":\"https:\\\/\\\/ponsa.com\\\/ro\\\/\"},{\"@type\":\"ListItem\",\"position\":2,\"name\":\"BENZI TEXTILE\",\"item\":\"https:\\\/\\\/ponsa.com\\\/ro\\\/benzi-textile\\\/\"},{\"@type\":\"ListItem\",\"position\":3,\"name\":\"BENZI TEHNICE\"}]},{\"@type\":\"WebSite\",\"@id\":\"https:\\\/\\\/ponsa.com\\\/#website\",\"url\":\"https:\\\/\\\/ponsa.com\\\/\",\"name\":\"Industrias Ponsa\",\"description\":\"Fabricante de Cintas Textiles\",\"publisher\":{\"@id\":\"https:\\\/\\\/ponsa.com\\\/#organization\"},\"potentialAction\":[{\"@type\":\"SearchAction\",\"target\":{\"@type\":\"EntryPoint\",\"urlTemplate\":\"https:\\\/\\\/ponsa.com\\\/?s={search_term_string}\"},\"query-input\":{\"@type\":\"PropertyValueSpecification\",\"valueRequired\":true,\"valueName\":\"search_term_string\"}}],\"inLanguage\":\"ro-RO\"},{\"@type\":\"Organization\",\"@id\":\"https:\\\/\\\/ponsa.com\\\/#organization\",\"name\":\"INDUSTRIAS PONSA S.A.\",\"url\":\"https:\\\/\\\/ponsa.com\\\/\",\"logo\":{\"@type\":\"ImageObject\",\"inLanguage\":\"ro-RO\",\"@id\":\"https:\\\/\\\/ponsa.com\\\/#\\\/schema\\\/logo\\\/image\\\/\",\"url\":\"https:\\\/\\\/ponsa.com\\\/wp-content\\\/uploads\\\/2021\\\/08\\\/logoPonsapng.png\",\"contentUrl\":\"https:\\\/\\\/ponsa.com\\\/wp-content\\\/uploads\\\/2021\\\/08\\\/logoPonsapng.png\",\"width\":2289,\"height\":808,\"caption\":\"INDUSTRIAS PONSA S.A.\"},\"image\":{\"@id\":\"https:\\\/\\\/ponsa.com\\\/#\\\/schema\\\/logo\\\/image\\\/\"},\"sameAs\":[\"https:\\\/\\\/www.facebook.com\\\/IndustriasPONSA\",\"https:\\\/\\\/www.instagram.com\\\/ind.ponsa\\\/\",\"https:\\\/\\\/es.linkedin.com\\\/company\\\/industrias-ponsa-sa\",\"https:\\\/\\\/www.youtube.com\\\/channel\\\/UCxvfSBJQlBhV1aOQo-wXIoQ\"]}]}<\/script>\n<!-- \/ Yoast SEO plugin. -->","yoast_head_json":{"title":"BENZI TEHNICE","description":"Industrias Ponsa a fost unul dintre primii produc\u0103tori din Europa care a produs benzi tehnice cu fibre de ultim\u0103 genera\u021bie.","robots":{"index":"index","follow":"follow","max-snippet":"max-snippet:-1","max-image-preview":"max-image-preview:large","max-video-preview":"max-video-preview:-1"},"canonical":"https:\/\/ponsa.com\/ro\/benzi-textile\/benzi-tehnice\/","og_locale":"ro_RO","og_type":"article","og_title":"BENZI TEHNICE","og_description":"Industrias Ponsa a fost unul dintre primii produc\u0103tori din Europa care a produs benzi tehnice cu fibre de ultim\u0103 genera\u021bie.","og_url":"https:\/\/ponsa.com\/ro\/benzi-textile\/benzi-tehnice\/","og_site_name":"Industrias Ponsa","article_publisher":"https:\/\/www.facebook.com\/IndustriasPONSA","article_modified_time":"2020-07-23T15:16:56+00:00","twitter_card":"summary_large_image","twitter_misc":{"Est. reading time":"5 minutes"},"schema":{"@context":"https:\/\/schema.org","@graph":[{"@type":"WebPage","@id":"https:\/\/ponsa.com\/ro\/benzi-textile\/benzi-tehnice\/","url":"https:\/\/ponsa.com\/ro\/benzi-textile\/benzi-tehnice\/","name":"BENZI TEHNICE","isPartOf":{"@id":"https:\/\/ponsa.com\/#website"},"datePublished":"2017-01-26T17:29:10+00:00","dateModified":"2020-07-23T15:16:56+00:00","description":"Industrias Ponsa a fost unul dintre primii produc\u0103tori din Europa care a produs benzi tehnice cu fibre de ultim\u0103 genera\u021bie.","breadcrumb":{"@id":"https:\/\/ponsa.com\/ro\/benzi-textile\/benzi-tehnice\/#breadcrumb"},"inLanguage":"ro-RO","potentialAction":[{"@type":"ReadAction","target":["https:\/\/ponsa.com\/ro\/benzi-textile\/benzi-tehnice\/"]}]},{"@type":"BreadcrumbList","@id":"https:\/\/ponsa.com\/ro\/benzi-textile\/benzi-tehnice\/#breadcrumb","itemListElement":[{"@type":"ListItem","position":1,"name":"Portada","item":"https:\/\/ponsa.com\/ro\/"},{"@type":"ListItem","position":2,"name":"BENZI TEXTILE","item":"https:\/\/ponsa.com\/ro\/benzi-textile\/"},{"@type":"ListItem","position":3,"name":"BENZI TEHNICE"}]},{"@type":"WebSite","@id":"https:\/\/ponsa.com\/#website","url":"https:\/\/ponsa.com\/","name":"Industrias Ponsa","description":"Fabricante de Cintas Textiles","publisher":{"@id":"https:\/\/ponsa.com\/#organization"},"potentialAction":[{"@type":"SearchAction","target":{"@type":"EntryPoint","urlTemplate":"https:\/\/ponsa.com\/?s={search_term_string}"},"query-input":{"@type":"PropertyValueSpecification","valueRequired":true,"valueName":"search_term_string"}}],"inLanguage":"ro-RO"},{"@type":"Organization","@id":"https:\/\/ponsa.com\/#organization","name":"INDUSTRIAS PONSA S.A.","url":"https:\/\/ponsa.com\/","logo":{"@type":"ImageObject","inLanguage":"ro-RO","@id":"https:\/\/ponsa.com\/#\/schema\/logo\/image\/","url":"https:\/\/ponsa.com\/wp-content\/uploads\/2021\/08\/logoPonsapng.png","contentUrl":"https:\/\/ponsa.com\/wp-content\/uploads\/2021\/08\/logoPonsapng.png","width":2289,"height":808,"caption":"INDUSTRIAS PONSA S.A."},"image":{"@id":"https:\/\/ponsa.com\/#\/schema\/logo\/image\/"},"sameAs":["https:\/\/www.facebook.com\/IndustriasPONSA","https:\/\/www.instagram.com\/ind.ponsa\/","https:\/\/es.linkedin.com\/company\/industrias-ponsa-sa","https:\/\/www.youtube.com\/channel\/UCxvfSBJQlBhV1aOQo-wXIoQ"]}]}},"_links":{"self":[{"href":"https:\/\/ponsa.com\/ro\/wp-json\/wp\/v2\/pages\/12914","targetHints":{"allow":["GET"]}}],"collection":[{"href":"https:\/\/ponsa.com\/ro\/wp-json\/wp\/v2\/pages"}],"about":[{"href":"https:\/\/ponsa.com\/ro\/wp-json\/wp\/v2\/types\/page"}],"author":[{"embeddable":true,"href":"https:\/\/ponsa.com\/ro\/wp-json\/wp\/v2\/users\/2"}],"replies":[{"embeddable":true,"href":"https:\/\/ponsa.com\/ro\/wp-json\/wp\/v2\/comments?post=12914"}],"version-history":[{"count":3,"href":"https:\/\/ponsa.com\/ro\/wp-json\/wp\/v2\/pages\/12914\/revisions"}],"predecessor-version":[{"id":14567,"href":"https:\/\/ponsa.com\/ro\/wp-json\/wp\/v2\/pages\/12914\/revisions\/14567"}],"up":[{"embeddable":true,"href":"https:\/\/ponsa.com\/ro\/wp-json\/wp\/v2\/pages\/12910"}],"wp:attachment":[{"href":"https:\/\/ponsa.com\/ro\/wp-json\/wp\/v2\/media?parent=12914"}],"curies":[{"name":"wp","href":"https:\/\/api.w.org\/{rel}","templated":true}]}}