{"id":12910,"date":"2017-06-15T10:32:01","date_gmt":"2017-06-15T10:32:01","guid":{"rendered":"https:\/\/ponsa.com\/cintas\/"},"modified":"2020-07-28T06:21:35","modified_gmt":"2020-07-28T06:21:35","slug":"benzi-textile","status":"publish","type":"page","link":"https:\/\/ponsa.com\/ro\/benzi-textile\/","title":{"rendered":"BENZI TEXTILE"},"content":{"rendered":"<p><div class=\"fusion-fullwidth fullwidth-box fusion-builder-row-1 fusion-flex-container hundred-percent-fullwidth non-hundred-percent-height-scrolling\" style=\"--awb-border-radius-top-left:0px;--awb-border-radius-top-right:0px;--awb-border-radius-bottom-right:0px;--awb-border-radius-bottom-left:0px;--awb-padding-top:0px;--awb-padding-bottom:0px;--awb-flex-wrap:wrap;\" ><div class=\"fusion-builder-row fusion-row fusion-flex-align-items-flex-start fusion-flex-content-wrap\" style=\"width:calc( 100% + 0px ) !important;max-width:calc( 100% + 0px ) !important;margin-left: calc(-0px \/ 2 );margin-right: calc(-0px \/ 2 );\"><\/div><\/div><div class=\"fusion-fullwidth fullwidth-box fusion-builder-row-2 fusion-flex-container nonhundred-percent-fullwidth non-hundred-percent-height-scrolling\" style=\"--awb-border-radius-top-left:0px;--awb-border-radius-top-right:0px;--awb-border-radius-bottom-right:0px;--awb-border-radius-bottom-left:0px;--awb-padding-top:0px;--awb-padding-bottom:5px;--awb-flex-wrap:wrap;\" ><div class=\"fusion-builder-row fusion-row fusion-flex-align-items-flex-start fusion-flex-content-wrap\" style=\"max-width:calc( 1200px + 0px );margin-left: calc(-0px \/ 2 );margin-right: calc(-0px \/ 2 );\"><div class=\"fusion-layout-column fusion_builder_column fusion-builder-column-0 fusion_builder_column_1_1 1_1 fusion-flex-column\" style=\"--awb-padding-bottom:0px;--awb-bg-size:cover;--awb-width-large:100%;--awb-margin-top-large:0px;--awb-spacing-right-large:0px;--awb-margin-bottom-large:0px;--awb-spacing-left-large:0px;--awb-width-medium:100%;--awb-spacing-right-medium:0px;--awb-spacing-left-medium:0px;--awb-width-small:100%;--awb-spacing-right-small:0px;--awb-spacing-left-small:0px;\"><div class=\"fusion-column-wrapper fusion-flex-justify-content-flex-start fusion-content-layout-column\"><div class=\"fusion-text fusion-text-1\"><h2 style=\"text-align: center;\"><span class=\"titulo1\">BENZI TEXTILE<\/span><\/h2>\n<p style=\"text-align: justify;\">\u00cen 1973, Ponsa a \u00eenceput s\u0103-\u0219i produc\u0103 propriile fire de polipropilen\u0103. Activitatea principal\u0103 este fabricarea de benzi tehnice de \u00eenalt\u0103 calitate, cu fibre de ultim\u0103 genera\u021bie, precum poliester, polipropilen\u0103, polietilen\u0103 &#8211; UHMPE Dyneema\u00ae, Para Aramides, Kevlar\u00ae, Twaron\u00ae, Technora\u00ae, M-Aramides, Nomex\u00ae, Kermel\u00ae \u0219i fibre de carbon printre altele. Industrias Ponsa produce, de asemenea, produse finite, cum ar fi chingi pentru ridicarea \u00eenc\u0103rc\u0103turilor, chingi \u0219i elemente de ancorare, hamuri de siguran\u021b\u0103 pentru protec\u021bia \u00eempotriva c\u0103derilor \u0219i multe altele.<\/p>\n<\/div><\/div><\/div><\/div><\/div><div class=\"fusion-fullwidth fullwidth-box fusion-builder-row-3 fusion-flex-container nonhundred-percent-fullwidth non-hundred-percent-height-scrolling\" style=\"--awb-border-radius-top-left:0px;--awb-border-radius-top-right:0px;--awb-border-radius-bottom-right:0px;--awb-border-radius-bottom-left:0px;--awb-padding-top:20px;--awb-padding-bottom:20px;--awb-flex-wrap:wrap;\" ><div class=\"fusion-builder-row fusion-row fusion-flex-align-items-flex-start fusion-flex-content-wrap\" style=\"max-width:calc( 1200px + 0px );margin-left: calc(-0px \/ 2 );margin-right: calc(-0px \/ 2 );\"><div class=\"fusion-layout-column fusion_builder_column fusion-builder-column-1 fusion_builder_column_1_5 1_5 fusion-flex-column fusion-column-inner-bg-wrapper\" style=\"--awb-inner-bg-size:cover;--awb-border-color:#ffffff;--awb-border-right:10px;--awb-border-style:solid;--awb-width-large:20%;--awb-margin-top-large:0px;--awb-spacing-right-large:0px;--awb-margin-bottom-large:20px;--awb-spacing-left-large:0px;--awb-width-medium:20%;--awb-spacing-right-medium:0px;--awb-spacing-left-medium:0px;--awb-width-small:100%;--awb-spacing-right-small:0px;--awb-spacing-left-small:0px;\"><span class=\"fusion-column-inner-bg hover-type-none\"><a class=\"fusion-column-anchor\" href=\"https:\/\/ponsa.com\/ro\/benzi-textile\/benzi-standard\/\"><span class=\"fusion-column-inner-bg-image\"><\/span><\/a><\/span><div class=\"fusion-column-wrapper fusion-flex-justify-content-flex-start fusion-content-layout-column\"><div class=\"fusion-image-element \" style=\"text-align:center;--awb-caption-title-font-family:var(--h2_typography-font-family);--awb-caption-title-font-weight:var(--h2_typography-font-weight);--awb-caption-title-font-style:var(--h2_typography-font-style);--awb-caption-title-size:var(--h2_typography-font-size);--awb-caption-title-transform:var(--h2_typography-text-transform);--awb-caption-title-line-height:var(--h2_typography-line-height);--awb-caption-title-letter-spacing:var(--h2_typography-letter-spacing);\"><span class=\" fusion-imageframe imageframe-none imageframe-1 hover-type-none\"><img decoding=\"async\" width=\"1000\" height=\"1000\" alt=\"Industrias Ponsa asegura la mejor calidad en todas sus cintas de polipropileno debido principalmente a: Larga y contrastada experiencia en el mundo textil. Fabricaci\u00f3n propia del hilo de polipropileno desde 1973. Ver ventajas (hilo polipropileno). Excelente resistencia a los \u00e1cidos y alcalinos. No absorbe ni el agua ni la suciedad.\" title=\"CINTAS DE POLIPROPILENO\" src=\"https:\/\/ponsa.com\/wp-content\/uploads\/2017\/05\/polypropileno.jpg\" class=\"img-responsive wp-image-1786\" srcset=\"https:\/\/ponsa.com\/wp-content\/uploads\/2017\/05\/polypropileno-200x200.jpg 200w, https:\/\/ponsa.com\/wp-content\/uploads\/2017\/05\/polypropileno-400x400.jpg 400w, https:\/\/ponsa.com\/wp-content\/uploads\/2017\/05\/polypropileno-600x600.jpg 600w, https:\/\/ponsa.com\/wp-content\/uploads\/2017\/05\/polypropileno-800x800.jpg 800w, https:\/\/ponsa.com\/wp-content\/uploads\/2017\/05\/polypropileno.jpg 1000w\" sizes=\"(max-width: 640px) 100vw, 400px\" \/><\/span><\/div><div class=\"fusion-text fusion-text-2\"><p style=\"text-align: center;\"><span style=\"text-decoration: underline;\"><strong>BENZI STANDARD<\/strong><\/span><\/p>\n<\/div><\/div><\/div><div class=\"fusion-layout-column fusion_builder_column fusion-builder-column-2 fusion_builder_column_1_5 1_5 fusion-flex-column fusion-column-inner-bg-wrapper\" style=\"--awb-inner-bg-size:cover;--awb-border-color:#ffffff;--awb-border-right:10px;--awb-border-style:solid;--awb-width-large:20%;--awb-margin-top-large:0px;--awb-spacing-right-large:0px;--awb-margin-bottom-large:20px;--awb-spacing-left-large:0px;--awb-width-medium:20%;--awb-spacing-right-medium:0px;--awb-spacing-left-medium:0px;--awb-width-small:100%;--awb-spacing-right-small:0px;--awb-spacing-left-small:0px;\"><span class=\"fusion-column-inner-bg hover-type-none\"><a class=\"fusion-column-anchor\" href=\"https:\/\/ponsa.com\/ro\/benzi-textile\/benzi-tehnice\/\"><span class=\"fusion-column-inner-bg-image\"><\/span><\/a><\/span><div class=\"fusion-column-wrapper fusion-flex-justify-content-flex-start fusion-content-layout-column\"><div class=\"fusion-image-element \" style=\"text-align:center;--awb-caption-title-font-family:var(--h2_typography-font-family);--awb-caption-title-font-weight:var(--h2_typography-font-weight);--awb-caption-title-font-style:var(--h2_typography-font-style);--awb-caption-title-size:var(--h2_typography-font-size);--awb-caption-title-transform:var(--h2_typography-text-transform);--awb-caption-title-line-height:var(--h2_typography-line-height);--awb-caption-title-letter-spacing:var(--h2_typography-letter-spacing);\"><span class=\" fusion-imageframe imageframe-none imageframe-2 hover-type-none\"><img decoding=\"async\" width=\"1000\" height=\"1000\" alt=\"IR TRATAMIENTO DE INFRARROJOS De entre todas las cintas, destacamos la fabricaci\u00f3n de cintas con tratamiento de infrarrojos (IR).\" title=\"CINTAS MILITARES \u2013 CAMUFLAJE\" src=\"https:\/\/ponsa.com\/wp-content\/uploads\/2017\/06\/COLCHONES10.jpg\" class=\"img-responsive wp-image-1885\" srcset=\"https:\/\/ponsa.com\/wp-content\/uploads\/2017\/06\/COLCHONES10-200x200.jpg 200w, https:\/\/ponsa.com\/wp-content\/uploads\/2017\/06\/COLCHONES10-400x400.jpg 400w, https:\/\/ponsa.com\/wp-content\/uploads\/2017\/06\/COLCHONES10-600x600.jpg 600w, https:\/\/ponsa.com\/wp-content\/uploads\/2017\/06\/COLCHONES10-800x800.jpg 800w, https:\/\/ponsa.com\/wp-content\/uploads\/2017\/06\/COLCHONES10.jpg 1000w\" sizes=\"(max-width: 640px) 100vw, 400px\" \/><\/span><\/div><div class=\"fusion-text fusion-text-3\"><p style=\"text-align: center;\"><span style=\"text-decoration: underline;\"><strong>BENZI TEHNICE<\/strong><\/span><\/p>\n<\/div><\/div><\/div><div class=\"fusion-layout-column fusion_builder_column fusion-builder-column-3 fusion_builder_column_1_5 1_5 fusion-flex-column fusion-column-inner-bg-wrapper\" style=\"--awb-inner-bg-size:cover;--awb-border-color:#ffffff;--awb-border-right:10px;--awb-border-style:solid;--awb-width-large:20%;--awb-margin-top-large:0px;--awb-spacing-right-large:0px;--awb-margin-bottom-large:20px;--awb-spacing-left-large:0px;--awb-width-medium:20%;--awb-spacing-right-medium:0px;--awb-spacing-left-medium:0px;--awb-width-small:100%;--awb-spacing-right-small:0px;--awb-spacing-left-small:0px;\"><span class=\"fusion-column-inner-bg hover-type-none\"><a class=\"fusion-column-anchor\" href=\"https:\/\/ponsa.com\/ro\/benzi-textile\/benzi-cu-tratamente\/\"><span class=\"fusion-column-inner-bg-image\"><\/span><\/a><\/span><div class=\"fusion-column-wrapper fusion-flex-justify-content-flex-start fusion-content-layout-column\"><div class=\"fusion-image-element \" style=\"text-align:center;--awb-caption-title-font-family:var(--h2_typography-font-family);--awb-caption-title-font-weight:var(--h2_typography-font-weight);--awb-caption-title-font-style:var(--h2_typography-font-style);--awb-caption-title-size:var(--h2_typography-font-size);--awb-caption-title-transform:var(--h2_typography-text-transform);--awb-caption-title-line-height:var(--h2_typography-line-height);--awb-caption-title-letter-spacing:var(--h2_typography-letter-spacing);\"><span class=\" fusion-imageframe imageframe-none imageframe-3 hover-type-none\"><img decoding=\"async\" width=\"1000\" height=\"1000\" title=\"flame-retardant\" src=\"https:\/\/ponsa.com\/wp-content\/uploads\/2019\/07\/flame-retardant-1.jpg\" alt class=\"img-responsive wp-image-9370\" srcset=\"https:\/\/ponsa.com\/wp-content\/uploads\/2019\/07\/flame-retardant-1-200x200.jpg 200w, https:\/\/ponsa.com\/wp-content\/uploads\/2019\/07\/flame-retardant-1-400x400.jpg 400w, https:\/\/ponsa.com\/wp-content\/uploads\/2019\/07\/flame-retardant-1-600x600.jpg 600w, https:\/\/ponsa.com\/wp-content\/uploads\/2019\/07\/flame-retardant-1-800x800.jpg 800w, https:\/\/ponsa.com\/wp-content\/uploads\/2019\/07\/flame-retardant-1.jpg 1000w\" sizes=\"(max-width: 640px) 100vw, 400px\" \/><\/span><\/div><div class=\"fusion-text fusion-text-4\"><p style=\"text-align: center;\"><strong><span style=\"text-decoration: underline;\">TRATAMENTE<\/span><\/strong><\/p>\n<\/div><\/div><\/div><div class=\"fusion-layout-column fusion_builder_column fusion-builder-column-4 fusion_builder_column_1_5 1_5 fusion-flex-column fusion-column-inner-bg-wrapper\" style=\"--awb-inner-bg-size:cover;--awb-border-color:#ffffff;--awb-border-right:10px;--awb-border-style:solid;--awb-width-large:20%;--awb-margin-top-large:0px;--awb-spacing-right-large:0px;--awb-margin-bottom-large:20px;--awb-spacing-left-large:0px;--awb-width-medium:20%;--awb-spacing-right-medium:0px;--awb-spacing-left-medium:0px;--awb-width-small:100%;--awb-spacing-right-small:0px;--awb-spacing-left-small:0px;\"><span class=\"fusion-column-inner-bg hover-type-none\"><a class=\"fusion-column-anchor\" href=\"https:\/\/ponsa.com\/ro\/benzi-textile\/finisaje\/\"><span class=\"fusion-column-inner-bg-image\"><\/span><\/a><\/span><div class=\"fusion-column-wrapper fusion-flex-justify-content-flex-start fusion-content-layout-column\"><div class=\"fusion-image-element \" style=\"text-align:center;--awb-caption-title-font-family:var(--h2_typography-font-family);--awb-caption-title-font-weight:var(--h2_typography-font-weight);--awb-caption-title-font-style:var(--h2_typography-font-style);--awb-caption-title-size:var(--h2_typography-font-size);--awb-caption-title-transform:var(--h2_typography-text-transform);--awb-caption-title-line-height:var(--h2_typography-line-height);--awb-caption-title-letter-spacing:var(--h2_typography-letter-spacing);\"><span class=\" fusion-imageframe imageframe-none imageframe-4 hover-type-none\"><img decoding=\"async\" width=\"1000\" height=\"1000\" title=\"plotter\" src=\"https:\/\/ponsa.com\/wp-content\/uploads\/2019\/07\/plotter.jpg\" alt class=\"img-responsive wp-image-9416\" srcset=\"https:\/\/ponsa.com\/wp-content\/uploads\/2019\/07\/plotter-200x200.jpg 200w, https:\/\/ponsa.com\/wp-content\/uploads\/2019\/07\/plotter-400x400.jpg 400w, https:\/\/ponsa.com\/wp-content\/uploads\/2019\/07\/plotter-600x600.jpg 600w, https:\/\/ponsa.com\/wp-content\/uploads\/2019\/07\/plotter-800x800.jpg 800w, https:\/\/ponsa.com\/wp-content\/uploads\/2019\/07\/plotter.jpg 1000w\" sizes=\"(max-width: 640px) 100vw, 400px\" \/><\/span><\/div><div class=\"fusion-text fusion-text-5\"><p style=\"text-align: center;\"><span style=\"text-decoration: underline;\"><strong>FINISAJE<\/strong><\/span><\/p>\n<\/div><\/div><\/div><div class=\"fusion-layout-column fusion_builder_column fusion-builder-column-5 fusion_builder_column_1_5 1_5 fusion-flex-column fusion-column-inner-bg-wrapper\" style=\"--awb-inner-bg-size:cover;--awb-border-color:#ffffff;--awb-border-right:10px;--awb-border-style:solid;--awb-width-large:20%;--awb-margin-top-large:0px;--awb-spacing-right-large:0px;--awb-margin-bottom-large:20px;--awb-spacing-left-large:0px;--awb-width-medium:20%;--awb-spacing-right-medium:0px;--awb-spacing-left-medium:0px;--awb-width-small:100%;--awb-spacing-right-small:0px;--awb-spacing-left-small:0px;\"><span class=\"fusion-column-inner-bg hover-type-none\"><a class=\"fusion-column-anchor\" href=\"https:\/\/ponsa.com\/ro\/benzi-textile\/aplicatiile-chingilor\/\"><span class=\"fusion-column-inner-bg-image\"><\/span><\/a><\/span><div class=\"fusion-column-wrapper fusion-flex-justify-content-flex-start fusion-content-layout-column\"><div class=\"fusion-image-element \" style=\"text-align:center;--awb-caption-title-font-family:var(--h2_typography-font-family);--awb-caption-title-font-weight:var(--h2_typography-font-weight);--awb-caption-title-font-style:var(--h2_typography-font-style);--awb-caption-title-size:var(--h2_typography-font-size);--awb-caption-title-transform:var(--h2_typography-text-transform);--awb-caption-title-line-height:var(--h2_typography-line-height);--awb-caption-title-letter-spacing:var(--h2_typography-letter-spacing);\"><span class=\" fusion-imageframe imageframe-none imageframe-5 hover-type-none\"><img decoding=\"async\" width=\"1000\" height=\"1000\" title=\"CINTAS PARA COMPONENTES DE AUTOM\u00d3VILES\" src=\"https:\/\/ponsa.com\/wp-content\/uploads\/2017\/05\/automoviles.jpg\" alt class=\"img-responsive wp-image-5091\" srcset=\"https:\/\/ponsa.com\/wp-content\/uploads\/2017\/05\/automoviles-200x200.jpg 200w, https:\/\/ponsa.com\/wp-content\/uploads\/2017\/05\/automoviles-400x400.jpg 400w, https:\/\/ponsa.com\/wp-content\/uploads\/2017\/05\/automoviles-600x600.jpg 600w, https:\/\/ponsa.com\/wp-content\/uploads\/2017\/05\/automoviles-800x800.jpg 800w, https:\/\/ponsa.com\/wp-content\/uploads\/2017\/05\/automoviles.jpg 1000w\" sizes=\"(max-width: 640px) 100vw, 400px\" \/><\/span><\/div><div class=\"fusion-text fusion-text-6\"><p style=\"text-align: center;\"><strong><span style=\"text-decoration: underline;\">APLICA\u021aII<\/span><\/strong><\/p>\n<\/div><\/div><\/div><\/div><\/div><\/p>\n","protected":false},"excerpt":{"rendered":"","protected":false},"author":4,"featured_media":0,"parent":0,"menu_order":0,"comment_status":"closed","ping_status":"closed","template":"100-width.php","meta":{"ngg_post_thumbnail":0,"footnotes":""},"class_list":["post-12910","page","type-page","status-publish","hentry"],"yoast_head":"<!-- This site is optimized with the Yoast SEO plugin v27.1.1 - https:\/\/yoast.com\/product\/yoast-seo-wordpress\/ -->\n<title>BENZI TEXTILE<\/title>\n<meta name=\"description\" content=\"\u00cen 1973, Ponsa a \u00eenceput s\u0103-\u0219i produc\u0103 propriile fire de polipropilen\u0103. Activitatea principal\u0103 este fabricarea de benzi tehnice de \u00eenalt\u0103 calitate\" \/>\n<meta name=\"robots\" content=\"index, follow, max-snippet:-1, max-image-preview:large, max-video-preview:-1\" \/>\n<link rel=\"canonical\" href=\"https:\/\/ponsa.com\/ro\/benzi-textile\/\" \/>\n<meta property=\"og:locale\" content=\"ro_RO\" \/>\n<meta property=\"og:type\" content=\"article\" \/>\n<meta property=\"og:title\" content=\"BENZI TEXTILE\" \/>\n<meta property=\"og:description\" content=\"\u00cen 1973, Ponsa a \u00eenceput s\u0103-\u0219i produc\u0103 propriile fire de polipropilen\u0103. Activitatea principal\u0103 este fabricarea de benzi tehnice de \u00eenalt\u0103 calitate\" \/>\n<meta property=\"og:url\" content=\"https:\/\/ponsa.com\/ro\/benzi-textile\/\" \/>\n<meta property=\"og:site_name\" content=\"Industrias Ponsa\" \/>\n<meta property=\"article:publisher\" content=\"https:\/\/www.facebook.com\/IndustriasPONSA\" \/>\n<meta property=\"article:modified_time\" content=\"2020-07-28T06:21:35+00:00\" \/>\n<meta name=\"twitter:card\" content=\"summary_large_image\" \/>\n<meta name=\"twitter:label1\" content=\"Est. reading time\" \/>\n\t<meta name=\"twitter:data1\" content=\"6 minutes\" \/>\n<script type=\"application\/ld+json\" class=\"yoast-schema-graph\">{\"@context\":\"https:\/\/schema.org\",\"@graph\":[{\"@type\":\"WebPage\",\"@id\":\"https:\/\/ponsa.com\/ro\/benzi-textile\/\",\"url\":\"https:\/\/ponsa.com\/ro\/benzi-textile\/\",\"name\":\"BENZI TEXTILE\",\"isPartOf\":{\"@id\":\"https:\/\/ponsa.com\/#website\"},\"datePublished\":\"2017-06-15T10:32:01+00:00\",\"dateModified\":\"2020-07-28T06:21:35+00:00\",\"description\":\"\u00cen 1973, Ponsa a \u00eenceput s\u0103-\u0219i produc\u0103 propriile fire de polipropilen\u0103. Activitatea principal\u0103 este fabricarea de benzi tehnice de \u00eenalt\u0103 calitate\",\"breadcrumb\":{\"@id\":\"https:\/\/ponsa.com\/ro\/benzi-textile\/#breadcrumb\"},\"inLanguage\":\"ro-RO\",\"potentialAction\":[{\"@type\":\"ReadAction\",\"target\":[\"https:\/\/ponsa.com\/ro\/benzi-textile\/\"]}]},{\"@type\":\"BreadcrumbList\",\"@id\":\"https:\/\/ponsa.com\/ro\/benzi-textile\/#breadcrumb\",\"itemListElement\":[{\"@type\":\"ListItem\",\"position\":1,\"name\":\"Portada\",\"item\":\"https:\/\/ponsa.com\/ro\/\"},{\"@type\":\"ListItem\",\"position\":2,\"name\":\"BENZI TEXTILE\"}]},{\"@type\":\"WebSite\",\"@id\":\"https:\/\/ponsa.com\/#website\",\"url\":\"https:\/\/ponsa.com\/\",\"name\":\"Industrias Ponsa\",\"description\":\"Fabricante de Cintas Textiles\",\"publisher\":{\"@id\":\"https:\/\/ponsa.com\/#organization\"},\"potentialAction\":[{\"@type\":\"SearchAction\",\"target\":{\"@type\":\"EntryPoint\",\"urlTemplate\":\"https:\/\/ponsa.com\/?s={search_term_string}\"},\"query-input\":{\"@type\":\"PropertyValueSpecification\",\"valueRequired\":true,\"valueName\":\"search_term_string\"}}],\"inLanguage\":\"ro-RO\"},{\"@type\":\"Organization\",\"@id\":\"https:\/\/ponsa.com\/#organization\",\"name\":\"INDUSTRIAS PONSA S.A.\",\"url\":\"https:\/\/ponsa.com\/\",\"logo\":{\"@type\":\"ImageObject\",\"inLanguage\":\"ro-RO\",\"@id\":\"https:\/\/ponsa.com\/#\/schema\/logo\/image\/\",\"url\":\"https:\/\/ponsa.com\/wp-content\/uploads\/2021\/08\/logoPonsapng.png\",\"contentUrl\":\"https:\/\/ponsa.com\/wp-content\/uploads\/2021\/08\/logoPonsapng.png\",\"width\":2289,\"height\":808,\"caption\":\"INDUSTRIAS PONSA S.A.\"},\"image\":{\"@id\":\"https:\/\/ponsa.com\/#\/schema\/logo\/image\/\"},\"sameAs\":[\"https:\/\/www.facebook.com\/IndustriasPONSA\",\"https:\/\/www.instagram.com\/ind.ponsa\/\",\"https:\/\/es.linkedin.com\/company\/industrias-ponsa-sa\",\"https:\/\/www.youtube.com\/channel\/UCxvfSBJQlBhV1aOQo-wXIoQ\"]}]}<\/script>\n<!-- \/ Yoast SEO plugin. -->","yoast_head_json":{"title":"BENZI TEXTILE","description":"\u00cen 1973, Ponsa a \u00eenceput s\u0103-\u0219i produc\u0103 propriile fire de polipropilen\u0103. Activitatea principal\u0103 este fabricarea de benzi tehnice de \u00eenalt\u0103 calitate","robots":{"index":"index","follow":"follow","max-snippet":"max-snippet:-1","max-image-preview":"max-image-preview:large","max-video-preview":"max-video-preview:-1"},"canonical":"https:\/\/ponsa.com\/ro\/benzi-textile\/","og_locale":"ro_RO","og_type":"article","og_title":"BENZI TEXTILE","og_description":"\u00cen 1973, Ponsa a \u00eenceput s\u0103-\u0219i produc\u0103 propriile fire de polipropilen\u0103. Activitatea principal\u0103 este fabricarea de benzi tehnice de \u00eenalt\u0103 calitate","og_url":"https:\/\/ponsa.com\/ro\/benzi-textile\/","og_site_name":"Industrias Ponsa","article_publisher":"https:\/\/www.facebook.com\/IndustriasPONSA","article_modified_time":"2020-07-28T06:21:35+00:00","twitter_card":"summary_large_image","twitter_misc":{"Est. reading time":"6 minutes"},"schema":{"@context":"https:\/\/schema.org","@graph":[{"@type":"WebPage","@id":"https:\/\/ponsa.com\/ro\/benzi-textile\/","url":"https:\/\/ponsa.com\/ro\/benzi-textile\/","name":"BENZI TEXTILE","isPartOf":{"@id":"https:\/\/ponsa.com\/#website"},"datePublished":"2017-06-15T10:32:01+00:00","dateModified":"2020-07-28T06:21:35+00:00","description":"\u00cen 1973, Ponsa a \u00eenceput s\u0103-\u0219i produc\u0103 propriile fire de polipropilen\u0103. Activitatea principal\u0103 este fabricarea de benzi tehnice de \u00eenalt\u0103 calitate","breadcrumb":{"@id":"https:\/\/ponsa.com\/ro\/benzi-textile\/#breadcrumb"},"inLanguage":"ro-RO","potentialAction":[{"@type":"ReadAction","target":["https:\/\/ponsa.com\/ro\/benzi-textile\/"]}]},{"@type":"BreadcrumbList","@id":"https:\/\/ponsa.com\/ro\/benzi-textile\/#breadcrumb","itemListElement":[{"@type":"ListItem","position":1,"name":"Portada","item":"https:\/\/ponsa.com\/ro\/"},{"@type":"ListItem","position":2,"name":"BENZI TEXTILE"}]},{"@type":"WebSite","@id":"https:\/\/ponsa.com\/#website","url":"https:\/\/ponsa.com\/","name":"Industrias Ponsa","description":"Fabricante de Cintas Textiles","publisher":{"@id":"https:\/\/ponsa.com\/#organization"},"potentialAction":[{"@type":"SearchAction","target":{"@type":"EntryPoint","urlTemplate":"https:\/\/ponsa.com\/?s={search_term_string}"},"query-input":{"@type":"PropertyValueSpecification","valueRequired":true,"valueName":"search_term_string"}}],"inLanguage":"ro-RO"},{"@type":"Organization","@id":"https:\/\/ponsa.com\/#organization","name":"INDUSTRIAS PONSA S.A.","url":"https:\/\/ponsa.com\/","logo":{"@type":"ImageObject","inLanguage":"ro-RO","@id":"https:\/\/ponsa.com\/#\/schema\/logo\/image\/","url":"https:\/\/ponsa.com\/wp-content\/uploads\/2021\/08\/logoPonsapng.png","contentUrl":"https:\/\/ponsa.com\/wp-content\/uploads\/2021\/08\/logoPonsapng.png","width":2289,"height":808,"caption":"INDUSTRIAS PONSA S.A."},"image":{"@id":"https:\/\/ponsa.com\/#\/schema\/logo\/image\/"},"sameAs":["https:\/\/www.facebook.com\/IndustriasPONSA","https:\/\/www.instagram.com\/ind.ponsa\/","https:\/\/es.linkedin.com\/company\/industrias-ponsa-sa","https:\/\/www.youtube.com\/channel\/UCxvfSBJQlBhV1aOQo-wXIoQ"]}]}},"_links":{"self":[{"href":"https:\/\/ponsa.com\/ro\/wp-json\/wp\/v2\/pages\/12910","targetHints":{"allow":["GET"]}}],"collection":[{"href":"https:\/\/ponsa.com\/ro\/wp-json\/wp\/v2\/pages"}],"about":[{"href":"https:\/\/ponsa.com\/ro\/wp-json\/wp\/v2\/types\/page"}],"author":[{"embeddable":true,"href":"https:\/\/ponsa.com\/ro\/wp-json\/wp\/v2\/users\/4"}],"replies":[{"embeddable":true,"href":"https:\/\/ponsa.com\/ro\/wp-json\/wp\/v2\/comments?post=12910"}],"version-history":[{"count":3,"href":"https:\/\/ponsa.com\/ro\/wp-json\/wp\/v2\/pages\/12910\/revisions"}],"predecessor-version":[{"id":14761,"href":"https:\/\/ponsa.com\/ro\/wp-json\/wp\/v2\/pages\/12910\/revisions\/14761"}],"wp:attachment":[{"href":"https:\/\/ponsa.com\/ro\/wp-json\/wp\/v2\/media?parent=12910"}],"curies":[{"name":"wp","href":"https:\/\/api.w.org\/{rel}","templated":true}]}}