{"id":4874,"date":"2017-05-09T07:45:39","date_gmt":"2017-05-09T07:45:39","guid":{"rendered":"https:\/\/ponsa.com\/elevacion\/"},"modified":"2023-07-07T07:43:59","modified_gmt":"2023-07-07T07:43:59","slug":"sollevamento","status":"publish","type":"page","link":"https:\/\/ponsa.com\/it\/sollevamento\/","title":{"rendered":"Sollevamento"},"content":{"rendered":"<p><div class=\"fusion-fullwidth fullwidth-box fusion-builder-row-1 fusion-flex-container nonhundred-percent-fullwidth non-hundred-percent-height-scrolling\" style=\"--awb-border-radius-top-left:0px;--awb-border-radius-top-right:0px;--awb-border-radius-bottom-right:0px;--awb-border-radius-bottom-left:0px;--awb-padding-top:0px;--awb-padding-bottom:5px;--awb-flex-wrap:wrap;\" ><div class=\"fusion-builder-row fusion-row fusion-flex-align-items-flex-start fusion-flex-content-wrap\" style=\"max-width:1248px;margin-left: calc(-4% \/ 2 );margin-right: calc(-4% \/ 2 );\"><div class=\"fusion-layout-column fusion_builder_column fusion-builder-column-0 fusion_builder_column_1_1 1_1 fusion-flex-column\" style=\"--awb-padding-bottom:0px;--awb-bg-size:cover;--awb-width-large:100%;--awb-margin-top-large:0px;--awb-spacing-right-large:1.92%;--awb-margin-bottom-large:0px;--awb-spacing-left-large:1.92%;--awb-width-medium:100%;--awb-spacing-right-medium:1.92%;--awb-spacing-left-medium:1.92%;--awb-width-small:100%;--awb-spacing-right-small:1.92%;--awb-spacing-left-small:1.92%;\"><div class=\"fusion-column-wrapper fusion-flex-justify-content-flex-start fusion-content-layout-column\"><div class=\"fusion-text fusion-text-1\"><p style=\"text-align: center;\"><strong> Sollevamento <\/strong><\/p>\n<\/div><div class=\"fusion-text fusion-text-2\"><p>Possiamo produrre questi tessuti in conformit\u00e0 con qualsiasi legislazione, sempre rispettando gli standard di ogni paese. Industrias Ponsa pu\u00f2 fabbricarti con il materiale pi\u00f9 adatto per ogni situazione. Progettati per sollevare carichi, sono leggeri, resistenti e protettivi della merce. Abbiamo una vasta gamma di schede progettate per diverse situazioni. Qualit\u00e0 con certificazione <a href=\"https:\/\/ponsa.com\/en\/certificados\/\">ISO 9001<\/a>. Utilizziamo le ultime tecnologie nel processo di produzione, assicurando che i prodotti soddisfino le pi\u00f9 elevate esigenze del mercato.<\/p>\n<\/div><div class=\"fusion-image-element \" style=\"--awb-caption-title-font-family:var(--h2_typography-font-family);--awb-caption-title-font-weight:var(--h2_typography-font-weight);--awb-caption-title-font-style:var(--h2_typography-font-style);--awb-caption-title-size:var(--h2_typography-font-size);--awb-caption-title-transform:var(--h2_typography-text-transform);--awb-caption-title-line-height:var(--h2_typography-line-height);--awb-caption-title-letter-spacing:var(--h2_typography-letter-spacing);\"><span class=\" fusion-imageframe imageframe-none imageframe-1 hover-type-none\"><img decoding=\"async\" width=\"2083\" height=\"256\" alt=\"Eslingas Ponsa\" title=\"ESLINGAS-PONSA\" src=\"https:\/\/ponsa.com\/wp-content\/uploads\/2022\/03\/ESLINGAS-PONSA.jpg\" class=\"img-responsive wp-image-22970\" srcset=\"https:\/\/ponsa.com\/wp-content\/uploads\/2022\/03\/ESLINGAS-PONSA-200x25.jpg 200w, https:\/\/ponsa.com\/wp-content\/uploads\/2022\/03\/ESLINGAS-PONSA-400x49.jpg 400w, https:\/\/ponsa.com\/wp-content\/uploads\/2022\/03\/ESLINGAS-PONSA-600x74.jpg 600w, https:\/\/ponsa.com\/wp-content\/uploads\/2022\/03\/ESLINGAS-PONSA-800x98.jpg 800w, https:\/\/ponsa.com\/wp-content\/uploads\/2022\/03\/ESLINGAS-PONSA-1200x147.jpg 1200w, https:\/\/ponsa.com\/wp-content\/uploads\/2022\/03\/ESLINGAS-PONSA.jpg 2083w\" sizes=\"(max-width: 640px) 100vw, 1200px\" \/><\/span><\/div><\/div><\/div><\/div><\/div><div class=\"fusion-fullwidth fullwidth-box fusion-builder-row-2 fusion-flex-container nonhundred-percent-fullwidth non-hundred-percent-height-scrolling\" style=\"--awb-border-radius-top-left:0px;--awb-border-radius-top-right:0px;--awb-border-radius-bottom-right:0px;--awb-border-radius-bottom-left:0px;--awb-padding-top:20px;--awb-padding-bottom:20px;--awb-flex-wrap:wrap;\" ><div class=\"fusion-builder-row fusion-row fusion-flex-align-items-flex-start fusion-flex-content-wrap\" style=\"max-width:calc( 1200px + 0px );margin-left: calc(-0px \/ 2 );margin-right: calc(-0px \/ 2 );\"><div class=\"fusion-layout-column fusion_builder_column fusion-builder-column-1 fusion_builder_column_1_5 1_5 fusion-flex-column fusion-column-inner-bg-wrapper\" style=\"--awb-inner-bg-size:cover;--awb-border-color:#d3d3d3;--awb-border-right:1px;--awb-border-style:solid;--awb-width-large:20%;--awb-margin-top-large:0px;--awb-spacing-right-large:0px;--awb-margin-bottom-large:20px;--awb-spacing-left-large:0px;--awb-width-medium:20%;--awb-order-medium:0;--awb-spacing-right-medium:0px;--awb-spacing-left-medium:0px;--awb-width-small:100%;--awb-order-small:0;--awb-spacing-right-small:0px;--awb-spacing-left-small:0px;\"><span class=\"fusion-column-inner-bg hover-type-none\"><a class=\"fusion-column-anchor\" href=\"https:\/\/ponsa.com\/it\/eslingas-textiles\/cinghia-piatta\/\"><span class=\"fusion-column-inner-bg-image\"><\/span><\/a><\/span><div class=\"fusion-column-wrapper fusion-column-has-shadow fusion-flex-justify-content-flex-start fusion-content-layout-column\"><div class=\"fusion-image-element \" style=\"text-align:center;--awb-caption-title-font-family:var(--h2_typography-font-family);--awb-caption-title-font-weight:var(--h2_typography-font-weight);--awb-caption-title-font-style:var(--h2_typography-font-style);--awb-caption-title-size:var(--h2_typography-font-size);--awb-caption-title-transform:var(--h2_typography-text-transform);--awb-caption-title-line-height:var(--h2_typography-line-height);--awb-caption-title-letter-spacing:var(--h2_typography-letter-spacing);\"><span class=\" fusion-imageframe imageframe-none imageframe-2 hover-type-none\"><img decoding=\"async\" width=\"1000\" height=\"1000\" title=\"Eslinga poli\u00e9ster PLANA doble banda para elevaci\u00f3n de cargas\" src=\"https:\/\/ponsa.com\/wp-content\/uploads\/2017\/05\/esligasPlanas1.jpg\" alt class=\"img-responsive wp-image-26325\" srcset=\"https:\/\/ponsa.com\/wp-content\/uploads\/2017\/05\/esligasPlanas1-200x200.jpg 200w, https:\/\/ponsa.com\/wp-content\/uploads\/2017\/05\/esligasPlanas1-400x400.jpg 400w, https:\/\/ponsa.com\/wp-content\/uploads\/2017\/05\/esligasPlanas1-600x600.jpg 600w, https:\/\/ponsa.com\/wp-content\/uploads\/2017\/05\/esligasPlanas1-800x800.jpg 800w, https:\/\/ponsa.com\/wp-content\/uploads\/2017\/05\/esligasPlanas1.jpg 1000w\" sizes=\"(max-width: 640px) 100vw, 400px\" \/><\/span><\/div><div class=\"fusion-text fusion-text-3\"><p style=\"text-align: center;\">CINGHIA PIATTA<\/p>\n<\/div><\/div><\/div><div class=\"fusion-layout-column fusion_builder_column fusion-builder-column-2 fusion_builder_column_1_5 1_5 fusion-flex-column fusion-column-inner-bg-wrapper\" style=\"--awb-inner-bg-size:cover;--awb-border-color:#d3d3d3;--awb-border-right:1px;--awb-border-style:solid;--awb-width-large:20%;--awb-margin-top-large:0px;--awb-spacing-right-large:0px;--awb-margin-bottom-large:20px;--awb-spacing-left-large:0px;--awb-width-medium:20%;--awb-order-medium:0;--awb-spacing-right-medium:0px;--awb-spacing-left-medium:0px;--awb-width-small:100%;--awb-order-small:0;--awb-spacing-right-small:0px;--awb-spacing-left-small:0px;\"><span class=\"fusion-column-inner-bg hover-type-none\"><a class=\"fusion-column-anchor\" href=\"https:\/\/ponsa.com\/it\/eslingas-textiles\/cinghia-tubolare\/\"><span class=\"fusion-column-inner-bg-image\"><\/span><\/a><\/span><div class=\"fusion-column-wrapper fusion-column-has-shadow fusion-flex-justify-content-flex-start fusion-content-layout-column\"><div class=\"fusion-image-element \" style=\"text-align:center;--awb-caption-title-font-family:var(--h2_typography-font-family);--awb-caption-title-font-weight:var(--h2_typography-font-weight);--awb-caption-title-font-style:var(--h2_typography-font-style);--awb-caption-title-size:var(--h2_typography-font-size);--awb-caption-title-transform:var(--h2_typography-text-transform);--awb-caption-title-line-height:var(--h2_typography-line-height);--awb-caption-title-letter-spacing:var(--h2_typography-letter-spacing);\"><span class=\" fusion-imageframe imageframe-none imageframe-3 hover-type-none\"><img decoding=\"async\" width=\"1000\" height=\"1000\" title=\"Eslinga poli\u00e9ster aro para elevaci\u00f3n de cargas\" src=\"https:\/\/ponsa.com\/wp-content\/uploads\/2017\/05\/esligastub-2.jpg\" alt class=\"img-responsive wp-image-26326\" srcset=\"https:\/\/ponsa.com\/wp-content\/uploads\/2017\/05\/esligastub-2-200x200.jpg 200w, https:\/\/ponsa.com\/wp-content\/uploads\/2017\/05\/esligastub-2-400x400.jpg 400w, https:\/\/ponsa.com\/wp-content\/uploads\/2017\/05\/esligastub-2-600x600.jpg 600w, https:\/\/ponsa.com\/wp-content\/uploads\/2017\/05\/esligastub-2-800x800.jpg 800w, https:\/\/ponsa.com\/wp-content\/uploads\/2017\/05\/esligastub-2.jpg 1000w\" sizes=\"(max-width: 640px) 100vw, 400px\" \/><\/span><\/div><div class=\"fusion-text fusion-text-4\"><p style=\"text-align: center;\">CINGHIA TUBOLARE<\/p>\n<\/div><\/div><\/div><div class=\"fusion-layout-column fusion_builder_column fusion-builder-column-3 fusion_builder_column_1_5 1_5 fusion-flex-column fusion-column-inner-bg-wrapper\" style=\"--awb-inner-bg-size:cover;--awb-border-color:#d3d3d3;--awb-border-right:1px;--awb-border-style:solid;--awb-width-large:20%;--awb-margin-top-large:0px;--awb-spacing-right-large:0px;--awb-margin-bottom-large:20px;--awb-spacing-left-large:0px;--awb-width-medium:20%;--awb-order-medium:0;--awb-spacing-right-medium:0px;--awb-spacing-left-medium:0px;--awb-width-small:100%;--awb-order-small:0;--awb-spacing-right-small:0px;--awb-spacing-left-small:0px;\"><span class=\"fusion-column-inner-bg hover-type-none\"><a class=\"fusion-column-anchor\" href=\"https:\/\/ponsa.com\/it\/eslingas-textiles\/ponsagard\/\"><span class=\"fusion-column-inner-bg-image\"><\/span><\/a><\/span><div class=\"fusion-column-wrapper fusion-column-has-shadow fusion-flex-justify-content-flex-start fusion-content-layout-column\"><div class=\"fusion-image-element \" style=\"text-align:center;--awb-caption-title-font-family:var(--h2_typography-font-family);--awb-caption-title-font-weight:var(--h2_typography-font-weight);--awb-caption-title-font-style:var(--h2_typography-font-style);--awb-caption-title-size:var(--h2_typography-font-size);--awb-caption-title-transform:var(--h2_typography-text-transform);--awb-caption-title-line-height:var(--h2_typography-line-height);--awb-caption-title-letter-spacing:var(--h2_typography-letter-spacing);\"><span class=\" fusion-imageframe imageframe-none imageframe-4 hover-type-none\"><img decoding=\"async\" width=\"1000\" height=\"1000\" alt=\"Eslinga con una capa protectora que aumenta la resistencia a la abrasi\u00f3n. Cantos reforzados con cordones anticorte y antirozamiento. Dura m\u00e1s del doble. Destinada a operaciones de elevaci\u00f3n, y movimiento de cargas en diferentes posiciones con ayuda de una gr\u00faa o polipastro.\" title=\"Eslingas Ponsagard poliester especiales para elevaci\u00f3n de cargas\" src=\"https:\/\/ponsa.com\/wp-content\/uploads\/2017\/05\/PONSAGARD-plana.jpg\" class=\"img-responsive wp-image-1154\" srcset=\"https:\/\/ponsa.com\/wp-content\/uploads\/2017\/05\/PONSAGARD-plana-200x200.jpg 200w, https:\/\/ponsa.com\/wp-content\/uploads\/2017\/05\/PONSAGARD-plana-400x400.jpg 400w, https:\/\/ponsa.com\/wp-content\/uploads\/2017\/05\/PONSAGARD-plana-600x600.jpg 600w, https:\/\/ponsa.com\/wp-content\/uploads\/2017\/05\/PONSAGARD-plana-800x800.jpg 800w, https:\/\/ponsa.com\/wp-content\/uploads\/2017\/05\/PONSAGARD-plana.jpg 1000w\" sizes=\"(max-width: 640px) 100vw, 400px\" \/><\/span><\/div><div class=\"fusion-text fusion-text-5\"><p style=\"text-align: center;\">CINGHIA PONSAGARD<\/p>\n<\/div><\/div><\/div><div class=\"fusion-layout-column fusion_builder_column fusion-builder-column-4 fusion_builder_column_1_5 1_5 fusion-flex-column fusion-column-inner-bg-wrapper\" style=\"--awb-inner-bg-size:cover;--awb-border-color:#d3d3d3;--awb-border-right:0;--awb-border-style:solid;--awb-width-large:20%;--awb-margin-top-large:0px;--awb-spacing-right-large:0px;--awb-margin-bottom-large:20px;--awb-spacing-left-large:0px;--awb-width-medium:20%;--awb-order-medium:0;--awb-spacing-right-medium:0px;--awb-spacing-left-medium:0px;--awb-width-small:100%;--awb-order-small:0;--awb-spacing-right-small:0px;--awb-spacing-left-small:0px;\"><span class=\"fusion-column-inner-bg hover-type-none\"><a class=\"fusion-column-anchor\" href=\"https:\/\/ponsa.com\/it\/sollevamento\/cinghia-ad-anello\/\"><span class=\"fusion-column-inner-bg-image\"><\/span><\/a><\/span><div class=\"fusion-column-wrapper fusion-column-has-shadow fusion-flex-justify-content-flex-start fusion-content-layout-column\"><div class=\"fusion-image-element \" style=\"text-align:center;--awb-caption-title-font-family:var(--h2_typography-font-family);--awb-caption-title-font-weight:var(--h2_typography-font-weight);--awb-caption-title-font-style:var(--h2_typography-font-style);--awb-caption-title-size:var(--h2_typography-font-size);--awb-caption-title-transform:var(--h2_typography-text-transform);--awb-caption-title-line-height:var(--h2_typography-line-height);--awb-caption-title-letter-spacing:var(--h2_typography-letter-spacing);\"><span class=\" fusion-imageframe imageframe-none imageframe-5 hover-type-none\"><img decoding=\"async\" width=\"1000\" height=\"1000\" alt=\"Eslinga textil plana, destinada a operaciones de elevaci\u00f3n para uso general, (materiales, objetos, mercanc\u00edas),\" title=\"Eslinga poli\u00e9ster aro doble banda para elevaci\u00f3n de cargas\" src=\"https:\/\/ponsa.com\/wp-content\/uploads\/2017\/05\/ONEWAYSLING.jpg\" class=\"img-responsive wp-image-1457\" srcset=\"https:\/\/ponsa.com\/wp-content\/uploads\/2017\/05\/ONEWAYSLING-200x200.jpg 200w, https:\/\/ponsa.com\/wp-content\/uploads\/2017\/05\/ONEWAYSLING-400x400.jpg 400w, https:\/\/ponsa.com\/wp-content\/uploads\/2017\/05\/ONEWAYSLING-600x600.jpg 600w, https:\/\/ponsa.com\/wp-content\/uploads\/2017\/05\/ONEWAYSLING-800x800.jpg 800w, https:\/\/ponsa.com\/wp-content\/uploads\/2017\/05\/ONEWAYSLING.jpg 1000w\" sizes=\"(max-width: 640px) 100vw, 400px\" \/><\/span><\/div><div class=\"fusion-text fusion-text-6\"><p style=\"text-align: center;\">CINGHIA AD ANELLO<\/p>\n<\/div><\/div><\/div><div class=\"fusion-layout-column fusion_builder_column fusion-builder-column-5 fusion_builder_column_1_5 1_5 fusion-flex-column fusion-column-inner-bg-wrapper\" style=\"--awb-inner-bg-size:cover;--awb-border-color:#d3d3d3;--awb-border-right:0;--awb-border-style:solid;--awb-width-large:20%;--awb-margin-top-large:0px;--awb-spacing-right-large:0px;--awb-margin-bottom-large:20px;--awb-spacing-left-large:0px;--awb-width-medium:20%;--awb-order-medium:0;--awb-spacing-right-medium:0px;--awb-spacing-left-medium:0px;--awb-width-small:100%;--awb-order-small:0;--awb-spacing-right-small:0px;--awb-spacing-left-small:0px;\"><span class=\"fusion-column-inner-bg hover-type-none\"><a class=\"fusion-column-anchor\" href=\"https:\/\/ponsa.com\/it\/eslingas-textiles\/cinghie-trebol\/\"><span class=\"fusion-column-inner-bg-image\"><\/span><\/a><\/span><div class=\"fusion-column-wrapper fusion-column-has-shadow fusion-flex-justify-content-flex-start fusion-content-layout-column\"><div class=\"fusion-image-element \" style=\"text-align:center;--awb-caption-title-font-family:var(--h2_typography-font-family);--awb-caption-title-font-weight:var(--h2_typography-font-weight);--awb-caption-title-font-style:var(--h2_typography-font-style);--awb-caption-title-size:var(--h2_typography-font-size);--awb-caption-title-transform:var(--h2_typography-text-transform);--awb-caption-title-line-height:var(--h2_typography-line-height);--awb-caption-title-letter-spacing:var(--h2_typography-letter-spacing);\"><span class=\" fusion-imageframe imageframe-none imageframe-6 hover-type-none\"><img decoding=\"async\" width=\"1000\" height=\"1000\" title=\"trebol\" src=\"https:\/\/ponsa.com\/wp-content\/uploads\/2019\/12\/trebol.jpg\" alt class=\"img-responsive wp-image-10689\" srcset=\"https:\/\/ponsa.com\/wp-content\/uploads\/2019\/12\/trebol-200x200.jpg 200w, https:\/\/ponsa.com\/wp-content\/uploads\/2019\/12\/trebol-400x400.jpg 400w, https:\/\/ponsa.com\/wp-content\/uploads\/2019\/12\/trebol-600x600.jpg 600w, https:\/\/ponsa.com\/wp-content\/uploads\/2019\/12\/trebol-800x800.jpg 800w, https:\/\/ponsa.com\/wp-content\/uploads\/2019\/12\/trebol.jpg 1000w\" sizes=\"(max-width: 640px) 100vw, 400px\" \/><\/span><\/div><div class=\"fusion-text fusion-text-7\"><p style=\"text-align: center;\">CINGHIE TREBOL<\/p>\n<\/div><\/div><\/div><\/div><\/div><\/p>\n","protected":false},"excerpt":{"rendered":"","protected":false},"author":2,"featured_media":0,"parent":0,"menu_order":0,"comment_status":"closed","ping_status":"closed","template":"100-width.php","meta":{"ngg_post_thumbnail":0,"footnotes":""},"class_list":["post-4874","page","type-page","status-publish","hentry"],"yoast_head":"<!-- This site is optimized with the Yoast SEO plugin v27.6 - https:\/\/yoast.com\/product\/yoast-seo-wordpress\/ -->\n<title>Brache tessili Ponsa per il sollevamento di carichi - produttori dal 1828<\/title>\n<meta name=\"description\" content=\"Siamo in grado di produrre imbracature tessili secondo qualsiasi normativa, rispettando sempre gli standard di ogni paese sollevamento\" \/>\n<meta name=\"robots\" content=\"index, follow, max-snippet:-1, max-image-preview:large, max-video-preview:-1\" \/>\n<link rel=\"canonical\" href=\"https:\/\/ponsa.com\/it\/sollevamento\/\" \/>\n<meta property=\"og:locale\" content=\"it_IT\" \/>\n<meta property=\"og:type\" content=\"article\" \/>\n<meta property=\"og:title\" content=\"Brache tessili Ponsa per il sollevamento di carichi - produttori dal 1828\" \/>\n<meta property=\"og:description\" content=\"Siamo in grado di produrre imbracature tessili secondo qualsiasi normativa, rispettando sempre gli standard di ogni paese sollevamento\" \/>\n<meta property=\"og:url\" content=\"https:\/\/ponsa.com\/it\/sollevamento\/\" \/>\n<meta property=\"og:site_name\" content=\"Industrias Ponsa\" \/>\n<meta property=\"article:publisher\" content=\"https:\/\/www.facebook.com\/IndustriasPONSA\" \/>\n<meta property=\"article:modified_time\" content=\"2023-07-07T07:43:59+00:00\" \/>\n<meta name=\"twitter:card\" content=\"summary_large_image\" \/>\n<meta name=\"twitter:label1\" content=\"Est. reading time\" \/>\n\t<meta name=\"twitter:data1\" content=\"5 minutes\" \/>\n<script type=\"application\/ld+json\" class=\"yoast-schema-graph\">{\"@context\":\"https:\\\/\\\/schema.org\",\"@graph\":[{\"@type\":\"WebPage\",\"@id\":\"https:\\\/\\\/ponsa.com\\\/it\\\/sollevamento\\\/\",\"url\":\"https:\\\/\\\/ponsa.com\\\/it\\\/sollevamento\\\/\",\"name\":\"Brache tessili Ponsa per il sollevamento di carichi - produttori dal 1828\",\"isPartOf\":{\"@id\":\"https:\\\/\\\/ponsa.com\\\/#website\"},\"datePublished\":\"2017-05-09T07:45:39+00:00\",\"dateModified\":\"2023-07-07T07:43:59+00:00\",\"description\":\"Siamo in grado di produrre imbracature tessili secondo qualsiasi normativa, rispettando sempre gli standard di ogni paese sollevamento\",\"breadcrumb\":{\"@id\":\"https:\\\/\\\/ponsa.com\\\/it\\\/sollevamento\\\/#breadcrumb\"},\"inLanguage\":\"it-IT\",\"potentialAction\":[{\"@type\":\"ReadAction\",\"target\":[\"https:\\\/\\\/ponsa.com\\\/it\\\/sollevamento\\\/\"]}]},{\"@type\":\"BreadcrumbList\",\"@id\":\"https:\\\/\\\/ponsa.com\\\/it\\\/sollevamento\\\/#breadcrumb\",\"itemListElement\":[{\"@type\":\"ListItem\",\"position\":1,\"name\":\"Portada\",\"item\":\"https:\\\/\\\/ponsa.com\\\/it\\\/\"},{\"@type\":\"ListItem\",\"position\":2,\"name\":\"Sollevamento\"}]},{\"@type\":\"WebSite\",\"@id\":\"https:\\\/\\\/ponsa.com\\\/#website\",\"url\":\"https:\\\/\\\/ponsa.com\\\/\",\"name\":\"Industrias Ponsa\",\"description\":\"Fabricante de Cintas Textiles\",\"publisher\":{\"@id\":\"https:\\\/\\\/ponsa.com\\\/#organization\"},\"potentialAction\":[{\"@type\":\"SearchAction\",\"target\":{\"@type\":\"EntryPoint\",\"urlTemplate\":\"https:\\\/\\\/ponsa.com\\\/?s={search_term_string}\"},\"query-input\":{\"@type\":\"PropertyValueSpecification\",\"valueRequired\":true,\"valueName\":\"search_term_string\"}}],\"inLanguage\":\"it-IT\"},{\"@type\":\"Organization\",\"@id\":\"https:\\\/\\\/ponsa.com\\\/#organization\",\"name\":\"INDUSTRIAS PONSA S.A.\",\"url\":\"https:\\\/\\\/ponsa.com\\\/\",\"logo\":{\"@type\":\"ImageObject\",\"inLanguage\":\"it-IT\",\"@id\":\"https:\\\/\\\/ponsa.com\\\/#\\\/schema\\\/logo\\\/image\\\/\",\"url\":\"https:\\\/\\\/ponsa.com\\\/wp-content\\\/uploads\\\/2021\\\/08\\\/logoPonsapng.png\",\"contentUrl\":\"https:\\\/\\\/ponsa.com\\\/wp-content\\\/uploads\\\/2021\\\/08\\\/logoPonsapng.png\",\"width\":2289,\"height\":808,\"caption\":\"INDUSTRIAS PONSA S.A.\"},\"image\":{\"@id\":\"https:\\\/\\\/ponsa.com\\\/#\\\/schema\\\/logo\\\/image\\\/\"},\"sameAs\":[\"https:\\\/\\\/www.facebook.com\\\/IndustriasPONSA\",\"https:\\\/\\\/www.instagram.com\\\/ind.ponsa\\\/\",\"https:\\\/\\\/es.linkedin.com\\\/company\\\/industrias-ponsa-sa\",\"https:\\\/\\\/www.youtube.com\\\/channel\\\/UCxvfSBJQlBhV1aOQo-wXIoQ\"]}]}<\/script>\n<!-- \/ Yoast SEO plugin. -->","yoast_head_json":{"title":"Brache tessili Ponsa per il sollevamento di carichi - produttori dal 1828","description":"Siamo in grado di produrre imbracature tessili secondo qualsiasi normativa, rispettando sempre gli standard di ogni paese sollevamento","robots":{"index":"index","follow":"follow","max-snippet":"max-snippet:-1","max-image-preview":"max-image-preview:large","max-video-preview":"max-video-preview:-1"},"canonical":"https:\/\/ponsa.com\/it\/sollevamento\/","og_locale":"it_IT","og_type":"article","og_title":"Brache tessili Ponsa per il sollevamento di carichi - produttori dal 1828","og_description":"Siamo in grado di produrre imbracature tessili secondo qualsiasi normativa, rispettando sempre gli standard di ogni paese sollevamento","og_url":"https:\/\/ponsa.com\/it\/sollevamento\/","og_site_name":"Industrias Ponsa","article_publisher":"https:\/\/www.facebook.com\/IndustriasPONSA","article_modified_time":"2023-07-07T07:43:59+00:00","twitter_card":"summary_large_image","twitter_misc":{"Est. reading time":"5 minutes"},"schema":{"@context":"https:\/\/schema.org","@graph":[{"@type":"WebPage","@id":"https:\/\/ponsa.com\/it\/sollevamento\/","url":"https:\/\/ponsa.com\/it\/sollevamento\/","name":"Brache tessili Ponsa per il sollevamento di carichi - produttori dal 1828","isPartOf":{"@id":"https:\/\/ponsa.com\/#website"},"datePublished":"2017-05-09T07:45:39+00:00","dateModified":"2023-07-07T07:43:59+00:00","description":"Siamo in grado di produrre imbracature tessili secondo qualsiasi normativa, rispettando sempre gli standard di ogni paese sollevamento","breadcrumb":{"@id":"https:\/\/ponsa.com\/it\/sollevamento\/#breadcrumb"},"inLanguage":"it-IT","potentialAction":[{"@type":"ReadAction","target":["https:\/\/ponsa.com\/it\/sollevamento\/"]}]},{"@type":"BreadcrumbList","@id":"https:\/\/ponsa.com\/it\/sollevamento\/#breadcrumb","itemListElement":[{"@type":"ListItem","position":1,"name":"Portada","item":"https:\/\/ponsa.com\/it\/"},{"@type":"ListItem","position":2,"name":"Sollevamento"}]},{"@type":"WebSite","@id":"https:\/\/ponsa.com\/#website","url":"https:\/\/ponsa.com\/","name":"Industrias Ponsa","description":"Fabricante de Cintas Textiles","publisher":{"@id":"https:\/\/ponsa.com\/#organization"},"potentialAction":[{"@type":"SearchAction","target":{"@type":"EntryPoint","urlTemplate":"https:\/\/ponsa.com\/?s={search_term_string}"},"query-input":{"@type":"PropertyValueSpecification","valueRequired":true,"valueName":"search_term_string"}}],"inLanguage":"it-IT"},{"@type":"Organization","@id":"https:\/\/ponsa.com\/#organization","name":"INDUSTRIAS PONSA S.A.","url":"https:\/\/ponsa.com\/","logo":{"@type":"ImageObject","inLanguage":"it-IT","@id":"https:\/\/ponsa.com\/#\/schema\/logo\/image\/","url":"https:\/\/ponsa.com\/wp-content\/uploads\/2021\/08\/logoPonsapng.png","contentUrl":"https:\/\/ponsa.com\/wp-content\/uploads\/2021\/08\/logoPonsapng.png","width":2289,"height":808,"caption":"INDUSTRIAS PONSA S.A."},"image":{"@id":"https:\/\/ponsa.com\/#\/schema\/logo\/image\/"},"sameAs":["https:\/\/www.facebook.com\/IndustriasPONSA","https:\/\/www.instagram.com\/ind.ponsa\/","https:\/\/es.linkedin.com\/company\/industrias-ponsa-sa","https:\/\/www.youtube.com\/channel\/UCxvfSBJQlBhV1aOQo-wXIoQ"]}]}},"_links":{"self":[{"href":"https:\/\/ponsa.com\/it\/wp-json\/wp\/v2\/pages\/4874","targetHints":{"allow":["GET"]}}],"collection":[{"href":"https:\/\/ponsa.com\/it\/wp-json\/wp\/v2\/pages"}],"about":[{"href":"https:\/\/ponsa.com\/it\/wp-json\/wp\/v2\/types\/page"}],"author":[{"embeddable":true,"href":"https:\/\/ponsa.com\/it\/wp-json\/wp\/v2\/users\/2"}],"replies":[{"embeddable":true,"href":"https:\/\/ponsa.com\/it\/wp-json\/wp\/v2\/comments?post=4874"}],"version-history":[{"count":24,"href":"https:\/\/ponsa.com\/it\/wp-json\/wp\/v2\/pages\/4874\/revisions"}],"predecessor-version":[{"id":27466,"href":"https:\/\/ponsa.com\/it\/wp-json\/wp\/v2\/pages\/4874\/revisions\/27466"}],"wp:attachment":[{"href":"https:\/\/ponsa.com\/it\/wp-json\/wp\/v2\/media?parent=4874"}],"curies":[{"name":"wp","href":"https:\/\/api.w.org\/{rel}","templated":true}]}}