{"id":4279,"date":"2019-01-04T13:17:07","date_gmt":"2019-01-04T13:17:07","guid":{"rendered":"https:\/\/ponsa.com\/?page_id=4279"},"modified":"2023-02-16T10:15:36","modified_gmt":"2023-02-16T10:15:36","slug":"ponsa-e-qualita","status":"publish","type":"page","link":"https:\/\/ponsa.com\/it\/ponsa-e-qualita\/","title":{"rendered":"PONSA \u00c8 QUALIT\u00c0"},"content":{"rendered":"<div class=\"fusion-fullwidth fullwidth-box fusion-builder-row-1 fusion-flex-container nonhundred-percent-fullwidth non-hundred-percent-height-scrolling\" style=\"--awb-border-radius-top-left:0px;--awb-border-radius-top-right:0px;--awb-border-radius-bottom-right:0px;--awb-border-radius-bottom-left:0px;--awb-padding-top:50px;--awb-padding-bottom:20px;--awb-flex-wrap:wrap;\" ><div class=\"fusion-builder-row fusion-row fusion-flex-align-items-flex-start fusion-flex-content-wrap\" style=\"max-width:1248px;margin-left: calc(-4% \/ 2 );margin-right: calc(-4% \/ 2 );\"><div class=\"fusion-layout-column fusion_builder_column fusion-builder-column-0 fusion_builder_column_1_1 1_1 fusion-flex-column\" style=\"--awb-bg-size:cover;--awb-width-large:100%;--awb-margin-top-large:0px;--awb-spacing-right-large:1.92%;--awb-margin-bottom-large:20px;--awb-spacing-left-large:1.92%;--awb-width-medium:100%;--awb-spacing-right-medium:1.92%;--awb-spacing-left-medium:1.92%;--awb-width-small:100%;--awb-spacing-right-small:1.92%;--awb-spacing-left-small:1.92%;\"><div class=\"fusion-column-wrapper fusion-flex-justify-content-flex-start fusion-content-layout-column\"><div class=\"fusion-title title fusion-title-1 fusion-title-text fusion-title-size-one\" style=\"--awb-margin-top-small:10px;--awb-margin-right-small:0px;--awb-margin-bottom-small:10px;--awb-margin-left-small:0px;--awb-sep-color:#fffcfc;\"><div class=\"title-sep-container title-sep-container-left fusion-no-large-visibility fusion-no-medium-visibility fusion-no-small-visibility\"><div class=\"title-sep sep-double sep-solid\" style=\"border-color:#fffcfc;\"><\/div><\/div><span class=\"awb-title-spacer fusion-no-large-visibility fusion-no-medium-visibility fusion-no-small-visibility\"><\/span><h1 class=\"fusion-title-heading title-heading-left\" style=\"margin:0;\"><p style=\"text-align: left;\"><strong>PONSA \u00c8 QUALIT\u00c0<\/strong><\/p><\/h1><span class=\"awb-title-spacer\"><\/span><div class=\"title-sep-container title-sep-container-right\"><div class=\"title-sep sep-double sep-solid\" style=\"border-color:#fffcfc;\"><\/div><\/div><\/div><div class=\"fusion-image-element \" style=\"--awb-caption-title-font-family:var(--h2_typography-font-family);--awb-caption-title-font-weight:var(--h2_typography-font-weight);--awb-caption-title-font-style:var(--h2_typography-font-style);--awb-caption-title-size:var(--h2_typography-font-size);--awb-caption-title-transform:var(--h2_typography-text-transform);--awb-caption-title-line-height:var(--h2_typography-line-height);--awb-caption-title-letter-spacing:var(--h2_typography-letter-spacing);\"><span class=\" fusion-imageframe imageframe-none imageframe-1 hover-type-none\"><img decoding=\"async\" width=\"1754\" height=\"1240\" title=\"Infografies-ponsa\" src=\"https:\/\/ponsa.com\/wp-content\/uploads\/2023\/02\/Infografies-ponsa.jpg\" alt class=\"img-responsive wp-image-25888\" srcset=\"https:\/\/ponsa.com\/wp-content\/uploads\/2023\/02\/Infografies-ponsa-200x141.jpg 200w, https:\/\/ponsa.com\/wp-content\/uploads\/2023\/02\/Infografies-ponsa-400x283.jpg 400w, https:\/\/ponsa.com\/wp-content\/uploads\/2023\/02\/Infografies-ponsa-600x424.jpg 600w, https:\/\/ponsa.com\/wp-content\/uploads\/2023\/02\/Infografies-ponsa-800x566.jpg 800w, https:\/\/ponsa.com\/wp-content\/uploads\/2023\/02\/Infografies-ponsa-1200x848.jpg 1200w, https:\/\/ponsa.com\/wp-content\/uploads\/2023\/02\/Infografies-ponsa.jpg 1754w\" sizes=\"(max-width: 640px) 100vw, 1200px\" \/><\/span><\/div><div class=\"fusion-text fusion-text-1\"><p><strong>Facciamo oltre 110.000 test annuo.\u00a0<\/strong>Tutti i nostri prodoti sono d\u2019accordo con le specifiche normative al uso destinato e sono sottoposti a un rigoroso controllo di qualit\u00e0 per garantire agli nostri clienti totale sicurezza e affidabilit\u00e0. Abbiamo misure di controllo di qualit\u00e0 che si applicano in tutto il proceso produttivo. Si verifica:<\/p>\n<ul>\n<li>La <strong>resistenza<\/strong> del filo<\/li>\n<li>La\u00a0<strong>resistenza e qualit\u00e0 <\/strong>del nastro nel telare<\/li>\n<li>Larghezza del nastro e longitudine se va <strong>tagliato<\/strong>.<\/li>\n<li>Ogni <strong>cucitura<\/strong>.<\/li>\n<li>La\u00a0<strong>resistenza<\/strong>\u00a0del prodotto finito in ogni comessa.<\/li>\n<\/ul>\n<p><strong>Il noestro obbietivo \u00e8 raggiungere l\u2019eccellenza degli nostri prodotti e servizi. Nell\u2019essenza, Ponsa \u00e8 qualit\u00e0<\/strong><\/p>\n<div><\/div>\n<\/div><\/div><\/div><\/div><\/div>\n","protected":false},"excerpt":{"rendered":"","protected":false},"author":4,"featured_media":0,"parent":0,"menu_order":0,"comment_status":"closed","ping_status":"closed","template":"100-width.php","meta":{"ngg_post_thumbnail":0,"footnotes":""},"class_list":["post-4279","page","type-page","status-publish","hentry"],"yoast_head":"<!-- This site is optimized with the Yoast SEO plugin v27.6 - https:\/\/yoast.com\/product\/yoast-seo-wordpress\/ -->\n<title>PONSA \u00c8 QUALIT\u00c0 - Industrias Ponsa<\/title>\n<meta name=\"description\" content=\"Somos fabricantes acreditados para la norma ISO 9001:2015. Garantizamos el la calidad de nuestras cintas debido a que tenemos el control total del proceso productivo.\" \/>\n<meta name=\"robots\" content=\"index, follow, max-snippet:-1, max-image-preview:large, max-video-preview:-1\" \/>\n<link rel=\"canonical\" href=\"https:\/\/ponsa.com\/it\/ponsa-e-qualita\/\" \/>\n<meta property=\"og:locale\" content=\"it_IT\" \/>\n<meta property=\"og:type\" content=\"article\" \/>\n<meta property=\"og:title\" content=\"PONSA \u00c8 QUALIT\u00c0 - Industrias Ponsa\" \/>\n<meta property=\"og:description\" content=\"Somos fabricantes acreditados para la norma ISO 9001:2015. Garantizamos el la calidad de nuestras cintas debido a que tenemos el control total del proceso productivo.\" \/>\n<meta property=\"og:url\" content=\"https:\/\/ponsa.com\/it\/ponsa-e-qualita\/\" \/>\n<meta property=\"og:site_name\" content=\"Industrias Ponsa\" \/>\n<meta property=\"article:publisher\" content=\"https:\/\/www.facebook.com\/IndustriasPONSA\" \/>\n<meta property=\"article:modified_time\" content=\"2023-02-16T10:15:36+00:00\" \/>\n<meta name=\"twitter:card\" content=\"summary_large_image\" \/>\n<meta name=\"twitter:label1\" content=\"Est. reading time\" \/>\n\t<meta name=\"twitter:data1\" content=\"1 minute\" \/>\n<script type=\"application\/ld+json\" class=\"yoast-schema-graph\">{\"@context\":\"https:\\\/\\\/schema.org\",\"@graph\":[{\"@type\":\"WebPage\",\"@id\":\"https:\\\/\\\/ponsa.com\\\/it\\\/ponsa-e-qualita\\\/\",\"url\":\"https:\\\/\\\/ponsa.com\\\/it\\\/ponsa-e-qualita\\\/\",\"name\":\"PONSA \u00c8 QUALIT\u00c0 - Industrias Ponsa\",\"isPartOf\":{\"@id\":\"https:\\\/\\\/ponsa.com\\\/#website\"},\"datePublished\":\"2019-01-04T13:17:07+00:00\",\"dateModified\":\"2023-02-16T10:15:36+00:00\",\"description\":\"Somos fabricantes acreditados para la norma ISO 9001:2015. Garantizamos el la calidad de nuestras cintas debido a que tenemos el control total del proceso productivo.\",\"breadcrumb\":{\"@id\":\"https:\\\/\\\/ponsa.com\\\/it\\\/ponsa-e-qualita\\\/#breadcrumb\"},\"inLanguage\":\"it-IT\",\"potentialAction\":[{\"@type\":\"ReadAction\",\"target\":[\"https:\\\/\\\/ponsa.com\\\/it\\\/ponsa-e-qualita\\\/\"]}]},{\"@type\":\"BreadcrumbList\",\"@id\":\"https:\\\/\\\/ponsa.com\\\/it\\\/ponsa-e-qualita\\\/#breadcrumb\",\"itemListElement\":[{\"@type\":\"ListItem\",\"position\":1,\"name\":\"Portada\",\"item\":\"https:\\\/\\\/ponsa.com\\\/it\\\/\"},{\"@type\":\"ListItem\",\"position\":2,\"name\":\"PONSA \u00c8 QUALIT\u00c0\"}]},{\"@type\":\"WebSite\",\"@id\":\"https:\\\/\\\/ponsa.com\\\/#website\",\"url\":\"https:\\\/\\\/ponsa.com\\\/\",\"name\":\"Industrias Ponsa\",\"description\":\"Fabricante de Cintas Textiles\",\"publisher\":{\"@id\":\"https:\\\/\\\/ponsa.com\\\/#organization\"},\"potentialAction\":[{\"@type\":\"SearchAction\",\"target\":{\"@type\":\"EntryPoint\",\"urlTemplate\":\"https:\\\/\\\/ponsa.com\\\/?s={search_term_string}\"},\"query-input\":{\"@type\":\"PropertyValueSpecification\",\"valueRequired\":true,\"valueName\":\"search_term_string\"}}],\"inLanguage\":\"it-IT\"},{\"@type\":\"Organization\",\"@id\":\"https:\\\/\\\/ponsa.com\\\/#organization\",\"name\":\"INDUSTRIAS PONSA S.A.\",\"url\":\"https:\\\/\\\/ponsa.com\\\/\",\"logo\":{\"@type\":\"ImageObject\",\"inLanguage\":\"it-IT\",\"@id\":\"https:\\\/\\\/ponsa.com\\\/#\\\/schema\\\/logo\\\/image\\\/\",\"url\":\"https:\\\/\\\/ponsa.com\\\/wp-content\\\/uploads\\\/2021\\\/08\\\/logoPonsapng.png\",\"contentUrl\":\"https:\\\/\\\/ponsa.com\\\/wp-content\\\/uploads\\\/2021\\\/08\\\/logoPonsapng.png\",\"width\":2289,\"height\":808,\"caption\":\"INDUSTRIAS PONSA S.A.\"},\"image\":{\"@id\":\"https:\\\/\\\/ponsa.com\\\/#\\\/schema\\\/logo\\\/image\\\/\"},\"sameAs\":[\"https:\\\/\\\/www.facebook.com\\\/IndustriasPONSA\",\"https:\\\/\\\/www.instagram.com\\\/ind.ponsa\\\/\",\"https:\\\/\\\/es.linkedin.com\\\/company\\\/industrias-ponsa-sa\",\"https:\\\/\\\/www.youtube.com\\\/channel\\\/UCxvfSBJQlBhV1aOQo-wXIoQ\"]}]}<\/script>\n<!-- \/ Yoast SEO plugin. -->","yoast_head_json":{"title":"PONSA \u00c8 QUALIT\u00c0 - Industrias Ponsa","description":"Somos fabricantes acreditados para la norma ISO 9001:2015. Garantizamos el la calidad de nuestras cintas debido a que tenemos el control total del proceso productivo.","robots":{"index":"index","follow":"follow","max-snippet":"max-snippet:-1","max-image-preview":"max-image-preview:large","max-video-preview":"max-video-preview:-1"},"canonical":"https:\/\/ponsa.com\/it\/ponsa-e-qualita\/","og_locale":"it_IT","og_type":"article","og_title":"PONSA \u00c8 QUALIT\u00c0 - Industrias Ponsa","og_description":"Somos fabricantes acreditados para la norma ISO 9001:2015. Garantizamos el la calidad de nuestras cintas debido a que tenemos el control total del proceso productivo.","og_url":"https:\/\/ponsa.com\/it\/ponsa-e-qualita\/","og_site_name":"Industrias Ponsa","article_publisher":"https:\/\/www.facebook.com\/IndustriasPONSA","article_modified_time":"2023-02-16T10:15:36+00:00","twitter_card":"summary_large_image","twitter_misc":{"Est. reading time":"1 minute"},"schema":{"@context":"https:\/\/schema.org","@graph":[{"@type":"WebPage","@id":"https:\/\/ponsa.com\/it\/ponsa-e-qualita\/","url":"https:\/\/ponsa.com\/it\/ponsa-e-qualita\/","name":"PONSA \u00c8 QUALIT\u00c0 - Industrias Ponsa","isPartOf":{"@id":"https:\/\/ponsa.com\/#website"},"datePublished":"2019-01-04T13:17:07+00:00","dateModified":"2023-02-16T10:15:36+00:00","description":"Somos fabricantes acreditados para la norma ISO 9001:2015. Garantizamos el la calidad de nuestras cintas debido a que tenemos el control total del proceso productivo.","breadcrumb":{"@id":"https:\/\/ponsa.com\/it\/ponsa-e-qualita\/#breadcrumb"},"inLanguage":"it-IT","potentialAction":[{"@type":"ReadAction","target":["https:\/\/ponsa.com\/it\/ponsa-e-qualita\/"]}]},{"@type":"BreadcrumbList","@id":"https:\/\/ponsa.com\/it\/ponsa-e-qualita\/#breadcrumb","itemListElement":[{"@type":"ListItem","position":1,"name":"Portada","item":"https:\/\/ponsa.com\/it\/"},{"@type":"ListItem","position":2,"name":"PONSA \u00c8 QUALIT\u00c0"}]},{"@type":"WebSite","@id":"https:\/\/ponsa.com\/#website","url":"https:\/\/ponsa.com\/","name":"Industrias Ponsa","description":"Fabricante de Cintas Textiles","publisher":{"@id":"https:\/\/ponsa.com\/#organization"},"potentialAction":[{"@type":"SearchAction","target":{"@type":"EntryPoint","urlTemplate":"https:\/\/ponsa.com\/?s={search_term_string}"},"query-input":{"@type":"PropertyValueSpecification","valueRequired":true,"valueName":"search_term_string"}}],"inLanguage":"it-IT"},{"@type":"Organization","@id":"https:\/\/ponsa.com\/#organization","name":"INDUSTRIAS PONSA S.A.","url":"https:\/\/ponsa.com\/","logo":{"@type":"ImageObject","inLanguage":"it-IT","@id":"https:\/\/ponsa.com\/#\/schema\/logo\/image\/","url":"https:\/\/ponsa.com\/wp-content\/uploads\/2021\/08\/logoPonsapng.png","contentUrl":"https:\/\/ponsa.com\/wp-content\/uploads\/2021\/08\/logoPonsapng.png","width":2289,"height":808,"caption":"INDUSTRIAS PONSA S.A."},"image":{"@id":"https:\/\/ponsa.com\/#\/schema\/logo\/image\/"},"sameAs":["https:\/\/www.facebook.com\/IndustriasPONSA","https:\/\/www.instagram.com\/ind.ponsa\/","https:\/\/es.linkedin.com\/company\/industrias-ponsa-sa","https:\/\/www.youtube.com\/channel\/UCxvfSBJQlBhV1aOQo-wXIoQ"]}]}},"_links":{"self":[{"href":"https:\/\/ponsa.com\/it\/wp-json\/wp\/v2\/pages\/4279","targetHints":{"allow":["GET"]}}],"collection":[{"href":"https:\/\/ponsa.com\/it\/wp-json\/wp\/v2\/pages"}],"about":[{"href":"https:\/\/ponsa.com\/it\/wp-json\/wp\/v2\/types\/page"}],"author":[{"embeddable":true,"href":"https:\/\/ponsa.com\/it\/wp-json\/wp\/v2\/users\/4"}],"replies":[{"embeddable":true,"href":"https:\/\/ponsa.com\/it\/wp-json\/wp\/v2\/comments?post=4279"}],"version-history":[{"count":6,"href":"https:\/\/ponsa.com\/it\/wp-json\/wp\/v2\/pages\/4279\/revisions"}],"predecessor-version":[{"id":25899,"href":"https:\/\/ponsa.com\/it\/wp-json\/wp\/v2\/pages\/4279\/revisions\/25899"}],"wp:attachment":[{"href":"https:\/\/ponsa.com\/it\/wp-json\/wp\/v2\/media?parent=4279"}],"curies":[{"name":"wp","href":"https:\/\/api.w.org\/{rel}","templated":true}]}}