{"id":8085,"date":"2017-06-15T10:32:01","date_gmt":"2017-06-15T10:32:01","guid":{"rendered":"https:\/\/ponsa.com\/cintas\/"},"modified":"2022-02-23T16:32:17","modified_gmt":"2022-02-23T16:32:17","slug":"cintas","status":"publish","type":"page","link":"https:\/\/ponsa.com\/fr\/cintas\/","title":{"rendered":"SANGLE TEXTILE PONSA"},"content":{"rendered":"<p><div class=\"fusion-fullwidth fullwidth-box fusion-builder-row-1 fusion-flex-container hundred-percent-fullwidth non-hundred-percent-height-scrolling\" style=\"--awb-border-radius-top-left:0px;--awb-border-radius-top-right:0px;--awb-border-radius-bottom-right:0px;--awb-border-radius-bottom-left:0px;--awb-padding-top:0px;--awb-padding-bottom:0px;--awb-flex-wrap:wrap;\" ><div class=\"fusion-builder-row fusion-row fusion-flex-align-items-flex-start fusion-flex-content-wrap\" style=\"width:104% !important;max-width:104% !important;margin-left: calc(-4% \/ 2 );margin-right: calc(-4% \/ 2 );\"><\/div><\/div><div class=\"fusion-fullwidth fullwidth-box fusion-builder-row-2 fusion-flex-container nonhundred-percent-fullwidth non-hundred-percent-height-scrolling\" style=\"--awb-border-radius-top-left:0px;--awb-border-radius-top-right:0px;--awb-border-radius-bottom-right:0px;--awb-border-radius-bottom-left:0px;--awb-padding-top:0px;--awb-padding-bottom:5px;--awb-flex-wrap:wrap;\" ><div class=\"fusion-builder-row fusion-row fusion-flex-align-items-flex-start fusion-flex-content-wrap\" style=\"max-width:1248px;margin-left: calc(-4% \/ 2 );margin-right: calc(-4% \/ 2 );\"><div class=\"fusion-layout-column fusion_builder_column fusion-builder-column-0 fusion_builder_column_1_1 1_1 fusion-flex-column\" style=\"--awb-padding-bottom:0px;--awb-bg-size:cover;--awb-width-large:100%;--awb-margin-top-large:0px;--awb-spacing-right-large:1.92%;--awb-margin-bottom-large:0px;--awb-spacing-left-large:1.92%;--awb-width-medium:100%;--awb-spacing-right-medium:1.92%;--awb-spacing-left-medium:1.92%;--awb-width-small:100%;--awb-spacing-right-small:1.92%;--awb-spacing-left-small:1.92%;\"><div class=\"fusion-column-wrapper fusion-flex-justify-content-flex-start fusion-content-layout-column\"><div class=\"fusion-text fusion-text-1\"><h2 style=\"text-align: center;\"><span class=\"titulo1\">SANGLES TEXTILE PONSA<\/span><\/h2>\n<p>Depuis 1973, nous fabriquons notre propre fil polypropyl\u00e8ne. Notre activit\u00e9 principale est la fabrication de rubans techniques de haute qualit\u00e9 avec des fibres de derni\u00e8re g\u00e9n\u00e9ration telles que Polyester, Polypropyl\u00e8ne, Poly\u00e9thyl\u00e8ne &#8211; <a href=\"https:\/\/ponsa.com\/fr\/cintas\/sangle-technique\/sangle-dyneema\/\">UHMPE<\/a> Dyneema\u00ae, Para Aramidas Kevlar\u00ae, Twaron\u00ae, Technora\u00ae, M-Aramidas Nomex\u00ae, Kermel\u00ae et fibres de carbone. Appliquant une strat\u00e9gie d&#8217;int\u00e9gration verticale vers l&#8217;avant, Industrias Ponsa fabrique \u00e9galement des produits finis tels que des \u00e9lingues pour le levage de charges, des cliquets et des \u00e9l\u00e9ments d&#8217;arrimage, des harnais de s\u00e9curit\u00e9 antichute, parmi tant d&#8217;autres&#8230;.<\/p>\n<\/div><\/div><\/div><\/div><\/div><div class=\"fusion-fullwidth fullwidth-box fusion-builder-row-3 fusion-flex-container nonhundred-percent-fullwidth non-hundred-percent-height-scrolling\" style=\"--awb-border-radius-top-left:0px;--awb-border-radius-top-right:0px;--awb-border-radius-bottom-right:0px;--awb-border-radius-bottom-left:0px;--awb-padding-top:20px;--awb-padding-bottom:20px;--awb-flex-wrap:wrap;\" ><div class=\"fusion-builder-row fusion-row fusion-flex-align-items-flex-start fusion-flex-content-wrap\" style=\"max-width:calc( 1200px + 0px );margin-left: calc(-0px \/ 2 );margin-right: calc(-0px \/ 2 );\"><div class=\"fusion-layout-column fusion_builder_column fusion-builder-column-1 fusion_builder_column_1_5 1_5 fusion-flex-column fusion-column-inner-bg-wrapper\" style=\"--awb-inner-bg-size:cover;--awb-border-color:#ffffff;--awb-border-right:10px;--awb-border-style:solid;--awb-width-large:20%;--awb-margin-top-large:0px;--awb-spacing-right-large:0px;--awb-margin-bottom-large:20px;--awb-spacing-left-large:0px;--awb-width-medium:20%;--awb-spacing-right-medium:0px;--awb-spacing-left-medium:0px;--awb-width-small:100%;--awb-spacing-right-small:0px;--awb-spacing-left-small:0px;\"><span class=\"fusion-column-inner-bg hover-type-none\"><a class=\"fusion-column-anchor\" href=\"https:\/\/ponsa.com\/cintas-estandar\/\"><span class=\"fusion-column-inner-bg-image\"><\/span><\/a><\/span><div class=\"fusion-column-wrapper fusion-flex-justify-content-flex-start fusion-content-layout-column\"><div class=\"fusion-image-element \" style=\"text-align:center;--awb-caption-title-font-family:var(--h2_typography-font-family);--awb-caption-title-font-weight:var(--h2_typography-font-weight);--awb-caption-title-font-style:var(--h2_typography-font-style);--awb-caption-title-size:var(--h2_typography-font-size);--awb-caption-title-transform:var(--h2_typography-text-transform);--awb-caption-title-line-height:var(--h2_typography-line-height);--awb-caption-title-letter-spacing:var(--h2_typography-letter-spacing);\"><span class=\" fusion-imageframe imageframe-none imageframe-1 hover-type-none\"><img decoding=\"async\" width=\"1000\" height=\"1000\" alt=\"Industrias Ponsa asegura la mejor calidad en todas sus cintas de polipropileno debido principalmente a: Larga y contrastada experiencia en el mundo textil. Fabricaci\u00f3n propia del hilo de polipropileno desde 1973. Ver ventajas (hilo polipropileno). Excelente resistencia a los \u00e1cidos y alcalinos. No absorbe ni el agua ni la suciedad.\" title=\"CINTAS DE POLIPROPILENO\" src=\"https:\/\/ponsa.com\/wp-content\/uploads\/2017\/05\/polypropileno.jpg\" class=\"img-responsive wp-image-1786\" srcset=\"https:\/\/ponsa.com\/wp-content\/uploads\/2017\/05\/polypropileno-200x200.jpg 200w, https:\/\/ponsa.com\/wp-content\/uploads\/2017\/05\/polypropileno-400x400.jpg 400w, https:\/\/ponsa.com\/wp-content\/uploads\/2017\/05\/polypropileno-600x600.jpg 600w, https:\/\/ponsa.com\/wp-content\/uploads\/2017\/05\/polypropileno-800x800.jpg 800w, https:\/\/ponsa.com\/wp-content\/uploads\/2017\/05\/polypropileno.jpg 1000w\" sizes=\"(max-width: 640px) 100vw, 400px\" \/><\/span><\/div><div class=\"fusion-text fusion-text-2\"><p style=\"text-align: center;\"><span style=\"text-decoration: underline;\"><strong>SANGLE STANDARD<\/strong><\/span><\/p>\n<\/div><\/div><\/div><div class=\"fusion-layout-column fusion_builder_column fusion-builder-column-2 fusion_builder_column_1_5 1_5 fusion-flex-column fusion-column-inner-bg-wrapper\" style=\"--awb-inner-bg-size:cover;--awb-border-color:#ffffff;--awb-border-right:10px;--awb-border-style:solid;--awb-width-large:20%;--awb-margin-top-large:0px;--awb-spacing-right-large:0px;--awb-margin-bottom-large:20px;--awb-spacing-left-large:0px;--awb-width-medium:20%;--awb-spacing-right-medium:0px;--awb-spacing-left-medium:0px;--awb-width-small:100%;--awb-spacing-right-small:0px;--awb-spacing-left-small:0px;\"><span class=\"fusion-column-inner-bg hover-type-none\"><a class=\"fusion-column-anchor\" href=\"https:\/\/ponsa.com\/fr\/cintas\/sangle-technique\/\"><span class=\"fusion-column-inner-bg-image\"><\/span><\/a><\/span><div class=\"fusion-column-wrapper fusion-flex-justify-content-flex-start fusion-content-layout-column\"><div class=\"fusion-image-element \" style=\"text-align:center;--awb-caption-title-font-family:var(--h2_typography-font-family);--awb-caption-title-font-weight:var(--h2_typography-font-weight);--awb-caption-title-font-style:var(--h2_typography-font-style);--awb-caption-title-size:var(--h2_typography-font-size);--awb-caption-title-transform:var(--h2_typography-text-transform);--awb-caption-title-line-height:var(--h2_typography-line-height);--awb-caption-title-letter-spacing:var(--h2_typography-letter-spacing);\"><span class=\" fusion-imageframe imageframe-none imageframe-2 hover-type-none\"><img decoding=\"async\" width=\"1000\" height=\"1000\" alt=\"IR TRATAMIENTO DE INFRARROJOS De entre todas las cintas, destacamos la fabricaci\u00f3n de cintas con tratamiento de infrarrojos (IR).\" title=\"CINTAS MILITARES \u2013 CAMUFLAJE\" src=\"https:\/\/ponsa.com\/wp-content\/uploads\/2017\/06\/COLCHONES10.jpg\" class=\"img-responsive wp-image-1885\" srcset=\"https:\/\/ponsa.com\/wp-content\/uploads\/2017\/06\/COLCHONES10-200x200.jpg 200w, https:\/\/ponsa.com\/wp-content\/uploads\/2017\/06\/COLCHONES10-400x400.jpg 400w, https:\/\/ponsa.com\/wp-content\/uploads\/2017\/06\/COLCHONES10-600x600.jpg 600w, https:\/\/ponsa.com\/wp-content\/uploads\/2017\/06\/COLCHONES10-800x800.jpg 800w, https:\/\/ponsa.com\/wp-content\/uploads\/2017\/06\/COLCHONES10.jpg 1000w\" sizes=\"(max-width: 640px) 100vw, 400px\" \/><\/span><\/div><div class=\"fusion-text fusion-text-3\"><p style=\"text-align: center;\"><span style=\"text-decoration: underline;\"><strong>SANGLES TECHNIQUES<\/strong><\/span><\/p>\n<\/div><\/div><\/div><div class=\"fusion-layout-column fusion_builder_column fusion-builder-column-3 fusion_builder_column_1_5 1_5 fusion-flex-column fusion-column-inner-bg-wrapper\" style=\"--awb-inner-bg-size:cover;--awb-border-color:#ffffff;--awb-border-right:10px;--awb-border-style:solid;--awb-width-large:20%;--awb-margin-top-large:0px;--awb-spacing-right-large:0px;--awb-margin-bottom-large:20px;--awb-spacing-left-large:0px;--awb-width-medium:20%;--awb-spacing-right-medium:0px;--awb-spacing-left-medium:0px;--awb-width-small:100%;--awb-spacing-right-small:0px;--awb-spacing-left-small:0px;\"><span class=\"fusion-column-inner-bg hover-type-none\"><a class=\"fusion-column-anchor\" href=\"https:\/\/ponsa.com\/fr\/cintas\/applications-de-nos-sangles\/\"><span class=\"fusion-column-inner-bg-image\"><\/span><\/a><\/span><div class=\"fusion-column-wrapper fusion-flex-justify-content-flex-start fusion-content-layout-column\"><div class=\"fusion-image-element \" style=\"text-align:center;--awb-caption-title-font-family:var(--h2_typography-font-family);--awb-caption-title-font-weight:var(--h2_typography-font-weight);--awb-caption-title-font-style:var(--h2_typography-font-style);--awb-caption-title-size:var(--h2_typography-font-size);--awb-caption-title-transform:var(--h2_typography-text-transform);--awb-caption-title-line-height:var(--h2_typography-line-height);--awb-caption-title-letter-spacing:var(--h2_typography-letter-spacing);\"><span class=\" fusion-imageframe imageframe-none imageframe-3 hover-type-none\"><img decoding=\"async\" width=\"1000\" height=\"1000\" title=\"flame-retardant\" src=\"https:\/\/ponsa.com\/wp-content\/uploads\/2019\/07\/flame-retardant-1.jpg\" alt class=\"img-responsive wp-image-9367\" srcset=\"https:\/\/ponsa.com\/wp-content\/uploads\/2019\/07\/flame-retardant-1-200x200.jpg 200w, https:\/\/ponsa.com\/wp-content\/uploads\/2019\/07\/flame-retardant-1-400x400.jpg 400w, https:\/\/ponsa.com\/wp-content\/uploads\/2019\/07\/flame-retardant-1-600x600.jpg 600w, https:\/\/ponsa.com\/wp-content\/uploads\/2019\/07\/flame-retardant-1-800x800.jpg 800w, https:\/\/ponsa.com\/wp-content\/uploads\/2019\/07\/flame-retardant-1.jpg 1000w\" sizes=\"(max-width: 640px) 100vw, 400px\" \/><\/span><\/div><div class=\"fusion-text fusion-text-4\"><p style=\"text-align: center;\"><strong><span style=\"text-decoration: underline;\">SANGLES AVEC TRAITEMENTS<\/span><\/strong><\/p>\n<\/div><\/div><\/div><div class=\"fusion-layout-column fusion_builder_column fusion-builder-column-4 fusion_builder_column_1_5 1_5 fusion-flex-column fusion-column-inner-bg-wrapper\" style=\"--awb-inner-bg-size:cover;--awb-border-color:#ffffff;--awb-border-right:10px;--awb-border-style:solid;--awb-width-large:20%;--awb-margin-top-large:0px;--awb-spacing-right-large:0px;--awb-margin-bottom-large:20px;--awb-spacing-left-large:0px;--awb-width-medium:20%;--awb-spacing-right-medium:0px;--awb-spacing-left-medium:0px;--awb-width-small:100%;--awb-spacing-right-small:0px;--awb-spacing-left-small:0px;\"><span class=\"fusion-column-inner-bg hover-type-none\"><a class=\"fusion-column-anchor\" href=\"https:\/\/ponsa.com\/fr\/cintas\/applications-de-nos-sangles\/\"><span class=\"fusion-column-inner-bg-image\"><\/span><\/a><\/span><div class=\"fusion-column-wrapper fusion-flex-justify-content-flex-start fusion-content-layout-column\"><div class=\"fusion-image-element \" style=\"text-align:center;--awb-caption-title-font-family:var(--h2_typography-font-family);--awb-caption-title-font-weight:var(--h2_typography-font-weight);--awb-caption-title-font-style:var(--h2_typography-font-style);--awb-caption-title-size:var(--h2_typography-font-size);--awb-caption-title-transform:var(--h2_typography-text-transform);--awb-caption-title-line-height:var(--h2_typography-line-height);--awb-caption-title-letter-spacing:var(--h2_typography-letter-spacing);\"><span class=\" fusion-imageframe imageframe-none imageframe-4 hover-type-none\"><img decoding=\"async\" width=\"1000\" height=\"1000\" title=\"plotter\" src=\"https:\/\/ponsa.com\/wp-content\/uploads\/2019\/07\/plotter.jpg\" alt class=\"img-responsive wp-image-9413\" srcset=\"https:\/\/ponsa.com\/wp-content\/uploads\/2019\/07\/plotter-200x200.jpg 200w, https:\/\/ponsa.com\/wp-content\/uploads\/2019\/07\/plotter-400x400.jpg 400w, https:\/\/ponsa.com\/wp-content\/uploads\/2019\/07\/plotter-600x600.jpg 600w, https:\/\/ponsa.com\/wp-content\/uploads\/2019\/07\/plotter-800x800.jpg 800w, https:\/\/ponsa.com\/wp-content\/uploads\/2019\/07\/plotter.jpg 1000w\" sizes=\"(max-width: 640px) 100vw, 400px\" \/><\/span><\/div><div class=\"fusion-text fusion-text-5\"><p style=\"text-align: center;\"><strong><span style=\"text-decoration: underline;\">FINITIONS ET PR\u00c9SENTATIONS<\/span><\/strong><\/p>\n<\/div><\/div><\/div><div class=\"fusion-layout-column fusion_builder_column fusion-builder-column-5 fusion_builder_column_1_5 1_5 fusion-flex-column fusion-column-inner-bg-wrapper\" style=\"--awb-inner-bg-size:cover;--awb-border-color:#ffffff;--awb-border-right:10px;--awb-border-style:solid;--awb-width-large:20%;--awb-margin-top-large:0px;--awb-spacing-right-large:0px;--awb-margin-bottom-large:20px;--awb-spacing-left-large:0px;--awb-width-medium:20%;--awb-spacing-right-medium:0px;--awb-spacing-left-medium:0px;--awb-width-small:100%;--awb-spacing-right-small:0px;--awb-spacing-left-small:0px;\"><span class=\"fusion-column-inner-bg hover-type-none\"><a class=\"fusion-column-anchor\" href=\"https:\/\/ponsa.com\/fr\/cintas\/applications-de-nos-sangles\/\"><span class=\"fusion-column-inner-bg-image\"><\/span><\/a><\/span><div class=\"fusion-column-wrapper fusion-flex-justify-content-flex-start fusion-content-layout-column\"><div class=\"fusion-image-element \" style=\"text-align:center;--awb-caption-title-font-family:var(--h2_typography-font-family);--awb-caption-title-font-weight:var(--h2_typography-font-weight);--awb-caption-title-font-style:var(--h2_typography-font-style);--awb-caption-title-size:var(--h2_typography-font-size);--awb-caption-title-transform:var(--h2_typography-text-transform);--awb-caption-title-line-height:var(--h2_typography-line-height);--awb-caption-title-letter-spacing:var(--h2_typography-letter-spacing);\"><span class=\" fusion-imageframe imageframe-none imageframe-5 hover-type-none\"><img decoding=\"async\" width=\"1000\" height=\"1000\" title=\"CINTAS PARA COMPONENTES DE AUTOM\u00d3VILES\" src=\"https:\/\/ponsa.com\/wp-content\/uploads\/2017\/05\/automoviles.jpg\" alt class=\"img-responsive wp-image-8164\" srcset=\"https:\/\/ponsa.com\/wp-content\/uploads\/2017\/05\/automoviles-200x200.jpg 200w, https:\/\/ponsa.com\/wp-content\/uploads\/2017\/05\/automoviles-400x400.jpg 400w, https:\/\/ponsa.com\/wp-content\/uploads\/2017\/05\/automoviles-600x600.jpg 600w, https:\/\/ponsa.com\/wp-content\/uploads\/2017\/05\/automoviles-800x800.jpg 800w, https:\/\/ponsa.com\/wp-content\/uploads\/2017\/05\/automoviles.jpg 1000w\" sizes=\"(max-width: 640px) 100vw, 400px\" \/><\/span><\/div><div class=\"fusion-text fusion-text-6\"><p style=\"text-align: center;\"><strong><span style=\"text-decoration: underline;\">APPLICATIONS<\/span><\/strong><\/p>\n<\/div><\/div><\/div><\/div><\/div><\/p>\n","protected":false},"excerpt":{"rendered":"","protected":false},"author":4,"featured_media":0,"parent":0,"menu_order":0,"comment_status":"closed","ping_status":"closed","template":"100-width.php","meta":{"ngg_post_thumbnail":0,"footnotes":""},"class_list":["post-8085","page","type-page","status-publish","hentry"],"yoast_head":"<!-- This site is optimized with the Yoast SEO plugin v27.1.1 - https:\/\/yoast.com\/product\/yoast-seo-wordpress\/ -->\n<title>Sangle textiles Ponsa Vaste exp\u00e9rience acquise en tant que fabricant<\/title>\n<meta name=\"description\" content=\"Type de sangles les plus couramment utilis\u00e9 par les clients.Vaste exp\u00e9rience acquise en tant que fabricant de sangles depuis 1828.\" \/>\n<meta name=\"robots\" content=\"index, follow, max-snippet:-1, max-image-preview:large, max-video-preview:-1\" \/>\n<link rel=\"canonical\" href=\"https:\/\/ponsa.com\/fr\/cintas\/\" \/>\n<meta property=\"og:locale\" content=\"fr_FR\" \/>\n<meta property=\"og:type\" content=\"article\" \/>\n<meta property=\"og:title\" content=\"Sangle textiles Ponsa Vaste exp\u00e9rience acquise en tant que fabricant\" \/>\n<meta property=\"og:description\" content=\"Type de sangles les plus couramment utilis\u00e9 par les clients.Vaste exp\u00e9rience acquise en tant que fabricant de sangles depuis 1828.\" \/>\n<meta property=\"og:url\" content=\"https:\/\/ponsa.com\/fr\/cintas\/\" \/>\n<meta property=\"og:site_name\" content=\"Industrias Ponsa\" \/>\n<meta property=\"article:publisher\" content=\"https:\/\/www.facebook.com\/IndustriasPONSA\" \/>\n<meta property=\"article:modified_time\" content=\"2022-02-23T16:32:17+00:00\" \/>\n<meta name=\"twitter:card\" content=\"summary_large_image\" \/>\n<meta name=\"twitter:label1\" content=\"Est. reading time\" \/>\n\t<meta name=\"twitter:data1\" content=\"3 minutes\" \/>\n<script type=\"application\/ld+json\" class=\"yoast-schema-graph\">{\"@context\":\"https:\/\/schema.org\",\"@graph\":[{\"@type\":\"WebPage\",\"@id\":\"https:\/\/ponsa.com\/fr\/cintas\/\",\"url\":\"https:\/\/ponsa.com\/fr\/cintas\/\",\"name\":\"Sangle textiles Ponsa Vaste exp\u00e9rience acquise en tant que fabricant\",\"isPartOf\":{\"@id\":\"https:\/\/ponsa.com\/#website\"},\"datePublished\":\"2017-06-15T10:32:01+00:00\",\"dateModified\":\"2022-02-23T16:32:17+00:00\",\"description\":\"Type de sangles les plus couramment utilis\u00e9 par les clients.Vaste exp\u00e9rience acquise en tant que fabricant de sangles depuis 1828.\",\"breadcrumb\":{\"@id\":\"https:\/\/ponsa.com\/fr\/cintas\/#breadcrumb\"},\"inLanguage\":\"fr-FR\",\"potentialAction\":[{\"@type\":\"ReadAction\",\"target\":[\"https:\/\/ponsa.com\/fr\/cintas\/\"]}]},{\"@type\":\"BreadcrumbList\",\"@id\":\"https:\/\/ponsa.com\/fr\/cintas\/#breadcrumb\",\"itemListElement\":[{\"@type\":\"ListItem\",\"position\":1,\"name\":\"Portada\",\"item\":\"https:\/\/ponsa.com\/fr\/\"},{\"@type\":\"ListItem\",\"position\":2,\"name\":\"SANGLE TEXTILE PONSA\"}]},{\"@type\":\"WebSite\",\"@id\":\"https:\/\/ponsa.com\/#website\",\"url\":\"https:\/\/ponsa.com\/\",\"name\":\"Industrias Ponsa\",\"description\":\"Fabricante de Cintas Textiles\",\"publisher\":{\"@id\":\"https:\/\/ponsa.com\/#organization\"},\"potentialAction\":[{\"@type\":\"SearchAction\",\"target\":{\"@type\":\"EntryPoint\",\"urlTemplate\":\"https:\/\/ponsa.com\/?s={search_term_string}\"},\"query-input\":{\"@type\":\"PropertyValueSpecification\",\"valueRequired\":true,\"valueName\":\"search_term_string\"}}],\"inLanguage\":\"fr-FR\"},{\"@type\":\"Organization\",\"@id\":\"https:\/\/ponsa.com\/#organization\",\"name\":\"INDUSTRIAS PONSA S.A.\",\"url\":\"https:\/\/ponsa.com\/\",\"logo\":{\"@type\":\"ImageObject\",\"inLanguage\":\"fr-FR\",\"@id\":\"https:\/\/ponsa.com\/#\/schema\/logo\/image\/\",\"url\":\"https:\/\/ponsa.com\/wp-content\/uploads\/2021\/08\/logoPonsapng.png\",\"contentUrl\":\"https:\/\/ponsa.com\/wp-content\/uploads\/2021\/08\/logoPonsapng.png\",\"width\":2289,\"height\":808,\"caption\":\"INDUSTRIAS PONSA S.A.\"},\"image\":{\"@id\":\"https:\/\/ponsa.com\/#\/schema\/logo\/image\/\"},\"sameAs\":[\"https:\/\/www.facebook.com\/IndustriasPONSA\",\"https:\/\/www.instagram.com\/ind.ponsa\/\",\"https:\/\/es.linkedin.com\/company\/industrias-ponsa-sa\",\"https:\/\/www.youtube.com\/channel\/UCxvfSBJQlBhV1aOQo-wXIoQ\"]}]}<\/script>\n<!-- \/ Yoast SEO plugin. -->","yoast_head_json":{"title":"Sangle textiles Ponsa Vaste exp\u00e9rience acquise en tant que fabricant","description":"Type de sangles les plus couramment utilis\u00e9 par les clients.Vaste exp\u00e9rience acquise en tant que fabricant de sangles depuis 1828.","robots":{"index":"index","follow":"follow","max-snippet":"max-snippet:-1","max-image-preview":"max-image-preview:large","max-video-preview":"max-video-preview:-1"},"canonical":"https:\/\/ponsa.com\/fr\/cintas\/","og_locale":"fr_FR","og_type":"article","og_title":"Sangle textiles Ponsa Vaste exp\u00e9rience acquise en tant que fabricant","og_description":"Type de sangles les plus couramment utilis\u00e9 par les clients.Vaste exp\u00e9rience acquise en tant que fabricant de sangles depuis 1828.","og_url":"https:\/\/ponsa.com\/fr\/cintas\/","og_site_name":"Industrias Ponsa","article_publisher":"https:\/\/www.facebook.com\/IndustriasPONSA","article_modified_time":"2022-02-23T16:32:17+00:00","twitter_card":"summary_large_image","twitter_misc":{"Est. reading time":"3 minutes"},"schema":{"@context":"https:\/\/schema.org","@graph":[{"@type":"WebPage","@id":"https:\/\/ponsa.com\/fr\/cintas\/","url":"https:\/\/ponsa.com\/fr\/cintas\/","name":"Sangle textiles Ponsa Vaste exp\u00e9rience acquise en tant que fabricant","isPartOf":{"@id":"https:\/\/ponsa.com\/#website"},"datePublished":"2017-06-15T10:32:01+00:00","dateModified":"2022-02-23T16:32:17+00:00","description":"Type de sangles les plus couramment utilis\u00e9 par les clients.Vaste exp\u00e9rience acquise en tant que fabricant de sangles depuis 1828.","breadcrumb":{"@id":"https:\/\/ponsa.com\/fr\/cintas\/#breadcrumb"},"inLanguage":"fr-FR","potentialAction":[{"@type":"ReadAction","target":["https:\/\/ponsa.com\/fr\/cintas\/"]}]},{"@type":"BreadcrumbList","@id":"https:\/\/ponsa.com\/fr\/cintas\/#breadcrumb","itemListElement":[{"@type":"ListItem","position":1,"name":"Portada","item":"https:\/\/ponsa.com\/fr\/"},{"@type":"ListItem","position":2,"name":"SANGLE TEXTILE PONSA"}]},{"@type":"WebSite","@id":"https:\/\/ponsa.com\/#website","url":"https:\/\/ponsa.com\/","name":"Industrias Ponsa","description":"Fabricante de Cintas Textiles","publisher":{"@id":"https:\/\/ponsa.com\/#organization"},"potentialAction":[{"@type":"SearchAction","target":{"@type":"EntryPoint","urlTemplate":"https:\/\/ponsa.com\/?s={search_term_string}"},"query-input":{"@type":"PropertyValueSpecification","valueRequired":true,"valueName":"search_term_string"}}],"inLanguage":"fr-FR"},{"@type":"Organization","@id":"https:\/\/ponsa.com\/#organization","name":"INDUSTRIAS PONSA S.A.","url":"https:\/\/ponsa.com\/","logo":{"@type":"ImageObject","inLanguage":"fr-FR","@id":"https:\/\/ponsa.com\/#\/schema\/logo\/image\/","url":"https:\/\/ponsa.com\/wp-content\/uploads\/2021\/08\/logoPonsapng.png","contentUrl":"https:\/\/ponsa.com\/wp-content\/uploads\/2021\/08\/logoPonsapng.png","width":2289,"height":808,"caption":"INDUSTRIAS PONSA S.A."},"image":{"@id":"https:\/\/ponsa.com\/#\/schema\/logo\/image\/"},"sameAs":["https:\/\/www.facebook.com\/IndustriasPONSA","https:\/\/www.instagram.com\/ind.ponsa\/","https:\/\/es.linkedin.com\/company\/industrias-ponsa-sa","https:\/\/www.youtube.com\/channel\/UCxvfSBJQlBhV1aOQo-wXIoQ"]}]}},"_links":{"self":[{"href":"https:\/\/ponsa.com\/fr\/wp-json\/wp\/v2\/pages\/8085","targetHints":{"allow":["GET"]}}],"collection":[{"href":"https:\/\/ponsa.com\/fr\/wp-json\/wp\/v2\/pages"}],"about":[{"href":"https:\/\/ponsa.com\/fr\/wp-json\/wp\/v2\/types\/page"}],"author":[{"embeddable":true,"href":"https:\/\/ponsa.com\/fr\/wp-json\/wp\/v2\/users\/4"}],"replies":[{"embeddable":true,"href":"https:\/\/ponsa.com\/fr\/wp-json\/wp\/v2\/comments?post=8085"}],"version-history":[{"count":10,"href":"https:\/\/ponsa.com\/fr\/wp-json\/wp\/v2\/pages\/8085\/revisions"}],"predecessor-version":[{"id":22809,"href":"https:\/\/ponsa.com\/fr\/wp-json\/wp\/v2\/pages\/8085\/revisions\/22809"}],"wp:attachment":[{"href":"https:\/\/ponsa.com\/fr\/wp-json\/wp\/v2\/media?parent=8085"}],"curies":[{"name":"wp","href":"https:\/\/api.w.org\/{rel}","templated":true}]}}