{"id":7320,"date":"2017-04-22T09:22:25","date_gmt":"2017-04-22T09:22:25","guid":{"rendered":"https:\/\/ponsa.com\/arrimage\/trinquetes\/"},"modified":"2022-02-23T15:40:48","modified_gmt":"2022-02-23T15:40:48","slug":"sangle-a-boucle","status":"publish","type":"page","link":"https:\/\/ponsa.com\/fr\/arrimage\/sangle-a-boucle\/","title":{"rendered":"SANGLE \u00c0 BOUCLE"},"content":{"rendered":"<p><div class=\"fusion-fullwidth fullwidth-box fusion-builder-row-1 fusion-flex-container nonhundred-percent-fullwidth non-hundred-percent-height-scrolling\" style=\"--awb-border-radius-top-left:0px;--awb-border-radius-top-right:0px;--awb-border-radius-bottom-right:0px;--awb-border-radius-bottom-left:0px;--awb-padding-top:0px;--awb-padding-bottom:5px;--awb-flex-wrap:wrap;\" ><div class=\"fusion-builder-row fusion-row fusion-flex-align-items-flex-start fusion-flex-content-wrap\" style=\"max-width:1248px;margin-left: calc(-4% \/ 2 );margin-right: calc(-4% \/ 2 );\"><div class=\"fusion-layout-column fusion_builder_column fusion-builder-column-0 fusion_builder_column_1_1 1_1 fusion-flex-column\" style=\"--awb-padding-bottom:0px;--awb-bg-size:cover;--awb-width-large:100%;--awb-margin-top-large:0px;--awb-spacing-right-large:1.92%;--awb-margin-bottom-large:0px;--awb-spacing-left-large:1.92%;--awb-width-medium:100%;--awb-spacing-right-medium:1.92%;--awb-spacing-left-medium:1.92%;--awb-width-small:100%;--awb-spacing-right-small:1.92%;--awb-spacing-left-small:1.92%;\"><div class=\"fusion-column-wrapper fusion-flex-justify-content-flex-start fusion-content-layout-column\"><div class=\"fusion-text fusion-text-1\"><h2 style=\"text-align: center;\"><strong><span class=\"titulo1\">SANGLES \u00c0 BOUCLES<\/span><\/strong><\/h2>\n<p style=\"text-align: center;\"><span class=\"titulo2\" style=\"color: #808080; font-weight: 400;\">Qualit\u00e9 avec certification ISO 9001. Nous utilisons les derni\u00e8res technologies tout au long du process de fabrication, garantissant que les produits r\u00e9pondent aux exigences les plus extr\u00eames du march\u00e9. La fa\u00e7on la plus facile et la plus confortable de tenir de <a href=\"https:\/\/ponsashop.com\/amarre\">petites charges.<\/a><\/span><\/p>\n<\/div><\/div><\/div><\/div><\/div><div class=\"fusion-fullwidth fullwidth-box fusion-builder-row-2 fusion-flex-container nonhundred-percent-fullwidth non-hundred-percent-height-scrolling\" style=\"--awb-border-radius-top-left:0px;--awb-border-radius-top-right:0px;--awb-border-radius-bottom-right:0px;--awb-border-radius-bottom-left:0px;--awb-padding-top:20px;--awb-padding-bottom:20px;--awb-flex-wrap:wrap;\" ><div class=\"fusion-builder-row fusion-row fusion-flex-align-items-flex-start fusion-flex-content-wrap\" style=\"max-width:calc( 1200px + 0px );margin-left: calc(-0px \/ 2 );margin-right: calc(-0px \/ 2 );\"><div class=\"fusion-layout-column fusion_builder_column fusion-builder-column-1 fusion_builder_column_1_3 1_3 fusion-flex-column fusion-column-inner-bg-wrapper\" style=\"--awb-inner-bg-size:cover;--awb-border-color:#d3d3d3;--awb-border-right:1px;--awb-border-style:solid;--awb-width-large:33.333333333333%;--awb-margin-top-large:0px;--awb-spacing-right-large:0px;--awb-margin-bottom-large:20px;--awb-spacing-left-large:0px;--awb-width-medium:33.333333333333%;--awb-spacing-right-medium:0px;--awb-spacing-left-medium:0px;--awb-width-small:100%;--awb-spacing-right-small:0px;--awb-spacing-left-small:0px;\"><span class=\"fusion-column-inner-bg hover-type-none\"><a class=\"fusion-column-anchor\" href=\"https:\/\/ponsa.com\/fr\/arrimage\/sangle-a-boucle\/sangle-a-boucle-25\/\"><span class=\"fusion-column-inner-bg-image\"><\/span><\/a><\/span><div class=\"fusion-column-wrapper fusion-flex-justify-content-flex-start fusion-content-layout-column\"><div class=\"fusion-image-element \" style=\"text-align:center;--awb-caption-title-font-family:var(--h2_typography-font-family);--awb-caption-title-font-weight:var(--h2_typography-font-weight);--awb-caption-title-font-style:var(--h2_typography-font-style);--awb-caption-title-size:var(--h2_typography-font-size);--awb-caption-title-transform:var(--h2_typography-text-transform);--awb-caption-title-line-height:var(--h2_typography-line-height);--awb-caption-title-letter-spacing:var(--h2_typography-letter-spacing);\"><span class=\" fusion-imageframe imageframe-none imageframe-1 hover-type-none\"><img decoding=\"async\" width=\"1000\" height=\"1000\" alt=\"Dispositivo dise\u00f1ado para garantizar la seguridad en el transporte de cargas, mediante la sujeci\u00f3n de la carga con cinta textil\" title=\"TRINQUETE hebilla profesional para amarre de cargas\" src=\"https:\/\/ponsa.com\/wp-content\/uploads\/2017\/04\/T25.jpg\" class=\"img-responsive wp-image-952\" srcset=\"https:\/\/ponsa.com\/wp-content\/uploads\/2017\/04\/T25-200x200.jpg 200w, https:\/\/ponsa.com\/wp-content\/uploads\/2017\/04\/T25-400x400.jpg 400w, https:\/\/ponsa.com\/wp-content\/uploads\/2017\/04\/T25-600x600.jpg 600w, https:\/\/ponsa.com\/wp-content\/uploads\/2017\/04\/T25-800x800.jpg 800w, https:\/\/ponsa.com\/wp-content\/uploads\/2017\/04\/T25.jpg 1000w\" sizes=\"(max-width: 640px) 100vw, 600px\" \/><\/span><\/div><div class=\"fusion-text fusion-text-2\"><p style=\"text-align: center;\">SANGLE \u00c0 BOUCLE 25mm<\/p>\n<\/div><\/div><\/div><div class=\"fusion-layout-column fusion_builder_column fusion-builder-column-2 fusion_builder_column_1_3 1_3 fusion-flex-column fusion-column-inner-bg-wrapper\" style=\"--awb-inner-bg-size:cover;--awb-border-color:#d3d3d3;--awb-border-right:1px;--awb-border-style:solid;--awb-width-large:33.333333333333%;--awb-margin-top-large:0px;--awb-spacing-right-large:0px;--awb-margin-bottom-large:20px;--awb-spacing-left-large:0px;--awb-width-medium:33.333333333333%;--awb-spacing-right-medium:0px;--awb-spacing-left-medium:0px;--awb-width-small:100%;--awb-spacing-right-small:0px;--awb-spacing-left-small:0px;\"><span class=\"fusion-column-inner-bg hover-type-none\"><a class=\"fusion-column-anchor\" href=\"https:\/\/ponsa.com\/fr\/arrimage\/sangle-a-boucle\/sangle-a-boucle-35\/\"><span class=\"fusion-column-inner-bg-image\"><\/span><\/a><\/span><div class=\"fusion-column-wrapper fusion-flex-justify-content-flex-start fusion-content-layout-column\"><div class=\"fusion-image-element \" style=\"text-align:center;--awb-caption-title-font-family:var(--h2_typography-font-family);--awb-caption-title-font-weight:var(--h2_typography-font-weight);--awb-caption-title-font-style:var(--h2_typography-font-style);--awb-caption-title-size:var(--h2_typography-font-size);--awb-caption-title-transform:var(--h2_typography-text-transform);--awb-caption-title-line-height:var(--h2_typography-line-height);--awb-caption-title-letter-spacing:var(--h2_typography-letter-spacing);\"><span class=\" fusion-imageframe imageframe-none imageframe-2 hover-type-none\"><img decoding=\"async\" width=\"1000\" height=\"1000\" alt=\"Dispositivo dise\u00f1ado para garantizar la seguridad en el transporte de cargas, mediante la sujeci\u00f3n de la carga con cinta textil.\" title=\"TRINQUETE cinta trincaje, hebilla profesional para amarre de cargas\" src=\"https:\/\/ponsa.com\/wp-content\/uploads\/2017\/04\/T35.jpg\" class=\"img-responsive wp-image-953\" srcset=\"https:\/\/ponsa.com\/wp-content\/uploads\/2017\/04\/T35-200x200.jpg 200w, https:\/\/ponsa.com\/wp-content\/uploads\/2017\/04\/T35-400x400.jpg 400w, https:\/\/ponsa.com\/wp-content\/uploads\/2017\/04\/T35-600x600.jpg 600w, https:\/\/ponsa.com\/wp-content\/uploads\/2017\/04\/T35-800x800.jpg 800w, https:\/\/ponsa.com\/wp-content\/uploads\/2017\/04\/T35.jpg 1000w\" sizes=\"(max-width: 640px) 100vw, 600px\" \/><\/span><\/div><div class=\"fusion-text fusion-text-3\"><p style=\"text-align: center;\">SANGLE \u00c0 BOUCLE 35mm<\/p>\n<\/div><\/div><\/div><div class=\"fusion-layout-column fusion_builder_column fusion-builder-column-3 fusion_builder_column_1_3 1_3 fusion-flex-column fusion-column-inner-bg-wrapper\" style=\"--awb-inner-bg-size:cover;--awb-border-color:#d3d3d3;--awb-border-right:1px;--awb-border-style:solid;--awb-width-large:33.333333333333%;--awb-margin-top-large:0px;--awb-spacing-right-large:0px;--awb-margin-bottom-large:20px;--awb-spacing-left-large:0px;--awb-width-medium:33.333333333333%;--awb-spacing-right-medium:0px;--awb-spacing-left-medium:0px;--awb-width-small:100%;--awb-spacing-right-small:0px;--awb-spacing-left-small:0px;\"><span class=\"fusion-column-inner-bg hover-type-none\"><a class=\"fusion-column-anchor\" href=\"https:\/\/ponsa.com\/fr\/arrimage\/sangle-a-boucle\/arrimage-elastique\/\"><span class=\"fusion-column-inner-bg-image\"><\/span><\/a><\/span><div class=\"fusion-column-wrapper fusion-flex-justify-content-flex-start fusion-content-layout-column\"><div class=\"fusion-image-element \" style=\"text-align:center;--awb-caption-title-font-family:var(--h2_typography-font-family);--awb-caption-title-font-weight:var(--h2_typography-font-weight);--awb-caption-title-font-style:var(--h2_typography-font-style);--awb-caption-title-size:var(--h2_typography-font-size);--awb-caption-title-transform:var(--h2_typography-text-transform);--awb-caption-title-line-height:var(--h2_typography-line-height);--awb-caption-title-letter-spacing:var(--h2_typography-letter-spacing);\"><span class=\" fusion-imageframe imageframe-none imageframe-3 hover-type-none\"><img decoding=\"async\" width=\"1000\" height=\"1000\" title=\"elastico\" src=\"https:\/\/ponsa.com\/wp-content\/uploads\/2017\/04\/elastico-1.jpg\" alt class=\"img-responsive wp-image-3294\" srcset=\"https:\/\/ponsa.com\/wp-content\/uploads\/2017\/04\/elastico-1-200x200.jpg 200w, https:\/\/ponsa.com\/wp-content\/uploads\/2017\/04\/elastico-1-400x400.jpg 400w, https:\/\/ponsa.com\/wp-content\/uploads\/2017\/04\/elastico-1-600x600.jpg 600w, https:\/\/ponsa.com\/wp-content\/uploads\/2017\/04\/elastico-1-800x800.jpg 800w, https:\/\/ponsa.com\/wp-content\/uploads\/2017\/04\/elastico-1.jpg 1000w\" sizes=\"(max-width: 640px) 100vw, 600px\" \/><\/span><\/div><div class=\"fusion-text fusion-text-4\"><p style=\"text-align: center;\">ARRIMAGE \u00c9LASTIQUE<\/p>\n<\/div><\/div><\/div><\/div><\/div><\/p>\n","protected":false},"excerpt":{"rendered":"","protected":false},"author":2,"featured_media":0,"parent":7282,"menu_order":0,"comment_status":"closed","ping_status":"closed","template":"100-width.php","meta":{"ngg_post_thumbnail":0,"footnotes":""},"class_list":["post-7320","page","type-page","status-publish","hentry"],"yoast_head":"<!-- This site is optimized with the Yoast SEO plugin v27.4 - https:\/\/yoast.com\/product\/yoast-seo-wordpress\/ -->\n<title>Sangle \u00e0 boucle la meilleure qualit\u00e9, Ponsa<\/title>\n<meta name=\"description\" content=\"Nous sommes des fabricants de Sangle \u00e0 boucle Ponsa accr\u00e9dit\u00e9s ISO 9001:2015. Nous garantissons la qualit\u00e9 de nos rubans et le contr\u00f4le\" \/>\n<meta name=\"robots\" content=\"index, follow, max-snippet:-1, max-image-preview:large, max-video-preview:-1\" \/>\n<link rel=\"canonical\" href=\"https:\/\/ponsa.com\/fr\/arrimage\/sangle-a-boucle\/\" \/>\n<meta property=\"og:locale\" content=\"fr_FR\" \/>\n<meta property=\"og:type\" content=\"article\" \/>\n<meta property=\"og:title\" content=\"Sangle \u00e0 boucle la meilleure qualit\u00e9, Ponsa\" \/>\n<meta property=\"og:description\" content=\"Nous sommes des fabricants de Sangle \u00e0 boucle Ponsa accr\u00e9dit\u00e9s ISO 9001:2015. Nous garantissons la qualit\u00e9 de nos rubans et le contr\u00f4le\" \/>\n<meta property=\"og:url\" content=\"https:\/\/ponsa.com\/fr\/arrimage\/sangle-a-boucle\/\" \/>\n<meta property=\"og:site_name\" content=\"Industrias Ponsa\" \/>\n<meta property=\"article:publisher\" content=\"https:\/\/www.facebook.com\/IndustriasPONSA\" \/>\n<meta property=\"article:modified_time\" content=\"2022-02-23T15:40:48+00:00\" \/>\n<meta name=\"twitter:card\" content=\"summary_large_image\" \/>\n<meta name=\"twitter:label1\" content=\"Est. reading time\" \/>\n\t<meta name=\"twitter:data1\" content=\"2 minutes\" \/>\n<script type=\"application\/ld+json\" class=\"yoast-schema-graph\">{\"@context\":\"https:\\\/\\\/schema.org\",\"@graph\":[{\"@type\":\"WebPage\",\"@id\":\"https:\\\/\\\/ponsa.com\\\/fr\\\/arrimage\\\/sangle-a-boucle\\\/\",\"url\":\"https:\\\/\\\/ponsa.com\\\/fr\\\/arrimage\\\/sangle-a-boucle\\\/\",\"name\":\"Sangle \u00e0 boucle la meilleure qualit\u00e9, Ponsa\",\"isPartOf\":{\"@id\":\"https:\\\/\\\/ponsa.com\\\/#website\"},\"datePublished\":\"2017-04-22T09:22:25+00:00\",\"dateModified\":\"2022-02-23T15:40:48+00:00\",\"description\":\"Nous sommes des fabricants de Sangle \u00e0 boucle Ponsa accr\u00e9dit\u00e9s ISO 9001:2015. Nous garantissons la qualit\u00e9 de nos rubans et le contr\u00f4le\",\"breadcrumb\":{\"@id\":\"https:\\\/\\\/ponsa.com\\\/fr\\\/arrimage\\\/sangle-a-boucle\\\/#breadcrumb\"},\"inLanguage\":\"fr-FR\",\"potentialAction\":[{\"@type\":\"ReadAction\",\"target\":[\"https:\\\/\\\/ponsa.com\\\/fr\\\/arrimage\\\/sangle-a-boucle\\\/\"]}]},{\"@type\":\"BreadcrumbList\",\"@id\":\"https:\\\/\\\/ponsa.com\\\/fr\\\/arrimage\\\/sangle-a-boucle\\\/#breadcrumb\",\"itemListElement\":[{\"@type\":\"ListItem\",\"position\":1,\"name\":\"Portada\",\"item\":\"https:\\\/\\\/ponsa.com\\\/fr\\\/\"},{\"@type\":\"ListItem\",\"position\":2,\"name\":\"ARRIMAGE\",\"item\":\"https:\\\/\\\/ponsa.com\\\/fr\\\/arrimage\\\/\"},{\"@type\":\"ListItem\",\"position\":3,\"name\":\"SANGLE \u00c0 BOUCLE\"}]},{\"@type\":\"WebSite\",\"@id\":\"https:\\\/\\\/ponsa.com\\\/#website\",\"url\":\"https:\\\/\\\/ponsa.com\\\/\",\"name\":\"Industrias Ponsa\",\"description\":\"Fabricante de Cintas Textiles\",\"publisher\":{\"@id\":\"https:\\\/\\\/ponsa.com\\\/#organization\"},\"potentialAction\":[{\"@type\":\"SearchAction\",\"target\":{\"@type\":\"EntryPoint\",\"urlTemplate\":\"https:\\\/\\\/ponsa.com\\\/?s={search_term_string}\"},\"query-input\":{\"@type\":\"PropertyValueSpecification\",\"valueRequired\":true,\"valueName\":\"search_term_string\"}}],\"inLanguage\":\"fr-FR\"},{\"@type\":\"Organization\",\"@id\":\"https:\\\/\\\/ponsa.com\\\/#organization\",\"name\":\"INDUSTRIAS PONSA S.A.\",\"url\":\"https:\\\/\\\/ponsa.com\\\/\",\"logo\":{\"@type\":\"ImageObject\",\"inLanguage\":\"fr-FR\",\"@id\":\"https:\\\/\\\/ponsa.com\\\/#\\\/schema\\\/logo\\\/image\\\/\",\"url\":\"https:\\\/\\\/ponsa.com\\\/wp-content\\\/uploads\\\/2021\\\/08\\\/logoPonsapng.png\",\"contentUrl\":\"https:\\\/\\\/ponsa.com\\\/wp-content\\\/uploads\\\/2021\\\/08\\\/logoPonsapng.png\",\"width\":2289,\"height\":808,\"caption\":\"INDUSTRIAS PONSA S.A.\"},\"image\":{\"@id\":\"https:\\\/\\\/ponsa.com\\\/#\\\/schema\\\/logo\\\/image\\\/\"},\"sameAs\":[\"https:\\\/\\\/www.facebook.com\\\/IndustriasPONSA\",\"https:\\\/\\\/www.instagram.com\\\/ind.ponsa\\\/\",\"https:\\\/\\\/es.linkedin.com\\\/company\\\/industrias-ponsa-sa\",\"https:\\\/\\\/www.youtube.com\\\/channel\\\/UCxvfSBJQlBhV1aOQo-wXIoQ\"]}]}<\/script>\n<!-- \/ Yoast SEO plugin. -->","yoast_head_json":{"title":"Sangle \u00e0 boucle la meilleure qualit\u00e9, Ponsa","description":"Nous sommes des fabricants de Sangle \u00e0 boucle Ponsa accr\u00e9dit\u00e9s ISO 9001:2015. Nous garantissons la qualit\u00e9 de nos rubans et le contr\u00f4le","robots":{"index":"index","follow":"follow","max-snippet":"max-snippet:-1","max-image-preview":"max-image-preview:large","max-video-preview":"max-video-preview:-1"},"canonical":"https:\/\/ponsa.com\/fr\/arrimage\/sangle-a-boucle\/","og_locale":"fr_FR","og_type":"article","og_title":"Sangle \u00e0 boucle la meilleure qualit\u00e9, Ponsa","og_description":"Nous sommes des fabricants de Sangle \u00e0 boucle Ponsa accr\u00e9dit\u00e9s ISO 9001:2015. Nous garantissons la qualit\u00e9 de nos rubans et le contr\u00f4le","og_url":"https:\/\/ponsa.com\/fr\/arrimage\/sangle-a-boucle\/","og_site_name":"Industrias Ponsa","article_publisher":"https:\/\/www.facebook.com\/IndustriasPONSA","article_modified_time":"2022-02-23T15:40:48+00:00","twitter_card":"summary_large_image","twitter_misc":{"Est. reading time":"2 minutes"},"schema":{"@context":"https:\/\/schema.org","@graph":[{"@type":"WebPage","@id":"https:\/\/ponsa.com\/fr\/arrimage\/sangle-a-boucle\/","url":"https:\/\/ponsa.com\/fr\/arrimage\/sangle-a-boucle\/","name":"Sangle \u00e0 boucle la meilleure qualit\u00e9, Ponsa","isPartOf":{"@id":"https:\/\/ponsa.com\/#website"},"datePublished":"2017-04-22T09:22:25+00:00","dateModified":"2022-02-23T15:40:48+00:00","description":"Nous sommes des fabricants de Sangle \u00e0 boucle Ponsa accr\u00e9dit\u00e9s ISO 9001:2015. Nous garantissons la qualit\u00e9 de nos rubans et le contr\u00f4le","breadcrumb":{"@id":"https:\/\/ponsa.com\/fr\/arrimage\/sangle-a-boucle\/#breadcrumb"},"inLanguage":"fr-FR","potentialAction":[{"@type":"ReadAction","target":["https:\/\/ponsa.com\/fr\/arrimage\/sangle-a-boucle\/"]}]},{"@type":"BreadcrumbList","@id":"https:\/\/ponsa.com\/fr\/arrimage\/sangle-a-boucle\/#breadcrumb","itemListElement":[{"@type":"ListItem","position":1,"name":"Portada","item":"https:\/\/ponsa.com\/fr\/"},{"@type":"ListItem","position":2,"name":"ARRIMAGE","item":"https:\/\/ponsa.com\/fr\/arrimage\/"},{"@type":"ListItem","position":3,"name":"SANGLE \u00c0 BOUCLE"}]},{"@type":"WebSite","@id":"https:\/\/ponsa.com\/#website","url":"https:\/\/ponsa.com\/","name":"Industrias Ponsa","description":"Fabricante de Cintas Textiles","publisher":{"@id":"https:\/\/ponsa.com\/#organization"},"potentialAction":[{"@type":"SearchAction","target":{"@type":"EntryPoint","urlTemplate":"https:\/\/ponsa.com\/?s={search_term_string}"},"query-input":{"@type":"PropertyValueSpecification","valueRequired":true,"valueName":"search_term_string"}}],"inLanguage":"fr-FR"},{"@type":"Organization","@id":"https:\/\/ponsa.com\/#organization","name":"INDUSTRIAS PONSA S.A.","url":"https:\/\/ponsa.com\/","logo":{"@type":"ImageObject","inLanguage":"fr-FR","@id":"https:\/\/ponsa.com\/#\/schema\/logo\/image\/","url":"https:\/\/ponsa.com\/wp-content\/uploads\/2021\/08\/logoPonsapng.png","contentUrl":"https:\/\/ponsa.com\/wp-content\/uploads\/2021\/08\/logoPonsapng.png","width":2289,"height":808,"caption":"INDUSTRIAS PONSA S.A."},"image":{"@id":"https:\/\/ponsa.com\/#\/schema\/logo\/image\/"},"sameAs":["https:\/\/www.facebook.com\/IndustriasPONSA","https:\/\/www.instagram.com\/ind.ponsa\/","https:\/\/es.linkedin.com\/company\/industrias-ponsa-sa","https:\/\/www.youtube.com\/channel\/UCxvfSBJQlBhV1aOQo-wXIoQ"]}]}},"_links":{"self":[{"href":"https:\/\/ponsa.com\/fr\/wp-json\/wp\/v2\/pages\/7320","targetHints":{"allow":["GET"]}}],"collection":[{"href":"https:\/\/ponsa.com\/fr\/wp-json\/wp\/v2\/pages"}],"about":[{"href":"https:\/\/ponsa.com\/fr\/wp-json\/wp\/v2\/types\/page"}],"author":[{"embeddable":true,"href":"https:\/\/ponsa.com\/fr\/wp-json\/wp\/v2\/users\/2"}],"replies":[{"embeddable":true,"href":"https:\/\/ponsa.com\/fr\/wp-json\/wp\/v2\/comments?post=7320"}],"version-history":[{"count":8,"href":"https:\/\/ponsa.com\/fr\/wp-json\/wp\/v2\/pages\/7320\/revisions"}],"predecessor-version":[{"id":22798,"href":"https:\/\/ponsa.com\/fr\/wp-json\/wp\/v2\/pages\/7320\/revisions\/22798"}],"up":[{"embeddable":true,"href":"https:\/\/ponsa.com\/fr\/wp-json\/wp\/v2\/pages\/7282"}],"wp:attachment":[{"href":"https:\/\/ponsa.com\/fr\/wp-json\/wp\/v2\/media?parent=7320"}],"curies":[{"name":"wp","href":"https:\/\/api.w.org\/{rel}","templated":true}]}}