{"id":7138,"date":"2017-05-29T13:51:48","date_gmt":"2017-05-29T13:51:48","guid":{"rendered":"https:\/\/ponsa.com\/nets\/otras-redes\/"},"modified":"2019-06-10T10:08:04","modified_gmt":"2019-06-10T10:08:04","slug":"autres-filets","status":"publish","type":"page","link":"https:\/\/ponsa.com\/fr\/nets\/autres-filets\/","title":{"rendered":"Autres filets"},"content":{"rendered":"<p><div class=\"fusion-fullwidth fullwidth-box fusion-builder-row-1 fusion-flex-container hundred-percent-fullwidth non-hundred-percent-height-scrolling\" style=\"--awb-border-radius-top-left:0px;--awb-border-radius-top-right:0px;--awb-border-radius-bottom-right:0px;--awb-border-radius-bottom-left:0px;--awb-padding-top:0px;--awb-padding-bottom:0px;--awb-flex-wrap:wrap;\" ><div class=\"fusion-builder-row fusion-row fusion-flex-align-items-flex-start fusion-flex-content-wrap\" style=\"width:calc( 100% + 0px ) !important;max-width:calc( 100% + 0px ) !important;margin-left: calc(-0px \/ 2 );margin-right: calc(-0px \/ 2 );\"><div class=\"fusion-layout-column fusion_builder_column fusion-builder-column-0 fusion_builder_column_1_1 1_1 fusion-flex-column\" style=\"--awb-bg-size:cover;--awb-width-large:100%;--awb-margin-top-large:0px;--awb-spacing-right-large:0px;--awb-margin-bottom-large:20px;--awb-spacing-left-large:0px;--awb-width-medium:100%;--awb-spacing-right-medium:0px;--awb-spacing-left-medium:0px;--awb-width-small:100%;--awb-spacing-right-small:0px;--awb-spacing-left-small:0px;\"><div class=\"fusion-column-wrapper fusion-flex-justify-content-flex-start fusion-content-layout-column\">\n<div class=\"fusion-slider-revolution rev_slider_wrapper\">\t\t\t<!-- START red REVOLUTION SLIDER 6.7.39 --><p class=\"rs-p-wp-fix\"><\/p>\n\t\t\t<rs-module-wrap id=\"rev_slider_27_1_wrapper\" data-source=\"gallery\" style=\"visibility:hidden;background:transparent;padding:0;margin:0px auto;margin-top:0;margin-bottom:0;\">\n\t\t\t\t<rs-module id=\"rev_slider_27_1\" style=\"\" data-version=\"6.7.39\">\n\t\t\t\t\t<rs-slides style=\"overflow: hidden; position: absolute;\">\n\t\t\t\t\t\t<rs-slide style=\"position: absolute;\" data-key=\"rs-78\" data-title=\"Slide\" data-anim=\"adpr:false;\">\n\t\t\t\t\t\t\t<img decoding=\"async\" src=\"\/\/ponsa.com\/wp-content\/plugins\/revslider\/sr6\/assets\/assets\/dummy.png\" alt=\"Es el sistema patentado por Industrias Ponsa de red de protecci\u00f3n de borde provisional.\" title=\"RED BARANDILLA\" width=\"2083\" height=\"717\" class=\"rev-slidebg tp-rs-img rs-lazyload\" data-lazyload=\"\/\/ponsa.com\/wp-content\/uploads\/2017\/05\/red.jpg\" data-no-retina>\n<!---->\t\t\t\t\t<\/rs-slide>\n\t\t\t\t\t<\/rs-slides>\n\t\t\t\t<\/rs-module>\n\t\t\t\t<script>\n\t\t\t\t\tsetREVStartSize({c: 'rev_slider_27_1',rl:[1240,1024,778,480],el:[],gw:[1240],gh:[400],type:'standard',justify:'',layout:'fullwidth',mh:\"0\"});if (window.RS_MODULES!==undefined && window.RS_MODULES.modules!==undefined && window.RS_MODULES.modules[\"revslider271\"]!==undefined) {window.RS_MODULES.modules[\"revslider271\"].once = false;window.revapi27 = undefined;if (window.RS_MODULES.checkMinimal!==undefined) window.RS_MODULES.checkMinimal()}\n\t\t\t\t<\/script>\n\t\t\t<\/rs-module-wrap>\n\t\t\t<!-- END REVOLUTION SLIDER -->\n<\/div><\/div><\/div><\/div><\/div><div class=\"fusion-fullwidth fullwidth-box fusion-builder-row-2 fusion-flex-container nonhundred-percent-fullwidth non-hundred-percent-height-scrolling\" style=\"--awb-border-radius-top-left:0px;--awb-border-radius-top-right:0px;--awb-border-radius-bottom-right:0px;--awb-border-radius-bottom-left:0px;--awb-padding-top:0px;--awb-padding-bottom:5px;--awb-flex-wrap:wrap;\" ><div class=\"fusion-builder-row fusion-row fusion-flex-align-items-flex-start fusion-flex-content-wrap\" style=\"max-width:calc( 1200px + 0px );margin-left: calc(-0px \/ 2 );margin-right: calc(-0px \/ 2 );\"><div class=\"fusion-layout-column fusion_builder_column fusion-builder-column-1 fusion_builder_column_1_1 1_1 fusion-flex-column\" style=\"--awb-padding-bottom:0px;--awb-bg-size:cover;--awb-width-large:100%;--awb-margin-top-large:0px;--awb-spacing-right-large:0px;--awb-margin-bottom-large:0px;--awb-spacing-left-large:0px;--awb-width-medium:100%;--awb-spacing-right-medium:0px;--awb-spacing-left-medium:0px;--awb-width-small:100%;--awb-spacing-right-small:0px;--awb-spacing-left-small:0px;\"><div class=\"fusion-column-wrapper fusion-flex-justify-content-flex-start fusion-content-layout-column\"><div class=\"fusion-text fusion-text-1\"><p style=\"text-align: center;\"><span class=\"titulo1\">Autres filets<\/span><\/p>\n<p style=\"text-align: center;\"><span class=\"titulo2\" style=\"color: #808080; font-weight: 400;\">D\u00e9couvrez notre gamme de harnais de s\u00e9curit\u00e9 individuels pour le travail en hauteur. Sp\u00e9cialement con\u00e7u pour chaque situation et chaque travail.<\/span><\/p>\n<\/div><\/div><\/div><\/div><\/div><div class=\"fusion-fullwidth fullwidth-box fusion-builder-row-3 fusion-flex-container nonhundred-percent-fullwidth non-hundred-percent-height-scrolling\" style=\"--awb-border-radius-top-left:0px;--awb-border-radius-top-right:0px;--awb-border-radius-bottom-right:0px;--awb-border-radius-bottom-left:0px;--awb-padding-top:20px;--awb-padding-bottom:20px;--awb-flex-wrap:wrap;\" ><div class=\"fusion-builder-row fusion-row fusion-flex-align-items-flex-start fusion-flex-content-wrap\" style=\"max-width:calc( 1200px + 0px );margin-left: calc(-0px \/ 2 );margin-right: calc(-0px \/ 2 );\"><div class=\"fusion-layout-column fusion_builder_column fusion-builder-column-2 fusion_builder_column_1_4 1_4 fusion-flex-column fusion-column-inner-bg-wrapper\" style=\"--awb-inner-bg-size:cover;--awb-border-color:#ffffff;--awb-border-right:4px;--awb-border-style:solid;--awb-width-large:25%;--awb-margin-top-large:0px;--awb-spacing-right-large:0px;--awb-margin-bottom-large:20px;--awb-spacing-left-large:0px;--awb-width-medium:25%;--awb-spacing-right-medium:0px;--awb-spacing-left-medium:0px;--awb-width-small:100%;--awb-spacing-right-small:0px;--awb-spacing-left-small:0px;\"><span class=\"fusion-column-inner-bg hover-type-none\"><a class=\"fusion-column-anchor\" href=\"https:\/\/ponsa.com\/fr\/nets\/autres-filets\/maille-de-protection-facades\/\"><span class=\"fusion-column-inner-bg-image\"><\/span><\/a><\/span><div class=\"fusion-column-wrapper fusion-flex-justify-content-flex-start fusion-content-layout-column\"><div class=\"fusion-image-element \" style=\"text-align:center;--awb-caption-title-font-family:var(--h2_typography-font-family);--awb-caption-title-font-weight:var(--h2_typography-font-weight);--awb-caption-title-font-style:var(--h2_typography-font-style);--awb-caption-title-size:var(--h2_typography-font-size);--awb-caption-title-transform:var(--h2_typography-text-transform);--awb-caption-title-line-height:var(--h2_typography-line-height);--awb-caption-title-letter-spacing:var(--h2_typography-letter-spacing);\"><span class=\" fusion-imageframe imageframe-none imageframe-1 hover-type-none\"><img decoding=\"async\" width=\"1000\" height=\"1000\" alt=\"Es una malla que cubre completamente todo tipo de andamios. Fabricada con Polietileno de Alta Densidad. Estabilizada UV (protecci\u00f3n antienvejecimiento por rayos solares). Resistente al desgarre, gran durabilidad. Permite el paso de la luz al interior.\" title=\"MALLA PROTECCI\u00d3N FACHADAS PARA LA CONSTRUCCI\u00d3N\" src=\"https:\/\/ponsa.com\/wp-content\/uploads\/2017\/05\/fachadas.jpg\" class=\"img-responsive wp-image-1855\" srcset=\"https:\/\/ponsa.com\/wp-content\/uploads\/2017\/05\/fachadas-200x200.jpg 200w, https:\/\/ponsa.com\/wp-content\/uploads\/2017\/05\/fachadas-400x400.jpg 400w, https:\/\/ponsa.com\/wp-content\/uploads\/2017\/05\/fachadas-600x600.jpg 600w, https:\/\/ponsa.com\/wp-content\/uploads\/2017\/05\/fachadas-800x800.jpg 800w, https:\/\/ponsa.com\/wp-content\/uploads\/2017\/05\/fachadas.jpg 1000w\" sizes=\"(max-width: 640px) 100vw, 400px\" \/><\/span><\/div><div class=\"fusion-text fusion-text-2\"><p style=\"text-align: center;\"><strong>MAILLE DE PROTECTION FA\u00c7ADES<\/strong><\/p>\n<\/div><\/div><\/div><div class=\"fusion-layout-column fusion_builder_column fusion-builder-column-3 fusion_builder_column_1_4 1_4 fusion-flex-column fusion-column-inner-bg-wrapper\" style=\"--awb-inner-bg-size:cover;--awb-border-color:#ffffff;--awb-border-right:4px;--awb-border-style:solid;--awb-width-large:25%;--awb-margin-top-large:0px;--awb-spacing-right-large:0px;--awb-margin-bottom-large:20px;--awb-spacing-left-large:0px;--awb-width-medium:25%;--awb-spacing-right-medium:0px;--awb-spacing-left-medium:0px;--awb-width-small:100%;--awb-spacing-right-small:0px;--awb-spacing-left-small:0px;\"><span class=\"fusion-column-inner-bg hover-type-none\"><a class=\"fusion-column-anchor\" href=\"https:\/\/ponsa.com\/fr\/nets\/autres-filets\/filet-sous-plateformes\/\"><span class=\"fusion-column-inner-bg-image\"><\/span><\/a><\/span><div class=\"fusion-column-wrapper fusion-flex-justify-content-flex-start fusion-content-layout-column\"><div class=\"fusion-image-element \" style=\"--awb-caption-title-font-family:var(--h2_typography-font-family);--awb-caption-title-font-weight:var(--h2_typography-font-weight);--awb-caption-title-font-style:var(--h2_typography-font-style);--awb-caption-title-size:var(--h2_typography-font-size);--awb-caption-title-transform:var(--h2_typography-text-transform);--awb-caption-title-line-height:var(--h2_typography-line-height);--awb-caption-title-letter-spacing:var(--h2_typography-letter-spacing);\"><span class=\" fusion-imageframe imageframe-none imageframe-2 hover-type-none\"><img decoding=\"async\" width=\"1000\" height=\"1000\" alt=\"RED DE BAJO FORJADO Red especial para colocar en encofrado continuo. Detiene y anortigua posibles ca\u00eddas. La red se instala a lo largo de los puntales, antes del hormigonado del forjado. Fabricada en polipropileno de Alta Tenacidad.\" title=\"RED DE BAJO FORJADO\" src=\"https:\/\/ponsa.com\/wp-content\/uploads\/2017\/05\/red5.jpg\" class=\"img-responsive wp-image-1861\" srcset=\"https:\/\/ponsa.com\/wp-content\/uploads\/2017\/05\/red5-200x200.jpg 200w, https:\/\/ponsa.com\/wp-content\/uploads\/2017\/05\/red5-400x400.jpg 400w, https:\/\/ponsa.com\/wp-content\/uploads\/2017\/05\/red5-600x600.jpg 600w, https:\/\/ponsa.com\/wp-content\/uploads\/2017\/05\/red5-800x800.jpg 800w, https:\/\/ponsa.com\/wp-content\/uploads\/2017\/05\/red5.jpg 1000w\" sizes=\"(max-width: 640px) 100vw, 400px\" \/><\/span><\/div><div class=\"fusion-text fusion-text-3\"><p style=\"text-align: center;\"><strong>FILET SOUS PLATEFORMES<\/strong><\/p>\n<\/div><\/div><\/div><div class=\"fusion-layout-column fusion_builder_column fusion-builder-column-4 fusion_builder_column_1_4 1_4 fusion-flex-column fusion-column-inner-bg-wrapper\" style=\"--awb-inner-bg-size:cover;--awb-border-color:#ffffff;--awb-border-right:4px;--awb-border-style:solid;--awb-width-large:25%;--awb-margin-top-large:0px;--awb-spacing-right-large:0px;--awb-margin-bottom-large:20px;--awb-spacing-left-large:0px;--awb-width-medium:25%;--awb-spacing-right-medium:0px;--awb-spacing-left-medium:0px;--awb-width-small:100%;--awb-spacing-right-small:0px;--awb-spacing-left-small:0px;\"><span class=\"fusion-column-inner-bg hover-type-none\"><a class=\"fusion-column-anchor\" href=\"https:\/\/ponsa.com\/fr\/nets\/autres-filets\/filet-de-clotures-de-perimetre\/\"><span class=\"fusion-column-inner-bg-image\"><\/span><\/a><\/span><div class=\"fusion-column-wrapper fusion-flex-justify-content-flex-start fusion-content-layout-column\"><div class=\"fusion-image-element \" style=\"text-align:center;--awb-caption-title-font-family:var(--h2_typography-font-family);--awb-caption-title-font-weight:var(--h2_typography-font-weight);--awb-caption-title-font-style:var(--h2_typography-font-style);--awb-caption-title-size:var(--h2_typography-font-size);--awb-caption-title-transform:var(--h2_typography-text-transform);--awb-caption-title-line-height:var(--h2_typography-line-height);--awb-caption-title-letter-spacing:var(--h2_typography-letter-spacing);\"><span class=\" fusion-imageframe imageframe-none imageframe-3 hover-type-none\"><img decoding=\"async\" width=\"1000\" height=\"1000\" title=\"MALLA PROTECCI\u00d3N FACHADAS PARA LA CONSTRUCCI\u00d3N\" src=\"https:\/\/ponsa.com\/wp-content\/uploads\/2017\/05\/red6.jpg\" alt class=\"img-responsive wp-image-1858\" srcset=\"https:\/\/ponsa.com\/wp-content\/uploads\/2017\/05\/red6-200x200.jpg 200w, https:\/\/ponsa.com\/wp-content\/uploads\/2017\/05\/red6-400x400.jpg 400w, https:\/\/ponsa.com\/wp-content\/uploads\/2017\/05\/red6-600x600.jpg 600w, https:\/\/ponsa.com\/wp-content\/uploads\/2017\/05\/red6-800x800.jpg 800w, https:\/\/ponsa.com\/wp-content\/uploads\/2017\/05\/red6.jpg 1000w\" sizes=\"(max-width: 640px) 100vw, 400px\" \/><\/span><\/div><div class=\"fusion-text fusion-text-4\"><p style=\"text-align: center;\"><strong>FILET P\u00c9RIM\u00c9TRAL<\/strong><\/p>\n<\/div><\/div><\/div><\/div><\/div><\/p>\n","protected":false},"excerpt":{"rendered":"","protected":false},"author":2,"featured_media":0,"parent":7117,"menu_order":0,"comment_status":"closed","ping_status":"closed","template":"100-width.php","meta":{"ngg_post_thumbnail":0,"footnotes":""},"class_list":["post-7138","page","type-page","status-publish","hentry"],"yoast_head":"<!-- This site is optimized with the Yoast SEO plugin v27.1.1 - https:\/\/yoast.com\/product\/yoast-seo-wordpress\/ -->\n<title>Autres filets - Industrias Ponsa Nous garantissons la qualit\u00e9 de nos rubans<\/title>\n<meta name=\"description\" content=\"Nous sommes un fabricant accr\u00e9dit\u00e9 ISO 9001:2015. Nous garantissons la qualit\u00e9 de nos rubans car nous avons un contr\u00f4le total du processus de production.\" \/>\n<meta name=\"robots\" content=\"index, follow, max-snippet:-1, max-image-preview:large, max-video-preview:-1\" \/>\n<link rel=\"canonical\" href=\"https:\/\/ponsa.com\/fr\/nets\/autres-filets\/\" \/>\n<meta property=\"og:locale\" content=\"fr_FR\" \/>\n<meta property=\"og:type\" content=\"article\" \/>\n<meta property=\"og:title\" content=\"Autres filets - Industrias Ponsa Nous garantissons la qualit\u00e9 de nos rubans\" \/>\n<meta property=\"og:description\" content=\"Nous sommes un fabricant accr\u00e9dit\u00e9 ISO 9001:2015. Nous garantissons la qualit\u00e9 de nos rubans car nous avons un contr\u00f4le total du processus de production.\" \/>\n<meta property=\"og:url\" content=\"https:\/\/ponsa.com\/fr\/nets\/autres-filets\/\" \/>\n<meta property=\"og:site_name\" content=\"Industrias Ponsa\" \/>\n<meta property=\"article:publisher\" content=\"https:\/\/www.facebook.com\/IndustriasPONSA\" \/>\n<meta property=\"article:modified_time\" content=\"2019-06-10T10:08:04+00:00\" \/>\n<meta name=\"twitter:card\" content=\"summary_large_image\" \/>\n<meta name=\"twitter:label1\" content=\"Est. reading time\" \/>\n\t<meta name=\"twitter:data1\" content=\"4 minutes\" \/>\n<script type=\"application\/ld+json\" class=\"yoast-schema-graph\">{\"@context\":\"https:\/\/schema.org\",\"@graph\":[{\"@type\":\"WebPage\",\"@id\":\"https:\/\/ponsa.com\/fr\/nets\/autres-filets\/\",\"url\":\"https:\/\/ponsa.com\/fr\/nets\/autres-filets\/\",\"name\":\"Autres filets - Industrias Ponsa Nous garantissons la qualit\u00e9 de nos rubans\",\"isPartOf\":{\"@id\":\"https:\/\/ponsa.com\/#website\"},\"datePublished\":\"2017-05-29T13:51:48+00:00\",\"dateModified\":\"2019-06-10T10:08:04+00:00\",\"description\":\"Nous sommes un fabricant accr\u00e9dit\u00e9 ISO 9001:2015. Nous garantissons la qualit\u00e9 de nos rubans car nous avons un contr\u00f4le total du processus de production.\",\"breadcrumb\":{\"@id\":\"https:\/\/ponsa.com\/fr\/nets\/autres-filets\/#breadcrumb\"},\"inLanguage\":\"fr-FR\",\"potentialAction\":[{\"@type\":\"ReadAction\",\"target\":[\"https:\/\/ponsa.com\/fr\/nets\/autres-filets\/\"]}]},{\"@type\":\"BreadcrumbList\",\"@id\":\"https:\/\/ponsa.com\/fr\/nets\/autres-filets\/#breadcrumb\",\"itemListElement\":[{\"@type\":\"ListItem\",\"position\":1,\"name\":\"Portada\",\"item\":\"https:\/\/ponsa.com\/fr\/\"},{\"@type\":\"ListItem\",\"position\":2,\"name\":\"FILETS\",\"item\":\"https:\/\/ponsa.com\/fr\/nets\/\"},{\"@type\":\"ListItem\",\"position\":3,\"name\":\"Autres filets\"}]},{\"@type\":\"WebSite\",\"@id\":\"https:\/\/ponsa.com\/#website\",\"url\":\"https:\/\/ponsa.com\/\",\"name\":\"Industrias Ponsa\",\"description\":\"Fabricante de Cintas Textiles\",\"publisher\":{\"@id\":\"https:\/\/ponsa.com\/#organization\"},\"potentialAction\":[{\"@type\":\"SearchAction\",\"target\":{\"@type\":\"EntryPoint\",\"urlTemplate\":\"https:\/\/ponsa.com\/?s={search_term_string}\"},\"query-input\":{\"@type\":\"PropertyValueSpecification\",\"valueRequired\":true,\"valueName\":\"search_term_string\"}}],\"inLanguage\":\"fr-FR\"},{\"@type\":\"Organization\",\"@id\":\"https:\/\/ponsa.com\/#organization\",\"name\":\"INDUSTRIAS PONSA S.A.\",\"url\":\"https:\/\/ponsa.com\/\",\"logo\":{\"@type\":\"ImageObject\",\"inLanguage\":\"fr-FR\",\"@id\":\"https:\/\/ponsa.com\/#\/schema\/logo\/image\/\",\"url\":\"https:\/\/ponsa.com\/wp-content\/uploads\/2021\/08\/logoPonsapng.png\",\"contentUrl\":\"https:\/\/ponsa.com\/wp-content\/uploads\/2021\/08\/logoPonsapng.png\",\"width\":2289,\"height\":808,\"caption\":\"INDUSTRIAS PONSA S.A.\"},\"image\":{\"@id\":\"https:\/\/ponsa.com\/#\/schema\/logo\/image\/\"},\"sameAs\":[\"https:\/\/www.facebook.com\/IndustriasPONSA\",\"https:\/\/www.instagram.com\/ind.ponsa\/\",\"https:\/\/es.linkedin.com\/company\/industrias-ponsa-sa\",\"https:\/\/www.youtube.com\/channel\/UCxvfSBJQlBhV1aOQo-wXIoQ\"]}]}<\/script>\n<!-- \/ Yoast SEO plugin. -->","yoast_head_json":{"title":"Autres filets - Industrias Ponsa Nous garantissons la qualit\u00e9 de nos rubans","description":"Nous sommes un fabricant accr\u00e9dit\u00e9 ISO 9001:2015. Nous garantissons la qualit\u00e9 de nos rubans car nous avons un contr\u00f4le total du processus de production.","robots":{"index":"index","follow":"follow","max-snippet":"max-snippet:-1","max-image-preview":"max-image-preview:large","max-video-preview":"max-video-preview:-1"},"canonical":"https:\/\/ponsa.com\/fr\/nets\/autres-filets\/","og_locale":"fr_FR","og_type":"article","og_title":"Autres filets - Industrias Ponsa Nous garantissons la qualit\u00e9 de nos rubans","og_description":"Nous sommes un fabricant accr\u00e9dit\u00e9 ISO 9001:2015. Nous garantissons la qualit\u00e9 de nos rubans car nous avons un contr\u00f4le total du processus de production.","og_url":"https:\/\/ponsa.com\/fr\/nets\/autres-filets\/","og_site_name":"Industrias Ponsa","article_publisher":"https:\/\/www.facebook.com\/IndustriasPONSA","article_modified_time":"2019-06-10T10:08:04+00:00","twitter_card":"summary_large_image","twitter_misc":{"Est. reading time":"4 minutes"},"schema":{"@context":"https:\/\/schema.org","@graph":[{"@type":"WebPage","@id":"https:\/\/ponsa.com\/fr\/nets\/autres-filets\/","url":"https:\/\/ponsa.com\/fr\/nets\/autres-filets\/","name":"Autres filets - Industrias Ponsa Nous garantissons la qualit\u00e9 de nos rubans","isPartOf":{"@id":"https:\/\/ponsa.com\/#website"},"datePublished":"2017-05-29T13:51:48+00:00","dateModified":"2019-06-10T10:08:04+00:00","description":"Nous sommes un fabricant accr\u00e9dit\u00e9 ISO 9001:2015. Nous garantissons la qualit\u00e9 de nos rubans car nous avons un contr\u00f4le total du processus de production.","breadcrumb":{"@id":"https:\/\/ponsa.com\/fr\/nets\/autres-filets\/#breadcrumb"},"inLanguage":"fr-FR","potentialAction":[{"@type":"ReadAction","target":["https:\/\/ponsa.com\/fr\/nets\/autres-filets\/"]}]},{"@type":"BreadcrumbList","@id":"https:\/\/ponsa.com\/fr\/nets\/autres-filets\/#breadcrumb","itemListElement":[{"@type":"ListItem","position":1,"name":"Portada","item":"https:\/\/ponsa.com\/fr\/"},{"@type":"ListItem","position":2,"name":"FILETS","item":"https:\/\/ponsa.com\/fr\/nets\/"},{"@type":"ListItem","position":3,"name":"Autres filets"}]},{"@type":"WebSite","@id":"https:\/\/ponsa.com\/#website","url":"https:\/\/ponsa.com\/","name":"Industrias Ponsa","description":"Fabricante de Cintas Textiles","publisher":{"@id":"https:\/\/ponsa.com\/#organization"},"potentialAction":[{"@type":"SearchAction","target":{"@type":"EntryPoint","urlTemplate":"https:\/\/ponsa.com\/?s={search_term_string}"},"query-input":{"@type":"PropertyValueSpecification","valueRequired":true,"valueName":"search_term_string"}}],"inLanguage":"fr-FR"},{"@type":"Organization","@id":"https:\/\/ponsa.com\/#organization","name":"INDUSTRIAS PONSA S.A.","url":"https:\/\/ponsa.com\/","logo":{"@type":"ImageObject","inLanguage":"fr-FR","@id":"https:\/\/ponsa.com\/#\/schema\/logo\/image\/","url":"https:\/\/ponsa.com\/wp-content\/uploads\/2021\/08\/logoPonsapng.png","contentUrl":"https:\/\/ponsa.com\/wp-content\/uploads\/2021\/08\/logoPonsapng.png","width":2289,"height":808,"caption":"INDUSTRIAS PONSA S.A."},"image":{"@id":"https:\/\/ponsa.com\/#\/schema\/logo\/image\/"},"sameAs":["https:\/\/www.facebook.com\/IndustriasPONSA","https:\/\/www.instagram.com\/ind.ponsa\/","https:\/\/es.linkedin.com\/company\/industrias-ponsa-sa","https:\/\/www.youtube.com\/channel\/UCxvfSBJQlBhV1aOQo-wXIoQ"]}]}},"_links":{"self":[{"href":"https:\/\/ponsa.com\/fr\/wp-json\/wp\/v2\/pages\/7138","targetHints":{"allow":["GET"]}}],"collection":[{"href":"https:\/\/ponsa.com\/fr\/wp-json\/wp\/v2\/pages"}],"about":[{"href":"https:\/\/ponsa.com\/fr\/wp-json\/wp\/v2\/types\/page"}],"author":[{"embeddable":true,"href":"https:\/\/ponsa.com\/fr\/wp-json\/wp\/v2\/users\/2"}],"replies":[{"embeddable":true,"href":"https:\/\/ponsa.com\/fr\/wp-json\/wp\/v2\/comments?post=7138"}],"version-history":[{"count":6,"href":"https:\/\/ponsa.com\/fr\/wp-json\/wp\/v2\/pages\/7138\/revisions"}],"predecessor-version":[{"id":7273,"href":"https:\/\/ponsa.com\/fr\/wp-json\/wp\/v2\/pages\/7138\/revisions\/7273"}],"up":[{"embeddable":true,"href":"https:\/\/ponsa.com\/fr\/wp-json\/wp\/v2\/pages\/7117"}],"wp:attachment":[{"href":"https:\/\/ponsa.com\/fr\/wp-json\/wp\/v2\/media?parent=7138"}],"curies":[{"name":"wp","href":"https:\/\/api.w.org\/{rel}","templated":true}]}}