{"id":6490,"date":"2017-05-17T07:45:37","date_gmt":"2017-05-17T07:45:37","guid":{"rendered":"https:\/\/ponsa.com\/sicherheit\/lebenslinie\/cable-anticaida-retractil\/"},"modified":"2025-06-13T08:01:16","modified_gmt":"2025-06-13T08:01:16","slug":"fall-blockier-system","status":"publish","type":"page","link":"https:\/\/ponsa.com\/de\/sicherheit\/lebenslinie\/fall-blockier-system\/","title":{"rendered":"FALL-BLOCKIER-SYSTEM MIT AUTOMATISCHEM EINZUGSKABEL"},"content":{"rendered":"<p><div class=\"fusion-fullwidth fullwidth-box fusion-builder-row-1 fusion-flex-container nonhundred-percent-fullwidth non-hundred-percent-height-scrolling\" style=\"--awb-border-radius-top-left:0px;--awb-border-radius-top-right:0px;--awb-border-radius-bottom-right:0px;--awb-border-radius-bottom-left:0px;--awb-padding-top:50px;--awb-padding-bottom:20px;--awb-flex-wrap:wrap;\" ><div class=\"fusion-builder-row fusion-row fusion-flex-align-items-flex-start fusion-flex-content-wrap\" style=\"max-width:1248px;margin-left: calc(-4% \/ 2 );margin-right: calc(-4% \/ 2 );\"><div class=\"fusion-layout-column fusion_builder_column fusion-builder-column-0 fusion_builder_column_3_5 3_5 fusion-flex-column\" style=\"--awb-bg-size:cover;--awb-width-large:60%;--awb-margin-top-large:0px;--awb-spacing-right-large:3.2%;--awb-margin-bottom-large:20px;--awb-spacing-left-large:3.2%;--awb-width-medium:60%;--awb-spacing-right-medium:3.2%;--awb-spacing-left-medium:3.2%;--awb-width-small:100%;--awb-spacing-right-small:1.92%;--awb-spacing-left-small:1.92%;\"><div class=\"fusion-column-wrapper fusion-flex-justify-content-flex-start fusion-content-layout-column\"><div class=\"fusion-text fusion-text-1\"><p><a href=\"https:\/\/ponsa.com\/wp-content\/uploads\/2025\/06\/retractil_cable.jpg\"><img decoding=\"async\" class=\"alignnone size-full wp-image-37050\" src=\"https:\/\/ponsa.com\/wp-content\/uploads\/2025\/06\/retractil_cable.jpg\" alt=\"\" width=\"1000\" height=\"1000\" srcset=\"https:\/\/ponsa.com\/wp-content\/uploads\/2025\/06\/retractil_cable-66x66.jpg 66w, https:\/\/ponsa.com\/wp-content\/uploads\/2025\/06\/retractil_cable-150x150.jpg 150w, https:\/\/ponsa.com\/wp-content\/uploads\/2025\/06\/retractil_cable-200x200.jpg 200w, https:\/\/ponsa.com\/wp-content\/uploads\/2025\/06\/retractil_cable-300x300.jpg 300w, https:\/\/ponsa.com\/wp-content\/uploads\/2025\/06\/retractil_cable-400x400.jpg 400w, https:\/\/ponsa.com\/wp-content\/uploads\/2025\/06\/retractil_cable-600x600.jpg 600w, https:\/\/ponsa.com\/wp-content\/uploads\/2025\/06\/retractil_cable-768x768.jpg 768w, https:\/\/ponsa.com\/wp-content\/uploads\/2025\/06\/retractil_cable-800x800.jpg 800w, https:\/\/ponsa.com\/wp-content\/uploads\/2025\/06\/retractil_cable.jpg 1000w\" sizes=\"(max-width: 1000px) 100vw, 1000px\" \/><\/a><\/p>\n<\/div><\/div><\/div><div class=\"fusion-layout-column fusion_builder_column fusion-builder-column-1 fusion_builder_column_2_5 2_5 fusion-flex-column\" style=\"--awb-bg-size:cover;--awb-width-large:40%;--awb-margin-top-large:-60px;--awb-spacing-right-large:4.8%;--awb-margin-bottom-large:20px;--awb-spacing-left-large:4.8%;--awb-width-medium:40%;--awb-spacing-right-medium:4.8%;--awb-spacing-left-medium:4.8%;--awb-width-small:100%;--awb-spacing-right-small:1.92%;--awb-spacing-left-small:1.92%;\"><div class=\"fusion-column-wrapper fusion-flex-justify-content-flex-start fusion-content-layout-column\"><div class=\"fusion-text fusion-text-2\"><h1><strong>FALL-BLOCKIER-SYSTEM MIT AUTOMATISCHEM EINZUGSKABEL<\/strong><\/h1>\n<\/div><div class=\"fusion-text fusion-text-3\"><h2 style=\"text-align: justify;\"><strong>Das sich automatisch einziehende Kabel ist ein Fall-Blockier-Element, entwickelt, um die kinetische Energie.<\/strong><\/h2>\n<p style=\"text-align: justify;\">Welche w\u00e4hrend eines Sturzes aus der H\u00f6he entsteht, abzuleiten und in einem Masse, welches unter keinen Umst\u00e4nden 6 kN \u00fcbersteigt, zu verlangsamen. Das einziehbare Kabel aktiviert im<\/p>\n<\/div><div ><a class=\"fusion-button button-flat button-medium button-custom fusion-button-default button-1 fusion-button-default-span fusion-button-default-type\" style=\"--button_accent_color:#ffffff;--button_accent_hover_color:#ffffff;--button_border_hover_color:#ffffff;--button_gradient_top_color:#000000;--button_gradient_bottom_color:#000000;--button_gradient_top_color_hover:#e30613;--button_gradient_bottom_color_hover:#e30613;\" target=\"_self\" href=\"#\" data-toggle=\"modal\" data-target=\".fusion-modal.formproduct\"><span class=\"fusion-button-text awb-button__text awb-button__text--default\">Fragen Sie uns f\u00fcr weitere Informationen<\/span><\/a><\/div><div class=\"fusion-modal modal fade modal-1 formproduct\" tabindex=\"-1\" role=\"dialog\" aria-labelledby=\"modal-heading-1\" aria-hidden=\"true\" style=\"--awb-border-color:#ebebeb;--awb-background:#f6f6f6;\"><div class=\"modal-dialog modal-lg\" role=\"document\"><div class=\"modal-content fusion-modal-content\"><div class=\"modal-header\"><button class=\"close\" type=\"button\" data-dismiss=\"modal\" aria-hidden=\"true\" aria-label=\"Close\">&times;<\/button><h3 class=\"modal-title\" id=\"modal-heading-1\" data-dismiss=\"modal\" aria-hidden=\"true\">Fragen Sie uns nach weiteren Informationen zu diesem Produkt<\/h3><\/div><div class=\"modal-body fusion-clearfix\">\n<p>contact-form-7 id=&#8221;11653&#8243; title=&#8221;Formulario producto DE&#8221;]\n<\/div><\/div><\/div><\/div><\/div><\/div><\/div><\/div><div class=\"fusion-fullwidth fullwidth-box fusion-builder-row-2 fusion-flex-container nonhundred-percent-fullwidth non-hundred-percent-height-scrolling\" style=\"--awb-border-radius-top-left:0px;--awb-border-radius-top-right:0px;--awb-border-radius-bottom-right:0px;--awb-border-radius-bottom-left:0px;--awb-padding-top:20px;--awb-padding-bottom:20px;--awb-flex-wrap:wrap;\" ><div class=\"fusion-builder-row fusion-row fusion-flex-align-items-flex-start fusion-flex-content-wrap\" style=\"max-width:1248px;margin-left: calc(-4% \/ 2 );margin-right: calc(-4% \/ 2 );\"><div class=\"fusion-layout-column fusion_builder_column fusion-builder-column-2 fusion_builder_column_1_1 1_1 fusion-flex-column\" style=\"--awb-bg-size:cover;--awb-width-large:100%;--awb-margin-top-large:0px;--awb-spacing-right-large:1.92%;--awb-margin-bottom-large:20px;--awb-spacing-left-large:1.92%;--awb-width-medium:100%;--awb-spacing-right-medium:1.92%;--awb-spacing-left-medium:1.92%;--awb-width-small:100%;--awb-spacing-right-small:1.92%;--awb-spacing-left-small:1.92%;\"><div class=\"fusion-column-wrapper fusion-flex-justify-content-flex-start fusion-content-layout-column\"><div class=\"fusion-tabs fusion-tabs-1 clean nav-is-justified horizontal-tabs icon-position-left mobile-mode-accordion\" style=\"--awb-title-border-radius-top-left:0px;--awb-title-border-radius-top-right:0px;--awb-title-border-radius-bottom-right:0px;--awb-title-border-radius-bottom-left:0px;--awb-inactive-color:#ebeaea;--awb-background-color:#ffffff;--awb-border-color:#ebeaea;--awb-active-border-color:#000000;\"><div class=\"nav\"><ul class=\"nav-tabs nav-justified\" role=\"tablist\" aria-orientation=\"horizontal\"><li class=\"active\" role=\"presentation\"><a class=\"tab-link\" data-toggle=\"tab\" role=\"tab\" aria-controls=\"tab-7e4ffb1d1ec4a1e334e\" aria-selected=\"true\" tabindex=\"0\" id=\"fusion-tab-7e4ffb1d1ec4a1e334e\" href=\"#tab-7e4ffb1d1ec4a1e334e\"><h4 class=\"fusion-tab-heading\">BESCHREIBUNG<\/h4><\/a><\/li><li  role=\"presentation\"><a class=\"tab-link\" data-toggle=\"tab\" role=\"tab\" aria-controls=\"tab-ce5eab4ce9ea1cd768d\" aria-selected=\"false\" tabindex=\"-1\" id=\"fusion-tab-ce5eab4ce9ea1cd768d\" href=\"#tab-ce5eab4ce9ea1cd768d\"><h4 class=\"fusion-tab-heading\">TECHNISCHE DATEN<\/h4><\/a><\/li><\/ul><\/div><div class=\"tab-content\"><div class=\"nav fusion-mobile-tab-nav\"><ul class=\"nav-tabs nav-justified\" role=\"tablist\" aria-orientation=\"horizontal\"><li class=\"active\" role=\"presentation\"><a class=\"tab-link\" data-toggle=\"tab\" role=\"tab\" aria-controls=\"tab-7e4ffb1d1ec4a1e334e\" aria-selected=\"true\" tabindex=\"0\" id=\"mobile-fusion-tab-7e4ffb1d1ec4a1e334e\" href=\"#tab-7e4ffb1d1ec4a1e334e\"><h4 class=\"fusion-tab-heading\">BESCHREIBUNG<\/h4><\/a><\/li><\/ul><\/div><div class=\"tab-pane fade fusion-clearfix in active\" role=\"tabpanel\" tabindex=\"0\" aria-labelledby=\"fusion-tab-7e4ffb1d1ec4a1e334e\" id=\"tab-7e4ffb1d1ec4a1e334e\">\n<p>Das einziehbare Kabel aktiviert im Fall eines Sturzes eine automatische Blockiervorrichtung. Empfehlenswert f\u00fcr Arbeiten, wo absolute Bewegungsfreiheit erforderlich ist.<br \/>\nL\u00e4nge : 10 und 15M, mit Sicherheitsschnalle an jedem Ende des Kabels.<br \/>\nEntspricht der Norm EN 360:2023.<\/p>\n<\/div><div class=\"nav fusion-mobile-tab-nav\"><ul class=\"nav-tabs nav-justified\" role=\"tablist\" aria-orientation=\"horizontal\"><li  role=\"presentation\"><a class=\"tab-link\" data-toggle=\"tab\" role=\"tab\" aria-controls=\"tab-ce5eab4ce9ea1cd768d\" aria-selected=\"false\" tabindex=\"-1\" id=\"mobile-fusion-tab-ce5eab4ce9ea1cd768d\" href=\"#tab-ce5eab4ce9ea1cd768d\"><h4 class=\"fusion-tab-heading\">TECHNISCHE DATEN<\/h4><\/a><\/li><\/ul><\/div><div class=\"tab-pane fade fusion-clearfix\" role=\"tabpanel\" tabindex=\"0\" aria-labelledby=\"fusion-tab-ce5eab4ce9ea1cd768d\" id=\"tab-ce5eab4ce9ea1cd768d\">\n<p><strong>Materialien<\/strong><br \/>\nMechanismus der automatischen Blockierung<br \/>\nSchutzgeh\u00e4use aus PVC (Sch\u00fctzt den Mechanismus der automatischen Blockierung)<br \/>\nKabel aus verzinktem Stahl<br \/>\nKlemme aus geschmiedetem Stahl mit einer Schicht Zink f\u00fcr Korrosionsschutz<\/p>\n<p><a href=\"https:\/\/ponsa.com\/UE\/DE\/EU-Konformit\u00e4tserkl\u00e4rung - DISPOSITIVO RETR\u00c1CTIL CABLE - Alemany.pdf\">EU-Konformit\u00e4tserkl\u00e4rung<\/a><\/p>\n<\/div><\/div><\/div><\/div><\/div><\/div><\/div><\/p>\n","protected":false},"excerpt":{"rendered":"","protected":false},"author":2,"featured_media":0,"parent":6482,"menu_order":0,"comment_status":"closed","ping_status":"closed","template":"100-width.php","meta":{"ngg_post_thumbnail":0,"footnotes":""},"class_list":["post-6490","page","type-page","status-publish","hentry"],"yoast_head":"<!-- This site is optimized with the Yoast SEO plugin v27.4 - https:\/\/yoast.com\/product\/yoast-seo-wordpress\/ -->\n<title>Das sich automatisch einziehende Kabel ist ein Fall-Blockier-Element<\/title>\n<meta name=\"description\" content=\"Das sich automatisch einziehende Kabel ist ein Fall-Blockier-Element, entwickelt, um die kinetische Energie, welche w\u00e4hrend eines Sturzes aus der H\u00f6he\" \/>\n<meta name=\"robots\" content=\"index, follow, max-snippet:-1, max-image-preview:large, max-video-preview:-1\" \/>\n<link rel=\"canonical\" href=\"https:\/\/ponsa.com\/de\/sicherheit\/lebenslinie\/fall-blockier-system\/\" \/>\n<meta property=\"og:locale\" content=\"de_DE\" \/>\n<meta property=\"og:type\" content=\"article\" \/>\n<meta property=\"og:title\" content=\"Das sich automatisch einziehende Kabel ist ein Fall-Blockier-Element\" \/>\n<meta property=\"og:description\" content=\"Das sich automatisch einziehende Kabel ist ein Fall-Blockier-Element, entwickelt, um die kinetische Energie, welche w\u00e4hrend eines Sturzes aus der H\u00f6he\" \/>\n<meta property=\"og:url\" content=\"https:\/\/ponsa.com\/de\/sicherheit\/lebenslinie\/fall-blockier-system\/\" \/>\n<meta property=\"og:site_name\" content=\"Industrias Ponsa\" \/>\n<meta property=\"article:publisher\" content=\"https:\/\/www.facebook.com\/IndustriasPONSA\" \/>\n<meta property=\"article:modified_time\" content=\"2025-06-13T08:01:16+00:00\" \/>\n<meta property=\"og:image\" content=\"https:\/\/ponsa.com\/wp-content\/uploads\/2025\/06\/retractil_cable.jpg\" \/>\n<meta name=\"twitter:card\" content=\"summary_large_image\" \/>\n<meta name=\"twitter:label1\" content=\"Est. reading time\" \/>\n\t<meta name=\"twitter:data1\" content=\"4 minutes\" \/>\n<script type=\"application\/ld+json\" class=\"yoast-schema-graph\">{\"@context\":\"https:\\\/\\\/schema.org\",\"@graph\":[{\"@type\":\"WebPage\",\"@id\":\"https:\\\/\\\/ponsa.com\\\/de\\\/sicherheit\\\/lebenslinie\\\/fall-blockier-system\\\/\",\"url\":\"https:\\\/\\\/ponsa.com\\\/de\\\/sicherheit\\\/lebenslinie\\\/fall-blockier-system\\\/\",\"name\":\"Das sich automatisch einziehende Kabel ist ein Fall-Blockier-Element\",\"isPartOf\":{\"@id\":\"https:\\\/\\\/ponsa.com\\\/#website\"},\"primaryImageOfPage\":{\"@id\":\"https:\\\/\\\/ponsa.com\\\/de\\\/sicherheit\\\/lebenslinie\\\/fall-blockier-system\\\/#primaryimage\"},\"image\":{\"@id\":\"https:\\\/\\\/ponsa.com\\\/de\\\/sicherheit\\\/lebenslinie\\\/fall-blockier-system\\\/#primaryimage\"},\"thumbnailUrl\":\"https:\\\/\\\/ponsa.com\\\/wp-content\\\/uploads\\\/2025\\\/06\\\/retractil_cable.jpg\",\"datePublished\":\"2017-05-17T07:45:37+00:00\",\"dateModified\":\"2025-06-13T08:01:16+00:00\",\"description\":\"Das sich automatisch einziehende Kabel ist ein Fall-Blockier-Element, entwickelt, um die kinetische Energie, welche w\u00e4hrend eines Sturzes aus der H\u00f6he\",\"breadcrumb\":{\"@id\":\"https:\\\/\\\/ponsa.com\\\/de\\\/sicherheit\\\/lebenslinie\\\/fall-blockier-system\\\/#breadcrumb\"},\"inLanguage\":\"de-DE\",\"potentialAction\":[{\"@type\":\"ReadAction\",\"target\":[\"https:\\\/\\\/ponsa.com\\\/de\\\/sicherheit\\\/lebenslinie\\\/fall-blockier-system\\\/\"]}]},{\"@type\":\"ImageObject\",\"inLanguage\":\"de-DE\",\"@id\":\"https:\\\/\\\/ponsa.com\\\/de\\\/sicherheit\\\/lebenslinie\\\/fall-blockier-system\\\/#primaryimage\",\"url\":\"https:\\\/\\\/ponsa.com\\\/wp-content\\\/uploads\\\/2025\\\/06\\\/retractil_cable.jpg\",\"contentUrl\":\"https:\\\/\\\/ponsa.com\\\/wp-content\\\/uploads\\\/2025\\\/06\\\/retractil_cable.jpg\"},{\"@type\":\"BreadcrumbList\",\"@id\":\"https:\\\/\\\/ponsa.com\\\/de\\\/sicherheit\\\/lebenslinie\\\/fall-blockier-system\\\/#breadcrumb\",\"itemListElement\":[{\"@type\":\"ListItem\",\"position\":1,\"name\":\"Portada\",\"item\":\"https:\\\/\\\/ponsa.com\\\/de\\\/\"},{\"@type\":\"ListItem\",\"position\":2,\"name\":\"SICHERHEIT\",\"item\":\"https:\\\/\\\/ponsa.com\\\/de\\\/sicherheit\\\/\"},{\"@type\":\"ListItem\",\"position\":3,\"name\":\"LEBENSLINIE UND ANTI-FALL-PRODUKTE\",\"item\":\"https:\\\/\\\/ponsa.com\\\/de\\\/sicherheit\\\/lebenslinie\\\/\"},{\"@type\":\"ListItem\",\"position\":4,\"name\":\"FALL-BLOCKIER-SYSTEM MIT AUTOMATISCHEM EINZUGSKABEL\"}]},{\"@type\":\"WebSite\",\"@id\":\"https:\\\/\\\/ponsa.com\\\/#website\",\"url\":\"https:\\\/\\\/ponsa.com\\\/\",\"name\":\"Industrias Ponsa\",\"description\":\"Fabricante de Cintas Textiles\",\"publisher\":{\"@id\":\"https:\\\/\\\/ponsa.com\\\/#organization\"},\"potentialAction\":[{\"@type\":\"SearchAction\",\"target\":{\"@type\":\"EntryPoint\",\"urlTemplate\":\"https:\\\/\\\/ponsa.com\\\/?s={search_term_string}\"},\"query-input\":{\"@type\":\"PropertyValueSpecification\",\"valueRequired\":true,\"valueName\":\"search_term_string\"}}],\"inLanguage\":\"de-DE\"},{\"@type\":\"Organization\",\"@id\":\"https:\\\/\\\/ponsa.com\\\/#organization\",\"name\":\"INDUSTRIAS PONSA S.A.\",\"url\":\"https:\\\/\\\/ponsa.com\\\/\",\"logo\":{\"@type\":\"ImageObject\",\"inLanguage\":\"de-DE\",\"@id\":\"https:\\\/\\\/ponsa.com\\\/#\\\/schema\\\/logo\\\/image\\\/\",\"url\":\"https:\\\/\\\/ponsa.com\\\/wp-content\\\/uploads\\\/2021\\\/08\\\/logoPonsapng.png\",\"contentUrl\":\"https:\\\/\\\/ponsa.com\\\/wp-content\\\/uploads\\\/2021\\\/08\\\/logoPonsapng.png\",\"width\":2289,\"height\":808,\"caption\":\"INDUSTRIAS PONSA S.A.\"},\"image\":{\"@id\":\"https:\\\/\\\/ponsa.com\\\/#\\\/schema\\\/logo\\\/image\\\/\"},\"sameAs\":[\"https:\\\/\\\/www.facebook.com\\\/IndustriasPONSA\",\"https:\\\/\\\/www.instagram.com\\\/ind.ponsa\\\/\",\"https:\\\/\\\/es.linkedin.com\\\/company\\\/industrias-ponsa-sa\",\"https:\\\/\\\/www.youtube.com\\\/channel\\\/UCxvfSBJQlBhV1aOQo-wXIoQ\"]}]}<\/script>\n<!-- \/ Yoast SEO plugin. -->","yoast_head_json":{"title":"Das sich automatisch einziehende Kabel ist ein Fall-Blockier-Element","description":"Das sich automatisch einziehende Kabel ist ein Fall-Blockier-Element, entwickelt, um die kinetische Energie, welche w\u00e4hrend eines Sturzes aus der H\u00f6he","robots":{"index":"index","follow":"follow","max-snippet":"max-snippet:-1","max-image-preview":"max-image-preview:large","max-video-preview":"max-video-preview:-1"},"canonical":"https:\/\/ponsa.com\/de\/sicherheit\/lebenslinie\/fall-blockier-system\/","og_locale":"de_DE","og_type":"article","og_title":"Das sich automatisch einziehende Kabel ist ein Fall-Blockier-Element","og_description":"Das sich automatisch einziehende Kabel ist ein Fall-Blockier-Element, entwickelt, um die kinetische Energie, welche w\u00e4hrend eines Sturzes aus der H\u00f6he","og_url":"https:\/\/ponsa.com\/de\/sicherheit\/lebenslinie\/fall-blockier-system\/","og_site_name":"Industrias Ponsa","article_publisher":"https:\/\/www.facebook.com\/IndustriasPONSA","article_modified_time":"2025-06-13T08:01:16+00:00","og_image":[{"url":"https:\/\/ponsa.com\/wp-content\/uploads\/2025\/06\/retractil_cable.jpg","type":"","width":"","height":""}],"twitter_card":"summary_large_image","twitter_misc":{"Est. reading time":"4 minutes"},"schema":{"@context":"https:\/\/schema.org","@graph":[{"@type":"WebPage","@id":"https:\/\/ponsa.com\/de\/sicherheit\/lebenslinie\/fall-blockier-system\/","url":"https:\/\/ponsa.com\/de\/sicherheit\/lebenslinie\/fall-blockier-system\/","name":"Das sich automatisch einziehende Kabel ist ein Fall-Blockier-Element","isPartOf":{"@id":"https:\/\/ponsa.com\/#website"},"primaryImageOfPage":{"@id":"https:\/\/ponsa.com\/de\/sicherheit\/lebenslinie\/fall-blockier-system\/#primaryimage"},"image":{"@id":"https:\/\/ponsa.com\/de\/sicherheit\/lebenslinie\/fall-blockier-system\/#primaryimage"},"thumbnailUrl":"https:\/\/ponsa.com\/wp-content\/uploads\/2025\/06\/retractil_cable.jpg","datePublished":"2017-05-17T07:45:37+00:00","dateModified":"2025-06-13T08:01:16+00:00","description":"Das sich automatisch einziehende Kabel ist ein Fall-Blockier-Element, entwickelt, um die kinetische Energie, welche w\u00e4hrend eines Sturzes aus der H\u00f6he","breadcrumb":{"@id":"https:\/\/ponsa.com\/de\/sicherheit\/lebenslinie\/fall-blockier-system\/#breadcrumb"},"inLanguage":"de-DE","potentialAction":[{"@type":"ReadAction","target":["https:\/\/ponsa.com\/de\/sicherheit\/lebenslinie\/fall-blockier-system\/"]}]},{"@type":"ImageObject","inLanguage":"de-DE","@id":"https:\/\/ponsa.com\/de\/sicherheit\/lebenslinie\/fall-blockier-system\/#primaryimage","url":"https:\/\/ponsa.com\/wp-content\/uploads\/2025\/06\/retractil_cable.jpg","contentUrl":"https:\/\/ponsa.com\/wp-content\/uploads\/2025\/06\/retractil_cable.jpg"},{"@type":"BreadcrumbList","@id":"https:\/\/ponsa.com\/de\/sicherheit\/lebenslinie\/fall-blockier-system\/#breadcrumb","itemListElement":[{"@type":"ListItem","position":1,"name":"Portada","item":"https:\/\/ponsa.com\/de\/"},{"@type":"ListItem","position":2,"name":"SICHERHEIT","item":"https:\/\/ponsa.com\/de\/sicherheit\/"},{"@type":"ListItem","position":3,"name":"LEBENSLINIE UND ANTI-FALL-PRODUKTE","item":"https:\/\/ponsa.com\/de\/sicherheit\/lebenslinie\/"},{"@type":"ListItem","position":4,"name":"FALL-BLOCKIER-SYSTEM MIT AUTOMATISCHEM EINZUGSKABEL"}]},{"@type":"WebSite","@id":"https:\/\/ponsa.com\/#website","url":"https:\/\/ponsa.com\/","name":"Industrias Ponsa","description":"Fabricante de Cintas Textiles","publisher":{"@id":"https:\/\/ponsa.com\/#organization"},"potentialAction":[{"@type":"SearchAction","target":{"@type":"EntryPoint","urlTemplate":"https:\/\/ponsa.com\/?s={search_term_string}"},"query-input":{"@type":"PropertyValueSpecification","valueRequired":true,"valueName":"search_term_string"}}],"inLanguage":"de-DE"},{"@type":"Organization","@id":"https:\/\/ponsa.com\/#organization","name":"INDUSTRIAS PONSA S.A.","url":"https:\/\/ponsa.com\/","logo":{"@type":"ImageObject","inLanguage":"de-DE","@id":"https:\/\/ponsa.com\/#\/schema\/logo\/image\/","url":"https:\/\/ponsa.com\/wp-content\/uploads\/2021\/08\/logoPonsapng.png","contentUrl":"https:\/\/ponsa.com\/wp-content\/uploads\/2021\/08\/logoPonsapng.png","width":2289,"height":808,"caption":"INDUSTRIAS PONSA S.A."},"image":{"@id":"https:\/\/ponsa.com\/#\/schema\/logo\/image\/"},"sameAs":["https:\/\/www.facebook.com\/IndustriasPONSA","https:\/\/www.instagram.com\/ind.ponsa\/","https:\/\/es.linkedin.com\/company\/industrias-ponsa-sa","https:\/\/www.youtube.com\/channel\/UCxvfSBJQlBhV1aOQo-wXIoQ"]}]}},"_links":{"self":[{"href":"https:\/\/ponsa.com\/de\/wp-json\/wp\/v2\/pages\/6490","targetHints":{"allow":["GET"]}}],"collection":[{"href":"https:\/\/ponsa.com\/de\/wp-json\/wp\/v2\/pages"}],"about":[{"href":"https:\/\/ponsa.com\/de\/wp-json\/wp\/v2\/types\/page"}],"author":[{"embeddable":true,"href":"https:\/\/ponsa.com\/de\/wp-json\/wp\/v2\/users\/2"}],"replies":[{"embeddable":true,"href":"https:\/\/ponsa.com\/de\/wp-json\/wp\/v2\/comments?post=6490"}],"version-history":[{"count":4,"href":"https:\/\/ponsa.com\/de\/wp-json\/wp\/v2\/pages\/6490\/revisions"}],"predecessor-version":[{"id":37257,"href":"https:\/\/ponsa.com\/de\/wp-json\/wp\/v2\/pages\/6490\/revisions\/37257"}],"up":[{"embeddable":true,"href":"https:\/\/ponsa.com\/de\/wp-json\/wp\/v2\/pages\/6482"}],"wp:attachment":[{"href":"https:\/\/ponsa.com\/de\/wp-json\/wp\/v2\/media?parent=6490"}],"curies":[{"name":"wp","href":"https:\/\/api.w.org\/{rel}","templated":true}]}}