{"id":4884,"date":"2017-05-09T07:45:39","date_gmt":"2017-05-09T07:45:39","guid":{"rendered":"https:\/\/ponsa.com\/sollevamento\/"},"modified":"2023-07-06T11:15:52","modified_gmt":"2023-07-06T11:15:52","slug":"hebemittel-anschlagmittel","status":"publish","type":"page","link":"https:\/\/ponsa.com\/de\/hebemittel-anschlagmittel\/","title":{"rendered":"HEBEMITTEL-ANSCHLAGMITTEL"},"content":{"rendered":"<p><div class=\"fusion-fullwidth fullwidth-box fusion-builder-row-1 fusion-flex-container nonhundred-percent-fullwidth non-hundred-percent-height-scrolling\" style=\"--awb-border-radius-top-left:0px;--awb-border-radius-top-right:0px;--awb-border-radius-bottom-right:0px;--awb-border-radius-bottom-left:0px;--awb-padding-top:0px;--awb-padding-bottom:5px;--awb-flex-wrap:wrap;\" ><div class=\"fusion-builder-row fusion-row fusion-flex-align-items-flex-start fusion-flex-content-wrap\" style=\"max-width:1248px;margin-left: calc(-4% \/ 2 );margin-right: calc(-4% \/ 2 );\"><div class=\"fusion-layout-column fusion_builder_column fusion-builder-column-0 fusion_builder_column_1_1 1_1 fusion-flex-column\" style=\"--awb-padding-bottom:0px;--awb-bg-size:cover;--awb-width-large:100%;--awb-margin-top-large:0px;--awb-spacing-right-large:1.92%;--awb-margin-bottom-large:0px;--awb-spacing-left-large:1.92%;--awb-width-medium:100%;--awb-spacing-right-medium:1.92%;--awb-spacing-left-medium:1.92%;--awb-width-small:100%;--awb-spacing-right-small:1.92%;--awb-spacing-left-small:1.92%;\"><div class=\"fusion-column-wrapper fusion-flex-justify-content-flex-start fusion-content-layout-column\"><div class=\"fusion-text fusion-text-1\"><h6 style=\"text-align: center;\"><span class=\"titulo1\">HEBEMITTEL-ANSCHLAGMITTEL<\/span><\/h6>\n<h6 style=\"text-align: center;\">&nbsp;<\/h6>\n<\/div><div class=\"fusion-text fusion-text-2\"><p style=\"text-align: justify;\">Wir k\u00f6nnen unsere Produkte <strong>hebemittel-anschlagmittel<\/strong> gem\u00e4ss jeder Norm und jedem Qualit\u00e4tsstandard weltweit produzieren. Industrias Ponsa kann das Material zur Anwendung bringen, was in jeglich nur denkbarer Konstellation erforderlich ist. Entwickelt, um Gewichte zu heben, sind die Artikel leicht, resistent und sch\u00fctzen das Frachtgut. Wir k\u00f6nnen eine grosse Vielfalt an Hebeb\u00e4ndern f\u00fcr jeglichen Zweck anbieten.<\/p>\n<\/div><\/div><\/div><\/div><\/div><div class=\"fusion-fullwidth fullwidth-box fusion-builder-row-2 fusion-flex-container nonhundred-percent-fullwidth non-hundred-percent-height-scrolling\" style=\"--awb-border-radius-top-left:0px;--awb-border-radius-top-right:0px;--awb-border-radius-bottom-right:0px;--awb-border-radius-bottom-left:0px;--awb-padding-top:20px;--awb-padding-bottom:20px;--awb-flex-wrap:wrap;\" ><div class=\"fusion-builder-row fusion-row fusion-flex-align-items-flex-start fusion-flex-content-wrap\" style=\"max-width:calc( 1200px + 0px );margin-left: calc(-0px \/ 2 );margin-right: calc(-0px \/ 2 );\"><div class=\"fusion-layout-column fusion_builder_column fusion-builder-column-1 fusion_builder_column_1_4 1_4 fusion-flex-column fusion-column-inner-bg-wrapper\" style=\"--awb-inner-bg-size:cover;--awb-border-color:#d3d3d3;--awb-border-right:1px;--awb-border-style:solid;--awb-width-large:25%;--awb-margin-top-large:0px;--awb-spacing-right-large:0px;--awb-margin-bottom-large:20px;--awb-spacing-left-large:0px;--awb-width-medium:25%;--awb-order-medium:0;--awb-spacing-right-medium:0px;--awb-spacing-left-medium:0px;--awb-width-small:100%;--awb-order-small:0;--awb-spacing-right-small:0px;--awb-spacing-left-small:0px;\"><span class=\"fusion-column-inner-bg hover-type-none\"><a class=\"fusion-column-anchor\" href=\"https:\/\/ponsa.com\/de\/hebemittel-anschlagmittel\/hebeband\/\"><span class=\"fusion-column-inner-bg-image\"><\/span><\/a><\/span><div class=\"fusion-column-wrapper fusion-column-has-shadow fusion-flex-justify-content-flex-start fusion-content-layout-column\"><div class=\"fusion-image-element \" style=\"text-align:center;--awb-caption-title-font-family:var(--h2_typography-font-family);--awb-caption-title-font-weight:var(--h2_typography-font-weight);--awb-caption-title-font-style:var(--h2_typography-font-style);--awb-caption-title-size:var(--h2_typography-font-size);--awb-caption-title-transform:var(--h2_typography-text-transform);--awb-caption-title-line-height:var(--h2_typography-line-height);--awb-caption-title-letter-spacing:var(--h2_typography-letter-spacing);\"><span class=\" fusion-imageframe imageframe-none imageframe-1 hover-type-none\"><img decoding=\"async\" width=\"1000\" height=\"1000\" title=\"Eslinga poli\u00e9ster PLANA doble banda para elevaci\u00f3n de cargas\" src=\"https:\/\/ponsa.com\/wp-content\/uploads\/2017\/05\/esligasPlanas1.jpg\" alt class=\"img-responsive wp-image-26354\" srcset=\"https:\/\/ponsa.com\/wp-content\/uploads\/2017\/05\/esligasPlanas1-200x200.jpg 200w, https:\/\/ponsa.com\/wp-content\/uploads\/2017\/05\/esligasPlanas1-400x400.jpg 400w, https:\/\/ponsa.com\/wp-content\/uploads\/2017\/05\/esligasPlanas1-600x600.jpg 600w, https:\/\/ponsa.com\/wp-content\/uploads\/2017\/05\/esligasPlanas1-800x800.jpg 800w, https:\/\/ponsa.com\/wp-content\/uploads\/2017\/05\/esligasPlanas1.jpg 1000w\" sizes=\"(max-width: 640px) 100vw, 400px\" \/><\/span><\/div><div class=\"fusion-text fusion-text-3\"><p style=\"text-align: center;\">Hebebaender<\/p>\n<\/div><\/div><\/div><div class=\"fusion-layout-column fusion_builder_column fusion-builder-column-2 fusion_builder_column_1_4 1_4 fusion-flex-column fusion-column-inner-bg-wrapper\" style=\"--awb-inner-bg-size:cover;--awb-border-color:#d3d3d3;--awb-border-right:1px;--awb-border-style:solid;--awb-width-large:25%;--awb-margin-top-large:0px;--awb-spacing-right-large:0px;--awb-margin-bottom-large:20px;--awb-spacing-left-large:0px;--awb-width-medium:25%;--awb-spacing-right-medium:0px;--awb-spacing-left-medium:0px;--awb-width-small:100%;--awb-spacing-right-small:0px;--awb-spacing-left-small:0px;\"><span class=\"fusion-column-inner-bg hover-type-none\"><a class=\"fusion-column-anchor\" href=\"https:\/\/ponsa.com\/de\/hebemittel-anschlagmittel\/rundschlinge\/\"><span class=\"fusion-column-inner-bg-image\"><\/span><\/a><\/span><div class=\"fusion-column-wrapper fusion-flex-justify-content-flex-start fusion-content-layout-column\"><div class=\"fusion-image-element \" style=\"text-align:center;--awb-caption-title-font-family:var(--h2_typography-font-family);--awb-caption-title-font-weight:var(--h2_typography-font-weight);--awb-caption-title-font-style:var(--h2_typography-font-style);--awb-caption-title-size:var(--h2_typography-font-size);--awb-caption-title-transform:var(--h2_typography-text-transform);--awb-caption-title-line-height:var(--h2_typography-line-height);--awb-caption-title-letter-spacing:var(--h2_typography-letter-spacing);\"><span class=\" fusion-imageframe imageframe-none imageframe-2 hover-type-none\"><img decoding=\"async\" width=\"1000\" height=\"1000\" title=\"Eslinga poli\u00e9ster aro para elevaci\u00f3n de cargas\" src=\"https:\/\/ponsa.com\/wp-content\/uploads\/2017\/05\/esligastub-2.jpg\" alt class=\"img-responsive wp-image-26355\" srcset=\"https:\/\/ponsa.com\/wp-content\/uploads\/2017\/05\/esligastub-2-200x200.jpg 200w, https:\/\/ponsa.com\/wp-content\/uploads\/2017\/05\/esligastub-2-400x400.jpg 400w, https:\/\/ponsa.com\/wp-content\/uploads\/2017\/05\/esligastub-2-600x600.jpg 600w, https:\/\/ponsa.com\/wp-content\/uploads\/2017\/05\/esligastub-2-800x800.jpg 800w, https:\/\/ponsa.com\/wp-content\/uploads\/2017\/05\/esligastub-2.jpg 1000w\" sizes=\"(max-width: 640px) 100vw, 400px\" \/><\/span><\/div><div class=\"fusion-text fusion-text-4\"><p style=\"text-align: center;\">Rundschlingen<\/p>\n<\/div><\/div><\/div><div class=\"fusion-layout-column fusion_builder_column fusion-builder-column-3 fusion_builder_column_1_4 1_4 fusion-flex-column fusion-column-inner-bg-wrapper\" style=\"--awb-inner-bg-size:cover;--awb-border-color:#d3d3d3;--awb-border-right:1px;--awb-border-style:solid;--awb-width-large:25%;--awb-margin-top-large:0px;--awb-spacing-right-large:0px;--awb-margin-bottom-large:20px;--awb-spacing-left-large:0px;--awb-width-medium:25%;--awb-spacing-right-medium:0px;--awb-spacing-left-medium:0px;--awb-width-small:100%;--awb-spacing-right-small:0px;--awb-spacing-left-small:0px;\"><span class=\"fusion-column-inner-bg hover-type-none\"><a class=\"fusion-column-anchor\" href=\"https:\/\/ponsa.com\/de\/hebemittel-anschlagmittel\/ponsagard\/\"><span class=\"fusion-column-inner-bg-image\"><\/span><\/a><\/span><div class=\"fusion-column-wrapper fusion-flex-justify-content-flex-start fusion-content-layout-column\"><div class=\"fusion-image-element \" style=\"text-align:center;--awb-caption-title-font-family:var(--h2_typography-font-family);--awb-caption-title-font-weight:var(--h2_typography-font-weight);--awb-caption-title-font-style:var(--h2_typography-font-style);--awb-caption-title-size:var(--h2_typography-font-size);--awb-caption-title-transform:var(--h2_typography-text-transform);--awb-caption-title-line-height:var(--h2_typography-line-height);--awb-caption-title-letter-spacing:var(--h2_typography-letter-spacing);\"><span class=\" fusion-imageframe imageframe-none imageframe-3 hover-type-none\"><img decoding=\"async\" width=\"1000\" height=\"1000\" alt=\"Eslinga con una capa protectora que aumenta la resistencia a la abrasi\u00f3n. Cantos reforzados con cordones anticorte y antirozamiento. Dura m\u00e1s del doble. Destinada a operaciones de elevaci\u00f3n, y movimiento de cargas en diferentes posiciones con ayuda de una gr\u00faa o polipastro.\" title=\"Eslingas Ponsagard poliester especiales para elevaci\u00f3n de cargas\" src=\"https:\/\/ponsa.com\/wp-content\/uploads\/2017\/05\/PONSAGARD-plana.jpg\" class=\"img-responsive wp-image-1154\" srcset=\"https:\/\/ponsa.com\/wp-content\/uploads\/2017\/05\/PONSAGARD-plana-200x200.jpg 200w, https:\/\/ponsa.com\/wp-content\/uploads\/2017\/05\/PONSAGARD-plana-400x400.jpg 400w, https:\/\/ponsa.com\/wp-content\/uploads\/2017\/05\/PONSAGARD-plana-600x600.jpg 600w, https:\/\/ponsa.com\/wp-content\/uploads\/2017\/05\/PONSAGARD-plana-800x800.jpg 800w, https:\/\/ponsa.com\/wp-content\/uploads\/2017\/05\/PONSAGARD-plana.jpg 1000w\" sizes=\"(max-width: 640px) 100vw, 400px\" \/><\/span><\/div><div class=\"fusion-text fusion-text-5\"><p style=\"text-align: center;\">Ponsagard<\/p>\n<\/div><\/div><\/div><div class=\"fusion-layout-column fusion_builder_column fusion-builder-column-4 fusion_builder_column_1_4 1_4 fusion-flex-column fusion-column-inner-bg-wrapper\" style=\"--awb-inner-bg-size:cover;--awb-border-color:#d3d3d3;--awb-border-right:0;--awb-border-style:solid;--awb-width-large:25%;--awb-margin-top-large:0px;--awb-spacing-right-large:0px;--awb-margin-bottom-large:20px;--awb-spacing-left-large:0px;--awb-width-medium:25%;--awb-order-medium:0;--awb-spacing-right-medium:0px;--awb-spacing-left-medium:0px;--awb-width-small:100%;--awb-order-small:0;--awb-spacing-right-small:0px;--awb-spacing-left-small:0px;\"><span class=\"fusion-column-inner-bg hover-type-none\"><a class=\"fusion-column-anchor\" href=\"https:\/\/ponsa.com\/de\/hebemittel-anschlagmittel\/endloshebeband\/\"><span class=\"fusion-column-inner-bg-image\"><\/span><\/a><\/span><div class=\"fusion-column-wrapper fusion-column-has-shadow fusion-flex-justify-content-flex-start fusion-content-layout-column\"><div class=\"fusion-image-element \" style=\"text-align:center;--awb-caption-title-font-family:var(--h2_typography-font-family);--awb-caption-title-font-weight:var(--h2_typography-font-weight);--awb-caption-title-font-style:var(--h2_typography-font-style);--awb-caption-title-size:var(--h2_typography-font-size);--awb-caption-title-transform:var(--h2_typography-text-transform);--awb-caption-title-line-height:var(--h2_typography-line-height);--awb-caption-title-letter-spacing:var(--h2_typography-letter-spacing);\"><span class=\" fusion-imageframe imageframe-none imageframe-4 hover-type-none\"><img decoding=\"async\" width=\"1000\" height=\"1000\" alt=\"Eslinga textil plana, destinada a operaciones de elevaci\u00f3n para uso general, (materiales, objetos, mercanc\u00edas),\" title=\"Eslinga poli\u00e9ster aro doble banda para elevaci\u00f3n de cargas\" src=\"https:\/\/ponsa.com\/wp-content\/uploads\/2017\/05\/ONEWAYSLING.jpg\" class=\"img-responsive wp-image-1457\" srcset=\"https:\/\/ponsa.com\/wp-content\/uploads\/2017\/05\/ONEWAYSLING-200x200.jpg 200w, https:\/\/ponsa.com\/wp-content\/uploads\/2017\/05\/ONEWAYSLING-400x400.jpg 400w, https:\/\/ponsa.com\/wp-content\/uploads\/2017\/05\/ONEWAYSLING-600x600.jpg 600w, https:\/\/ponsa.com\/wp-content\/uploads\/2017\/05\/ONEWAYSLING-800x800.jpg 800w, https:\/\/ponsa.com\/wp-content\/uploads\/2017\/05\/ONEWAYSLING.jpg 1000w\" sizes=\"(max-width: 640px) 100vw, 400px\" \/><\/span><\/div><div class=\"fusion-text fusion-text-6\"><p style=\"text-align: center;\">Endloshebeband<\/p>\n<\/div><\/div><\/div><div class=\"fusion-layout-column fusion_builder_column fusion-builder-column-5 fusion_builder_column_1_1 1_1 fusion-flex-column\" style=\"--awb-bg-size:cover;--awb-width-large:100%;--awb-margin-top-large:0px;--awb-spacing-right-large:0px;--awb-margin-bottom-large:20px;--awb-spacing-left-large:0px;--awb-width-medium:100%;--awb-spacing-right-medium:0px;--awb-spacing-left-medium:0px;--awb-width-small:100%;--awb-spacing-right-small:0px;--awb-spacing-left-small:0px;\"><div class=\"fusion-column-wrapper fusion-flex-justify-content-flex-start fusion-content-layout-column\"><div class=\"fusion-separator fusion-full-width-sep\" style=\"align-self: center;margin-left: auto;margin-right: auto;margin-top:10px;width:100%;\"><\/div><\/div><\/div><div class=\"fusion-layout-column fusion_builder_column fusion-builder-column-6 fusion_builder_column_1_4 1_4 fusion-flex-column fusion-column-inner-bg-wrapper\" style=\"--awb-inner-bg-size:cover;--awb-border-color:#d3d3d3;--awb-border-right:0;--awb-border-style:solid;--awb-width-large:25%;--awb-margin-top-large:0px;--awb-spacing-right-large:0px;--awb-margin-bottom-large:20px;--awb-spacing-left-large:0px;--awb-width-medium:25%;--awb-spacing-right-medium:0px;--awb-spacing-left-medium:0px;--awb-width-small:100%;--awb-spacing-right-small:0px;--awb-spacing-left-small:0px;\"><span class=\"fusion-column-inner-bg hover-type-none\"><a class=\"fusion-column-anchor\" href=\"https:\/\/ponsa.com\/de\/hebemittel-anschlagmittel\/coverleaf-slings\/\"><span class=\"fusion-column-inner-bg-image\"><\/span><\/a><\/span><div class=\"fusion-column-wrapper fusion-flex-justify-content-flex-start fusion-content-layout-column\"><div class=\"fusion-image-element \" style=\"text-align:center;--awb-caption-title-font-family:var(--h2_typography-font-family);--awb-caption-title-font-weight:var(--h2_typography-font-weight);--awb-caption-title-font-style:var(--h2_typography-font-style);--awb-caption-title-size:var(--h2_typography-font-size);--awb-caption-title-transform:var(--h2_typography-text-transform);--awb-caption-title-line-height:var(--h2_typography-line-height);--awb-caption-title-letter-spacing:var(--h2_typography-letter-spacing);\"><span class=\" fusion-imageframe imageframe-none imageframe-5 hover-type-none\"><img decoding=\"async\" width=\"1000\" height=\"1000\" title=\"trebol5\" src=\"https:\/\/ponsa.com\/wp-content\/uploads\/2017\/05\/trebol5.jpg\" alt class=\"img-responsive wp-image-26356\" srcset=\"https:\/\/ponsa.com\/wp-content\/uploads\/2017\/05\/trebol5-200x200.jpg 200w, https:\/\/ponsa.com\/wp-content\/uploads\/2017\/05\/trebol5-400x400.jpg 400w, https:\/\/ponsa.com\/wp-content\/uploads\/2017\/05\/trebol5-600x600.jpg 600w, https:\/\/ponsa.com\/wp-content\/uploads\/2017\/05\/trebol5-800x800.jpg 800w, https:\/\/ponsa.com\/wp-content\/uploads\/2017\/05\/trebol5.jpg 1000w\" sizes=\"(max-width: 640px) 100vw, 400px\" \/><\/span><\/div><div class=\"fusion-text fusion-text-7\"><p style=\"text-align: center;\">Cover-Leaf-Slings<\/p>\n<\/div><\/div><\/div><\/div><\/div><\/p>\n","protected":false},"excerpt":{"rendered":"","protected":false},"author":2,"featured_media":0,"parent":0,"menu_order":0,"comment_status":"closed","ping_status":"closed","template":"100-width.php","meta":{"ngg_post_thumbnail":0,"footnotes":""},"class_list":["post-4884","page","type-page","status-publish","hentry"],"yoast_head":"<!-- This site is optimized with the Yoast SEO plugin v27.6 - https:\/\/yoast.com\/product\/yoast-seo-wordpress\/ -->\n<title>HEBEMITTEL-ANSCHLAGMITTEL Industrias Ponsa<\/title>\n<meta name=\"description\" content=\"Wir k\u00f6nnen Ponsa Hebegurte nach allen Vorschriften herstellen und dabei immer die Normen f\u00fcr jedes Land einhalten. Sie wurden zum Heben von Lasten.\" \/>\n<meta name=\"robots\" content=\"index, follow, max-snippet:-1, max-image-preview:large, max-video-preview:-1\" \/>\n<link rel=\"canonical\" href=\"https:\/\/ponsa.com\/de\/hebemittel-anschlagmittel\/\" \/>\n<meta property=\"og:locale\" content=\"de_DE\" \/>\n<meta property=\"og:type\" content=\"article\" \/>\n<meta property=\"og:title\" content=\"HEBEMITTEL-ANSCHLAGMITTEL Industrias Ponsa\" \/>\n<meta property=\"og:description\" content=\"Wir k\u00f6nnen Ponsa Hebegurte nach allen Vorschriften herstellen und dabei immer die Normen f\u00fcr jedes Land einhalten. Sie wurden zum Heben von Lasten.\" \/>\n<meta property=\"og:url\" content=\"https:\/\/ponsa.com\/de\/hebemittel-anschlagmittel\/\" \/>\n<meta property=\"og:site_name\" content=\"Industrias Ponsa\" \/>\n<meta property=\"article:publisher\" content=\"https:\/\/www.facebook.com\/IndustriasPONSA\" \/>\n<meta property=\"article:modified_time\" content=\"2023-07-06T11:15:52+00:00\" \/>\n<meta name=\"twitter:card\" content=\"summary_large_image\" \/>\n<meta name=\"twitter:label1\" content=\"Est. reading time\" \/>\n\t<meta name=\"twitter:data1\" content=\"3 minutes\" \/>\n<script type=\"application\/ld+json\" class=\"yoast-schema-graph\">{\"@context\":\"https:\\\/\\\/schema.org\",\"@graph\":[{\"@type\":\"WebPage\",\"@id\":\"https:\\\/\\\/ponsa.com\\\/de\\\/hebemittel-anschlagmittel\\\/\",\"url\":\"https:\\\/\\\/ponsa.com\\\/de\\\/hebemittel-anschlagmittel\\\/\",\"name\":\"HEBEMITTEL-ANSCHLAGMITTEL Industrias Ponsa\",\"isPartOf\":{\"@id\":\"https:\\\/\\\/ponsa.com\\\/#website\"},\"datePublished\":\"2017-05-09T07:45:39+00:00\",\"dateModified\":\"2023-07-06T11:15:52+00:00\",\"description\":\"Wir k\u00f6nnen Ponsa Hebegurte nach allen Vorschriften herstellen und dabei immer die Normen f\u00fcr jedes Land einhalten. Sie wurden zum Heben von Lasten.\",\"breadcrumb\":{\"@id\":\"https:\\\/\\\/ponsa.com\\\/de\\\/hebemittel-anschlagmittel\\\/#breadcrumb\"},\"inLanguage\":\"de-DE\",\"potentialAction\":[{\"@type\":\"ReadAction\",\"target\":[\"https:\\\/\\\/ponsa.com\\\/de\\\/hebemittel-anschlagmittel\\\/\"]}]},{\"@type\":\"BreadcrumbList\",\"@id\":\"https:\\\/\\\/ponsa.com\\\/de\\\/hebemittel-anschlagmittel\\\/#breadcrumb\",\"itemListElement\":[{\"@type\":\"ListItem\",\"position\":1,\"name\":\"Portada\",\"item\":\"https:\\\/\\\/ponsa.com\\\/de\\\/\"},{\"@type\":\"ListItem\",\"position\":2,\"name\":\"HEBEMITTEL-ANSCHLAGMITTEL\"}]},{\"@type\":\"WebSite\",\"@id\":\"https:\\\/\\\/ponsa.com\\\/#website\",\"url\":\"https:\\\/\\\/ponsa.com\\\/\",\"name\":\"Industrias Ponsa\",\"description\":\"Fabricante de Cintas Textiles\",\"publisher\":{\"@id\":\"https:\\\/\\\/ponsa.com\\\/#organization\"},\"potentialAction\":[{\"@type\":\"SearchAction\",\"target\":{\"@type\":\"EntryPoint\",\"urlTemplate\":\"https:\\\/\\\/ponsa.com\\\/?s={search_term_string}\"},\"query-input\":{\"@type\":\"PropertyValueSpecification\",\"valueRequired\":true,\"valueName\":\"search_term_string\"}}],\"inLanguage\":\"de-DE\"},{\"@type\":\"Organization\",\"@id\":\"https:\\\/\\\/ponsa.com\\\/#organization\",\"name\":\"INDUSTRIAS PONSA S.A.\",\"url\":\"https:\\\/\\\/ponsa.com\\\/\",\"logo\":{\"@type\":\"ImageObject\",\"inLanguage\":\"de-DE\",\"@id\":\"https:\\\/\\\/ponsa.com\\\/#\\\/schema\\\/logo\\\/image\\\/\",\"url\":\"https:\\\/\\\/ponsa.com\\\/wp-content\\\/uploads\\\/2021\\\/08\\\/logoPonsapng.png\",\"contentUrl\":\"https:\\\/\\\/ponsa.com\\\/wp-content\\\/uploads\\\/2021\\\/08\\\/logoPonsapng.png\",\"width\":2289,\"height\":808,\"caption\":\"INDUSTRIAS PONSA S.A.\"},\"image\":{\"@id\":\"https:\\\/\\\/ponsa.com\\\/#\\\/schema\\\/logo\\\/image\\\/\"},\"sameAs\":[\"https:\\\/\\\/www.facebook.com\\\/IndustriasPONSA\",\"https:\\\/\\\/www.instagram.com\\\/ind.ponsa\\\/\",\"https:\\\/\\\/es.linkedin.com\\\/company\\\/industrias-ponsa-sa\",\"https:\\\/\\\/www.youtube.com\\\/channel\\\/UCxvfSBJQlBhV1aOQo-wXIoQ\"]}]}<\/script>\n<!-- \/ Yoast SEO plugin. -->","yoast_head_json":{"title":"HEBEMITTEL-ANSCHLAGMITTEL Industrias Ponsa","description":"Wir k\u00f6nnen Ponsa Hebegurte nach allen Vorschriften herstellen und dabei immer die Normen f\u00fcr jedes Land einhalten. Sie wurden zum Heben von Lasten.","robots":{"index":"index","follow":"follow","max-snippet":"max-snippet:-1","max-image-preview":"max-image-preview:large","max-video-preview":"max-video-preview:-1"},"canonical":"https:\/\/ponsa.com\/de\/hebemittel-anschlagmittel\/","og_locale":"de_DE","og_type":"article","og_title":"HEBEMITTEL-ANSCHLAGMITTEL Industrias Ponsa","og_description":"Wir k\u00f6nnen Ponsa Hebegurte nach allen Vorschriften herstellen und dabei immer die Normen f\u00fcr jedes Land einhalten. Sie wurden zum Heben von Lasten.","og_url":"https:\/\/ponsa.com\/de\/hebemittel-anschlagmittel\/","og_site_name":"Industrias Ponsa","article_publisher":"https:\/\/www.facebook.com\/IndustriasPONSA","article_modified_time":"2023-07-06T11:15:52+00:00","twitter_card":"summary_large_image","twitter_misc":{"Est. reading time":"3 minutes"},"schema":{"@context":"https:\/\/schema.org","@graph":[{"@type":"WebPage","@id":"https:\/\/ponsa.com\/de\/hebemittel-anschlagmittel\/","url":"https:\/\/ponsa.com\/de\/hebemittel-anschlagmittel\/","name":"HEBEMITTEL-ANSCHLAGMITTEL Industrias Ponsa","isPartOf":{"@id":"https:\/\/ponsa.com\/#website"},"datePublished":"2017-05-09T07:45:39+00:00","dateModified":"2023-07-06T11:15:52+00:00","description":"Wir k\u00f6nnen Ponsa Hebegurte nach allen Vorschriften herstellen und dabei immer die Normen f\u00fcr jedes Land einhalten. Sie wurden zum Heben von Lasten.","breadcrumb":{"@id":"https:\/\/ponsa.com\/de\/hebemittel-anschlagmittel\/#breadcrumb"},"inLanguage":"de-DE","potentialAction":[{"@type":"ReadAction","target":["https:\/\/ponsa.com\/de\/hebemittel-anschlagmittel\/"]}]},{"@type":"BreadcrumbList","@id":"https:\/\/ponsa.com\/de\/hebemittel-anschlagmittel\/#breadcrumb","itemListElement":[{"@type":"ListItem","position":1,"name":"Portada","item":"https:\/\/ponsa.com\/de\/"},{"@type":"ListItem","position":2,"name":"HEBEMITTEL-ANSCHLAGMITTEL"}]},{"@type":"WebSite","@id":"https:\/\/ponsa.com\/#website","url":"https:\/\/ponsa.com\/","name":"Industrias Ponsa","description":"Fabricante de Cintas Textiles","publisher":{"@id":"https:\/\/ponsa.com\/#organization"},"potentialAction":[{"@type":"SearchAction","target":{"@type":"EntryPoint","urlTemplate":"https:\/\/ponsa.com\/?s={search_term_string}"},"query-input":{"@type":"PropertyValueSpecification","valueRequired":true,"valueName":"search_term_string"}}],"inLanguage":"de-DE"},{"@type":"Organization","@id":"https:\/\/ponsa.com\/#organization","name":"INDUSTRIAS PONSA S.A.","url":"https:\/\/ponsa.com\/","logo":{"@type":"ImageObject","inLanguage":"de-DE","@id":"https:\/\/ponsa.com\/#\/schema\/logo\/image\/","url":"https:\/\/ponsa.com\/wp-content\/uploads\/2021\/08\/logoPonsapng.png","contentUrl":"https:\/\/ponsa.com\/wp-content\/uploads\/2021\/08\/logoPonsapng.png","width":2289,"height":808,"caption":"INDUSTRIAS PONSA S.A."},"image":{"@id":"https:\/\/ponsa.com\/#\/schema\/logo\/image\/"},"sameAs":["https:\/\/www.facebook.com\/IndustriasPONSA","https:\/\/www.instagram.com\/ind.ponsa\/","https:\/\/es.linkedin.com\/company\/industrias-ponsa-sa","https:\/\/www.youtube.com\/channel\/UCxvfSBJQlBhV1aOQo-wXIoQ"]}]}},"_links":{"self":[{"href":"https:\/\/ponsa.com\/de\/wp-json\/wp\/v2\/pages\/4884","targetHints":{"allow":["GET"]}}],"collection":[{"href":"https:\/\/ponsa.com\/de\/wp-json\/wp\/v2\/pages"}],"about":[{"href":"https:\/\/ponsa.com\/de\/wp-json\/wp\/v2\/types\/page"}],"author":[{"embeddable":true,"href":"https:\/\/ponsa.com\/de\/wp-json\/wp\/v2\/users\/2"}],"replies":[{"embeddable":true,"href":"https:\/\/ponsa.com\/de\/wp-json\/wp\/v2\/comments?post=4884"}],"version-history":[{"count":15,"href":"https:\/\/ponsa.com\/de\/wp-json\/wp\/v2\/pages\/4884\/revisions"}],"predecessor-version":[{"id":27382,"href":"https:\/\/ponsa.com\/de\/wp-json\/wp\/v2\/pages\/4884\/revisions\/27382"}],"wp:attachment":[{"href":"https:\/\/ponsa.com\/de\/wp-json\/wp\/v2\/media?parent=4884"}],"curies":[{"name":"wp","href":"https:\/\/api.w.org\/{rel}","templated":true}]}}