{"id":4315,"date":"2017-06-05T11:40:22","date_gmt":"2017-06-05T11:40:22","guid":{"rendered":"https:\/\/ponsa.com\/i-d-i\/"},"modified":"2019-07-26T09:40:55","modified_gmt":"2019-07-26T09:40:55","slug":"i-d-i","status":"publish","type":"page","link":"https:\/\/ponsa.com\/de\/i-d-i\/","title":{"rendered":"I&#038;D&#038;D"},"content":{"rendered":"<div class=\"fusion-fullwidth fullwidth-box fusion-builder-row-1 fusion-flex-container nonhundred-percent-fullwidth non-hundred-percent-height-scrolling\" style=\"--awb-border-radius-top-left:0px;--awb-border-radius-top-right:0px;--awb-border-radius-bottom-right:0px;--awb-border-radius-bottom-left:0px;--awb-padding-top:50px;--awb-padding-bottom:20px;--awb-flex-wrap:wrap;\" ><div class=\"fusion-builder-row fusion-row fusion-flex-align-items-flex-start fusion-flex-content-wrap\" style=\"max-width:calc( 1200px + 0px );margin-left: calc(-0px \/ 2 );margin-right: calc(-0px \/ 2 );\"><div class=\"fusion-layout-column fusion_builder_column fusion-builder-column-0 fusion_builder_column_1_1 1_1 fusion-flex-column\" style=\"--awb-bg-size:cover;--awb-width-large:100%;--awb-margin-top-large:0px;--awb-spacing-right-large:0px;--awb-margin-bottom-large:20px;--awb-spacing-left-large:0px;--awb-width-medium:100%;--awb-spacing-right-medium:0px;--awb-spacing-left-medium:0px;--awb-width-small:100%;--awb-spacing-right-small:0px;--awb-spacing-left-small:0px;\"><div class=\"fusion-column-wrapper fusion-flex-justify-content-flex-start fusion-content-layout-column\"><div class=\"fusion-title title fusion-title-1 fusion-title-text fusion-title-size-one\" style=\"--awb-margin-top-small:10px;--awb-margin-right-small:0px;--awb-margin-bottom-small:10px;--awb-margin-left-small:0px;--awb-sep-color:#fffcfc;\"><div class=\"title-sep-container title-sep-container-left fusion-no-large-visibility fusion-no-medium-visibility fusion-no-small-visibility\"><div class=\"title-sep sep-double sep-solid\" style=\"border-color:#fffcfc;\"><\/div><\/div><span class=\"awb-title-spacer fusion-no-large-visibility fusion-no-medium-visibility fusion-no-small-visibility\"><\/span><h1 class=\"fusion-title-heading title-heading-left\" style=\"margin:0;\"><strong>I &amp; D &amp; D<\/strong><\/h1><span class=\"awb-title-spacer\"><\/span><div class=\"title-sep-container title-sep-container-right\"><div class=\"title-sep sep-double sep-solid\" style=\"border-color:#fffcfc;\"><\/div><\/div><\/div><div class=\"fusion-image-element \" style=\"--awb-caption-title-font-family:var(--h2_typography-font-family);--awb-caption-title-font-weight:var(--h2_typography-font-weight);--awb-caption-title-font-style:var(--h2_typography-font-style);--awb-caption-title-size:var(--h2_typography-font-size);--awb-caption-title-transform:var(--h2_typography-text-transform);--awb-caption-title-line-height:var(--h2_typography-line-height);--awb-caption-title-letter-spacing:var(--h2_typography-letter-spacing);\"><span class=\" fusion-imageframe imageframe-none imageframe-1 hover-type-none\"><img decoding=\"async\" width=\"3508\" height=\"2480\" title=\"MAPA7\" src=\"https:\/\/ponsa.com\/wp-content\/uploads\/2017\/06\/MAPA7.jpg\" alt class=\"img-responsive wp-image-6851\" srcset=\"https:\/\/ponsa.com\/wp-content\/uploads\/2017\/06\/MAPA7-200x141.jpg 200w, https:\/\/ponsa.com\/wp-content\/uploads\/2017\/06\/MAPA7-400x283.jpg 400w, https:\/\/ponsa.com\/wp-content\/uploads\/2017\/06\/MAPA7-600x424.jpg 600w, https:\/\/ponsa.com\/wp-content\/uploads\/2017\/06\/MAPA7-800x566.jpg 800w, https:\/\/ponsa.com\/wp-content\/uploads\/2017\/06\/MAPA7-1200x848.jpg 1200w, https:\/\/ponsa.com\/wp-content\/uploads\/2017\/06\/MAPA7.jpg 3508w\" sizes=\"(max-width: 640px) 100vw, 3508px\" \/><\/span><\/div><div class=\"fusion-text fusion-text-1\"><p>Wir f\u00fchren mehr als 110.000 Tests pro Jahr an unseren Produkten durch. Alle unsere Produkte entsprechen den spezifischen Anforderungen der bestimmungsgem\u00e4\u00dfen Verwendung und unterliegen einer strengen Qualit\u00e4tskontrolle, damit unsere Kunden vollkommenes Vertrauen und Sicherheit haben. Wir haben Qualit\u00e4tskontrollma\u00dfnahmen, die w\u00e4hrend des gesamten Produktionsprozesses angewendet werden. Wir pr\u00fcfen:<\/p>\n<p>\u2022 Torsionswiderstand\/ Zugfestigkeit<br \/>\n\u2022 Den Widerstand und die Qualit\u00e4t des Bandes am Webstuhl<br \/>\n\u2022 Die Breite der B\u00e4nder und ihre L\u00e4nge, wenn sie geschnitten werden.<br \/>\n\u2022 Die Vern\u00e4hung erfolgt St\u00fcckweise, eines nach dem anderen.<br \/>\n\u2022 Die Rei\u00dffestigkeiten des ausger\u00fcsteten Produktes und in jeder Bestellung.<br \/>\nUnser Ziel ist es, mit unseren Produkten und unserem Service Spitzenleistungen zu erzielen. In unserer Essenz ist Ponsa Qualit\u00e4t.<\/p>\n<\/div><\/div><\/div><\/div><\/div>\n","protected":false},"excerpt":{"rendered":"","protected":false},"author":4,"featured_media":0,"parent":0,"menu_order":0,"comment_status":"closed","ping_status":"closed","template":"100-width.php","meta":{"ngg_post_thumbnail":0,"footnotes":""},"class_list":["post-4315","page","type-page","status-publish","hentry"],"yoast_head":"<!-- This site is optimized with the Yoast SEO plugin v27.5 - https:\/\/yoast.com\/product\/yoast-seo-wordpress\/ -->\n<title>I&amp;D&amp;D - Industrias Ponsa<\/title>\n<meta name=\"description\" content=\"Somos fabricantes acreditados para la norma ISO 9001:2015. Garantizamos el la calidad de nuestras cintas debido a que tenemos el control total del proceso productivo.\" \/>\n<meta name=\"robots\" content=\"index, follow, max-snippet:-1, max-image-preview:large, max-video-preview:-1\" \/>\n<link rel=\"canonical\" href=\"https:\/\/ponsa.com\/de\/i-d-i\/\" \/>\n<meta property=\"og:locale\" content=\"de_DE\" \/>\n<meta property=\"og:type\" content=\"article\" \/>\n<meta property=\"og:title\" content=\"I&amp;D&amp;D - Industrias Ponsa\" \/>\n<meta property=\"og:description\" content=\"Somos fabricantes acreditados para la norma ISO 9001:2015. Garantizamos el la calidad de nuestras cintas debido a que tenemos el control total del proceso productivo.\" \/>\n<meta property=\"og:url\" content=\"https:\/\/ponsa.com\/de\/i-d-i\/\" \/>\n<meta property=\"og:site_name\" content=\"Industrias Ponsa\" \/>\n<meta property=\"article:publisher\" content=\"https:\/\/www.facebook.com\/IndustriasPONSA\" \/>\n<meta property=\"article:modified_time\" content=\"2019-07-26T09:40:55+00:00\" \/>\n<meta name=\"twitter:card\" content=\"summary_large_image\" \/>\n<meta name=\"twitter:label1\" content=\"Est. reading time\" \/>\n\t<meta name=\"twitter:data1\" content=\"2 minutes\" \/>\n<script type=\"application\/ld+json\" class=\"yoast-schema-graph\">{\"@context\":\"https:\\\/\\\/schema.org\",\"@graph\":[{\"@type\":\"WebPage\",\"@id\":\"https:\\\/\\\/ponsa.com\\\/de\\\/i-d-i\\\/\",\"url\":\"https:\\\/\\\/ponsa.com\\\/de\\\/i-d-i\\\/\",\"name\":\"I&D&D - Industrias Ponsa\",\"isPartOf\":{\"@id\":\"https:\\\/\\\/ponsa.com\\\/#website\"},\"datePublished\":\"2017-06-05T11:40:22+00:00\",\"dateModified\":\"2019-07-26T09:40:55+00:00\",\"description\":\"Somos fabricantes acreditados para la norma ISO 9001:2015. Garantizamos el la calidad de nuestras cintas debido a que tenemos el control total del proceso productivo.\",\"breadcrumb\":{\"@id\":\"https:\\\/\\\/ponsa.com\\\/de\\\/i-d-i\\\/#breadcrumb\"},\"inLanguage\":\"de-DE\",\"potentialAction\":[{\"@type\":\"ReadAction\",\"target\":[\"https:\\\/\\\/ponsa.com\\\/de\\\/i-d-i\\\/\"]}]},{\"@type\":\"BreadcrumbList\",\"@id\":\"https:\\\/\\\/ponsa.com\\\/de\\\/i-d-i\\\/#breadcrumb\",\"itemListElement\":[{\"@type\":\"ListItem\",\"position\":1,\"name\":\"Portada\",\"item\":\"https:\\\/\\\/ponsa.com\\\/de\\\/\"},{\"@type\":\"ListItem\",\"position\":2,\"name\":\"I&#038;D&#038;D\"}]},{\"@type\":\"WebSite\",\"@id\":\"https:\\\/\\\/ponsa.com\\\/#website\",\"url\":\"https:\\\/\\\/ponsa.com\\\/\",\"name\":\"Industrias Ponsa\",\"description\":\"Fabricante de Cintas Textiles\",\"publisher\":{\"@id\":\"https:\\\/\\\/ponsa.com\\\/#organization\"},\"potentialAction\":[{\"@type\":\"SearchAction\",\"target\":{\"@type\":\"EntryPoint\",\"urlTemplate\":\"https:\\\/\\\/ponsa.com\\\/?s={search_term_string}\"},\"query-input\":{\"@type\":\"PropertyValueSpecification\",\"valueRequired\":true,\"valueName\":\"search_term_string\"}}],\"inLanguage\":\"de-DE\"},{\"@type\":\"Organization\",\"@id\":\"https:\\\/\\\/ponsa.com\\\/#organization\",\"name\":\"INDUSTRIAS PONSA S.A.\",\"url\":\"https:\\\/\\\/ponsa.com\\\/\",\"logo\":{\"@type\":\"ImageObject\",\"inLanguage\":\"de-DE\",\"@id\":\"https:\\\/\\\/ponsa.com\\\/#\\\/schema\\\/logo\\\/image\\\/\",\"url\":\"https:\\\/\\\/ponsa.com\\\/wp-content\\\/uploads\\\/2021\\\/08\\\/logoPonsapng.png\",\"contentUrl\":\"https:\\\/\\\/ponsa.com\\\/wp-content\\\/uploads\\\/2021\\\/08\\\/logoPonsapng.png\",\"width\":2289,\"height\":808,\"caption\":\"INDUSTRIAS PONSA S.A.\"},\"image\":{\"@id\":\"https:\\\/\\\/ponsa.com\\\/#\\\/schema\\\/logo\\\/image\\\/\"},\"sameAs\":[\"https:\\\/\\\/www.facebook.com\\\/IndustriasPONSA\",\"https:\\\/\\\/www.instagram.com\\\/ind.ponsa\\\/\",\"https:\\\/\\\/es.linkedin.com\\\/company\\\/industrias-ponsa-sa\",\"https:\\\/\\\/www.youtube.com\\\/channel\\\/UCxvfSBJQlBhV1aOQo-wXIoQ\"]}]}<\/script>\n<!-- \/ Yoast SEO plugin. -->","yoast_head_json":{"title":"I&D&D - Industrias Ponsa","description":"Somos fabricantes acreditados para la norma ISO 9001:2015. Garantizamos el la calidad de nuestras cintas debido a que tenemos el control total del proceso productivo.","robots":{"index":"index","follow":"follow","max-snippet":"max-snippet:-1","max-image-preview":"max-image-preview:large","max-video-preview":"max-video-preview:-1"},"canonical":"https:\/\/ponsa.com\/de\/i-d-i\/","og_locale":"de_DE","og_type":"article","og_title":"I&D&D - Industrias Ponsa","og_description":"Somos fabricantes acreditados para la norma ISO 9001:2015. Garantizamos el la calidad de nuestras cintas debido a que tenemos el control total del proceso productivo.","og_url":"https:\/\/ponsa.com\/de\/i-d-i\/","og_site_name":"Industrias Ponsa","article_publisher":"https:\/\/www.facebook.com\/IndustriasPONSA","article_modified_time":"2019-07-26T09:40:55+00:00","twitter_card":"summary_large_image","twitter_misc":{"Est. reading time":"2 minutes"},"schema":{"@context":"https:\/\/schema.org","@graph":[{"@type":"WebPage","@id":"https:\/\/ponsa.com\/de\/i-d-i\/","url":"https:\/\/ponsa.com\/de\/i-d-i\/","name":"I&D&D - Industrias Ponsa","isPartOf":{"@id":"https:\/\/ponsa.com\/#website"},"datePublished":"2017-06-05T11:40:22+00:00","dateModified":"2019-07-26T09:40:55+00:00","description":"Somos fabricantes acreditados para la norma ISO 9001:2015. Garantizamos el la calidad de nuestras cintas debido a que tenemos el control total del proceso productivo.","breadcrumb":{"@id":"https:\/\/ponsa.com\/de\/i-d-i\/#breadcrumb"},"inLanguage":"de-DE","potentialAction":[{"@type":"ReadAction","target":["https:\/\/ponsa.com\/de\/i-d-i\/"]}]},{"@type":"BreadcrumbList","@id":"https:\/\/ponsa.com\/de\/i-d-i\/#breadcrumb","itemListElement":[{"@type":"ListItem","position":1,"name":"Portada","item":"https:\/\/ponsa.com\/de\/"},{"@type":"ListItem","position":2,"name":"I&#038;D&#038;D"}]},{"@type":"WebSite","@id":"https:\/\/ponsa.com\/#website","url":"https:\/\/ponsa.com\/","name":"Industrias Ponsa","description":"Fabricante de Cintas Textiles","publisher":{"@id":"https:\/\/ponsa.com\/#organization"},"potentialAction":[{"@type":"SearchAction","target":{"@type":"EntryPoint","urlTemplate":"https:\/\/ponsa.com\/?s={search_term_string}"},"query-input":{"@type":"PropertyValueSpecification","valueRequired":true,"valueName":"search_term_string"}}],"inLanguage":"de-DE"},{"@type":"Organization","@id":"https:\/\/ponsa.com\/#organization","name":"INDUSTRIAS PONSA S.A.","url":"https:\/\/ponsa.com\/","logo":{"@type":"ImageObject","inLanguage":"de-DE","@id":"https:\/\/ponsa.com\/#\/schema\/logo\/image\/","url":"https:\/\/ponsa.com\/wp-content\/uploads\/2021\/08\/logoPonsapng.png","contentUrl":"https:\/\/ponsa.com\/wp-content\/uploads\/2021\/08\/logoPonsapng.png","width":2289,"height":808,"caption":"INDUSTRIAS PONSA S.A."},"image":{"@id":"https:\/\/ponsa.com\/#\/schema\/logo\/image\/"},"sameAs":["https:\/\/www.facebook.com\/IndustriasPONSA","https:\/\/www.instagram.com\/ind.ponsa\/","https:\/\/es.linkedin.com\/company\/industrias-ponsa-sa","https:\/\/www.youtube.com\/channel\/UCxvfSBJQlBhV1aOQo-wXIoQ"]}]}},"_links":{"self":[{"href":"https:\/\/ponsa.com\/de\/wp-json\/wp\/v2\/pages\/4315","targetHints":{"allow":["GET"]}}],"collection":[{"href":"https:\/\/ponsa.com\/de\/wp-json\/wp\/v2\/pages"}],"about":[{"href":"https:\/\/ponsa.com\/de\/wp-json\/wp\/v2\/types\/page"}],"author":[{"embeddable":true,"href":"https:\/\/ponsa.com\/de\/wp-json\/wp\/v2\/users\/4"}],"replies":[{"embeddable":true,"href":"https:\/\/ponsa.com\/de\/wp-json\/wp\/v2\/comments?post=4315"}],"version-history":[{"count":5,"href":"https:\/\/ponsa.com\/de\/wp-json\/wp\/v2\/pages\/4315\/revisions"}],"predecessor-version":[{"id":10279,"href":"https:\/\/ponsa.com\/de\/wp-json\/wp\/v2\/pages\/4315\/revisions\/10279"}],"wp:attachment":[{"href":"https:\/\/ponsa.com\/de\/wp-json\/wp\/v2\/media?parent=4315"}],"curies":[{"name":"wp","href":"https:\/\/api.w.org\/{rel}","templated":true}]}}