{"id":4270,"date":"2019-01-04T13:10:07","date_gmt":"2019-01-04T13:10:07","guid":{"rendered":"https:\/\/ponsa.com\/?page_id=4270"},"modified":"2020-02-17T16:16:34","modified_gmt":"2020-02-17T16:16:34","slug":"vom-garn-bis-zum-band","status":"publish","type":"page","link":"https:\/\/ponsa.com\/de\/vom-garn-bis-zum-band\/","title":{"rendered":"VOM GARN BIS ZUM BAND"},"content":{"rendered":"<div class=\"fusion-fullwidth fullwidth-box fusion-builder-row-1 fusion-flex-container nonhundred-percent-fullwidth non-hundred-percent-height-scrolling\" style=\"--awb-border-radius-top-left:0px;--awb-border-radius-top-right:0px;--awb-border-radius-bottom-right:0px;--awb-border-radius-bottom-left:0px;--awb-padding-top:50px;--awb-padding-bottom:20px;--awb-flex-wrap:wrap;\" ><div class=\"fusion-builder-row fusion-row fusion-flex-align-items-flex-start fusion-flex-content-wrap\" style=\"max-width:calc( 1200px + 0px );margin-left: calc(-0px \/ 2 );margin-right: calc(-0px \/ 2 );\"><div class=\"fusion-layout-column fusion_builder_column fusion-builder-column-0 fusion_builder_column_1_1 1_1 fusion-flex-column\" style=\"--awb-bg-size:cover;--awb-width-large:100%;--awb-margin-top-large:0px;--awb-spacing-right-large:0px;--awb-margin-bottom-large:20px;--awb-spacing-left-large:0px;--awb-width-medium:100%;--awb-spacing-right-medium:0px;--awb-spacing-left-medium:0px;--awb-width-small:100%;--awb-spacing-right-small:0px;--awb-spacing-left-small:0px;\"><div class=\"fusion-column-wrapper fusion-flex-justify-content-flex-start fusion-content-layout-column\"><div class=\"fusion-title title fusion-title-1 fusion-title-text fusion-title-size-one\" style=\"--awb-margin-top-small:10px;--awb-margin-right-small:0px;--awb-margin-bottom-small:10px;--awb-margin-left-small:0px;--awb-sep-color:#fffcfc;\"><div class=\"title-sep-container title-sep-container-left fusion-no-large-visibility fusion-no-medium-visibility fusion-no-small-visibility\"><div class=\"title-sep sep-double sep-solid\" style=\"border-color:#fffcfc;\"><\/div><\/div><span class=\"awb-title-spacer fusion-no-large-visibility fusion-no-medium-visibility fusion-no-small-visibility\"><\/span><h1 class=\"fusion-title-heading title-heading-left\" style=\"margin:0;\"><h1><strong>VOM GARN BIS ZUM BAND<\/strong><\/h1><\/h1><span class=\"awb-title-spacer\"><\/span><div class=\"title-sep-container title-sep-container-right\"><div class=\"title-sep sep-double sep-solid\" style=\"border-color:#fffcfc;\"><\/div><\/div><\/div><div class=\"fusion-image-element \" style=\"--awb-caption-title-font-family:var(--h2_typography-font-family);--awb-caption-title-font-weight:var(--h2_typography-font-weight);--awb-caption-title-font-style:var(--h2_typography-font-style);--awb-caption-title-size:var(--h2_typography-font-size);--awb-caption-title-transform:var(--h2_typography-text-transform);--awb-caption-title-line-height:var(--h2_typography-line-height);--awb-caption-title-letter-spacing:var(--h2_typography-letter-spacing);\"><span class=\" fusion-imageframe imageframe-none imageframe-1 hover-type-none\"><img decoding=\"async\" width=\"1754\" height=\"494\" title=\"proceso-ponsa\" src=\"https:\/\/ponsa.com\/wp-content\/uploads\/2020\/02\/proceso-ponsa-1.jpg\" alt class=\"img-responsive wp-image-11189\" srcset=\"https:\/\/ponsa.com\/wp-content\/uploads\/2020\/02\/proceso-ponsa-1-200x56.jpg 200w, https:\/\/ponsa.com\/wp-content\/uploads\/2020\/02\/proceso-ponsa-1-400x113.jpg 400w, https:\/\/ponsa.com\/wp-content\/uploads\/2020\/02\/proceso-ponsa-1-600x169.jpg 600w, https:\/\/ponsa.com\/wp-content\/uploads\/2020\/02\/proceso-ponsa-1-800x225.jpg 800w, https:\/\/ponsa.com\/wp-content\/uploads\/2020\/02\/proceso-ponsa-1-1200x338.jpg 1200w, https:\/\/ponsa.com\/wp-content\/uploads\/2020\/02\/proceso-ponsa-1.jpg 1754w\" sizes=\"(max-width: 640px) 100vw, 1754px\" \/><\/span><\/div><div class=\"fusion-image-element \" style=\"--awb-caption-title-font-family:var(--h2_typography-font-family);--awb-caption-title-font-weight:var(--h2_typography-font-weight);--awb-caption-title-font-style:var(--h2_typography-font-style);--awb-caption-title-size:var(--h2_typography-font-size);--awb-caption-title-transform:var(--h2_typography-text-transform);--awb-caption-title-line-height:var(--h2_typography-line-height);--awb-caption-title-letter-spacing:var(--h2_typography-letter-spacing);\"><span class=\" fusion-imageframe imageframe-none imageframe-2 hover-type-none\"><img decoding=\"async\" width=\"1754\" height=\"692\" title=\"PRODUCTIVO-PEU\" src=\"https:\/\/ponsa.com\/wp-content\/uploads\/2019\/07\/PRODUCTIVO-PEU.jpg\" alt class=\"img-responsive wp-image-10260\" srcset=\"https:\/\/ponsa.com\/wp-content\/uploads\/2019\/07\/PRODUCTIVO-PEU-200x79.jpg 200w, https:\/\/ponsa.com\/wp-content\/uploads\/2019\/07\/PRODUCTIVO-PEU-400x158.jpg 400w, https:\/\/ponsa.com\/wp-content\/uploads\/2019\/07\/PRODUCTIVO-PEU-600x237.jpg 600w, https:\/\/ponsa.com\/wp-content\/uploads\/2019\/07\/PRODUCTIVO-PEU-800x316.jpg 800w, https:\/\/ponsa.com\/wp-content\/uploads\/2019\/07\/PRODUCTIVO-PEU-1200x473.jpg 1200w, https:\/\/ponsa.com\/wp-content\/uploads\/2019\/07\/PRODUCTIVO-PEU.jpg 1754w\" sizes=\"(max-width: 640px) 100vw, 1754px\" \/><\/span><\/div><div class=\"fusion-text fusion-text-1\"><p style=\"text-align: justify;\">Vom Garn zum Band \/ Wir haben unsere eigene Produktion von Polypropylengarn als Weltpionier dieser Faser. F\u00fcr den Rest der Fasern arbeiten wir nur mit den besten Lieferanten von Fasern mit bew\u00e4hrter internationaler Qualit\u00e4t zusammen, die unsere strengen Qualit\u00e4tskontrollen, wie PES, Aramid, UHMPE, \u00fcbertreffen.<\/p>\n<p style=\"text-align: justify;\">Je nach den Bed\u00fcrfnissen unserer Kunden k\u00f6nnen wir verschiedene Oberfl\u00e4chenanwendungen (Farben, Digitaldrucks, Behandlungen zur Verbesserung der Eigenschaften) fertigen. Weiterhin verf\u00fcgen wir \u00fcber eine eigene N\u00e4hwerkstatt, in der wir Produkte f\u00fcr Gurte, Anschlagmittel und Verankerungen konfektionieren.<\/p>\n<\/div><\/div><\/div><\/div><\/div>\n","protected":false},"excerpt":{"rendered":"","protected":false},"author":4,"featured_media":0,"parent":0,"menu_order":0,"comment_status":"closed","ping_status":"closed","template":"100-width.php","meta":{"ngg_post_thumbnail":0,"footnotes":""},"class_list":["post-4270","page","type-page","status-publish","hentry"],"yoast_head":"<!-- This site is optimized with the Yoast SEO plugin v27.6 - https:\/\/yoast.com\/product\/yoast-seo-wordpress\/ -->\n<title>VOM GARN BIS ZUM BAND - Industrias Ponsa<\/title>\n<meta name=\"description\" content=\"Vom Garn zum Band \/ Wir haben unsere eigene Produktion von Polypropylengarn als Weltpionier dieser Faser. F\u00fcr den Rest der Fasern arbeiten\" \/>\n<meta name=\"robots\" content=\"index, follow, max-snippet:-1, max-image-preview:large, max-video-preview:-1\" \/>\n<link rel=\"canonical\" href=\"https:\/\/ponsa.com\/de\/vom-garn-bis-zum-band\/\" \/>\n<meta property=\"og:locale\" content=\"de_DE\" \/>\n<meta property=\"og:type\" content=\"article\" \/>\n<meta property=\"og:title\" content=\"VOM GARN BIS ZUM BAND - Industrias Ponsa\" \/>\n<meta property=\"og:description\" content=\"Vom Garn zum Band \/ Wir haben unsere eigene Produktion von Polypropylengarn als Weltpionier dieser Faser. F\u00fcr den Rest der Fasern arbeiten\" \/>\n<meta property=\"og:url\" content=\"https:\/\/ponsa.com\/de\/vom-garn-bis-zum-band\/\" \/>\n<meta property=\"og:site_name\" content=\"Industrias Ponsa\" \/>\n<meta property=\"article:publisher\" content=\"https:\/\/www.facebook.com\/IndustriasPONSA\" \/>\n<meta property=\"article:modified_time\" content=\"2020-02-17T16:16:34+00:00\" \/>\n<meta name=\"twitter:card\" content=\"summary_large_image\" \/>\n<meta name=\"twitter:label1\" content=\"Est. reading time\" \/>\n\t<meta name=\"twitter:data1\" content=\"2 minutes\" \/>\n<script type=\"application\/ld+json\" class=\"yoast-schema-graph\">{\"@context\":\"https:\\\/\\\/schema.org\",\"@graph\":[{\"@type\":\"WebPage\",\"@id\":\"https:\\\/\\\/ponsa.com\\\/de\\\/vom-garn-bis-zum-band\\\/\",\"url\":\"https:\\\/\\\/ponsa.com\\\/de\\\/vom-garn-bis-zum-band\\\/\",\"name\":\"VOM GARN BIS ZUM BAND - Industrias Ponsa\",\"isPartOf\":{\"@id\":\"https:\\\/\\\/ponsa.com\\\/#website\"},\"datePublished\":\"2019-01-04T13:10:07+00:00\",\"dateModified\":\"2020-02-17T16:16:34+00:00\",\"description\":\"Vom Garn zum Band \\\/ Wir haben unsere eigene Produktion von Polypropylengarn als Weltpionier dieser Faser. F\u00fcr den Rest der Fasern arbeiten\",\"breadcrumb\":{\"@id\":\"https:\\\/\\\/ponsa.com\\\/de\\\/vom-garn-bis-zum-band\\\/#breadcrumb\"},\"inLanguage\":\"de-DE\",\"potentialAction\":[{\"@type\":\"ReadAction\",\"target\":[\"https:\\\/\\\/ponsa.com\\\/de\\\/vom-garn-bis-zum-band\\\/\"]}]},{\"@type\":\"BreadcrumbList\",\"@id\":\"https:\\\/\\\/ponsa.com\\\/de\\\/vom-garn-bis-zum-band\\\/#breadcrumb\",\"itemListElement\":[{\"@type\":\"ListItem\",\"position\":1,\"name\":\"Portada\",\"item\":\"https:\\\/\\\/ponsa.com\\\/de\\\/\"},{\"@type\":\"ListItem\",\"position\":2,\"name\":\"VOM GARN BIS ZUM BAND\"}]},{\"@type\":\"WebSite\",\"@id\":\"https:\\\/\\\/ponsa.com\\\/#website\",\"url\":\"https:\\\/\\\/ponsa.com\\\/\",\"name\":\"Industrias Ponsa\",\"description\":\"Fabricante de Cintas Textiles\",\"publisher\":{\"@id\":\"https:\\\/\\\/ponsa.com\\\/#organization\"},\"potentialAction\":[{\"@type\":\"SearchAction\",\"target\":{\"@type\":\"EntryPoint\",\"urlTemplate\":\"https:\\\/\\\/ponsa.com\\\/?s={search_term_string}\"},\"query-input\":{\"@type\":\"PropertyValueSpecification\",\"valueRequired\":true,\"valueName\":\"search_term_string\"}}],\"inLanguage\":\"de-DE\"},{\"@type\":\"Organization\",\"@id\":\"https:\\\/\\\/ponsa.com\\\/#organization\",\"name\":\"INDUSTRIAS PONSA S.A.\",\"url\":\"https:\\\/\\\/ponsa.com\\\/\",\"logo\":{\"@type\":\"ImageObject\",\"inLanguage\":\"de-DE\",\"@id\":\"https:\\\/\\\/ponsa.com\\\/#\\\/schema\\\/logo\\\/image\\\/\",\"url\":\"https:\\\/\\\/ponsa.com\\\/wp-content\\\/uploads\\\/2021\\\/08\\\/logoPonsapng.png\",\"contentUrl\":\"https:\\\/\\\/ponsa.com\\\/wp-content\\\/uploads\\\/2021\\\/08\\\/logoPonsapng.png\",\"width\":2289,\"height\":808,\"caption\":\"INDUSTRIAS PONSA S.A.\"},\"image\":{\"@id\":\"https:\\\/\\\/ponsa.com\\\/#\\\/schema\\\/logo\\\/image\\\/\"},\"sameAs\":[\"https:\\\/\\\/www.facebook.com\\\/IndustriasPONSA\",\"https:\\\/\\\/www.instagram.com\\\/ind.ponsa\\\/\",\"https:\\\/\\\/es.linkedin.com\\\/company\\\/industrias-ponsa-sa\",\"https:\\\/\\\/www.youtube.com\\\/channel\\\/UCxvfSBJQlBhV1aOQo-wXIoQ\"]}]}<\/script>\n<!-- \/ Yoast SEO plugin. -->","yoast_head_json":{"title":"VOM GARN BIS ZUM BAND - Industrias Ponsa","description":"Vom Garn zum Band \/ Wir haben unsere eigene Produktion von Polypropylengarn als Weltpionier dieser Faser. F\u00fcr den Rest der Fasern arbeiten","robots":{"index":"index","follow":"follow","max-snippet":"max-snippet:-1","max-image-preview":"max-image-preview:large","max-video-preview":"max-video-preview:-1"},"canonical":"https:\/\/ponsa.com\/de\/vom-garn-bis-zum-band\/","og_locale":"de_DE","og_type":"article","og_title":"VOM GARN BIS ZUM BAND - Industrias Ponsa","og_description":"Vom Garn zum Band \/ Wir haben unsere eigene Produktion von Polypropylengarn als Weltpionier dieser Faser. F\u00fcr den Rest der Fasern arbeiten","og_url":"https:\/\/ponsa.com\/de\/vom-garn-bis-zum-band\/","og_site_name":"Industrias Ponsa","article_publisher":"https:\/\/www.facebook.com\/IndustriasPONSA","article_modified_time":"2020-02-17T16:16:34+00:00","twitter_card":"summary_large_image","twitter_misc":{"Est. reading time":"2 minutes"},"schema":{"@context":"https:\/\/schema.org","@graph":[{"@type":"WebPage","@id":"https:\/\/ponsa.com\/de\/vom-garn-bis-zum-band\/","url":"https:\/\/ponsa.com\/de\/vom-garn-bis-zum-band\/","name":"VOM GARN BIS ZUM BAND - Industrias Ponsa","isPartOf":{"@id":"https:\/\/ponsa.com\/#website"},"datePublished":"2019-01-04T13:10:07+00:00","dateModified":"2020-02-17T16:16:34+00:00","description":"Vom Garn zum Band \/ Wir haben unsere eigene Produktion von Polypropylengarn als Weltpionier dieser Faser. F\u00fcr den Rest der Fasern arbeiten","breadcrumb":{"@id":"https:\/\/ponsa.com\/de\/vom-garn-bis-zum-band\/#breadcrumb"},"inLanguage":"de-DE","potentialAction":[{"@type":"ReadAction","target":["https:\/\/ponsa.com\/de\/vom-garn-bis-zum-band\/"]}]},{"@type":"BreadcrumbList","@id":"https:\/\/ponsa.com\/de\/vom-garn-bis-zum-band\/#breadcrumb","itemListElement":[{"@type":"ListItem","position":1,"name":"Portada","item":"https:\/\/ponsa.com\/de\/"},{"@type":"ListItem","position":2,"name":"VOM GARN BIS ZUM BAND"}]},{"@type":"WebSite","@id":"https:\/\/ponsa.com\/#website","url":"https:\/\/ponsa.com\/","name":"Industrias Ponsa","description":"Fabricante de Cintas Textiles","publisher":{"@id":"https:\/\/ponsa.com\/#organization"},"potentialAction":[{"@type":"SearchAction","target":{"@type":"EntryPoint","urlTemplate":"https:\/\/ponsa.com\/?s={search_term_string}"},"query-input":{"@type":"PropertyValueSpecification","valueRequired":true,"valueName":"search_term_string"}}],"inLanguage":"de-DE"},{"@type":"Organization","@id":"https:\/\/ponsa.com\/#organization","name":"INDUSTRIAS PONSA S.A.","url":"https:\/\/ponsa.com\/","logo":{"@type":"ImageObject","inLanguage":"de-DE","@id":"https:\/\/ponsa.com\/#\/schema\/logo\/image\/","url":"https:\/\/ponsa.com\/wp-content\/uploads\/2021\/08\/logoPonsapng.png","contentUrl":"https:\/\/ponsa.com\/wp-content\/uploads\/2021\/08\/logoPonsapng.png","width":2289,"height":808,"caption":"INDUSTRIAS PONSA S.A."},"image":{"@id":"https:\/\/ponsa.com\/#\/schema\/logo\/image\/"},"sameAs":["https:\/\/www.facebook.com\/IndustriasPONSA","https:\/\/www.instagram.com\/ind.ponsa\/","https:\/\/es.linkedin.com\/company\/industrias-ponsa-sa","https:\/\/www.youtube.com\/channel\/UCxvfSBJQlBhV1aOQo-wXIoQ"]}]}},"_links":{"self":[{"href":"https:\/\/ponsa.com\/de\/wp-json\/wp\/v2\/pages\/4270","targetHints":{"allow":["GET"]}}],"collection":[{"href":"https:\/\/ponsa.com\/de\/wp-json\/wp\/v2\/pages"}],"about":[{"href":"https:\/\/ponsa.com\/de\/wp-json\/wp\/v2\/types\/page"}],"author":[{"embeddable":true,"href":"https:\/\/ponsa.com\/de\/wp-json\/wp\/v2\/users\/4"}],"replies":[{"embeddable":true,"href":"https:\/\/ponsa.com\/de\/wp-json\/wp\/v2\/comments?post=4270"}],"version-history":[{"count":9,"href":"https:\/\/ponsa.com\/de\/wp-json\/wp\/v2\/pages\/4270\/revisions"}],"predecessor-version":[{"id":11219,"href":"https:\/\/ponsa.com\/de\/wp-json\/wp\/v2\/pages\/4270\/revisions\/11219"}],"wp:attachment":[{"href":"https:\/\/ponsa.com\/de\/wp-json\/wp\/v2\/media?parent=4270"}],"curies":[{"name":"wp","href":"https:\/\/api.w.org\/{rel}","templated":true}]}}